{"id":47934,"date":"2024-12-11T15:25:10","date_gmt":"2024-12-11T14:25:10","guid":{"rendered":"https:\/\/stage.woods.se\/?post_type=product&#038;p=47934"},"modified":"2025-09-15T10:19:34","modified_gmt":"2025-09-15T08:19:34","slug":"woods-ac-milan-7k","status":"publish","type":"product","link":"https:\/\/woods.se\/fr\/produits\/climatiseurs-mobiles\/pour-la-chambre-denfant\/woods-ac-milan-7k\/","title":{"rendered":"Wood&rsquo;s AC Milan 7K"},"content":{"rendered":"<h2>Wood&rsquo;s AC Milan 7K<\/h2>\n<h3>Climatiseur compact et silencieux pour les petites pi\u00e8ces<\/h3>\n<p>L&rsquo;AC Milan 7K de Wood est un climatiseur portable qui combine un refroidissement efficace avec un design compact et un faible niveau sonore. Avec une capacit\u00e9 de refroidissement de 7000 BTU (2 kW), il refroidit rapidement les pi\u00e8ces jusqu&rsquo;\u00e0 20 m\u00b2, ce qui le rend id\u00e9al pour la maison &#8211; des chambres et chambres d&rsquo;enfants aux salles de s\u00e9jour.<\/p>\n<h3>Caract\u00e9ristiques principales<\/h3>\n\n<h3>Rafra\u00eechit les petites pi\u00e8ces de votre maison :<\/h3>\n<p>Chambre \u00e0 coucher : Le faible niveau sonore, en particulier dans la position la plus basse du ventilateur, vous permet de dormir au frais et sans \u00eatre d\u00e9rang\u00e9.<br \/>\nChambre d&rsquo;enfant : Fournit une temp\u00e9rature uniforme et confortable qui rend le climat int\u00e9rieur plus s\u00fbr pour les enfants.<br \/>\nSalon : Cr\u00e9e un environnement frais et confortable pour toute la famille pendant les journ\u00e9es chaudes.<\/p>\n<h3>Douceur et facilit\u00e9 d&rsquo;utilisation<\/h3>\n<p>Le Milan 7K est facile \u00e0 d\u00e9placer et \u00e0 installer gr\u00e2ce au kit de fen\u00eatres inclus. L&rsquo;\u00e9cran tactile num\u00e9rique intuitif facilite le r\u00e9glage des param\u00e8tres, tandis que la t\u00e9l\u00e9commande vous permet de contr\u00f4ler l&rsquo;ensemble depuis votre canap\u00e9 ou votre bureau.<\/p>\n<h3>Calme et confortable<\/h3>\n<p>Avec deux modes de ventilation et un niveau sonore de seulement 52 dB \u00e0 puissance maximale, l&rsquo;AC Milan 7K fonctionne discr\u00e8tement, ce qui le rend particuli\u00e8rement adapt\u00e9 aux petites chambres \u00e0 coucher ou aux chambres d&rsquo;enfants o\u00f9 le refroidissement est n\u00e9cessaire sans bruit g\u00eanant.<\/p>\n<h3>Des notes \u00e9lev\u00e9es dans les tests<\/h3>\n<p>L&rsquo;AC Milan 7K de Wood allie performance, faible niveau sonore et conception conviviale. Le filtre lavable facilite l&rsquo;entretien et contribue \u00e0 maintenir l&rsquo;air propre.<\/p>\n","protected":false},"excerpt":{"rendered":"<p>L&rsquo;AC Milan 7K de Wood est un petit climatiseur portable, pratique et silencieux. Avec 7000 BTU (2 kW), il rafra\u00eechit efficacement les pi\u00e8ces jusqu&rsquo;\u00e0 20 m\u00b2, ce qui est parfait pour les petites chambres, les chambres d&rsquo;enfants, les salons ou les petits bureaux. Il a un faible niveau sonore de 52 dB maximum, un filtre lavable et un d\u00e9bit d&rsquo;air de 350 m\u00b3\/h. Il est facile \u00e0 utiliser gr\u00e2ce \u00e0 l&rsquo;\u00e9cran tactile num\u00e9rique, \u00e0 la t\u00e9l\u00e9commande et au kit de fen\u00eatres inclus.<\/p>\n","protected":false},"featured_media":46179,"template":"","meta":{"_acf_changed":false},"product_brand":[],"product_cat":[426,4893],"product_tag":[2961,3063],"class_list":{"0":"post-47934","1":"product","2":"type-product","3":"status-publish","4":"has-post-thumbnail","6":"product_cat-climatiseurs-mobiles","7":"product_cat-pour-la-chambre-denfant","8":"product_tag-20-m-fr","9":"product_tag-climatiseurs-mobiles-pour-petites-chambres","10":"splide__slide","12":"first","13":"instock","14":"taxable","15":"shipping-taxable","16":"product-type-simple"},"acf":[],"_links":{"self":[{"href":"https:\/\/woods.se\/fr\/wp-json\/wp\/v2\/product\/47934","targetHints":{"allow":["GET"]}}],"collection":[{"href":"https:\/\/woods.se\/fr\/wp-json\/wp\/v2\/product"}],"about":[{"href":"https:\/\/woods.se\/fr\/wp-json\/wp\/v2\/types\/product"}],"wp:featuredmedia":[{"embeddable":true,"href":"https:\/\/woods.se\/fr\/wp-json\/wp\/v2\/media\/46179"}],"wp:attachment":[{"href":"https:\/\/woods.se\/fr\/wp-json\/wp\/v2\/media?parent=47934"}],"wp:term":[{"taxonomy":"product_brand","embeddable":true,"href":"https:\/\/woods.se\/fr\/wp-json\/wp\/v2\/product_brand?post=47934"},{"taxonomy":"product_cat","embeddable":true,"href":"https:\/\/woods.se\/fr\/wp-json\/wp\/v2\/product_cat?post=47934"},{"taxonomy":"product_tag","embeddable":true,"href":"https:\/\/woods.se\/fr\/wp-json\/wp\/v2\/product_tag?post=47934"}],"curies":[{"name":"wp","href":"https:\/\/api.w.org\/{rel}","templated":true}]}}