{"id":47932,"date":"2024-12-11T10:48:30","date_gmt":"2024-12-11T09:48:30","guid":{"rendered":"https:\/\/stage.woods.se\/?post_type=product&#038;p=47932"},"modified":"2026-02-23T15:41:04","modified_gmt":"2026-02-23T14:41:04","slug":"woods-milan-9k-wifi-smart-home","status":"publish","type":"product","link":"https:\/\/woods.se\/fr\/produits\/climatiseurs-mobiles\/pour-les-salons-et-les-appartements\/woods-milan-9k-wifi-smart-home\/","title":{"rendered":"Wood&rsquo;s Milan 9K WiFi Smart Home"},"content":{"rendered":"<h2>Wood&rsquo;s Milan 9K WiFi Smart Home<\/h2>\n<h3>Un climatiseur portable prim\u00e9 avec de hautes performances et un contr\u00f4le intelligent<\/h3>\n<p>L&rsquo;AC Cortina 12K Smart Home de Wood a \u00e9t\u00e9 d\u00e9sign\u00e9 \u00e0 plusieurs reprises comme le meilleur dans les tests. Avec une capacit\u00e9 de refroidissement de 12 000 BTU (3,5 kW), il refroidit rapidement et efficacement des pi\u00e8ces allant jusqu&rsquo;\u00e0 35 m\u00b2, ce qui le rend parfait pour une utilisation \u00e0 la maison ou au bureau. <\/p>\n<h3>Caract\u00e9ristiques principales<\/h3>\n\n<h3>Refroidissement efficace \u00e0 la maison et au bureau<\/h3>\n<p><strong>Chambre \u00e0 coucher :<\/strong> Le fonctionnement silencieux et le refroidissement efficace garantissent une bonne nuit de sommeil, m\u00eame pendant les nuits chaudes.<br \/>\n<strong>Chambre d&rsquo;enfant :<\/strong> Cr\u00e9e une temp\u00e9rature confortable et stable pour un environnement int\u00e9rieur plus s\u00fbr.<br \/>\n<strong>Salon :<\/strong> Permet \u00e0 toute la famille de se rafra\u00eechir pendant les chaudes journ\u00e9es d&rsquo;\u00e9t\u00e9.<br \/>\n<strong>Bureau :<\/strong> Am\u00e9liore l&rsquo;environnement de travail et permet de rester concentr\u00e9 m\u00eame lorsque la temp\u00e9rature augmente.<\/p>\n<h3>Discret et \u00e9conome en \u00e9nergie<\/h3>\n<p>Avec ses trois vitesses de ventilation et un faible niveau sonore de seulement 53,5 dB, vous pouvez facilement ajuster le refroidissement \u00e0 vos besoins &#8211; d&rsquo;un fonctionnement silencieux dans la chambre \u00e0 coucher \u00e0 une puissance plus \u00e9lev\u00e9e pendant les heures les plus chaudes de la journ\u00e9e. Malgr\u00e9 ses performances \u00e9lev\u00e9es, l&rsquo;AC Cortina 12K Smart Home est tr\u00e8s \u00e9conome en \u00e9nergie avec la classe \u00e9nerg\u00e9tique A, et il fonctionne sans probl\u00e8me m\u00eame \u00e0 des temp\u00e9ratures allant jusqu&rsquo;\u00e0 43\u00b0C. <\/p>\n<h3>Douceur, intelligence et convivialit\u00e9<\/h3>\n<p>Pour plus de commodit\u00e9, il est \u00e9quip\u00e9 de WiFi\/Smart Home et peut \u00eatre contr\u00f4l\u00e9 via l&rsquo;application Wood&rsquo;s Connect et avec des solutions Smart Home telles que Google Home et Alexa, de sorte que vous pouvez commencer \u00e0 refroidir avant d&rsquo;arriver \u00e0 la maison et \u00eatre accueilli par un climat int\u00e9rieur confortable. En outre, il dispose d&rsquo;un panneau tactile num\u00e9rique, d&rsquo;un filtre lavable, d&rsquo;une t\u00e9l\u00e9commande et d&rsquo;un kit de fen\u00eatre complet qui rend l&rsquo;installation facile et pratique. Il est \u00e9galement dot\u00e9 de roulettes qui permettent de le d\u00e9placer facilement l\u00e0 o\u00f9 vous le souhaitez. Lorsque vous enregistrez votre produit, vous b\u00e9n\u00e9ficiez d&rsquo;une extension de garantie de 2 \u00e0 3 ans.   <\/p>\n<p>Choisissez le Wood&rsquo;s AC Cortina 12K Smart Home si vous voulez un climatiseur portable intelligent et contr\u00f4l\u00e9 par WiFi pour votre maison ou votre lieu de travail.<\/p>\n","protected":false},"excerpt":{"rendered":"<p>L&rsquo;AC Cortina 12K Smart Home de Wood est un climatiseur portable qui a \u00e9t\u00e9 prim\u00e9 dans de nombreux pays. Avec une capacit\u00e9 de refroidissement de 12 000 BTU (3,5 kW), il rafra\u00eechit efficacement des pi\u00e8ces d&rsquo;une superficie maximale de 35 m\u00b2. Il dispose de trois modes de ventilation, d&rsquo;un d\u00e9bit d&rsquo;air de 420 m\u00b3\/h et d&rsquo;un faible niveau sonore de 53,5 dB. Facilement contr\u00f4lable via un panneau tactile num\u00e9rique, une t\u00e9l\u00e9commande ou l&rsquo;appli Wood&rsquo;s Connect et les solutions Smart Home, vous pouvez rentrer chez vous dans un climat confortable.   <\/p>\n","protected":false},"featured_media":45845,"template":"","meta":{"_acf_changed":false},"product_brand":[],"product_cat":[426,4892,4901,4886],"product_tag":[2971,3062,3055,3061,3308,3377,436],"class_list":{"0":"post-47932","1":"product","2":"type-product","3":"status-publish","4":"has-post-thumbnail","6":"product_cat-climatiseurs-mobiles","7":"product_cat-pour-la-chambre-a-coucher","8":"product_cat-pour-le-bureau","9":"product_cat-pour-les-salons-et-les-appartements","10":"product_tag-35-m-fr","11":"product_tag-climatiseurs-mobiles-pour-bureaux","12":"product_tag-climatiseurs-mobiles-pour-chambres","13":"product_tag-climatiseurs-mobiles-pour-salons","14":"product_tag-maison-intelligente","15":"product_tag-meilleur-test","16":"product_tag-wifi-fr","17":"splide__slide","19":"first","20":"outofstock","21":"taxable","22":"shipping-taxable","23":"product-type-simple"},"acf":[],"_links":{"self":[{"href":"https:\/\/woods.se\/fr\/wp-json\/wp\/v2\/product\/47932","targetHints":{"allow":["GET"]}}],"collection":[{"href":"https:\/\/woods.se\/fr\/wp-json\/wp\/v2\/product"}],"about":[{"href":"https:\/\/woods.se\/fr\/wp-json\/wp\/v2\/types\/product"}],"wp:featuredmedia":[{"embeddable":true,"href":"https:\/\/woods.se\/fr\/wp-json\/wp\/v2\/media\/45845"}],"wp:attachment":[{"href":"https:\/\/woods.se\/fr\/wp-json\/wp\/v2\/media?parent=47932"}],"wp:term":[{"taxonomy":"product_brand","embeddable":true,"href":"https:\/\/woods.se\/fr\/wp-json\/wp\/v2\/product_brand?post=47932"},{"taxonomy":"product_cat","embeddable":true,"href":"https:\/\/woods.se\/fr\/wp-json\/wp\/v2\/product_cat?post=47932"},{"taxonomy":"product_tag","embeddable":true,"href":"https:\/\/woods.se\/fr\/wp-json\/wp\/v2\/product_tag?post=47932"}],"curies":[{"name":"wp","href":"https:\/\/api.w.org\/{rel}","templated":true}]}}