{"id":47930,"date":"2024-12-11T10:47:59","date_gmt":"2024-12-11T09:47:59","guid":{"rendered":"https:\/\/stage.woods.se\/?post_type=product&#038;p=47930"},"modified":"2025-09-15T10:18:56","modified_gmt":"2025-09-15T08:18:56","slug":"woods-ac-milan-9k-wifi-smart-home","status":"publish","type":"product","link":"https:\/\/woods.se\/fr\/produits\/climatiseurs-mobiles\/pour-les-salons-et-les-appartements\/woods-ac-milan-9k-wifi-smart-home\/","title":{"rendered":"Wood&rsquo;s AC Milan 9K WiFi Smart Home"},"content":{"rendered":"<h2>Wood&rsquo;s AC Milan 9K WiFi Smart Home<\/h2>\n<h3>Climatiseur compact, silencieux et \u00e0 commande intelligente pour la maison et le bureau<\/h3>\n<p>L&rsquo;AC Milan 9K WiFi Smart Home de Wood combine un refroidissement efficace avec un design compact, de faibles niveaux sonores et un contr\u00f4le intelligent. Avec une capacit\u00e9 de refroidissement de 9 000 BTU (2,6 kW), il refroidit rapidement les pi\u00e8ces jusqu&rsquo;\u00e0 26 m\u00b2, ce qui le rend id\u00e9al pour la maison &#8211; des chambres et chambres d&rsquo;enfants aux salons &#8211; ainsi que pour les petits bureaux.<\/p>\n<h3>Caract\u00e9ristiques principales<\/h3>\n\n<h3>Rafra\u00eechit rapidement les pi\u00e8ces jusqu&rsquo;\u00e0 26m2<\/h3>\n<p><strong>Chambre \u00e0 coucher : <\/strong>Le faible niveau sonore vous permet de dormir au calme et sans \u00eatre d\u00e9rang\u00e9.<br \/>\n<strong>Chambre d&rsquo;enfant :<\/strong> Fournit un environnement plus s\u00fbr et plus confortable pour les enfants, avec une temp\u00e9rature homog\u00e8ne.<br \/>\n<strong>Salon :<\/strong> Cr\u00e9e un environnement frais et confortable pour toute la famille pendant les journ\u00e9es chaudes.<br \/>\n<strong>Petit bureau :<\/strong> L&rsquo;environnement de travail reste productif et confortable m\u00eame en \u00e9t\u00e9.<\/p>\n<h3>Douceur et convivialit\u00e9 &#8211; avec un contr\u00f4le intelligent<\/h3>\n<p>Milan 9K WiFi est facile \u00e0 d\u00e9placer et simple \u00e0 installer gr\u00e2ce au kit de fen\u00eatre inclus. L&rsquo;\u00e9cran tactile num\u00e9rique intuitif et la t\u00e9l\u00e9commande facilitent le contr\u00f4le sur place, mais gr\u00e2ce \u00e0 la fonction Wifi, vous pouvez \u00e9galement contr\u00f4ler l&rsquo;unit\u00e9 via l&rsquo;appli Wood&rsquo;s Connect ou par le biais de Google Home et Alexa. Commencez \u00e0 refroidir \u00e0 temps et rentrez toujours \u00e0 la maison dans un climat int\u00e9rieur confortable.<\/p>\n<h3>Calme et confortable<\/h3>\n<p>Avec un niveau sonore de seulement 52 dB en mode ventilateur maximum, l&rsquo;AC Milan 9K WiFi Smart Home fonctionne discr\u00e8tement. Parfait pour les chambres \u00e0 coucher et les chambres d&rsquo;enfants o\u00f9 le refroidissement est n\u00e9cessaire sans bruit d\u00e9rangeant.<\/p>\n<h3>Notes les plus \u00e9lev\u00e9es dans les tests<\/h3>\n<p>L&rsquo;AC Milan de Wood a re\u00e7u les meilleures notes lors des tests gr\u00e2ce \u00e0 sa combinaison d&rsquo;efficacit\u00e9, de faible niveau sonore et de fonctions intelligentes. Le filtre lavable facilite l&rsquo;entretien et pr\u00e9serve la fra\u00eecheur de l&rsquo;air.<\/p>\n","protected":false},"excerpt":{"rendered":"<p>L&rsquo;AC Milan 9K WiFi Smart Home de Wood est un petit climatiseur portable, pratique et silencieux qui a re\u00e7u les meilleures notes lors des tests. Avec 9000 BTU (2,6 kW), il refroidit efficacement des pi\u00e8ces jusqu&rsquo;\u00e0 26 m\u00b2, ce qui est parfait pour les chambres \u00e0 coucher, les chambres d&rsquo;enfants, les salons ou les petits bureaux. Il dispose d&rsquo;une commande WiFi via Wood&rsquo;s Connect, Google Home et Alexa &#8211; vous pouvez donc facilement le contr\u00f4ler \u00e0 distance et \u00eatre toujours accueilli par un climat confortable lorsque vous rentrez \u00e0 la maison.<\/p>\n","protected":false},"featured_media":46179,"template":"","meta":{"_acf_changed":false},"product_brand":[],"product_cat":[426,4892,4886],"product_tag":[2967,3055,3061,3308,436],"class_list":{"0":"post-47930","1":"product","2":"type-product","3":"status-publish","4":"has-post-thumbnail","6":"product_cat-climatiseurs-mobiles","7":"product_cat-pour-la-chambre-a-coucher","8":"product_cat-pour-les-salons-et-les-appartements","9":"product_tag-26-m-fr","10":"product_tag-climatiseurs-mobiles-pour-chambres","11":"product_tag-climatiseurs-mobiles-pour-salons","12":"product_tag-maison-intelligente","13":"product_tag-wifi-fr","14":"splide__slide","16":"first","17":"instock","18":"taxable","19":"shipping-taxable","20":"product-type-simple"},"acf":[],"_links":{"self":[{"href":"https:\/\/woods.se\/fr\/wp-json\/wp\/v2\/product\/47930","targetHints":{"allow":["GET"]}}],"collection":[{"href":"https:\/\/woods.se\/fr\/wp-json\/wp\/v2\/product"}],"about":[{"href":"https:\/\/woods.se\/fr\/wp-json\/wp\/v2\/types\/product"}],"wp:featuredmedia":[{"embeddable":true,"href":"https:\/\/woods.se\/fr\/wp-json\/wp\/v2\/media\/46179"}],"wp:attachment":[{"href":"https:\/\/woods.se\/fr\/wp-json\/wp\/v2\/media?parent=47930"}],"wp:term":[{"taxonomy":"product_brand","embeddable":true,"href":"https:\/\/woods.se\/fr\/wp-json\/wp\/v2\/product_brand?post=47930"},{"taxonomy":"product_cat","embeddable":true,"href":"https:\/\/woods.se\/fr\/wp-json\/wp\/v2\/product_cat?post=47930"},{"taxonomy":"product_tag","embeddable":true,"href":"https:\/\/woods.se\/fr\/wp-json\/wp\/v2\/product_tag?post=47930"}],"curies":[{"name":"wp","href":"https:\/\/api.w.org\/{rel}","templated":true}]}}