{"id":47929,"date":"2024-12-11T10:47:30","date_gmt":"2024-12-11T09:47:30","guid":{"rendered":"https:\/\/stage.woods.se\/?post_type=product&#038;p=47929"},"modified":"2025-12-12T13:57:57","modified_gmt":"2025-12-12T12:57:57","slug":"woods-ac-milan-9k","status":"publish","type":"product","link":"https:\/\/woods.se\/fr\/produits\/climatiseurs-mobiles\/pour-les-salons-et-les-appartements\/woods-ac-milan-9k\/","title":{"rendered":"AC Milan de Wood 9K"},"content":{"rendered":"<h2>AC Milan de Wood 9K<\/h2>\n<h3>Climatiseur compact et silencieux pour la maison et le bureau<\/h3>\n<p>L&rsquo;AC Milan 9K de Wood est un climatiseur portable qui combine un refroidissement efficace avec un design compact et un faible niveau sonore. Avec une capacit\u00e9 de refroidissement de 9000 BTU (2,6 kW), il refroidit rapidement les pi\u00e8ces jusqu&rsquo;\u00e0 26 m\u00b2, ce qui le rend id\u00e9al pour la maison &#8211; des chambres et chambres d&rsquo;enfants aux salles de s\u00e9jour &#8211; ainsi que pour les petits bureaux. <\/p>\n<h3>Caract\u00e9ristiques principales<\/h3>\n\n<h3>Refroidir les maisons et les petits bureaux<\/h3>\n<p><strong>Chambre \u00e0 coucher :<\/strong> Le faible niveau sonore, en particulier dans la position la plus basse du ventilateur, vous permet de dormir au frais et sans \u00eatre d\u00e9rang\u00e9.<br \/>\n<strong>Chambre d&rsquo;enfant : <\/strong>Fournit une temp\u00e9rature uniforme et confortable qui rend le climat int\u00e9rieur plus s\u00fbr pour les enfants.<br \/>\n<strong>Salon :<\/strong> Cr\u00e9e un environnement frais et confortable pour toute la famille pendant les journ\u00e9es chaudes.<br \/>\n<strong>Petits bureaux :<\/strong> Contribue \u00e0 un environnement de travail productif en maintenant une temp\u00e9rature stable m\u00eame pendant les chaudes journ\u00e9es d&rsquo;\u00e9t\u00e9.<\/p>\n<h3>Douceur et facilit\u00e9 d&rsquo;utilisation<\/h3>\n<p>Le Milan 9K est facile \u00e0 d\u00e9placer et \u00e0 installer gr\u00e2ce au kit de fen\u00eatres inclus. L&rsquo;\u00e9cran tactile num\u00e9rique intuitif facilite le r\u00e9glage des param\u00e8tres, tandis que la t\u00e9l\u00e9commande vous permet de contr\u00f4ler l&rsquo;ensemble depuis votre canap\u00e9 ou votre bureau. <\/p>\n<h3>Calme et confortable<\/h3>\n<p>Avec deux vitesses de ventilation et un niveau sonore de seulement 52 dB \u00e0 puissance maximale, l&rsquo;AC Milan 9K fonctionne discr\u00e8tement, ce qui le rend particuli\u00e8rement adapt\u00e9 aux chambres \u00e0 coucher ou aux chambres d&rsquo;enfants o\u00f9 un refroidissement est n\u00e9cessaire sans bruit g\u00eanant.<\/p>\n<h3>Des notes \u00e9lev\u00e9es dans les tests<\/h3>\n<p>L&rsquo;AC Milan 9K de Wood a re\u00e7u les meilleures notes lors des tests gr\u00e2ce \u00e0 sa combinaison de performances, son faible niveau sonore et sa conception conviviale. Le filtre lavable facilite l&rsquo;entretien et contribue \u00e0 maintenir l&rsquo;air propre. <\/p>\n","protected":false},"excerpt":{"rendered":"<p>L&rsquo;AC Milan 9K de Wood est un petit climatiseur portable, pratique et silencieux qui a re\u00e7u les meilleures notes lors des tests. Avec ses 9 000 BTU (2,6 kW), il rafra\u00eechit efficacement les pi\u00e8ces jusqu&rsquo;\u00e0 26 m\u00b2, ce qui est parfait pour les chambres \u00e0 coucher, les chambres d&rsquo;enfants, les salles de s\u00e9jour ou les petits bureaux. Il a un faible niveau sonore de max. 52 dB, un filtre lavable et un d\u00e9bit d&rsquo;air de 350 m\u00b3\/h. Il est facile \u00e0 utiliser gr\u00e2ce \u00e0 l&rsquo;\u00e9cran tactile num\u00e9rique, \u00e0 la t\u00e9l\u00e9commande et au kit de fen\u00eatres inclus.    <\/p>\n","protected":false},"featured_media":46179,"template":"","meta":{"_acf_changed":false},"product_brand":[],"product_cat":[426,4892,4886],"product_tag":[2967,3055,3061],"class_list":{"0":"post-47929","1":"product","2":"type-product","3":"status-publish","4":"has-post-thumbnail","6":"product_cat-climatiseurs-mobiles","7":"product_cat-pour-la-chambre-a-coucher","8":"product_cat-pour-les-salons-et-les-appartements","9":"product_tag-26-m-fr","10":"product_tag-climatiseurs-mobiles-pour-chambres","11":"product_tag-climatiseurs-mobiles-pour-salons","12":"splide__slide","14":"first","15":"instock","16":"taxable","17":"shipping-taxable","18":"product-type-simple"},"acf":[],"_links":{"self":[{"href":"https:\/\/woods.se\/fr\/wp-json\/wp\/v2\/product\/47929","targetHints":{"allow":["GET"]}}],"collection":[{"href":"https:\/\/woods.se\/fr\/wp-json\/wp\/v2\/product"}],"about":[{"href":"https:\/\/woods.se\/fr\/wp-json\/wp\/v2\/types\/product"}],"wp:featuredmedia":[{"embeddable":true,"href":"https:\/\/woods.se\/fr\/wp-json\/wp\/v2\/media\/46179"}],"wp:attachment":[{"href":"https:\/\/woods.se\/fr\/wp-json\/wp\/v2\/media?parent=47929"}],"wp:term":[{"taxonomy":"product_brand","embeddable":true,"href":"https:\/\/woods.se\/fr\/wp-json\/wp\/v2\/product_brand?post=47929"},{"taxonomy":"product_cat","embeddable":true,"href":"https:\/\/woods.se\/fr\/wp-json\/wp\/v2\/product_cat?post=47929"},{"taxonomy":"product_tag","embeddable":true,"href":"https:\/\/woods.se\/fr\/wp-json\/wp\/v2\/product_tag?post=47929"}],"curies":[{"name":"wp","href":"https:\/\/api.w.org\/{rel}","templated":true}]}}