{"id":47926,"date":"2024-12-10T15:10:15","date_gmt":"2024-12-10T14:10:15","guid":{"rendered":"https:\/\/stage.woods.se\/?post_type=product&#038;p=47926"},"modified":"2026-03-17T11:16:50","modified_gmt":"2026-03-17T10:16:50","slug":"woods-ac-cortina-9k-eco-a","status":"publish","type":"product","link":"https:\/\/woods.se\/fr\/produits\/climatiseurs-mobiles\/pour-les-salons-et-les-appartements\/woods-ac-cortina-9k-eco-a\/","title":{"rendered":"Wood&rsquo;s AC Cortina 9K Eco A+"},"content":{"rendered":"<h2>Wood&rsquo;s AC Cortina 9K Eco A+<\/h2>\n<h3>Refroidissement doux, silencieux et \u00e9conome en \u00e9nergie<\/h3>\n<p>L&rsquo;AC Cortina 9K Eco A+ de Wood combine hautes performances et faible consommation d&rsquo;\u00e9nergie. Avec une capacit\u00e9 de refroidissement de 9 000 BTU (2,6 kW), il refroidit rapidement des pi\u00e8ces allant jusqu&rsquo;\u00e0 26 m\u00b2 et, gr\u00e2ce \u00e0 son classement \u00e9nerg\u00e9tique A+, il est tr\u00e8s \u00e9conome en \u00e9nergie. Il fonctionne \u00e0 des temp\u00e9ratures allant jusqu&rsquo;\u00e0 43\u00b0C, ce qui en fait une solution fiable m\u00eame en cas de chaleur extr\u00eame. Les trois modes de ventilation vous permettent d&rsquo;ajuster facilement le niveau sonore en fonction de vos besoins.   <\/p>\n<h3>Caract\u00e9ristiques principales<\/h3>\n\n<h3>Refroidit les maisons et les petits bureaux<\/h3>\n<p><strong>Chambre \u00e0 coucher : <\/strong>Le faible niveau sonore et les multiples r\u00e9glages du ventilateur vous permettent de dormir au frais et sans \u00eatre d\u00e9rang\u00e9.<br \/>\n<strong>Chambre d&rsquo;enfant :<\/strong> Fournit un climat int\u00e9rieur stable et confortable pour les enfants pendant les journ\u00e9es chaudes.<br \/>\n<strong>Salon :<\/strong> Cr\u00e9e un environnement frais et agr\u00e9able pour toute la famille.<br \/>\n<strong>Petits bureaux :<\/strong> Contribue \u00e0 un environnement de travail productif en maintenant une temp\u00e9rature constante m\u00eame lorsque la temp\u00e9rature ext\u00e9rieure augmente.<\/p>\n<h3>Douceur et facilit\u00e9 d&rsquo;utilisation<\/h3>\n<p>L&rsquo;AC Cortina 9K Eco A+ est facile \u00e0 d\u00e9placer gr\u00e2ce \u00e0 ses roues et facile \u00e0 installer avec le kit de fen\u00eatres inclus. L&rsquo;\u00e9cran tactile num\u00e9rique et la t\u00e9l\u00e9commande permettent d&rsquo;ajuster facilement les r\u00e9glages en fonction des besoins. <\/p>\n<h3>Refroidissement \u00e9conome en \u00e9nergie<\/h3>\n<p>Avec la classe \u00e9nerg\u00e9tique A+, vous disposez d&rsquo;un climatiseur portable qui offre non seulement un refroidissement puissant, mais qui r\u00e9duit \u00e9galement la consommation d&rsquo;\u00e9nergie. Le Cortina 9K Eco A+ est donc un choix plus \u00e9cologique et plus \u00e9conomique pour la maison et le bureau. <\/p>\n","protected":false},"excerpt":{"rendered":"<p>L&rsquo;AC Cortina 9K Eco A+ de Wood&rsquo;s est un climatiseur portable pratique et \u00e9conome en \u00e9nergie avec une capacit\u00e9 de refroidissement de 9000 BTU (2,6 kW). Il refroidit rapidement les pi\u00e8ces jusqu&rsquo;\u00e0 26 m\u00b2 et dispose de trois modes de ventilation et d&rsquo;un d\u00e9bit d&rsquo;air de 380 m\u00b3\/h. Il est id\u00e9al pour les chambres \u00e0 coucher, les chambres d&rsquo;enfants, les salons ou les petits bureaux. Avec une classe \u00e9nerg\u00e9tique A+ et un fonctionnement jusqu&rsquo;\u00e0 43\u00b0C, il est fiable m\u00eame pendant les journ\u00e9es les plus chaudes de l&rsquo;ann\u00e9e. Facile \u00e0 utiliser, il est dot\u00e9 d&rsquo;un \u00e9cran tactile num\u00e9rique, d&rsquo;une t\u00e9l\u00e9commande et d&rsquo;un kit de fen\u00eatres.    <\/p>\n","protected":false},"featured_media":45845,"template":"","meta":{"_acf_changed":false},"product_brand":[],"product_cat":[426,4892,4901,4886],"product_tag":[2967,3062,3055,3061],"class_list":{"0":"post-47926","1":"product","2":"type-product","3":"status-publish","4":"has-post-thumbnail","6":"product_cat-climatiseurs-mobiles","7":"product_cat-pour-la-chambre-a-coucher","8":"product_cat-pour-le-bureau","9":"product_cat-pour-les-salons-et-les-appartements","10":"product_tag-26-m-fr","11":"product_tag-climatiseurs-mobiles-pour-bureaux","12":"product_tag-climatiseurs-mobiles-pour-chambres","13":"product_tag-climatiseurs-mobiles-pour-salons","14":"splide__slide","16":"first","17":"instock","18":"taxable","19":"shipping-taxable","20":"product-type-simple"},"acf":[],"_links":{"self":[{"href":"https:\/\/woods.se\/fr\/wp-json\/wp\/v2\/product\/47926","targetHints":{"allow":["GET"]}}],"collection":[{"href":"https:\/\/woods.se\/fr\/wp-json\/wp\/v2\/product"}],"about":[{"href":"https:\/\/woods.se\/fr\/wp-json\/wp\/v2\/types\/product"}],"wp:featuredmedia":[{"embeddable":true,"href":"https:\/\/woods.se\/fr\/wp-json\/wp\/v2\/media\/45845"}],"wp:attachment":[{"href":"https:\/\/woods.se\/fr\/wp-json\/wp\/v2\/media?parent=47926"}],"wp:term":[{"taxonomy":"product_brand","embeddable":true,"href":"https:\/\/woods.se\/fr\/wp-json\/wp\/v2\/product_brand?post=47926"},{"taxonomy":"product_cat","embeddable":true,"href":"https:\/\/woods.se\/fr\/wp-json\/wp\/v2\/product_cat?post=47926"},{"taxonomy":"product_tag","embeddable":true,"href":"https:\/\/woods.se\/fr\/wp-json\/wp\/v2\/product_tag?post=47926"}],"curies":[{"name":"wp","href":"https:\/\/api.w.org\/{rel}","templated":true}]}}