{"id":47903,"date":"2024-12-10T15:07:34","date_gmt":"2024-12-10T14:07:34","guid":{"rendered":"https:\/\/stage.woods.se\/?post_type=product&#038;p=47903"},"modified":"2026-02-23T16:06:24","modified_gmt":"2026-02-23T15:06:24","slug":"woods-ac-palermo-22k","status":"publish","type":"product","link":"https:\/\/woods.se\/fr\/produits\/climatiseurs-mobiles\/pour-le-bureau\/woods-ac-palermo-22k\/","title":{"rendered":"Wood&rsquo;s AC Palermo 22K"},"content":{"rendered":"<h2>Wood&rsquo;s AC Palermo 22K<\/h2>\n<h3>Capacit\u00e9 de refroidissement maximale pour les grands espaces<\/h3>\n<p>L&rsquo;AC Palermo 22K de Wood est le climatiseur portable le plus puissant du march\u00e9. Avec une capacit\u00e9 de refroidissement impressionnante de 22 000 BTU (6,5 kW), il abaisse rapidement la temp\u00e9rature dans des pi\u00e8ces allant jusqu&rsquo;\u00e0 65 m\u00b2. Il est parfait pour les grandes maisons, les espaces ouverts, les bureaux et les salles de serveurs o\u00f9 une capacit\u00e9 de refroidissement \u00e9lev\u00e9e et des performances fiables sont essentielles.  <\/p>\n<h3>Caract\u00e9ristiques principales :<\/h3>\n\n<h3>Refroidissement rapide et efficace<\/h3>\n<p>Gr\u00e2ce \u00e0 sa grande capacit\u00e9 et \u00e0 son puissant d\u00e9bit d&rsquo;air de 950 m\u00b3\/h, l&rsquo;AC Palermo 22K refroidit efficacement m\u00eame pendant les journ\u00e9es les plus chaudes. Il dispose de trois vitesses de ventilation et d&rsquo;une large plage de temp\u00e9ratures, ce qui permet d&rsquo;adapter facilement le refroidissement \u00e0 vos pr\u00e9f\u00e9rences. Que vous ayez besoin de rafra\u00eechir rapidement une grande pi\u00e8ce ou de maintenir une temp\u00e9rature constante et confortable tout au long de la journ\u00e9e, l&rsquo;AC Palermo 22K est \u00e0 la hauteur de vos attentes.  <\/p>\n<h3>Refroidissement efficace pour les grandes surfaces et les environnements de travail<\/h3>\n<p><strong>Pour les bureaux et les grands espaces de travail :<\/strong> La puissante capacit\u00e9 de refroidissement assure une temp\u00e9rature stable dans les bureaux paysagers, les magasins et les salles de conf\u00e9rence, cr\u00e9ant ainsi un environnement confortable et productif.<br \/>\n<strong>Salles de serveurs :<\/strong> L&rsquo;AC Palermo 22K de Wood assure la bonne temp\u00e9rature dans la salle des serveurs et emp\u00eache la surchauffe qui peut endommager l&rsquo;\u00e9quipement sensible.<br \/>\n<strong>Magasins : <\/strong>Gr\u00e2ce \u00e0 sa puissance de refroidissement, Wood&rsquo;s AC Palermo cr\u00e9e un climat confortable dans le magasin, ce qui rend les clients plus satisfaits et augmente leur d\u00e9sir d&rsquo;acheter.<br \/>\n<strong>Salles de conf\u00e9rence :<\/strong> Garantit un climat ad\u00e9quat lors des r\u00e9unions et des \u00e9v\u00e9nements.<\/p>\n<h3>Facile \u00e0 utiliser et \u00e0 d\u00e9placer<\/h3>\n<p>L&rsquo;AC Palermo 22K est dot\u00e9 d&rsquo;un panneau tactile num\u00e9rique intuitif qui en facilite le contr\u00f4le. Gr\u00e2ce \u00e0 ses roues souples, vous pouvez facilement d\u00e9placer l&rsquo;appareil l\u00e0 o\u00f9 vous en avez le plus besoin. Le kit de fen\u00eatre inclus facilite l&rsquo;installation et ne n\u00e9cessite aucune modification permanente &#8211; l&rsquo;air chaud est simplement \u00e9vacu\u00e9 par une fen\u00eatre.  <\/p>\n<p>Vous recherchez un climatiseur portable puissant et efficace pour les grandes pi\u00e8ces ? L&rsquo;AC Palermo 22K de Wood&rsquo;s offre une capacit\u00e9 de refroidissement et un confort maximum ! <\/p>\n","protected":false},"excerpt":{"rendered":"<p>Faites l&rsquo;exp\u00e9rience d&rsquo;une capacit\u00e9 de refroidissement et d&rsquo;un confort maximum avec l&rsquo;AC Palermo 22K de Wood &#8211; l&rsquo;un des climatiseurs portables les plus puissants du march\u00e9. Avec une capacit\u00e9 de refroidissement de 22 000 BTU (6,5 kW) et un d\u00e9bit d&rsquo;air \u00e9lev\u00e9, il refroidit rapidement et efficacement des pi\u00e8ces allant jusqu&rsquo;\u00e0 65 m\u00b2. Parfait pour les bureaux paysagers, les magasins, les salles de conf\u00e9rence et les salles de serveurs. Facile \u00e0 utiliser gr\u00e2ce \u00e0 son \u00e9cran tactile num\u00e9rique, son kit de fen\u00eatres inclus et ses roulettes qui le rendent facile \u00e0 d\u00e9placer malgr\u00e9 sa taille.   <\/p>\n","protected":false},"featured_media":46290,"template":"","meta":{"_acf_changed":false},"product_brand":[],"product_cat":[426,4901],"product_tag":[2992,3062],"class_list":{"0":"post-47903","1":"product","2":"type-product","3":"status-publish","4":"has-post-thumbnail","6":"product_cat-climatiseurs-mobiles","7":"product_cat-pour-le-bureau","8":"product_tag-65-m-fr","9":"product_tag-climatiseurs-mobiles-pour-bureaux","10":"product_shipping_class-high","11":"splide__slide","13":"first","14":"instock","15":"taxable","16":"shipping-taxable","17":"product-type-simple"},"acf":[],"_links":{"self":[{"href":"https:\/\/woods.se\/fr\/wp-json\/wp\/v2\/product\/47903","targetHints":{"allow":["GET"]}}],"collection":[{"href":"https:\/\/woods.se\/fr\/wp-json\/wp\/v2\/product"}],"about":[{"href":"https:\/\/woods.se\/fr\/wp-json\/wp\/v2\/types\/product"}],"wp:featuredmedia":[{"embeddable":true,"href":"https:\/\/woods.se\/fr\/wp-json\/wp\/v2\/media\/46290"}],"wp:attachment":[{"href":"https:\/\/woods.se\/fr\/wp-json\/wp\/v2\/media?parent=47903"}],"wp:term":[{"taxonomy":"product_brand","embeddable":true,"href":"https:\/\/woods.se\/fr\/wp-json\/wp\/v2\/product_brand?post=47903"},{"taxonomy":"product_cat","embeddable":true,"href":"https:\/\/woods.se\/fr\/wp-json\/wp\/v2\/product_cat?post=47903"},{"taxonomy":"product_tag","embeddable":true,"href":"https:\/\/woods.se\/fr\/wp-json\/wp\/v2\/product_tag?post=47903"}],"curies":[{"name":"wp","href":"https:\/\/api.w.org\/{rel}","templated":true}]}}