{"id":47902,"date":"2024-12-10T15:09:12","date_gmt":"2024-12-10T14:09:12","guid":{"rendered":"https:\/\/stage.woods.se\/?post_type=product&#038;p=47902"},"modified":"2025-09-15T10:17:16","modified_gmt":"2025-09-15T08:17:16","slug":"woods-ac-cortina-12k-wifi-smart-home-a","status":"publish","type":"product","link":"https:\/\/woods.se\/fr\/produits\/climatiseurs-mobiles\/pour-les-salons-et-les-appartements\/woods-ac-cortina-12k-wifi-smart-home-a\/","title":{"rendered":"Wood&rsquo;s AC Cortina 12K WiFi\/Smart Home A+"},"content":{"rendered":"<h2>Wood&rsquo;s AC Cortina 12K WiFi\/Smart Home A+<\/h2>\n<h3>Gagnant du test, intelligent et plus \u00e9conome en \u00e9nergie<\/h3>\n<p>L&rsquo;AC Cortina 12K de Wood est appr\u00e9ci\u00e9 pour sa combinaison de refroidissement puissant, de fonctions intelligentes et maintenant d&rsquo;une efficacit\u00e9 \u00e9nerg\u00e9tique encore meilleure avec cette version A+. L&rsquo;AC Cortina a \u00e9t\u00e9 nomm\u00e9 \u00e0 plusieurs reprises meilleur en test &#8211; y compris par tek.no &#8211; et est con\u00e7u pour refroidir efficacement et \u00e9conomiser de l&rsquo;\u00e9nergie.<\/p>\n<h3>Caract\u00e9ristiques principales<\/h3>\n\n<h3>Un refroidissement efficace et plus respectueux de l&rsquo;environnement dans votre maison et votre bureau<\/h3>\n<p><strong>Chambre \u00e0 coucher :<\/strong> Restez au frais la nuit gr\u00e2ce \u00e0 un fonctionnement silencieux et une faible consommation d&rsquo;\u00e9nergie.<br \/>\n<strong>Chambre d&rsquo;enfant :<\/strong> Cr\u00e9ez un environnement int\u00e9rieur stable et s\u00fbr tout en r\u00e9duisant l&rsquo;impact sur l&rsquo;environnement.<br \/>\n<strong>Salon :<\/strong> Gardez toute la famille au frais et \u00e0 l&rsquo;aise pendant les journ\u00e9es chaudes &#8211; avec une meilleure efficacit\u00e9 \u00e9nerg\u00e9tique.<br \/>\n<strong>Bureau :<\/strong> Am\u00e9liorez l&rsquo;environnement de travail et restez concentr\u00e9 m\u00eame pendant les chaudes journ\u00e9es d&rsquo;\u00e9t\u00e9, tout en \u00e9conomisant de l&rsquo;\u00e9nergie.<\/p>\n<h3>Silencieux et tr\u00e8s \u00e9conome en \u00e9nergie<\/h3>\n<p>L&rsquo;AC Cortina 12K WiFi Smart Home A+ de Wood combine de solides performances avec une efficacit\u00e9 \u00e9nerg\u00e9tique am\u00e9lior\u00e9e dans la classe \u00e9nerg\u00e9tique A+. Il s&rsquo;agit donc d&rsquo;une option plus respectueuse de l&rsquo;environnement, sans compromis sur la capacit\u00e9 de refroidissement. Il fonctionne \u00e9galement sans probl\u00e8me \u00e0 des temp\u00e9ratures allant jusqu&rsquo;\u00e0 43\u00b0C.<\/p>\n<h3>Douceur, intelligence et convivialit\u00e9<\/h3>\n<p>Gr\u00e2ce \u00e0 la prise en charge du Wi-Fi et de la maison intelligente, l&rsquo;unit\u00e9 peut \u00eatre contr\u00f4l\u00e9e via l&rsquo;application Wood&rsquo;s Connect et les solutions de maison intelligente telles que Google Home et Alexa. Commencez \u00e0 refroidir avant de rentrer chez vous et soyez toujours accueilli par un climat int\u00e9rieur confortable. Il comprend \u00e9galement un panneau tactile num\u00e9rique, une t\u00e9l\u00e9commande, un filtre lavable et un kit de fen\u00eatre complet pour une installation facile. Gr\u00e2ce \u00e0 ses roues souples, il peut \u00eatre facilement d\u00e9plac\u00e9 l\u00e0 o\u00f9 vous en avez besoin. Lors de l&rsquo;enregistrement, la garantie est prolong\u00e9e de 2 \u00e0 3 ans.<\/p>\n<p>Choisissez le climatiseur AC Cortina 12K WiFi Smart Home A+ de Wood &#8211; un climatiseur test\u00e9, intelligent et plus \u00e9conome en \u00e9nergie pour votre maison ou votre lieu de travail.<\/p>\n","protected":false},"excerpt":{"rendered":"<p>L&rsquo;AC Cortina 12K WiFi Smart Home A+ de Wood&rsquo;s est un climatiseur portable prim\u00e9 et plus \u00e9conome en \u00e9nergie &#8211; parfait pour ceux qui recherchent \u00e0 la fois la performance et une option plus respectueuse de l&rsquo;environnement. Avec une capacit\u00e9 de refroidissement de 12 000 BTU (3,5 kW), il refroidit jusqu&rsquo;\u00e0 35 m\u00b2 et dispose de trois modes de ventilation, d&rsquo;un d\u00e9bit d&rsquo;air de 360 m\u00b3\/h et d&rsquo;un faible niveau sonore de 53,5 dB. Facilement contr\u00f4lable via l&rsquo;\u00e9cran tactile num\u00e9rique, la t\u00e9l\u00e9commande ou l&rsquo;appli Wood&rsquo;s Connect et les solutions Smart Home.<\/p>\n","protected":false},"featured_media":45845,"template":"","meta":{"_acf_changed":false},"product_brand":[],"product_cat":[4892,4901,4886,426],"product_tag":[2971,2996,3062,3055,3061,3308,436],"class_list":{"0":"post-47902","1":"product","2":"type-product","3":"status-publish","4":"has-post-thumbnail","6":"product_cat-pour-la-chambre-a-coucher","7":"product_cat-pour-le-bureau","8":"product_cat-pour-les-salons-et-les-appartements","9":"product_cat-climatiseurs-mobiles","10":"product_tag-35-m-fr","11":"product_tag-a-fr","12":"product_tag-climatiseurs-mobiles-pour-bureaux","13":"product_tag-climatiseurs-mobiles-pour-chambres","14":"product_tag-climatiseurs-mobiles-pour-salons","15":"product_tag-maison-intelligente","16":"product_tag-wifi-fr","17":"splide__slide","19":"first","20":"instock","21":"taxable","22":"shipping-taxable","23":"product-type-simple"},"acf":[],"_links":{"self":[{"href":"https:\/\/woods.se\/fr\/wp-json\/wp\/v2\/product\/47902","targetHints":{"allow":["GET"]}}],"collection":[{"href":"https:\/\/woods.se\/fr\/wp-json\/wp\/v2\/product"}],"about":[{"href":"https:\/\/woods.se\/fr\/wp-json\/wp\/v2\/types\/product"}],"wp:featuredmedia":[{"embeddable":true,"href":"https:\/\/woods.se\/fr\/wp-json\/wp\/v2\/media\/45845"}],"wp:attachment":[{"href":"https:\/\/woods.se\/fr\/wp-json\/wp\/v2\/media?parent=47902"}],"wp:term":[{"taxonomy":"product_brand","embeddable":true,"href":"https:\/\/woods.se\/fr\/wp-json\/wp\/v2\/product_brand?post=47902"},{"taxonomy":"product_cat","embeddable":true,"href":"https:\/\/woods.se\/fr\/wp-json\/wp\/v2\/product_cat?post=47902"},{"taxonomy":"product_tag","embeddable":true,"href":"https:\/\/woods.se\/fr\/wp-json\/wp\/v2\/product_tag?post=47902"}],"curies":[{"name":"wp","href":"https:\/\/api.w.org\/{rel}","templated":true}]}}