{"id":47897,"date":"2024-12-10T15:02:04","date_gmt":"2024-12-10T14:02:04","guid":{"rendered":"https:\/\/stage.woods.se\/?post_type=product&#038;p=47897"},"modified":"2025-09-15T09:49:16","modified_gmt":"2025-09-15T07:49:16","slug":"woods-gran-900","status":"publish","type":"product","link":"https:\/\/woods.se\/fr\/products\/purificateurs\/woods-gran-900\/","title":{"rendered":"Wood&rsquo;s Gran 900"},"content":{"rendered":"<h2>Wood&rsquo;s Gran 900<\/h2>\n<h3>Purificateur d&rsquo;air puissant pour les bureaux et les grands espaces<\/h3>\n<p>Dans les grands espaces tels que les bureaux et les open-spaces, une mauvaise qualit\u00e9 de l&rsquo;air peut entra\u00eener de la fatigue, des maux de t\u00eate et une baisse de la concentration. La poussi\u00e8re, le pollen et d&rsquo;autres polluants atmosph\u00e9riques circulent et ont un impact n\u00e9gatif sur le bien-\u00eatre et l&rsquo;environnement de travail.<br \/>\nWood&rsquo;s GRAN 900 est l&rsquo;un des purificateurs d&rsquo;air les plus puissants du march\u00e9, con\u00e7u pour purifier efficacement l&rsquo;air dans les grandes pi\u00e8ces. Avec un d\u00e9bit d&rsquo;air impressionnant de 900 m\u00b3\/h et deux filtres HEPA Active ION, il capture 99,98 % de toutes les particules nocives, cr\u00e9ant ainsi un environnement de travail plus propre et plus sain. Malgr\u00e9 sa puissance, il fonctionne silencieusement, avec un niveau sonore de seulement 35 dB, ce qui est parfait pour les bureaux o\u00f9 la concentration et le bien-\u00eatre sont importants.<\/p>\n<h3>Pourquoi avez-vous besoin d&rsquo;un purificateur d&rsquo;air ?<\/h3>\n<p>L&rsquo;air que nous respirons \u00e0 l&rsquo;int\u00e9rieur, que ce soit \u00e0 la maison ou au bureau, est souvent beaucoup plus pollu\u00e9 que l&rsquo;air ext\u00e9rieur. Des particules telles que le pollen, les gaz d&rsquo;\u00e9chappement et la poussi\u00e8re nous suivent \u00e0 l&rsquo;int\u00e9rieur et continuent de circuler dans l&rsquo;air que nous respirons. Comme nous passons environ 90 % de notre temps \u00e0 l&rsquo;int\u00e9rieur, notre sant\u00e9 et notre bien-\u00eatre sont directement affect\u00e9s par la qualit\u00e9 de l&rsquo;air. Que ce soit sur le lieu de travail ou \u00e0 la maison, un purificateur d&rsquo;air peut faire une grande diff\u00e9rence en cr\u00e9ant un air int\u00e9rieur plus propre et plus sain pour tout le monde.<\/p>\n<h3>Zones d&rsquo;utilisation recommand\u00e9es:<\/h3>\n<p><strong>Le purificateur d&rsquo;air id\u00e9al pour les bureaux et les lieux de travail :<\/strong> Une mauvaise qualit\u00e9 de l&rsquo;air sur le lieu de travail peut r\u00e9duire la productivit\u00e9 jusqu&rsquo;\u00e0 15 % et augmenter les arr\u00eats maladie. Le GRAN 900 aide \u00e0 purifier l&rsquo;air des virus, de la poussi\u00e8re et des polluants pour que vous et vos employ\u00e9s puissiez travailler dans un environnement plus frais et plus sain.<br \/>\n<strong>Les purificateurs d&rsquo;air soulagent les allergies et l&rsquo;asthme :<\/strong> Le GRAN 900 de Wood est le purificateur d&rsquo;air le plus puissant du march\u00e9, parfait pour purifier l&rsquo;air dans les grandes pi\u00e8ces. L&rsquo;air int\u00e9rieur est souvent pire que l&rsquo;air ext\u00e9rieur, ce qui peut aggraver les allergies et l&rsquo;asthme. Le GRAN 900 purifie efficacement l&rsquo;air en capturant les allerg\u00e8nes tels que le pollen, la poussi\u00e8re et d&rsquo;autres particules, cr\u00e9ant ainsi un environnement plus frais et plus sain. En pla\u00e7ant un purificateur d&rsquo;air dans les endroits o\u00f9 nous passons beaucoup de temps, l&rsquo;organisme a la possibilit\u00e9 de r\u00e9cup\u00e9rer. Les sympt\u00f4mes allergiques peuvent ainsi \u00eatre r\u00e9duits imm\u00e9diatement et \u00e0 long terme, ce qui contribue \u00e0 am\u00e9liorer le bien-\u00eatre.<\/p>\n<h3>Comment fonctionne un purificateur d&rsquo;air Wood&rsquo;s ?<\/h3>\n<p>Le Gran 900 de Wood est \u00e9quip\u00e9 de deux filtres HEPA Active ION et a un taux de purification de 99,98 %. Les filtres HEPA Active ION de Wood, brevet\u00e9s et fabriqu\u00e9s en Su\u00e8de, sont con\u00e7us pour capturer efficacement les particules microscopiques telles que la poussi\u00e8re, le pollen et les allerg\u00e8nes. Le filtre est moins dense que les filtres HEPA traditionnels, ce qui permet un fonctionnement plus silencieux et une purification plus efficace sans compromettre l&rsquo;efficacit\u00e9 de la purification.<\/p>\n<h4><strong>L&rsquo;ionisation facilite la capture des particules<\/strong><\/h4>\n<p>&#8211; L&rsquo;air est aspir\u00e9 par un ventilateur silencieux et \u00e9conome en \u00e9nergie.<br \/>\n&#8211; Les particules d&rsquo;air re\u00e7oivent une faible charge positive, ce qui les fait s&rsquo;agglutiner et les attire vers le filtre comme un aimant, puisqu&rsquo;il est charg\u00e9 n\u00e9gativement.<\/p>\n<p><img loading=\"lazy\" decoding=\"async\" class=\"alignnone wp-image-40687 size-medium\" src=\"https:\/\/woods.se\/wp-content\/uploads\/2024\/12\/activeionhepa_400px2-300x300.jpeg\" alt=\"\" width=\"300\" height=\"300\" srcset=\"https:\/\/woods.se\/wp-content\/uploads\/2024\/12\/activeionhepa_400px2-300x300.jpeg 300w, https:\/\/woods.se\/wp-content\/uploads\/2024\/12\/activeionhepa_400px2-150x150.jpeg 150w, https:\/\/woods.se\/wp-content\/uploads\/2024\/12\/activeionhepa_400px2-100x100.jpeg 100w, https:\/\/woods.se\/wp-content\/uploads\/2024\/12\/activeionhepa_400px2.jpeg 400w\" sizes=\"auto, (max-width: 300px) 100vw, 300px\" \/><\/p>\n<h4><strong>Filtre HEPA Active ION brevet\u00e9 et fabriqu\u00e9 en Su\u00e8de<\/strong><\/h4>\n<p>&#8211; Gr\u00e2ce \u00e0 la technologie brevet\u00e9e, les filtres HEPA Active ION peuvent \u00eatre moins denses que les filtres HEPA traditionnels tout en atteignant le m\u00eame niveau \u00e9lev\u00e9 de purification.<br \/>\n&#8211; Le filtre est constitu\u00e9 de plusieurs couches de m\u00e9dia filtrant pliss\u00e9. Cela permet d&rsquo;obtenir une surface filtrante totale tr\u00e8s importante et une capacit\u00e9 de filtration exceptionnelle.<br \/>\nCette technologie garantit que tout l&rsquo;air est purifi\u00e9, sans risque de passage d&rsquo;air non filtr\u00e9.<\/p>\n<h3>Le Gran 900 de Wood est un syst\u00e8me d&rsquo;\u00e9puration extr\u00eamement efficace sur le plan \u00e9nerg\u00e9tique.<\/h3>\n<p>Le GRAN 900 de Wood a un CADR impressionnant de 588 m\u00b3\/h, ce qui en fait l&rsquo;un des purificateurs d&rsquo;air les plus puissants du march\u00e9. Avec cette capacit\u00e9, il purifie rapidement et efficacement l&rsquo;air dans les grands espaces, ce qui le rend id\u00e9al pour les bureaux et les environnements ouverts. Malgr\u00e9 ses performances \u00e9lev\u00e9es, il est \u00e9conome en \u00e9nergie avec un CADR\/Watt de 7,9, ce qui signifie que vous b\u00e9n\u00e9ficiez d&rsquo;une purification maximale sans consommation d&rsquo;\u00e9nergie inutile.<\/p>\n<p><img loading=\"lazy\" decoding=\"async\" class=\"alignnone wp-image-40673 size-medium\" src=\"https:\/\/woods.se\/wp-content\/uploads\/2024\/12\/aham-intertek-300x120.jpeg\" alt=\"\" width=\"300\" height=\"120\" srcset=\"https:\/\/woods.se\/wp-content\/uploads\/2024\/12\/aham-intertek-300x120.jpeg 300w, https:\/\/woods.se\/wp-content\/uploads\/2024\/12\/aham-intertek-1024x410.jpeg 1024w, https:\/\/woods.se\/wp-content\/uploads\/2024\/12\/aham-intertek-768x307.jpeg 768w, https:\/\/woods.se\/wp-content\/uploads\/2024\/12\/aham-intertek-500x200.jpeg 500w, https:\/\/woods.se\/wp-content\/uploads\/2024\/12\/aham-intertek-1400x560.jpeg 1400w, https:\/\/woods.se\/wp-content\/uploads\/2024\/12\/aham-intertek-700x280.jpeg 700w, https:\/\/woods.se\/wp-content\/uploads\/2024\/12\/aham-intertek-600x240.jpeg 600w, https:\/\/woods.se\/wp-content\/uploads\/2024\/12\/aham-intertek.jpeg 1417w\" sizes=\"auto, (max-width: 300px) 100vw, 300px\" \/><\/p>\n<h3>Mauvaise qualit\u00e9 de l&rsquo;air dans les bureaux et les grands espaces &#8211; les gaz et les odeurs nuisent \u00e0 la sant\u00e9<\/h3>\n<p>Dans les bureaux et les grands espaces, la qualit\u00e9 de l&rsquo;air peut \u00eatre alt\u00e9r\u00e9e par les gaz d&rsquo;\u00e9chappement, les produits chimiques et les odeurs d\u00e9sagr\u00e9ables provenant, par exemple, de la cuisine, des produits de nettoyage et de l&rsquo;\u00e9lectronique. Ces particules peuvent provoquer une irritation des voies respiratoires, des maux de t\u00eate et une baisse de la concentration.<br \/>\nPour \u00e9liminer efficacement les gaz nocifs et les odeurs ind\u00e9sirables, le GRAN 900 de Wood&rsquo;s peut \u00eatre \u00e9quip\u00e9 d&rsquo;un filtre \u00e0 charbon Chem Control de Wood&rsquo;s. Ce filtre \u00e0 charbon de haute qualit\u00e9 neutralise les fum\u00e9es, les vapeurs chimiques et autres odeurs d\u00e9sagr\u00e9ables. Ce filtre \u00e0 charbon de haute qualit\u00e9 neutralise la fum\u00e9e, les vapeurs chimiques et autres polluants en suspension dans l&rsquo;air, rendant l&rsquo;environnement de travail plus sain et plus agr\u00e9able. Le filtre est un produit compl\u00e9mentaire qui s&rsquo;ach\u00e8te s\u00e9par\u00e9ment pour adapter le purificateur d&rsquo;air \u00e0 vos besoins sp\u00e9cifiques.<\/p>\n<h3>Efficace sur le plan \u00e9nerg\u00e9tique et silencieux &#8211; consomme moins d&rsquo;\u00e9nergie qu&rsquo;une ampoule \u00e9lectrique<\/h3>\n<p>Malgr\u00e9 sa capacit\u00e9 extr\u00eame, le Wood&rsquo;s GRAN 900 est un purificateur d&rsquo;air \u00e9conome en \u00e9nergie. Il peut fonctionner 24 heures sur 24 sans affecter de mani\u00e8re significative votre facture d&rsquo;\u00e9lectricit\u00e9. Au cours d&rsquo;une ann\u00e9e enti\u00e8re, il consomme entre 24 et 80 W, ce qui est comparable \u00e0 une lampe LED. En outre, le niveau sonore n&rsquo;est que de 35 dB, ce qui le rend discret et agr\u00e9able \u00e0 avoir dans la pi\u00e8ce.<\/p>\n<h3>Un investissement dans la sant\u00e9 et l&rsquo;environnement<\/h3>\n<p>Le GRAN 900 de Wood est d\u00e9velopp\u00e9 et fabriqu\u00e9 en Su\u00e8de avec pour objectif la plus haute qualit\u00e9 et une longue dur\u00e9e de vie. En enregistrant votre produit sur <a href=\"https:\/\/warranty-woods.com\">warranty-woods.com<\/a> et en rempla\u00e7ant r\u00e9guli\u00e8rement le filtre, vous b\u00e9n\u00e9ficiez de la garantie la plus longue du march\u00e9, \u00e0 savoir 10 ans.<\/p>\n<h3>Investissez dans l&rsquo;air pur d\u00e8s aujourd&rsquo;hui !<\/h3>\n<p>Avec le GRAN 900 de Wood, vous disposez de l&rsquo;un des purificateurs d&rsquo;air les plus puissants et les plus \u00e9conomes en \u00e9nergie du march\u00e9. Il est parfait pour les bureaux, les lieux de travail et les grandes pi\u00e8ces o\u00f9 vous souhaitez un air plus pur et un environnement plus sain.<\/p>\n<p><iframe loading=\"lazy\" title=\"Instruction video - Wood&#039;s GRAN900 (English)\" width=\"500\" height=\"281\" src=\"https:\/\/www.youtube.com\/embed\/kqAIkvdzskY?feature=oembed\" frameborder=\"0\" allow=\"accelerometer; autoplay; clipboard-write; encrypted-media; gyroscope; picture-in-picture; web-share\" referrerpolicy=\"strict-origin-when-cross-origin\" allowfullscreen><\/iframe><\/p>\n","protected":false},"excerpt":{"rendered":"<p>La poussi\u00e8re, le pollen et d&rsquo;autres particules nocives s&rsquo;accumulent \u00e0 l&rsquo;int\u00e9rieur, et une mauvaise qualit\u00e9 de l&rsquo;air int\u00e9rieur peut entra\u00eener des probl\u00e8mes de sant\u00e9 tels que des allergies, de la fatigue et une baisse de la concentration. Le GRAN 900 de<br \/>\nWood est l&rsquo;un des purificateurs d&rsquo;air les plus puissants du march\u00e9 et est con\u00e7u pour cr\u00e9er un climat int\u00e9rieur sain dans les grands espaces. Avec un d\u00e9bit d&rsquo;air de 900 m\u00b3\/h et deux filtres HEPA Active ION, il a une efficacit\u00e9 de purification de 99,98 %. Il consomme peu d&rsquo;\u00e9nergie, fonctionne silencieusement et est fabriqu\u00e9 en Su\u00e8de avec une garantie pouvant aller jusqu&rsquo;\u00e0 10 ans.<\/p>\n","protected":false},"featured_media":39889,"template":"","meta":{"_acf_changed":false},"product_brand":[],"product_cat":[4795,4794,427,3257],"product_tag":[440,432,3005,3004,1897],"class_list":{"0":"post-47897","1":"product","2":"type-product","3":"status-publish","4":"has-post-thumbnail","6":"product_cat-pour-le-bureau","7":"product_cat-pour-le-salon","8":"product_cat-purificateurs","9":"product_cat-villaagarna","10":"product_tag-bureau","11":"product_tag-espace-de-vie","12":"product_tag-purificateurs-dair-pour-bureaux","13":"product_tag-purificateurs-dair-pour-salons","14":"product_tag-salle-de-sejour","15":"product_shipping_class-sweden-high","16":"splide__slide","18":"first","19":"instock","20":"taxable","21":"shipping-taxable","22":"purchasable","23":"product-type-simple"},"acf":[],"_links":{"self":[{"href":"https:\/\/woods.se\/fr\/wp-json\/wp\/v2\/product\/47897","targetHints":{"allow":["GET"]}}],"collection":[{"href":"https:\/\/woods.se\/fr\/wp-json\/wp\/v2\/product"}],"about":[{"href":"https:\/\/woods.se\/fr\/wp-json\/wp\/v2\/types\/product"}],"wp:featuredmedia":[{"embeddable":true,"href":"https:\/\/woods.se\/fr\/wp-json\/wp\/v2\/media\/39889"}],"wp:attachment":[{"href":"https:\/\/woods.se\/fr\/wp-json\/wp\/v2\/media?parent=47897"}],"wp:term":[{"taxonomy":"product_brand","embeddable":true,"href":"https:\/\/woods.se\/fr\/wp-json\/wp\/v2\/product_brand?post=47897"},{"taxonomy":"product_cat","embeddable":true,"href":"https:\/\/woods.se\/fr\/wp-json\/wp\/v2\/product_cat?post=47897"},{"taxonomy":"product_tag","embeddable":true,"href":"https:\/\/woods.se\/fr\/wp-json\/wp\/v2\/product_tag?post=47897"}],"curies":[{"name":"wp","href":"https:\/\/api.w.org\/{rel}","templated":true}]}}