{"id":47891,"date":"2024-12-10T14:00:30","date_gmt":"2024-12-10T13:00:30","guid":{"rendered":"https:\/\/stage.woods.se\/?post_type=product&#038;p=47891"},"modified":"2026-04-24T12:09:57","modified_gmt":"2026-04-24T10:09:57","slug":"woods-wld1","status":"publish","type":"product","link":"https:\/\/woods.se\/fr\/produits\/deshumidificateurs\/woods-wld1\/","title":{"rendered":"Wood&rsquo;s WLD1"},"content":{"rendered":"<h2>Wood&rsquo;s WLD1<\/h2>\n<h3>Le d\u00e9shumidificateur de salle de s\u00e9chage \u00e9conome en \u00e9nergie de l&rsquo;avenir est arriv\u00e9.<\/h3>\n<p>Le s\u00e9chage du linge en peu de temps est co\u00fbteux car il n\u00e9cessite souvent l&rsquo;ajout de chaleur, ce qui consomme beaucoup d&rsquo;\u00e9nergie. Ce ph\u00e9nom\u00e8ne est particuli\u00e8rement visible dans les immeubles d&rsquo;habitation o\u00f9 la buanderie est utilis\u00e9e pendant une grande partie de la journ\u00e9e. <\/p>\n<p>Le d\u00e9shumidificateur pour salle de s\u00e9chage WLD1 de Wood&rsquo;s est sp\u00e9cialement con\u00e7u pour les propri\u00e9taires qui souhaitent r\u00e9duire leurs co\u00fbts \u00e9nerg\u00e9tiques sans compromettre le temps de s\u00e9chage. Il est install\u00e9 de telle sorte que le puissant ventilateur souffle doucement le linge sec par le bas, l\u00e0 o\u00f9 il est le plus humide. Le r\u00e9frig\u00e9rant \u00e9conome en \u00e9nergie et respectueux de l&rsquo;environnement (R290) permet \u00e9galement d&rsquo;obtenir une capacit\u00e9 de d\u00e9shumidification si \u00e9lev\u00e9e qu&rsquo;il faut moins de chaleur que dans de nombreuses autres solutions. Le WLD1 est jusqu&rsquo;\u00e0 8,5 fois plus \u00e9conome en \u00e9nergie que les d\u00e9shumidificateurs pour salles de s\u00e9chage avec chauffage suppl\u00e9mentaire. Cela fait du WLD1 de Wood&rsquo;s le choix \u00e9vident pour tous les propri\u00e9taires qui souhaitent r\u00e9duire les co\u00fbts et atteindre plus facilement leurs objectifs de durabilit\u00e9 en r\u00e9duisant continuellement la quantit\u00e9 d&rsquo;\u00e9nergie achet\u00e9e.    <\/p>\n<h3>Exemple de calcul &#8211; Combien pouvez-vous \u00e9conomiser ?<\/h3>\n<p>Puissance du syst\u00e8me de s\u00e9chage actuel 6 kW moins WLD1 0,7 kW : 5,3 kWh<br \/>\nDur\u00e9e de fonctionnement estim\u00e9e \u00e0 10 heures par jour : 53 kWh<br \/>\n53 kWh x 30 jours : 1 590 kWh\/mois<br \/>\n1 590 kWh x 12 mois : 19 080 kWh<\/p>\n<p><strong>\u00c9conomies d&rsquo;\u00e9nergie estim\u00e9es :<\/strong><br \/>\n1 590 kWh\/mois : 19 080 kWh\/an<\/p>\n<p><strong>Estimation des \u00e9conomies en argent :<\/strong><br \/>\nPrix de l&rsquo;\u00e9lectricit\u00e9 0,1\/kWh, \u00e9conomie : 1 908 \u20ac\/an<br \/>\nPrix de l&rsquo;\u00e9lectricit\u00e9 0,15\/kWh, \u00e9conomie : 2 862 \u20ac\/an<br \/>\nPrix de l&rsquo;\u00e9lectricit\u00e9 0,25\/KWh, \u00e9conomie : 4 770 \u20ac\/an<br \/>\nPrix de l&rsquo;\u00e9lectricit\u00e9 0,35\/KWh, \u00e9conomie : 6 678 \u20ac\/an<\/p>\n<h3>Zones d&rsquo;utilisation recommand\u00e9es:<\/h3>\n<p><strong>Salles de s\u00e9chage dans les immeubles :<\/strong> Le WLD1 est un choix fiable et puissant pour les grands b\u00e2timents, en particulier les immeubles d&rsquo;habitation o\u00f9 les salles de s\u00e9chage sont fr\u00e9quemment utilis\u00e9es. En installant le WLD1, vous garantissez un processus de s\u00e9chage rapide et uniforme qui r\u00e9duit le risque de condensation, de d\u00e9g\u00e2ts dus \u00e0 l&rsquo;humidit\u00e9 et d&rsquo;odeurs d\u00e9sagr\u00e9ables, ce qui prolonge la dur\u00e9e de vie du b\u00e2timent.<br \/>\n<strong>Gymnases et locaux similaires :<\/strong> Dans les environnements o\u00f9 le taux d&rsquo;humidit\u00e9 est souvent \u00e9lev\u00e9, comme les gymnases, les centres d&rsquo;entra\u00eenement ou d&rsquo;autres locaux de grande taille, le WLD1 est une solution tr\u00e8s efficace. Il maintient l&rsquo;air frais et sec, cr\u00e9ant ainsi un environnement plus confortable et plus hygi\u00e9nique pour les visiteurs et les \u00e9quipements. <\/p>\n<h3>Capacit\u00e9 et d\u00e9bit d&rsquo;air \u00e9lev\u00e9s pour une circulation efficace de l&rsquo;air dans la pi\u00e8ce<\/h3>\n<p>Avec une capacit\u00e9 de d\u00e9shumidification allant jusqu&rsquo;\u00e0 48 litres par jour et un d\u00e9bit d&rsquo;air allant jusqu&rsquo;\u00e0 800 m\u00b3\/h, le WLD1 traite efficacement de grandes quantit\u00e9s de linge et d&rsquo;humidit\u00e9. Le soufflage du linge avec un d\u00e9shumidificateur n&rsquo;est pas seulement tr\u00e8s \u00e9conome en \u00e9nergie, il est aussi tr\u00e8s doux pour les v\u00eatements. Le puissant ventilateur dispose de quatre vitesses r\u00e9glables et s\u00e8che le linge par le bas, l\u00e0 o\u00f9 il est le plus humide. Si le linge est correctement suspendu, il s\u00e9chera \u00e9galement plus rapidement. Les v\u00eatements humides et lourds, comme les jeans, sont suspendus le plus pr\u00e8s du d\u00e9shumidificateur, et les v\u00eatements plus petits et plus fins sont suspendus le plus loin. Si le linge est \u00e9tendu sur des cordes \u00e0 linge doubles, le s\u00e9chage sera encore plus rapide.     <\/p>\n<h3>Efficace toute l&rsquo;ann\u00e9e, m\u00eame \u00e0 basse temp\u00e9rature<\/h3>\n<p>Le WLD1 de Wood&rsquo;s est con\u00e7u pour fonctionner efficacement m\u00eame \u00e0 basse temp\u00e9rature, avec une plage de fonctionnement allant de +2 \u00b0C \u00e0 +35 \u00b0C. Le gaz r\u00e9frig\u00e9rant R290, respectueux de l&rsquo;environnement, contribue \u00e0 la capacit\u00e9 de d\u00e9shumidification sans n\u00e9cessiter d&rsquo;apport de chaleur, ce qui r\u00e9duit la consommation d&rsquo;\u00e9nergie par rapport aux solutions traditionnelles. Comme l&rsquo;air chaud acc\u00e9l\u00e8re le temps de s\u00e9chage et transporte plus d&rsquo;humidit\u00e9, il est recommand\u00e9 de raccorder le syst\u00e8me de chauffage du b\u00e2timent \u00e0 l&rsquo;espace.  <\/p>\n<h3>Une installation intelligente donne de meilleurs r\u00e9sultats<\/h3>\n<p>Le WLD1 est install\u00e9 de mani\u00e8re \u00e0 ce que la sortie d&rsquo;air soit dirig\u00e9e vers les cordes \u00e0 linge et le linge. Pour obtenir les meilleurs r\u00e9sultats de s\u00e9chage, le support mural fourni doit \u00eatre install\u00e9 \u00e0 proximit\u00e9 des cordes \u00e0 linge. Il est \u00e9galement \u00e9quip\u00e9 d&rsquo;un couvercle d&rsquo;affichage amovible, qui vous permet de choisir si les r\u00e9sidents doivent pouvoir modifier les r\u00e9glages ou si le s\u00e9chage doit \u00eatre effectu\u00e9 \u00e0 l&rsquo;aide de r\u00e9glages pr\u00e9d\u00e9finis par le propri\u00e9taire. Le WLD1 est livr\u00e9 sans prise et doit \u00eatre install\u00e9 par un \u00e9lectricien qualifi\u00e9. Pour une utilisation optimale, il est pr\u00e9f\u00e9rable de le raccorder \u00e0 une minuterie qui contr\u00f4le la dur\u00e9e du s\u00e9chage.    <\/p>\n<h3>Construit pour durer<\/h3>\n<p>Fabriqu\u00e9 en Su\u00e8de avec un bo\u00eetier m\u00e9tallique durable et des composants r\u00e9sistants, le WLD1 est con\u00e7u pour une longue dur\u00e9e de vie et un entretien minimal. Le filtre en nylon nettoyable prot\u00e8ge le d\u00e9shumidificateur en retenant la poussi\u00e8re et les particules provenant du linge, et le filtre SMF de haute qualit\u00e9 inclus prot\u00e8ge l&rsquo;appareil contre les particules plus petites et les moisissures, garantissant ainsi des performances optimales au fil du temps. <\/p>\n<h3>Longue garantie et utilisation facile et durable<\/h3>\n<p>Le WLD1 de Wood&rsquo;s est garanti jusqu&rsquo;\u00e0 6 ans, \u00e0 condition que le filtre soit remplac\u00e9 une fois par an et que l&rsquo;appareil soit enregistr\u00e9 sur le site warranty-woods.com. En vous enregistrant, vous recevrez \u00e9galement des rappels lorsqu&rsquo;il est temps de remplacer le filtre, ce qui facilite l&rsquo;entretien et garantit un fonctionnement optimal de l&rsquo;appareil. <\/p>\n<h3>Une solution durable et efficace pour le s\u00e9chage des locaux et des propri\u00e9t\u00e9s<\/h3>\n<p>En utilisant le WLD1, vous obtenez un d\u00e9shumidificateur qui non seulement r\u00e9duit les co\u00fbts \u00e9nerg\u00e9tiques, mais rend \u00e9galement le processus de s\u00e9chage plus doux pour le linge et la structure du b\u00e2timent. Facile \u00e0 installer et \u00e0 utiliser, le WLD1 est un choix naturel pour les propri\u00e9taires qui recherchent l&rsquo;efficacit\u00e9 \u00e9nerg\u00e9tique et un avenir durable. <\/p>\n","protected":false},"excerpt":{"rendered":"<p>Le d\u00e9shumidificateur intelligent WLD1 de Wood&rsquo;s a \u00e9t\u00e9 sp\u00e9cialement con\u00e7u pour les propri\u00e9taires qui souhaitent r\u00e9duire consid\u00e9rablement leurs co\u00fbts \u00e9nerg\u00e9tiques sans compromettre le temps de s\u00e9chage. Dot\u00e9 d&rsquo;un ventilateur puissant et d&rsquo;une grande capacit\u00e9 de d\u00e9shumidification, le WLD1 s\u00e8che le linge sans chauffage suppl\u00e9mentaire, r\u00e9duisant ainsi les co\u00fbts \u00e9nerg\u00e9tiques et contribuant \u00e0 atteindre les objectifs de d\u00e9veloppement durable. Gr\u00e2ce \u00e0 son installation simple et \u00e0 ses mat\u00e9riaux durables, le WLD1 est une solution fiable et \u00e0 long terme pour toutes les salles de s\u00e9chage. Fabriqu\u00e9 en Su\u00e8de, il est garanti jusqu&rsquo;\u00e0 6 ans.   <\/p>\n","protected":false},"featured_media":44460,"template":"","meta":{"_acf_changed":false},"product_brand":[],"product_cat":[425,4740,429],"product_tag":[3242,3220,3241],"class_list":{"0":"post-47891","1":"product","2":"type-product","3":"status-publish","4":"has-post-thumbnail","6":"product_cat-deshumidificateurs","7":"product_cat-professionels","8":"product_cat-professionnels","9":"product_tag-grandes-salles-de-sechage","10":"product_tag-lindustrie-immobiliere","11":"product_tag-salles-de-sechage","12":"splide__slide","14":"first","15":"instock","16":"taxable","17":"shipping-taxable","18":"purchasable","19":"product-type-simple"},"acf":[],"_links":{"self":[{"href":"https:\/\/woods.se\/fr\/wp-json\/wp\/v2\/product\/47891","targetHints":{"allow":["GET"]}}],"collection":[{"href":"https:\/\/woods.se\/fr\/wp-json\/wp\/v2\/product"}],"about":[{"href":"https:\/\/woods.se\/fr\/wp-json\/wp\/v2\/types\/product"}],"wp:featuredmedia":[{"embeddable":true,"href":"https:\/\/woods.se\/fr\/wp-json\/wp\/v2\/media\/44460"}],"wp:attachment":[{"href":"https:\/\/woods.se\/fr\/wp-json\/wp\/v2\/media?parent=47891"}],"wp:term":[{"taxonomy":"product_brand","embeddable":true,"href":"https:\/\/woods.se\/fr\/wp-json\/wp\/v2\/product_brand?post=47891"},{"taxonomy":"product_cat","embeddable":true,"href":"https:\/\/woods.se\/fr\/wp-json\/wp\/v2\/product_cat?post=47891"},{"taxonomy":"product_tag","embeddable":true,"href":"https:\/\/woods.se\/fr\/wp-json\/wp\/v2\/product_tag?post=47891"}],"curies":[{"name":"wp","href":"https:\/\/api.w.org\/{rel}","templated":true}]}}