{"id":47890,"date":"2024-12-10T13:59:42","date_gmt":"2024-12-10T12:59:42","guid":{"rendered":"https:\/\/stage.woods.se\/?post_type=product&#038;p=47890"},"modified":"2026-03-05T14:29:30","modified_gmt":"2026-03-05T13:29:30","slug":"woods-wdd80","status":"publish","type":"product","link":"https:\/\/woods.se\/fr\/produits\/deshumidificateurs\/pieces-froides\/woods-wdd80\/","title":{"rendered":"Wood&rsquo;s WDD80"},"content":{"rendered":"<h2>Wood&rsquo;s WDD80<\/h2>\n<h3>La solution optimale pour les espaces froids<\/h3>\n<p>Le WDD80 de Wood&rsquo;s est un d\u00e9shumidificateur \u00e0 sorption compact et pratique, id\u00e9al pour les espaces froids et humides tels que les maisons de vacances, les bateaux et les caravanes. Comme la technologie de sorption ne d\u00e9pend pas de la temp\u00e9rature de la pi\u00e8ce, le WDD80 fonctionne aussi efficacement jusqu&rsquo;\u00e0 0\u00b0C, ce qui le rend id\u00e9al pour les espaces o\u00f9 d&rsquo;autres d\u00e9shumidificateurs risquent de perdre leur efficacit\u00e9. <\/p>\n<h3>Caract\u00e9ristiques principales :<\/h3>\n\n<h3>Comment fonctionne un d\u00e9shumidificateur \u00e0 dessiccation ?<\/h3>\n<p>Un d\u00e9shumidificateur \u00e0 dessiccation capture l&rsquo;humidit\u00e9 de l&rsquo;air \u00e0 l&rsquo;aide d&rsquo;un rotor rotatif rempli de mat\u00e9riau absorbant, o\u00f9 l&rsquo;humidit\u00e9 est pi\u00e9g\u00e9e. Cette humidit\u00e9 est ensuite transport\u00e9e vers une autre partie du d\u00e9shumidificateur, o\u00f9 un \u00e9l\u00e9ment chauffant int\u00e9gr\u00e9 r\u00e9chauffe le mat\u00e9riau absorbant. Sous l&rsquo;effet de la chaleur, l&rsquo;humidit\u00e9 est lib\u00e9r\u00e9e du rotor et souffl\u00e9e vers un condenseur. Dans le condenseur, l&rsquo;air humide est transform\u00e9 en eau liquide, qui est soit recueillie dans un r\u00e9servoir d&rsquo;eau int\u00e9gr\u00e9, soit \u00e9vacu\u00e9e par un tuyau.   <\/p>\n<p>Ce processus a un effet secondaire positif : comme la chaleur est utilis\u00e9e pour lib\u00e9rer l&rsquo;humidit\u00e9, le d\u00e9shumidificateur \u00e0 d\u00e9sorption contribue \u00e0 augmenter l\u00e9g\u00e8rement la temp\u00e9rature de la pi\u00e8ce. Il est donc particuli\u00e8rement adapt\u00e9 aux espaces froids tels que les maisons de vacances, les bateaux et les caravanes, o\u00f9 la d\u00e9shumidification et une l\u00e9g\u00e8re augmentation de la temp\u00e9rature peuvent \u00eatre souhait\u00e9es. <\/p>\n<h3>Efficace et convivial<\/h3>\n<p>Avec le WDD80, vous b\u00e9n\u00e9ficiez d&rsquo;un flux d&rsquo;air puissant et de trois vitesses de ventilation diff\u00e9rentes, pour une d\u00e9shumidification flexible en fonction de vos besoins. L&rsquo;appareil est \u00e9galement tr\u00e8s silencieux, ce qui le rend id\u00e9al pour les petits espaces o\u00f9 vous souhaitez \u00e9viter les bruits g\u00eanants. <\/p>\n<h3>Respectueux de l&rsquo;environnement et s\u00fbr<\/h3>\n<p>Le WDD80 est \u00e9quip\u00e9 d&rsquo;un filtre \u00e0 poussi\u00e8re lavable, ce qui facilite son entretien. Il est \u00e9galement \u00e9quip\u00e9 d&rsquo;un raccord de tuyau pour une vidange continue, ce qui r\u00e9duit la n\u00e9cessit\u00e9 de vider manuellement le r\u00e9servoir d&rsquo;eau. Activez l&rsquo;ionisation int\u00e9gr\u00e9e pour purifier l&rsquo;air en m\u00eame temps, une fonction suppl\u00e9mentaire qui permet d&rsquo;obtenir un environnement int\u00e9rieur plus frais et plus sain.  <\/p>\n<h3>Lisse et flexible<\/h3>\n<p>Le Wood&rsquo;s WDD80 a un design compact et un faible niveau sonore, ce qui le rend facile \u00e0 placer dans les petits espaces, m\u00eame s&rsquo;il fait froid. Que vous souhaitiez prot\u00e9ger votre bateau des d\u00e9g\u00e2ts caus\u00e9s par l&rsquo;humidit\u00e9 pendant l&rsquo;hiver ou garder votre maison de vacances au sec pendant les p\u00e9riodes froides, le WDD80 assure une d\u00e9shumidification fiable tout au long de l&rsquo;ann\u00e9e. <\/p>\n<h3>Prolongez votre garantie<\/h3>\n<p>En enregistrant votre WDD80 sur <a href=\"https:\/\/warranty-woods.com\/\">warranty-woods.com<\/a>, vous pouvez \u00e9tendre la garantie de 2 \u00e0 3 ans.<\/p>\n<p><iframe loading=\"lazy\" title=\"Instruction video - Wood&#039;s WDD80 (English)\" width=\"500\" height=\"281\" src=\"https:\/\/www.youtube.com\/embed\/UUMm0sq5di4?feature=oembed\" frameborder=\"0\" allow=\"accelerometer; autoplay; clipboard-write; encrypted-media; gyroscope; picture-in-picture; web-share\" referrerpolicy=\"strict-origin-when-cross-origin\" allowfullscreen><\/iframe><\/p>\n","protected":false},"excerpt":{"rendered":"<p>Le WDD80 de Wood&rsquo;s est un d\u00e9shumidificateur \u00e0 dessiccation compact qui fonctionne jusqu&rsquo;\u00e0 0\u00b0C, parfait pour les espaces froids tels que les maisons de vacances, les bateaux et les caravanes. Avec ses trois vitesses de ventilation, son fonctionnement silencieux et son drainage continu, il est \u00e0 la fois pratique et efficace. L&rsquo;ionisation int\u00e9gr\u00e9e purifie l&rsquo;air tout en \u00e9liminant l&rsquo;humidit\u00e9, pour un environnement int\u00e9rieur plus frais et plus sain.  <\/p>\n","protected":false},"featured_media":43565,"template":"","meta":{"_acf_changed":false},"product_brand":[],"product_cat":[425,4736],"product_tag":[444,2226,433,434,436],"class_list":{"0":"post-47890","1":"product","2":"type-product","3":"status-publish","4":"has-post-thumbnail","6":"product_cat-deshumidificateurs","7":"product_cat-pieces-froides","8":"product_tag-bateau","9":"product_tag-caravane","10":"product_tag-espace-froid","11":"product_tag-maison-secondaire","12":"product_tag-wifi-fr","13":"product_shipping_class-high","14":"splide__slide","16":"first","17":"instock","18":"taxable","19":"shipping-taxable","20":"purchasable","21":"product-type-simple"},"acf":[],"_links":{"self":[{"href":"https:\/\/woods.se\/fr\/wp-json\/wp\/v2\/product\/47890","targetHints":{"allow":["GET"]}}],"collection":[{"href":"https:\/\/woods.se\/fr\/wp-json\/wp\/v2\/product"}],"about":[{"href":"https:\/\/woods.se\/fr\/wp-json\/wp\/v2\/types\/product"}],"wp:featuredmedia":[{"embeddable":true,"href":"https:\/\/woods.se\/fr\/wp-json\/wp\/v2\/media\/43565"}],"wp:attachment":[{"href":"https:\/\/woods.se\/fr\/wp-json\/wp\/v2\/media?parent=47890"}],"wp:term":[{"taxonomy":"product_brand","embeddable":true,"href":"https:\/\/woods.se\/fr\/wp-json\/wp\/v2\/product_brand?post=47890"},{"taxonomy":"product_cat","embeddable":true,"href":"https:\/\/woods.se\/fr\/wp-json\/wp\/v2\/product_cat?post=47890"},{"taxonomy":"product_tag","embeddable":true,"href":"https:\/\/woods.se\/fr\/wp-json\/wp\/v2\/product_tag?post=47890"}],"curies":[{"name":"wp","href":"https:\/\/api.w.org\/{rel}","templated":true}]}}