{"id":47888,"date":"2024-12-10T13:56:01","date_gmt":"2024-12-10T12:56:01","guid":{"rendered":"https:\/\/stage.woods.se\/?post_type=product&#038;p=47888"},"modified":"2026-03-05T14:53:27","modified_gmt":"2026-03-05T13:53:27","slug":"woods-wcd3pro","status":"publish","type":"product","link":"https:\/\/woods.se\/fr\/produits\/deshumidificateurs\/woods-wcd3pro\/","title":{"rendered":"Wood&rsquo;s WCD3PRO"},"content":{"rendered":"<h2>Wood&rsquo;s WCD3PRO<\/h2>\n<h3>D\u00e9shumidificateur puissant pour la construction, la restauration et la location<\/h3>\n<p>Le WCD3Pro de Wood est un d\u00e9shumidificateur fiable et puissant, con\u00e7u pour relever les d\u00e9fis les plus difficiles dans les secteurs de la construction, de la r\u00e9novation et de la location. Il est con\u00e7u pour offrir des performances \u00e9lev\u00e9es m\u00eame dans des environnements froids et humides, avec une capacit\u00e9 de fonctionnement allant de +2 \u00b0C \u00e0 +35 \u00b0C. Cela est possible gr\u00e2ce au syst\u00e8me de d\u00e9givrage intelligent exclusif de Wood, i-EcoDefrost, qui rend \u00e9galement la d\u00e9shumidification plus efficace sur le plan \u00e9nerg\u00e9tique.  <\/p>\n<p>Avec son ch\u00e2ssis renforc\u00e9, sa conception empilable, ses roues robustes et ses poign\u00e9es pliables, le WCD3Pro est facile \u00e0 transporter et \u00e0 manipuler sur diff\u00e9rents chantiers. Il est \u00e9quip\u00e9 d&rsquo;un compteur d&rsquo;heures de fonctionnement, ce qui le rend id\u00e9al pour les soci\u00e9t\u00e9s de location et les entreprises de restauration qui ont besoin de contr\u00f4ler l&rsquo;utilisation et l&rsquo;efficacit\u00e9. <\/p>\n<h3>Zones d&rsquo;utilisation recommand\u00e9es:<\/h3>\n<p><strong>Industrie de la construction et de l&rsquo;immobilier : <\/strong>Acc\u00e9l\u00e8re le temps de s\u00e9chage des mat\u00e9riaux et est id\u00e9al pour d\u00e9shumidifier en toute s\u00e9curit\u00e9 les grands espaces qui n\u00e9cessitent une \u00e9limination fiable et efficace de l&rsquo;humidit\u00e9.<br \/>\n<strong>Restauration des d\u00e9g\u00e2ts des eaux :<\/strong> Le WCD3Pro est la solution id\u00e9ale pour des travaux de restauration s\u00fbrs, rapides et efficaces.<br \/>\n<strong>Les soci\u00e9t\u00e9s de location :<\/strong> Avec son compteur d&rsquo;heures de fonctionnement et sa conception robuste, il est parfait pour la location, o\u00f9 la durabilit\u00e9 et la performance sont cruciales.<\/p>\n<p>Le WCD3Pro de Wood utilise un r\u00e9frig\u00e9rant \u00e9conome en \u00e9nergie et respectueux de l&rsquo;environnement (R-290) et est \u00e9quip\u00e9 d&rsquo;un filtre lavable pour une longue dur\u00e9e de vie et un fonctionnement tr\u00e8s s\u00fbr. La machine est d\u00e9velopp\u00e9e et fabriqu\u00e9e en Su\u00e8de, ce qui garantit une haute qualit\u00e9 et une grande fiabilit\u00e9 de fonctionnement. <\/p>\n<p>Que vous ayez besoin d&rsquo;ass\u00e9cher rapidement un chantier, de rem\u00e9dier \u00e0 un d\u00e9g\u00e2t des eaux ou de proposer un \u00e9quipement professionnel \u00e0 la location, le WCD3Pro est le choix qui s&rsquo;impose.<\/p>\n","protected":false},"excerpt":{"rendered":"<p>Le WCD3Pro de Wood est un puissant d\u00e9shumidificateur professionnel destin\u00e9 aux chantiers de construction, \u00e0 la restauration apr\u00e8s d\u00e9g\u00e2ts des eaux et \u00e0 la location. Il d\u00e9shumidifie efficacement m\u00eame \u00e0 basse temp\u00e9rature (jusqu&rsquo;\u00e0 +2\u00b0C) et combine une grande capacit\u00e9 de d\u00e9shumidification, une construction robuste et un fonctionnement \u00e9conome en \u00e9nergie. Avec sa poign\u00e9e pliable, ses roues robustes, sa conception empilable et son compteur d&rsquo;heures de fonctionnement, il est id\u00e9al pour les grands espaces et les environnements exigeants o\u00f9 une \u00e9limination fiable de l&rsquo;humidit\u00e9 est cruciale.  <\/p>\n","protected":false},"featured_media":44138,"template":"","meta":{"_acf_changed":false},"product_brand":[],"product_cat":[425,4740,429],"product_tag":[3220,3218,3219,3221],"class_list":{"0":"post-47888","1":"product","2":"type-product","3":"status-publish","4":"has-post-thumbnail","6":"product_cat-deshumidificateurs","7":"product_cat-professionels","8":"product_cat-professionnels","9":"product_tag-lindustrie-immobiliere","10":"product_tag-la-construction","11":"product_tag-location","12":"product_tag-remediation","13":"product_shipping_class-sweden-very-high","14":"splide__slide","16":"first","17":"instock","18":"taxable","19":"shipping-taxable","20":"purchasable","21":"product-type-simple"},"acf":[],"_links":{"self":[{"href":"https:\/\/woods.se\/fr\/wp-json\/wp\/v2\/product\/47888","targetHints":{"allow":["GET"]}}],"collection":[{"href":"https:\/\/woods.se\/fr\/wp-json\/wp\/v2\/product"}],"about":[{"href":"https:\/\/woods.se\/fr\/wp-json\/wp\/v2\/types\/product"}],"wp:featuredmedia":[{"embeddable":true,"href":"https:\/\/woods.se\/fr\/wp-json\/wp\/v2\/media\/44138"}],"wp:attachment":[{"href":"https:\/\/woods.se\/fr\/wp-json\/wp\/v2\/media?parent=47888"}],"wp:term":[{"taxonomy":"product_brand","embeddable":true,"href":"https:\/\/woods.se\/fr\/wp-json\/wp\/v2\/product_brand?post=47888"},{"taxonomy":"product_cat","embeddable":true,"href":"https:\/\/woods.se\/fr\/wp-json\/wp\/v2\/product_cat?post=47888"},{"taxonomy":"product_tag","embeddable":true,"href":"https:\/\/woods.se\/fr\/wp-json\/wp\/v2\/product_tag?post=47888"}],"curies":[{"name":"wp","href":"https:\/\/api.w.org\/{rel}","templated":true}]}}