{"id":47887,"date":"2024-12-10T13:55:27","date_gmt":"2024-12-10T12:55:27","guid":{"rendered":"https:\/\/stage.woods.se\/?post_type=product&#038;p=47887"},"modified":"2026-03-05T14:56:58","modified_gmt":"2026-03-05T13:56:58","slug":"woods-wcd2pro","status":"publish","type":"product","link":"https:\/\/woods.se\/fr\/produits\/deshumidificateurs\/woods-wcd2pro\/","title":{"rendered":"Wood&rsquo;s WCD2Pro"},"content":{"rendered":"<h2>Wood&rsquo;s WCD2PRO<\/h2>\n<h3>D\u00e9shumidificateur professionnel pour la construction, l&rsquo;assainissement et la location<\/h3>\n<p>Le WCD2Pro de Wood est un d\u00e9shumidificateur fiable et efficace, con\u00e7u pour r\u00e9sister aux conditions difficiles de la construction, de l&rsquo;assainissement et de la location. Il offre des performances stables m\u00eame dans des environnements froids et humides, avec une plage de fonctionnement allant de +2 \u00b0C \u00e0 +35 \u00b0C. Gr\u00e2ce au syst\u00e8me de d\u00e9givrage intelligent exclusif de Wood, i-EcoDefrost, la d\u00e9shumidification s&rsquo;effectue de mani\u00e8re \u00e9conome en \u00e9nergie.  <\/p>\n<p>Avec sa conception renforc\u00e9e, sa forme empilable, ses roues robustes et ses poign\u00e9es pliables, le WCD2Pro est facile \u00e0 d\u00e9placer et \u00e0 manipuler sur diff\u00e9rents lieux de travail. Il est \u00e9quip\u00e9 d&rsquo;un compteur d&rsquo;heures de fonctionnement, ce qui le rend id\u00e9al pour les soci\u00e9t\u00e9s de location et de restauration qui ont besoin d&rsquo;un fonctionnement fiable et d&rsquo;un contr\u00f4le facile. <\/p>\n<h3>Zones d&rsquo;utilisation recommand\u00e9es:<\/h3>\n<p><strong>Industrie de la construction et de l&rsquo;immobilier : <\/strong>R\u00e9duit les temps de s\u00e9chage des mat\u00e9riaux de construction et assure une d\u00e9shumidification s\u00fbre dans les grands espaces.<br \/>\n<strong>Restauration des d\u00e9g\u00e2ts des eaux : <\/strong>Une solution s\u00fbre et efficace pour lutter rapidement contre l&rsquo;humidit\u00e9 dans les situations d&rsquo;urgence.<br \/>\n<strong>Soci\u00e9t\u00e9s de location :<\/strong> Sa construction robuste et son compteur d&rsquo;heures de fonctionnement en font un outil id\u00e9al pour la location, o\u00f9 la durabilit\u00e9 et les performances sont essentielles.<\/p>\n<p>Le WCD2Pro de Wood utilise un r\u00e9frig\u00e9rant \u00e9cologique et \u00e9conome en \u00e9nergie (R-290) et dispose d&rsquo;un filtre lavable pour une longue dur\u00e9e de vie et un fonctionnement s\u00fbr. La machine est d\u00e9velopp\u00e9e et fabriqu\u00e9e en Su\u00e8de, ce qui garantit une qualit\u00e9 et une fiabilit\u00e9 \u00e9lev\u00e9es. <\/p>\n<p>Que vous ayez besoin d&rsquo;ass\u00e9cher un chantier, de rem\u00e9dier \u00e0 un d\u00e9g\u00e2t des eaux ou de proposer un \u00e9quipement professionnel \u00e0 la location, le WCD2Pro est le choix qui s&rsquo;impose.<\/p>\n","protected":false},"excerpt":{"rendered":"<p>Le WCD2Pro de Wood est un d\u00e9shumidificateur professionnel pour les chantiers de construction, les travaux d&rsquo;assainissement et la location. Il fonctionne efficacement m\u00eame \u00e0 basse temp\u00e9rature (jusqu&rsquo;\u00e0 +2\u00b0C) et combine une grande fiabilit\u00e9 op\u00e9rationnelle, une efficacit\u00e9 \u00e9nerg\u00e9tique et une conception robuste. Dot\u00e9 d&rsquo;une poign\u00e9e pliable, de roues durables, d&rsquo;une structure empilable et d&rsquo;un compteur d&rsquo;heures de fonctionnement, il est id\u00e9al pour les grands espaces et les environnements difficiles o\u00f9 un contr\u00f4le fiable de l&rsquo;humidit\u00e9 est n\u00e9cessaire.  <\/p>\n","protected":false},"featured_media":44096,"template":"","meta":{"_acf_changed":false},"product_brand":[],"product_cat":[425,4740,429],"product_tag":[3220,3218,3219,3221],"class_list":{"0":"post-47887","1":"product","2":"type-product","3":"status-publish","4":"has-post-thumbnail","6":"product_cat-deshumidificateurs","7":"product_cat-professionels","8":"product_cat-professionnels","9":"product_tag-lindustrie-immobiliere","10":"product_tag-la-construction","11":"product_tag-location","12":"product_tag-remediation","13":"product_shipping_class-sweden-very-high","14":"splide__slide","16":"first","17":"instock","18":"taxable","19":"shipping-taxable","20":"purchasable","21":"product-type-simple"},"acf":[],"_links":{"self":[{"href":"https:\/\/woods.se\/fr\/wp-json\/wp\/v2\/product\/47887","targetHints":{"allow":["GET"]}}],"collection":[{"href":"https:\/\/woods.se\/fr\/wp-json\/wp\/v2\/product"}],"about":[{"href":"https:\/\/woods.se\/fr\/wp-json\/wp\/v2\/types\/product"}],"wp:featuredmedia":[{"embeddable":true,"href":"https:\/\/woods.se\/fr\/wp-json\/wp\/v2\/media\/44096"}],"wp:attachment":[{"href":"https:\/\/woods.se\/fr\/wp-json\/wp\/v2\/media?parent=47887"}],"wp:term":[{"taxonomy":"product_brand","embeddable":true,"href":"https:\/\/woods.se\/fr\/wp-json\/wp\/v2\/product_brand?post=47887"},{"taxonomy":"product_cat","embeddable":true,"href":"https:\/\/woods.se\/fr\/wp-json\/wp\/v2\/product_cat?post=47887"},{"taxonomy":"product_tag","embeddable":true,"href":"https:\/\/woods.se\/fr\/wp-json\/wp\/v2\/product_tag?post=47887"}],"curies":[{"name":"wp","href":"https:\/\/api.w.org\/{rel}","templated":true}]}}