{"id":47884,"date":"2024-12-10T13:53:10","date_gmt":"2024-12-10T12:53:10","guid":{"rendered":"https:\/\/stage.woods.se\/?post_type=product&#038;p=47884"},"modified":"2026-03-05T15:05:38","modified_gmt":"2026-03-05T14:05:38","slug":"woods-mrd22g","status":"publish","type":"product","link":"https:\/\/woods.se\/fr\/produits\/deshumidificateurs\/sechage-du-linge\/woods-mrd22g\/","title":{"rendered":"Wood&rsquo;s MRD22G"},"content":{"rendered":"<h2>Wood&rsquo;s MRD22G<\/h2>\n<h3>La solution optimale pour le s\u00e9chage du linge<\/h3>\n<p>Le MRD22G de Wood&rsquo;s est le d\u00e9shumidificateur id\u00e9al pour les buanderies et autres espaces chauff\u00e9s et humides. Gr\u00e2ce \u00e0 sa sortie sup\u00e9rieure et \u00e0 son mode de s\u00e9chage sp\u00e9cial, le MRD22G peut r\u00e9duire consid\u00e9rablement le temps de s\u00e9chage et s\u00e9cher votre linge en douceur, ce qui permet \u00e0 vos v\u00eatements de conserver leur qualit\u00e9 plus longtemps. Le MRD22G traite jusqu&rsquo;\u00e0 20 litres d&rsquo;humidit\u00e9 par jour, cr\u00e9ant ainsi un environnement int\u00e9rieur frais et agr\u00e9able, sans humidit\u00e9 ni risque de moisissure.  <\/p>\n<h3>Caract\u00e9ristiques principales :<\/h3>\n\n<h3>Compact et facile \u00e0 utiliser<\/h3>\n<p>Le MRD22G est con\u00e7u pour \u00eatre simple et facile \u00e0 utiliser. Gr\u00e2ce \u00e0 un panneau de commande tactile clair, vous pouvez facilement r\u00e9gler le niveau d&rsquo;humidit\u00e9 souhait\u00e9 et laisser l&rsquo;appareil le maintenir. L&rsquo;appareil dispose \u00e9galement d&rsquo;une minuterie programmable sur 24 heures pour d\u00e9marrer et arr\u00eater automatiquement la d\u00e9shumidification en fonction de vos besoins, ce qui permet de l&rsquo;adapter facilement \u00e0 votre vie quotidienne.  <\/p>\n<h3>Efficacit\u00e9 \u00e9nerg\u00e9tique et respect de l&rsquo;environnement<\/h3>\n<p>\u00c9quip\u00e9 du r\u00e9frig\u00e9rant R290, le MRD22 est une solution respectueuse de l&rsquo;environnement qui met l&rsquo;accent sur une faible consommation d&rsquo;\u00e9nergie et des performances optimales. Il d\u00e9shumidifie les espaces chauff\u00e9s et dispose d&rsquo;une fonction de d\u00e9givrage automatique et d&rsquo;un indicateur de remplissage du r\u00e9servoir d&rsquo;eau de 3,5 litres, ce qui garantit un fonctionnement efficace et \u00e9vite toute consommation d&rsquo;\u00e9nergie inutile. <\/p>\n<h3>S\u00fbr et fiable pour la buanderie<\/h3>\n<p>Le MRD22G de Wood&rsquo;s est un d\u00e9shumidificateur fiable et s\u00fbr. La fonction d&rsquo;arr\u00eat automatique est activ\u00e9e lorsque le r\u00e9servoir d&rsquo;eau est plein, et un hydrom\u00e8tre garantit que l&rsquo;humidit\u00e9 est maintenue au niveau souhait\u00e9. Le MRD22G est un choix s\u00fbr pour la maison et est particuli\u00e8rement utile dans les buanderies, o\u00f9 son mode lavage et sa d\u00e9shumidification efficace en font une aide pr\u00e9cieuse au quotidien.  <\/p>\n<h3>Prolongez votre garantie<\/h3>\n<p>En enregistrant votre MRD22 sur <a href=\"https:\/\/warranty-woods.com\/\">warranty-woods.com<\/a>, vous prolongez la garantie de 2 \u00e0 3 ans.<\/p>\n<p>Choisissez le MRD22 de Wood&rsquo;s pour un moyen durable, efficace et pratique de s\u00e9cher votre linge et de contr\u00f4ler l&rsquo;humidit\u00e9.<\/p>\n","protected":false},"excerpt":{"rendered":"<p>Le MRD22G de Wood&rsquo;s est un d\u00e9shumidificateur efficace, parfait pour les buanderies et autres espaces chauff\u00e9s et humides. Avec une capacit\u00e9 de 20 litres par jour et une sortie par le haut, il s\u00e8che rapidement le linge et garde l&rsquo;air et les v\u00eatements frais. Facile \u00e0 utiliser, il est dot\u00e9 de nombreuses fonctions utiles et intelligentes con\u00e7ues pour acc\u00e9l\u00e9rer le processus de s\u00e9chage. Le MRD22G est \u00e9quip\u00e9 de fonctions de d\u00e9givrage automatique et de s\u00e9curit\u00e9 qui en font une solution fiable pour un contr\u00f4le efficace de l&rsquo;humidit\u00e9.   <\/p>\n","protected":false},"featured_media":43905,"template":"","meta":{"_acf_changed":false},"product_brand":[],"product_cat":[425,4738],"product_tag":[1401,1399],"class_list":{"0":"post-47884","1":"product","2":"type-product","3":"status-publish","4":"has-post-thumbnail","6":"product_cat-deshumidificateurs","7":"product_cat-sechage-du-linge","8":"product_tag-espaces-de-vie","9":"product_tag-sechage-du-linge-fr","10":"splide__slide","12":"first","13":"instock","14":"taxable","15":"shipping-taxable","16":"purchasable","17":"product-type-simple"},"acf":[],"_links":{"self":[{"href":"https:\/\/woods.se\/fr\/wp-json\/wp\/v2\/product\/47884","targetHints":{"allow":["GET"]}}],"collection":[{"href":"https:\/\/woods.se\/fr\/wp-json\/wp\/v2\/product"}],"about":[{"href":"https:\/\/woods.se\/fr\/wp-json\/wp\/v2\/types\/product"}],"wp:featuredmedia":[{"embeddable":true,"href":"https:\/\/woods.se\/fr\/wp-json\/wp\/v2\/media\/43905"}],"wp:attachment":[{"href":"https:\/\/woods.se\/fr\/wp-json\/wp\/v2\/media?parent=47884"}],"wp:term":[{"taxonomy":"product_brand","embeddable":true,"href":"https:\/\/woods.se\/fr\/wp-json\/wp\/v2\/product_brand?post=47884"},{"taxonomy":"product_cat","embeddable":true,"href":"https:\/\/woods.se\/fr\/wp-json\/wp\/v2\/product_cat?post=47884"},{"taxonomy":"product_tag","embeddable":true,"href":"https:\/\/woods.se\/fr\/wp-json\/wp\/v2\/product_tag?post=47884"}],"curies":[{"name":"wp","href":"https:\/\/api.w.org\/{rel}","templated":true}]}}