{"id":47877,"date":"2024-12-10T13:47:45","date_gmt":"2024-12-10T12:47:45","guid":{"rendered":"https:\/\/stage.woods.se\/?post_type=product&#038;p=47877"},"modified":"2026-03-06T14:52:29","modified_gmt":"2026-03-06T13:52:29","slug":"woods-mdk21","status":"publish","type":"product","link":"https:\/\/woods.se\/fr\/produits\/deshumidificateurs\/espaces-de-vie\/woods-mdk21\/","title":{"rendered":"Wood&rsquo;s MDK21"},"content":{"rendered":"<h2>Wood&rsquo;s MDK21<\/h2>\n<h3>D\u00e9shumidification optimale de la maison<\/h3>\n<p>Le MDK21 de Wood&rsquo;s est un d\u00e9shumidificateur puissant qui vous aide \u00e0 maintenir un niveau d&rsquo;humidit\u00e9 confortable dans les salons, les chambres et les appartements. Dot\u00e9 d&rsquo;une \u00e9vacuation par le haut et d&rsquo;une grande capacit\u00e9, il traite jusqu&rsquo;\u00e0 20 litres d&rsquo;humidit\u00e9 par jour et cr\u00e9e un climat int\u00e9rieur frais sans risque de moisissures et d&rsquo;odeurs d\u00e9sagr\u00e9ables. Il s\u00e8che \u00e9galement votre linge efficacement et en douceur.  <\/p>\n<h3>Caract\u00e9ristiques principales :<\/h3>\n\n<h3>Compact et facile \u00e0 utiliser<\/h3>\n<p>Le MDK21 est facile \u00e0 utiliser gr\u00e2ce \u00e0 son panneau de commande tactile clair qui vous permet de r\u00e9gler le niveau d&rsquo;humidit\u00e9 souhait\u00e9. La minuterie programmable permet d&rsquo;ajuster facilement la d\u00e9shumidification \u00e0 vos besoins. <\/p>\n<h3>Efficacit\u00e9 \u00e9nerg\u00e9tique et respect de l&rsquo;environnement<\/h3>\n<p>Avec le r\u00e9frig\u00e9rant R290, le MDK21 est une solution respectueuse de l&rsquo;environnement avec une faible consommation d&rsquo;\u00e9nergie et des performances \u00e9lev\u00e9es. Le d\u00e9givrage automatique et l&rsquo;indicateur de r\u00e9servoir d&rsquo;eau plein garantissent un fonctionnement optimal de l&rsquo;appareil. <\/p>\n<h3>S\u00fbre et fiable<\/h3>\n<p>L&rsquo;arr\u00eat automatique est activ\u00e9 lorsque le r\u00e9servoir d&rsquo;eau est plein, et l&rsquo;hydrom\u00e8tre int\u00e9gr\u00e9 garantit que l&rsquo;humidit\u00e9 est maintenue au niveau souhait\u00e9. Le filtre \u00e0 poussi\u00e8re lavable et la possibilit\u00e9 de raccorder un tuyau pour un drainage continu rendent le MDK21 tr\u00e8s facile \u00e0 utiliser. <\/p>\n<h2>Prolongez votre garantie<\/h2>\n<p>Enregistrez votre MDK21 sur <a href=\"https:\/\/warranty-woods.com\/\">warranty-woods.com<\/a> et prolongez la garantie de 2 \u00e0 3 ans.<br \/>\nLe MDK21 est le choix id\u00e9al pour toutes les pi\u00e8ces chauff\u00e9es de votre maison et garantit efficacement que votre maison reste exempte d&rsquo;humidit\u00e9, d&rsquo;odeurs et de moisissures.<\/p>\n<p><iframe loading=\"lazy\" title=\"Instruction video - Wood&#039;s MDK21 (English)\" width=\"500\" height=\"281\" src=\"https:\/\/www.youtube.com\/embed\/fv-eTVHKLcM?feature=oembed\" frameborder=\"0\" allow=\"accelerometer; autoplay; clipboard-write; encrypted-media; gyroscope; picture-in-picture; web-share\" referrerpolicy=\"strict-origin-when-cross-origin\" allowfullscreen><\/iframe><\/p>\n","protected":false},"excerpt":{"rendered":"<p>Le MDK21 de Wood&rsquo;s est un d\u00e9shumidificateur efficace pour les salons, les chambres \u00e0 coucher et les autres espaces de vie chauff\u00e9s. Avec une capacit\u00e9 de 20 litres par jour et une \u00e9vacuation par le haut, il cr\u00e9e rapidement un air int\u00e9rieur agr\u00e9able et sain. Le panneau de commande tactile clair rend le d\u00e9shumidificateur facile \u00e0 utiliser et, en combinaison avec le d\u00e9givrage automatique, il constitue une solution s\u00fbre et fiable contre l&rsquo;humidit\u00e9.  <\/p>\n","protected":false},"featured_media":43718,"template":"","meta":{"_acf_changed":false},"product_brand":[],"product_cat":[425,4739],"product_tag":[1430,442,432,1897],"class_list":{"0":"post-47877","1":"product","2":"type-product","3":"status-publish","4":"has-post-thumbnail","6":"product_cat-deshumidificateurs","7":"product_cat-espaces-de-vie","8":"product_tag-appartement","9":"product_tag-chambre","10":"product_tag-espace-de-vie","11":"product_tag-salle-de-sejour","12":"product_shipping_class-high","13":"splide__slide","15":"first","16":"instock","17":"taxable","18":"shipping-taxable","19":"purchasable","20":"product-type-simple"},"acf":[],"_links":{"self":[{"href":"https:\/\/woods.se\/fr\/wp-json\/wp\/v2\/product\/47877","targetHints":{"allow":["GET"]}}],"collection":[{"href":"https:\/\/woods.se\/fr\/wp-json\/wp\/v2\/product"}],"about":[{"href":"https:\/\/woods.se\/fr\/wp-json\/wp\/v2\/types\/product"}],"wp:featuredmedia":[{"embeddable":true,"href":"https:\/\/woods.se\/fr\/wp-json\/wp\/v2\/media\/43718"}],"wp:attachment":[{"href":"https:\/\/woods.se\/fr\/wp-json\/wp\/v2\/media?parent=47877"}],"wp:term":[{"taxonomy":"product_brand","embeddable":true,"href":"https:\/\/woods.se\/fr\/wp-json\/wp\/v2\/product_brand?post=47877"},{"taxonomy":"product_cat","embeddable":true,"href":"https:\/\/woods.se\/fr\/wp-json\/wp\/v2\/product_cat?post=47877"},{"taxonomy":"product_tag","embeddable":true,"href":"https:\/\/woods.se\/fr\/wp-json\/wp\/v2\/product_tag?post=47877"}],"curies":[{"name":"wp","href":"https:\/\/api.w.org\/{rel}","templated":true}]}}