{"id":47867,"date":"2024-12-10T13:41:32","date_gmt":"2024-12-10T12:41:32","guid":{"rendered":"https:\/\/stage.woods.se\/?post_type=product&#038;p=47867"},"modified":"2026-03-05T16:05:42","modified_gmt":"2026-03-05T15:05:42","slug":"woods-dsc50fm","status":"publish","type":"product","link":"https:\/\/woods.se\/fr\/products\/deshumidificateurs\/vides-sanitaires\/woods-dsc50fm\/","title":{"rendered":"Wood&rsquo;s DSC50FM"},"content":{"rendered":"<h2>Wood&rsquo;s DSC50FM<\/h2>\n<h3>D\u00e9shumidificateur efficace pour les vides sanitaires<\/h3>\n<p>Les vides sanitaires sont une source courante de probl\u00e8mes d&rsquo;humidit\u00e9 qui peuvent affecter l&rsquo;ensemble de la structure et du fonctionnement d&rsquo;une maison, entra\u00eenant des co\u00fbts de r\u00e9novation importants. Le DSC50FM de Wood&rsquo;s est sp\u00e9cialement con\u00e7u pour prot\u00e9ger les vides sanitaires de l&rsquo;humidit\u00e9, des odeurs et des moisissures et a \u00e9t\u00e9 nomm\u00e9 plusieurs fois \u00ab\u00a0Best in Test\u00a0\u00bb. Le DSC50FM est une solution durable et \u00e0 long terme pour un contr\u00f4le stable de l&rsquo;humidit\u00e9 dans les zones vuln\u00e9rables. Avec le DSC50FM, vous pouvez \u00eatre s\u00fbr que votre vide sanitaire restera sec et s\u00fbr tout au long de l&rsquo;ann\u00e9e.   <\/p>\n<h3>Caract\u00e9ristiques principales :<\/h3>\n\n<h3>Installation facile, fonctionnement s\u00fbr et faibles co\u00fbts<\/h3>\n<p>Le DSC50FM de Wood&rsquo;s est un d\u00e9shumidificateur \u00e0 condensation qui allie durabilit\u00e9 et technologie avanc\u00e9e. Il est \u00e9quip\u00e9 du syst\u00e8me brevet\u00e9 i-EcoDefrost de Wood&rsquo;s, un syst\u00e8me de d\u00e9givrage intelligent qui maximise l&rsquo;efficacit\u00e9 \u00e9nerg\u00e9tique et garantit une d\u00e9shumidification r\u00e9guli\u00e8re et fiable, m\u00eame \u00e0 des temp\u00e9ratures aussi basses que +2\u00b0C. C&rsquo;est une chose que beaucoup d&rsquo;autres d\u00e9shumidificateurs \u00e0 condensation ne peuvent pas faire. Contrairement aux d\u00e9shumidificateurs \u00e0 sorption\/dessicants (courants dans les vides sanitaires), il est nettement plus efficace sur le plan \u00e9nerg\u00e9tique, ses co\u00fbts de fonctionnement et d&rsquo;achat sont nettement inf\u00e9rieurs et il n\u00e9cessite moins d&rsquo;entretien. Un autre avantage important est qu&rsquo;il ne n\u00e9cessite pas d&rsquo;installation co\u00fbteuse ou de tuyauterie compliqu\u00e9e, si ce n&rsquo;est de diriger l&rsquo;eau de condensation vers un drain existant ou de creuser simplement une fosse en pierre.    <\/p>\n<h3>Capacit\u00e9 et d\u00e9bit d&rsquo;air \u00e9lev\u00e9s pour une circulation efficace<\/h3>\n<p>Le DSC50FM a une capacit\u00e9 de 13,5 litres par jour et un d\u00e9bit d&rsquo;air puissant de 350 m\u00b3\/h, assurant une circulation optimale de l&rsquo;air et une \u00e9limination rapide de l&rsquo;humidit\u00e9. Veillez \u00e0 ce que l&rsquo;espace soit aussi \u00e9tanche que possible et le DSC50FM se chargera de l&rsquo;humidit\u00e9. <\/p>\n<h3>Efficace toute l&rsquo;ann\u00e9e, m\u00eame \u00e0 basse temp\u00e9rature<\/h3>\n<p>Le d\u00e9shumidificateur est construit en acier inoxydable pour r\u00e9sister aux conditions difficiles et fonctionne efficacement \u00e0 des temp\u00e9ratures comprises entre +2\u00b0C et +35\u00b0C. Cela en fait une solution fiable pour le contr\u00f4le de l&rsquo;humidit\u00e9 en toutes saisons et lui permet de fonctionner en toute s\u00e9curit\u00e9 24 heures sur 24 sans perdre son efficacit\u00e9. <\/p>\n<h3>Filtre performant pour les moisissures et les poussi\u00e8res<\/h3>\n<p>Le DSC50FM est \u00e9quip\u00e9 de filtres Woods SMF qui capturent efficacement les particules de poussi\u00e8re et de moisissure dans l&rsquo;air, prot\u00e9geant ainsi le d\u00e9shumidificateur et prolongeant sa dur\u00e9e de vie. Il garde votre vide sanitaire exempt d&rsquo;humidit\u00e9, de moisissures et d&rsquo;odeurs tout au long de l&rsquo;ann\u00e9e, ce qui en fait une solution s\u00fbre et \u00e0 long terme. <\/p>\n<h3>Une conception s\u00fbre &#8211; construite pour durer<\/h3>\n<p>Fabriqu\u00e9 en Su\u00e8de avec un design robuste, des pieds solides et des poign\u00e9es pratiques, le DSC50FM est \u00e0 la fois durable et facile \u00e0 positionner. Vous pouvez facilement raccorder le tuyau \u00e0 l&rsquo;aide d&rsquo;un connecteur de tuyau d&rsquo;arrosage standard. Remarque : la longueur du tuyau est ajust\u00e9e en fonction des besoins et est achet\u00e9e s\u00e9par\u00e9ment.  <\/p>\n<h3>Longue garantie et utilisation facile et durable<\/h3>\n<p>Pour garantir les meilleures performances, nous vous recommandons de changer le filtre une fois par an. En proc\u00e9dant ainsi et en enregistrant votre d\u00e9shumidificateur sur <a href=\"https:\/\/warranty-woods.com\/\">warranty.woods.com<\/a>, vous pouvez b\u00e9n\u00e9ficier d&rsquo;une extension de garantie pouvant aller jusqu&rsquo;\u00e0 6 ans. Vous recevrez \u00e9galement des rappels pratiques concernant le filtre, ce qui permettra au DSC50FM de continuer \u00e0 fournir des r\u00e9sultats optimaux pendant longtemps.  <\/p>\n<h3>Instructions d&rsquo;installation du d\u00e9shumidificateur de vide sanitaire DSC50FM<\/h3>\n<p>Suivez les \u00e9tapes suivantes pour installer votre d\u00e9shumidificateur de vide sanitaire et optimiser la protection contre l&rsquo;humidit\u00e9.<br \/>\nScellez les \u00e9vents et les ouvertures pour emp\u00eacher l&rsquo;humidit\u00e9 de p\u00e9n\u00e9trer. Pour que le d\u00e9shumidificateur fonctionne efficacement, l&rsquo;espace doit \u00eatre aussi \u00e9tanche que possible. La toile de fond et le scellement des ouvertures de ventilation et autres entr\u00e9es d&rsquo;humidit\u00e9 emp\u00eachent l&rsquo;humidit\u00e9 de p\u00e9n\u00e9trer, ce qui signifie que le d\u00e9shumidificateur ne doit traiter que l&rsquo;humidit\u00e9 d\u00e9j\u00e0 pr\u00e9sente dans le vide sanitaire. Comme le vide sanitaire n&rsquo;est pas un espace dans lequel nous passons du temps, il peut \u00eatre parfaitement \u00e9tanch\u00e9ifi\u00e9 sans probl\u00e8me.   <\/p>\n<p>Placez le d\u00e9shumidificateur au centre. Pour une circulation optimale de l&rsquo;air, nous vous recommandons de placer le d\u00e9shumidificateur le plus au centre possible. Cela permet une meilleure distribution de l&rsquo;air sec et aide l&rsquo;appareil \u00e0 traiter efficacement l&rsquo;humidit\u00e9 dans l&rsquo;ensemble du vide sanitaire.  <\/p>\n<p>Drainez l&rsquo;eau dans un \u00e9gout ou creusez une fosse en pierre pour le drainage. S&rsquo;il n&rsquo;y a pas d&rsquo;\u00e9gout ou de puits, vous pouvez creuser une simple fosse en pierre. Creusez un trou de quelques d\u00e9cim\u00e8tres de profondeur, remplissez-le de macadam et abaissez le tuyau avant de le recouvrir. Cette fosse agit comme un syst\u00e8me de drainage naturel et prend en charge la quantit\u00e9 d&rsquo;eau produite par le d\u00e9shumidificateur sans risque de remont\u00e9e d&rsquo;eau.<br \/>\nContr\u00f4lez le niveau d&rsquo;humidit\u00e9 \u00e0 l&rsquo;aide d&rsquo;un hygrom\u00e8tre. Pour contr\u00f4ler facilement le niveau d&rsquo;humidit\u00e9 du vide sanitaire, nous vous recommandons de placer un hygrom\u00e8tre \u00e0 l&rsquo;entr\u00e9e du vide sanitaire. Vous pourrez ainsi vous assurer que la d\u00e9shumidification fonctionne et que le taux d&rsquo;humidit\u00e9 reste stable dans le temps.     <\/p>\n<p>En suivant ces \u00e9tapes, vous cr\u00e9erez une installation durable et efficace qui prot\u00e9gera votre vide sanitaire des d\u00e9g\u00e2ts caus\u00e9s par l&rsquo;humidit\u00e9 et les moisissures, et qui assurera la s\u00e9curit\u00e9 de votre maison.<\/p>\n","protected":false},"excerpt":{"rendered":"<p>Le DSC50FM de Wood&rsquo;s est un d\u00e9shumidificateur puissant, sp\u00e9cialement con\u00e7u pour prot\u00e9ger efficacement les vides sanitaires de l&rsquo;humidit\u00e9, des moisissures et des mauvaises odeurs. Il a \u00e9t\u00e9 nomm\u00e9 meilleur d\u00e9shumidificateur de vide sanitaire \u00e0 plusieurs reprises, notamment par testat.nu. Dot\u00e9 de la technologie avanc\u00e9e i-EcoDefrost, le DSC50FM est \u00e9conome en \u00e9nergie m\u00eame \u00e0 basse temp\u00e9rature et assure une d\u00e9shumidification fiable tout au long de l&rsquo;ann\u00e9e. Le DSC50FM est tr\u00e8s facile \u00e0 installer, d\u00e9velopp\u00e9 et fabriqu\u00e9 en Su\u00e8de, et b\u00e9n\u00e9ficie d&rsquo;une garantie allant jusqu&rsquo;\u00e0 6 ans.   <\/p>\n","protected":false},"featured_media":44709,"template":"","meta":{"_acf_changed":false},"product_brand":[],"product_cat":[425,4737],"product_tag":[2234],"class_list":{"0":"post-47867","1":"product","2":"type-product","3":"status-publish","4":"has-post-thumbnail","6":"product_cat-deshumidificateurs","7":"product_cat-vides-sanitaires","8":"product_tag-vide-sanitaire","9":"product_shipping_class-very-high","10":"splide__slide","12":"first","13":"instock","14":"taxable","15":"shipping-taxable","16":"purchasable","17":"product-type-simple"},"acf":[],"_links":{"self":[{"href":"https:\/\/woods.se\/fr\/wp-json\/wp\/v2\/product\/47867","targetHints":{"allow":["GET"]}}],"collection":[{"href":"https:\/\/woods.se\/fr\/wp-json\/wp\/v2\/product"}],"about":[{"href":"https:\/\/woods.se\/fr\/wp-json\/wp\/v2\/types\/product"}],"wp:featuredmedia":[{"embeddable":true,"href":"https:\/\/woods.se\/fr\/wp-json\/wp\/v2\/media\/44709"}],"wp:attachment":[{"href":"https:\/\/woods.se\/fr\/wp-json\/wp\/v2\/media?parent=47867"}],"wp:term":[{"taxonomy":"product_brand","embeddable":true,"href":"https:\/\/woods.se\/fr\/wp-json\/wp\/v2\/product_brand?post=47867"},{"taxonomy":"product_cat","embeddable":true,"href":"https:\/\/woods.se\/fr\/wp-json\/wp\/v2\/product_cat?post=47867"},{"taxonomy":"product_tag","embeddable":true,"href":"https:\/\/woods.se\/fr\/wp-json\/wp\/v2\/product_tag?post=47867"}],"curies":[{"name":"wp","href":"https:\/\/api.w.org\/{rel}","templated":true}]}}