{"id":47866,"date":"2025-07-08T12:04:49","date_gmt":"2025-07-08T10:04:49","guid":{"rendered":"https:\/\/stage.woods.se\/?post_type=product&#038;p=47866"},"modified":"2026-02-19T10:19:18","modified_gmt":"2026-02-19T09:19:18","slug":"woods-geneva-hsw90","status":"publish","type":"product","link":"https:\/\/woods.se\/fr\/produits\/humidificateurs\/pour-le-salon-et-le-bureau\/woods-geneva-hsw90\/","title":{"rendered":"Wood&rsquo;s Geneva HSW90"},"content":{"rendered":"<h2>Wood&rsquo;s Geneva HSW90<\/h2>\n<h3>Humidification efficace pour un climat int\u00e9rieur plus sain<\/h3>\n<p>Wood&rsquo;s Geneva HSW90 est un humidificateur haut de gamme con\u00e7u pour cr\u00e9er du confort, prot\u00e9ger votre peau et votre sant\u00e9, et pr\u00e9server votre maison. La technologie d&rsquo;\u00e9vaporation fournit une capacit\u00e9 allant jusqu&rsquo;\u00e0 900 ml d&rsquo;humidit\u00e9 par heure, ce qui r\u00e9tablit le niveau d&rsquo;humidit\u00e9 dans les environnements int\u00e9rieurs secs, sans risque de surhumidification. Il est donc id\u00e9al pour les pi\u00e8ces \u00e0 vivre ouvertes, les chambres \u00e0 coucher, les bureaux, les chambres d&rsquo;enfants et les environnements o\u00f9 se trouvent des meubles sensibles ou des instruments en bois.  <\/p>\n<h3>Con\u00e7u pour :<\/h3>\n<p><strong>Les familles :<\/strong> Elles b\u00e9n\u00e9ficient d&rsquo;un environnement de sommeil plus s\u00fbr et de meilleure qualit\u00e9.<br \/>\n<strong>Personnes soucieuses de leur sant\u00e9 :<\/strong> Pr\u00e9vient et soulage efficacement les peaux s\u00e8ches et craquel\u00e9es.<br \/>\n<strong>Personnes souffrant d&rsquo;allergies : Soulage l&rsquo;inconfort<\/strong>d\u00fb \u00e0 l&rsquo;air sec et aux particules.<br \/>\n<span style=\"color: #343433; font-family: Inter, sans-serif;\"><strong>Musiciens et propri\u00e9taires d&rsquo;instruments :<\/strong> Prot\u00e8ge les instruments en bois sensibles.<br \/>\n<\/span><strong>Maisons avec sols et meubles en bois :<\/strong> Une humidit\u00e9 ad\u00e9quate prolonge la dur\u00e9e de vie des meubles et pr\u00e9vient les dommages.<br \/>\n<strong>Bureaux :<\/strong> Cr\u00e9e un environnement de travail plus sain et plus productif.<\/p>\n<h3>Discret et \u00e9conome en \u00e9nergie<\/h3>\n<p>Avec un niveau sonore de seulement 23 dB en mode silencieux, le HSW90 peut \u00eatre utilis\u00e9 dans les chambres \u00e0 coucher, les chambres d&rsquo;enfants et les bureaux sans causer de perturbations. En m\u00eame temps, il est tr\u00e8s \u00e9conome en \u00e9nergie avec une consommation maximale de seulement 28 watts. <\/p>\n<h3>Facile \u00e0 utiliser<\/h3>\n<p>Le grand r\u00e9servoir d&rsquo;eau de 4,7 litres offre une longue dur\u00e9e de fonctionnement et peut \u00eatre facilement rempli gr\u00e2ce \u00e0 une trappe lat\u00e9rale. Un indicateur de niveau d&rsquo;eau clair vous signale qu&rsquo;il est temps de le remplir. Vous pouvez choisir entre deux niveaux d&rsquo;humidit\u00e9 pr\u00e9r\u00e9gl\u00e9s (50 % ou 60 %) ou r\u00e9gler l&rsquo;une des quatre vitesses du ventilateur pour adapter l&rsquo;humidification \u00e0 vos besoins.  <\/p>\n<h3>Les avantages de la technologie d&rsquo;\u00e9vaporation<\/h3>\n<p>La technologie d&rsquo;\u00e9vaporation est au c\u0153ur du HSW90 : l&rsquo;air traverse l&rsquo;eau contenue dans les filtres et absorbe l&rsquo;humidit\u00e9, qui est ensuite efficacement dispers\u00e9e dans l&rsquo;air. Il s&rsquo;agit de la m\u00eame m\u00e9thode que celle utilis\u00e9e par les mus\u00e9es du monde entier pour prot\u00e9ger des objets d&rsquo;art inestimables. Contrairement aux humidificateurs \u00e0 ultrasons, un mod\u00e8le \u00e0 \u00e9vaporation n&rsquo;\u00e9met pas de brouillard visible et ne cr\u00e9e pas de d\u00e9p\u00f4ts de poussi\u00e8re blanche ou de taches d&rsquo;humidit\u00e9 sur les surfaces. Il disperse et distribue l&rsquo;air humide beaucoup plus efficacement et maintient toujours un niveau d&rsquo;humidit\u00e9 \u00e9quilibr\u00e9 sans risque de surhumidification. Les deux filtres antibact\u00e9riens capturent les particules et emp\u00eachent la croissance bact\u00e9rienne &#8211; pour un air int\u00e9rieur plus propre, plus sain et plus hygi\u00e9nique.    <\/p>\n<h3>Construit pour durer &#8211; jusqu&rsquo;\u00e0 6 ans de garantie<\/h3>\n<p>En enregistrant votre Geneva HSW90 sur <a href=\"https:\/\/warranty-woods.com\/?utm_source=chatgpt.com\">warranty-woods.com<\/a> et en changeant le filtre au moins une fois par an, vous pouvez prolonger la garantie jusqu&rsquo;\u00e0 6 ans.<\/p>\n<h3>Prot\u00e8ge \u00e0 la fois votre sant\u00e9 et votre maison<\/h3>\n<p>Un taux d&rsquo;humidit\u00e9 \u00e9quilibr\u00e9 r\u00e9duit le risque de peau s\u00e8che, d&rsquo;allergies et d&rsquo;irritation des voies respiratoires, et am\u00e9liore la qualit\u00e9 du sommeil. En m\u00eame temps, il prot\u00e8ge les sols en bois, les meubles et les instruments de musique contre les fissures et le dess\u00e8chement, prolongeant ainsi leur dur\u00e9e de vie. Le HSW90 est donc un bon investissement aussi bien pour les familles et les personnes souffrant d&rsquo;allergies que pour les musiciens, les propri\u00e9taires de meubles et les bureaux.  <\/p>\n","protected":false},"excerpt":{"rendered":"<p>Wood&rsquo;s Geneva HSW90 est un humidificateur \u00e0 \u00e9vaporation puissant et silencieux. Avec une capacit\u00e9 d&rsquo;humidification de 900 ml\/h, un fonctionnement silencieux et une faible consommation d&rsquo;\u00e9nergie, il cr\u00e9e un environnement int\u00e9rieur optimal qui prot\u00e8ge votre maison et votre sant\u00e9. Facile \u00e0 utiliser, il dispose d&rsquo;un grand r\u00e9servoir d&rsquo;eau et convient aussi bien aux chambres \u00e0 coucher, aux salons, aux bureaux qu&rsquo;aux environnements o\u00f9 se trouvent des meubles et des instruments sensibles.  <\/p>\n","protected":false},"featured_media":42192,"template":"","meta":{"_acf_changed":false},"product_brand":[],"product_cat":[4808,4815,428],"product_tag":[3040,3043,3041],"class_list":{"0":"post-47866","1":"product","2":"type-product","3":"status-publish","4":"has-post-thumbnail","6":"product_cat-pour-la-chambre-a-coucher","7":"product_cat-pour-le-salon-et-le-bureau","8":"product_cat-humidificateurs","9":"product_tag-humidificateur-pour-chambres","10":"product_tag-humidificateurs-pour-petites-chambres","11":"product_tag-humidificateurs-pour-salons-et-bureaux","12":"splide__slide","14":"first","15":"instock","16":"taxable","17":"shipping-taxable","18":"purchasable","19":"product-type-simple"},"acf":[],"_links":{"self":[{"href":"https:\/\/woods.se\/fr\/wp-json\/wp\/v2\/product\/47866","targetHints":{"allow":["GET"]}}],"collection":[{"href":"https:\/\/woods.se\/fr\/wp-json\/wp\/v2\/product"}],"about":[{"href":"https:\/\/woods.se\/fr\/wp-json\/wp\/v2\/types\/product"}],"wp:featuredmedia":[{"embeddable":true,"href":"https:\/\/woods.se\/fr\/wp-json\/wp\/v2\/media\/42192"}],"wp:attachment":[{"href":"https:\/\/woods.se\/fr\/wp-json\/wp\/v2\/media?parent=47866"}],"wp:term":[{"taxonomy":"product_brand","embeddable":true,"href":"https:\/\/woods.se\/fr\/wp-json\/wp\/v2\/product_brand?post=47866"},{"taxonomy":"product_cat","embeddable":true,"href":"https:\/\/woods.se\/fr\/wp-json\/wp\/v2\/product_cat?post=47866"},{"taxonomy":"product_tag","embeddable":true,"href":"https:\/\/woods.se\/fr\/wp-json\/wp\/v2\/product_tag?post=47866"}],"curies":[{"name":"wp","href":"https:\/\/api.w.org\/{rel}","templated":true}]}}