{"id":47865,"date":"2024-12-10T15:05:06","date_gmt":"2024-12-10T14:05:06","guid":{"rendered":"https:\/\/stage.woods.se\/?post_type=product&#038;p=47865"},"modified":"2025-09-15T09:50:49","modified_gmt":"2025-09-15T07:50:49","slug":"woods-vienna-hsw100","status":"publish","type":"product","link":"https:\/\/woods.se\/fr\/products\/humidificateurs\/pour-les-espaces-publics\/woods-vienna-hsw100\/","title":{"rendered":"Wood&rsquo;s Vienna HSW100"},"content":{"rendered":"<h2>Wood&rsquo;s Vienna HSW100<\/h2>\n<h3>Humidificateur \u00e0 \u00e9vaporation haut de gamme pour les grandes surfaces<\/h3>\n<p>Le Vienna HSW100 de Wood&rsquo;s est l&rsquo;un des humidificateurs les plus puissants et les plus exclusifs du march\u00e9. Il est silencieux et extr\u00eamement \u00e9conome en \u00e9nergie. Fabriqu\u00e9 et d\u00e9velopp\u00e9 en Su\u00e8de et construit en m\u00e9tal robuste pour durer de nombreuses ann\u00e9es &#8211; un choix premium durable pour ceux qui veulent s&rsquo;assurer qu&rsquo;ils n&rsquo;ont pas un air trop sec, que ce soit \u00e0 la maison ou dans un environnement professionnel.<\/p>\n<h3>D\u00e9velopp\u00e9 pour :<\/h3>\n<p><strong>Les familles :<\/strong> Elles b\u00e9n\u00e9ficient d&rsquo;un environnement de sommeil plus s\u00fbr et de meilleure qualit\u00e9.<br \/>\n<strong>Personnes soucieuses de leur sant\u00e9 :<\/strong> Pr\u00e9vient et soulage efficacement les peaux s\u00e8ches et craquel\u00e9es.<br \/>\n<strong>Personnes souffrant d&rsquo;allergies :<\/strong> Soulage l&rsquo;inconfort d\u00fb \u00e0 l&rsquo;air sec et aux particules.<br \/>\n<strong>Planchers, installations et meubles en bois :<\/strong> L&rsquo;humidit\u00e9 ad\u00e9quate prolonge leur dur\u00e9e de vie et pr\u00e9vient les dommages.<br \/>\n<strong>Musiciens et propri\u00e9taires d&rsquo;instruments :<\/strong> Prot\u00e8ge les instruments en bois sensibles.<br \/>\n<strong>Bureaux :<\/strong> Cr\u00e9e un environnement de travail plus sain et plus productif.<\/p>\n<h3>Capacit\u00e9 et performance<\/h3>\n<p>Avec une capacit\u00e9 de 1 litre d&rsquo;humidit\u00e9 par heure et une surface recommand\u00e9e allant jusqu&rsquo;\u00e0 210 m\u00b2, le Vienna HSW100 est parfait pour cr\u00e9er un climat int\u00e9rieur confortable dans les grands locaux, les bureaux, les magasins et les maisons enti\u00e8res. Le grand r\u00e9servoir d&rsquo;eau de 9,3 litres permet \u00e0 l&rsquo;humidificateur de fonctionner longtemps sans qu&rsquo;il soit n\u00e9cessaire de le remplir.<\/p>\n<h3>Fonctionnement silencieux et \u00e9conome en \u00e9nergie<\/h3>\n<p>Malgr\u00e9 sa puissance, le Vienna HSW100 est extr\u00eamement \u00e9conome en \u00e9nergie et ne consomme que 4 \u00e0 20 W par heure. Le ventilateur \u00e0 r\u00e9glage progressif vous permet d&rsquo;ajuster le flux d&rsquo;air exactement selon vos besoins &#8211; du fonctionnement discret en arri\u00e8re-plan \u00e0 la performance maximale.<\/p>\n<h3>Technologie d&rsquo;\u00e9vaporation &#8211; humidification naturelle<\/h3>\n<p>Le HSW100 de Wood utilise la technologie de l&rsquo;\u00e9vaporation, une m\u00e9thode naturelle par laquelle l&rsquo;air passe \u00e0 travers des filtres \u00e0 eau et absorbe l&rsquo;humidit\u00e9 avant d&rsquo;\u00eatre dispers\u00e9 dans l&rsquo;air. Cette technologie est la m\u00eame que celle utilis\u00e9e par les mus\u00e9es du monde entier pour prot\u00e9ger les objets sensibles. Contrairement aux humidificateurs \u00e0 ultrasons, un mod\u00e8le \u00e0 \u00e9vaporation n&rsquo;\u00e9met pas de brouillard visible et ne cr\u00e9e pas de d\u00e9p\u00f4ts de poussi\u00e8re blanche ou de taches d&rsquo;humidit\u00e9 sur les surfaces. Il en r\u00e9sulte une humidit\u00e9 homog\u00e8ne et saine, sans risque de surhumidification. Il diffuse et distribue l&rsquo;air humide beaucoup plus efficacement et maintient toujours une humidit\u00e9 \u00e9quilibr\u00e9e sans risque de surhumidification. Les deux filtres antibact\u00e9riens capturent les particules et emp\u00eachent la croissance bact\u00e9rienne &#8211; pour un air int\u00e9rieur plus propre, plus sain et plus hygi\u00e9nique.<\/p>\n<h3>Prot\u00e8ge la sant\u00e9 et la maison<\/h3>\n<p>Un taux d&rsquo;humidit\u00e9 \u00e9quilibr\u00e9 aide \u00e0 soulager la peau s\u00e8che et craquel\u00e9e, les voies respiratoires irrit\u00e9es et les probl\u00e8mes d&rsquo;allergies. En m\u00eame temps, il prot\u00e8ge les sols en bois, les meubles et les instruments de musique du dess\u00e8chement et des fissures. Pour les grands locaux et les environnements ouverts, le Vienna HSW100 est un investissement qui am\u00e9liore le bien-\u00eatre et pr\u00e9serve l&rsquo;ameublement et les mat\u00e9riaux.<\/p>\n<h3>Construit pour durer &#8211; jusqu&rsquo;\u00e0 6 ans de garantie<\/h3>\n<p>Le Vienna HSW100 de Wood&rsquo;s est construit en m\u00e9tal pour une longue dur\u00e9e de vie et une utilisation s\u00fbre. En l&rsquo;enregistrant sur warranty-woods.com et en changeant le filtre au moins une fois par an, vous prolongez la garantie jusqu&rsquo;\u00e0 6 ans.<\/p>\n<p>Si vous voulez \u00e9viter les probl\u00e8mes d&rsquo;air sec, choisissez le Wood&rsquo;s Vienna HSW100 &#8211; un humidificateur haut de gamme exclusif, fabriqu\u00e9 en Su\u00e8de et \u00e9conome en \u00e9nergie, con\u00e7u pour les grands espaces, les maisons enti\u00e8res et les environnements professionnels.<\/p>\n","protected":false},"excerpt":{"rendered":"<p>Le Vienna HSW100 de Wood&rsquo;s est un humidificateur haut de gamme exclusif, fabriqu\u00e9 en Su\u00e8de, pour les grandes surfaces jusqu&rsquo;\u00e0 210 m\u00b2. Avec une capacit\u00e9 de 1 litre par heure, un grand r\u00e9servoir d&rsquo;eau de 9,3 litres et un fonctionnement extr\u00eamement \u00e9conome en \u00e9nergie, il est id\u00e9al pour des maisons, des locaux et des bureaux entiers. Le ventilateur tr\u00e8s silencieux et progressif vous permet d&rsquo;ajuster facilement l&rsquo;humidification \u00e0 vos besoins. Construit en m\u00e9tal robuste pour durer longtemps, il est garanti jusqu&rsquo;\u00e0 6 ans avec le remplacement annuel du filtre.<\/p>\n","protected":false},"featured_media":46498,"template":"","meta":{"_acf_changed":false},"product_brand":[],"product_cat":[428,4815,4820],"product_tag":[3040,3042,3041],"class_list":{"0":"post-47865","1":"product","2":"type-product","3":"status-publish","4":"has-post-thumbnail","6":"product_cat-humidificateurs","7":"product_cat-pour-le-salon-et-le-bureau","8":"product_cat-pour-les-espaces-publics","9":"product_tag-humidificateur-pour-chambres","10":"product_tag-humidificateur-pour-espaces-publics","11":"product_tag-humidificateurs-pour-salons-et-bureaux","12":"product_shipping_class-hsw100","13":"splide__slide","15":"first","16":"outofstock","17":"taxable","18":"shipping-taxable","19":"purchasable","20":"product-type-simple"},"acf":[],"_links":{"self":[{"href":"https:\/\/woods.se\/fr\/wp-json\/wp\/v2\/product\/47865","targetHints":{"allow":["GET"]}}],"collection":[{"href":"https:\/\/woods.se\/fr\/wp-json\/wp\/v2\/product"}],"about":[{"href":"https:\/\/woods.se\/fr\/wp-json\/wp\/v2\/types\/product"}],"wp:featuredmedia":[{"embeddable":true,"href":"https:\/\/woods.se\/fr\/wp-json\/wp\/v2\/media\/46498"}],"wp:attachment":[{"href":"https:\/\/woods.se\/fr\/wp-json\/wp\/v2\/media?parent=47865"}],"wp:term":[{"taxonomy":"product_brand","embeddable":true,"href":"https:\/\/woods.se\/fr\/wp-json\/wp\/v2\/product_brand?post=47865"},{"taxonomy":"product_cat","embeddable":true,"href":"https:\/\/woods.se\/fr\/wp-json\/wp\/v2\/product_cat?post=47865"},{"taxonomy":"product_tag","embeddable":true,"href":"https:\/\/woods.se\/fr\/wp-json\/wp\/v2\/product_tag?post=47865"}],"curies":[{"name":"wp","href":"https:\/\/api.w.org\/{rel}","templated":true}]}}