{"id":47864,"date":"2024-12-10T15:05:34","date_gmt":"2024-12-10T14:05:34","guid":{"rendered":"https:\/\/stage.woods.se\/?post_type=product&#038;p=47864"},"modified":"2025-09-15T09:50:32","modified_gmt":"2025-09-15T07:50:32","slug":"woods-whu600","status":"publish","type":"product","link":"https:\/\/woods.se\/fr\/produits\/humidificateurs\/pour-la-chambre-a-coucher\/woods-whu600\/","title":{"rendered":"Wood&rsquo;s WHU600"},"content":{"rendered":"<h2>Wood&rsquo;s WHU600<\/h2>\n<h3>Humidificateur hybride flexible avec vapeur chaude et brume fra\u00eeche<\/h3>\n<p>Le WHU600 de Wood est un humidificateur hybride qui combine le meilleur des deux mondes : il peut diffuser \u00e0 la fois de la brume froide et de la vapeur chaude pour cr\u00e9er un climat int\u00e9rieur confortable tout au long de l&rsquo;ann\u00e9e. Avec une capacit\u00e9 allant jusqu&rsquo;\u00e0 7,2 litres par jour et une surface recommand\u00e9e de 50 m\u00b2, il est parfait pour les chambres \u00e0 coucher, les salons et les chambres d&rsquo;enfants.<\/p>\n<h3>Facilit\u00e9 d&rsquo;utilisation et conception intelligente<\/h3>\n<p>Le WHU600 est con\u00e7u pour \u00eatre facile \u00e0 utiliser au quotidien. Le r\u00e9servoir d&rsquo;eau transparent de 5,5 litres vous permet de toujours voir le niveau d&rsquo;eau et de le remplir ou de le nettoyer facilement. Avec un niveau sonore d&rsquo;environ 35 dB seulement, l&rsquo;humidificateur fonctionne silencieusement et discr\u00e8tement en arri\u00e8re-plan, m\u00eame la nuit.<\/p>\n<h3>Contr\u00f4le total du climat int\u00e9rieur<\/h3>\n<p>L&rsquo;\u00e9cran clair affiche la temp\u00e9rature et l&rsquo;humidit\u00e9 actuelles, ce qui permet d&rsquo;adapter facilement le climat \u00e0 vos besoins. Vous pouvez choisir entre trois vitesses de ventilation et r\u00e9gler l&rsquo;humidit\u00e9 souhait\u00e9e entre 40 et 75 %. Gr\u00e2ce \u00e0 la fonction de minuterie, \u00e0 la veilleuse bleue et \u00e0 la t\u00e9l\u00e9commande, vous b\u00e9n\u00e9ficiez d&rsquo;un contr\u00f4le pratique dans toutes les situations.<\/p>\n<h3>Ioniseur pour un air plus frais<\/h3>\n<p>Le WHU600 est \u00e9quip\u00e9 d&rsquo;un ionisateur qui purifie l&rsquo;air en neutralisant les particules, la poussi\u00e8re et les polluants. Vous obtenez ainsi non seulement un niveau d&rsquo;humidit\u00e9 ad\u00e9quat, mais aussi un environnement int\u00e9rieur plus propre et plus sain.<\/p>\n<h3>Avantages d&rsquo;un taux d&rsquo;humidit\u00e9 ad\u00e9quat<\/h3>\n<p>Un taux d&rsquo;humidit\u00e9 \u00e9quilibr\u00e9 aide \u00e0 soulager la peau s\u00e8che, les voies respiratoires irrit\u00e9es et les probl\u00e8mes d&rsquo;allergies. En m\u00eame temps, il prot\u00e8ge les sols en bois, les meubles et les instruments de musique du dess\u00e8chement et des fissures.<\/p>\n<p>Choisissez le WHU600 de Wood &#8211; un humidificateur hybride doux, silencieux et polyvalent avec vapeur chaude, brume fra\u00eeche et fonctions intelligentes pour une meilleure sant\u00e9 et un plus grand confort.<\/p>\n","protected":false},"excerpt":{"rendered":"<p>Le WHU600 de Wood est un humidificateur hybride silencieux et \u00e9conome en \u00e9nergie pour les pi\u00e8ces jusqu&rsquo;\u00e0 50 m\u00b2. Il peut \u00e9mettre de la vapeur chaude et de la brume froide et a une capacit\u00e9 de 7,2 litres par jour. Avec un grand r\u00e9servoir d&rsquo;eau de 5,5 litres, trois vitesses de ventilation et un affichage clair de la temp\u00e9rature et de l&rsquo;humidit\u00e9 actuelles, vous ma\u00eetrisez parfaitement le climat int\u00e9rieur. Il est \u00e9quip\u00e9 d&rsquo;un ionisateur (qui purifie l&rsquo;air), d&rsquo;une t\u00e9l\u00e9commande, d&rsquo;une veilleuse et d&rsquo;une minuterie.<\/p>\n","protected":false},"featured_media":46765,"template":"","meta":{"_acf_changed":false},"product_brand":[],"product_cat":[428,4808],"product_tag":[2981,3043],"class_list":{"0":"post-47864","1":"product","2":"type-product","3":"status-publish","4":"has-post-thumbnail","6":"product_cat-humidificateurs","7":"product_cat-pour-la-chambre-a-coucher","8":"product_tag-50-m-fr","9":"product_tag-humidificateurs-pour-petites-chambres","10":"product_shipping_class-high","11":"splide__slide","13":"first","14":"outofstock","15":"taxable","16":"shipping-taxable","17":"purchasable","18":"product-type-simple"},"acf":[],"_links":{"self":[{"href":"https:\/\/woods.se\/fr\/wp-json\/wp\/v2\/product\/47864","targetHints":{"allow":["GET"]}}],"collection":[{"href":"https:\/\/woods.se\/fr\/wp-json\/wp\/v2\/product"}],"about":[{"href":"https:\/\/woods.se\/fr\/wp-json\/wp\/v2\/types\/product"}],"wp:featuredmedia":[{"embeddable":true,"href":"https:\/\/woods.se\/fr\/wp-json\/wp\/v2\/media\/46765"}],"wp:attachment":[{"href":"https:\/\/woods.se\/fr\/wp-json\/wp\/v2\/media?parent=47864"}],"wp:term":[{"taxonomy":"product_brand","embeddable":true,"href":"https:\/\/woods.se\/fr\/wp-json\/wp\/v2\/product_brand?post=47864"},{"taxonomy":"product_cat","embeddable":true,"href":"https:\/\/woods.se\/fr\/wp-json\/wp\/v2\/product_cat?post=47864"},{"taxonomy":"product_tag","embeddable":true,"href":"https:\/\/woods.se\/fr\/wp-json\/wp\/v2\/product_tag?post=47864"}],"curies":[{"name":"wp","href":"https:\/\/api.w.org\/{rel}","templated":true}]}}