{"id":47863,"date":"2024-12-10T15:06:14","date_gmt":"2024-12-10T14:06:14","guid":{"rendered":"https:\/\/stage.woods.se\/?post_type=product&#038;p=47863"},"modified":"2025-09-15T09:50:13","modified_gmt":"2025-09-15T07:50:13","slug":"woods-whu400","status":"publish","type":"product","link":"https:\/\/woods.se\/fr\/produits\/humidificateurs\/pour-la-chambre-a-coucher\/woods-whu400\/","title":{"rendered":"Wood&rsquo;s WHU400"},"content":{"rendered":"<h2>Wood&rsquo;s WHU400<\/h2>\n<h3>Humidificateur \u00e0 ultrasons pratique et silencieux<\/h3>\n<p>Le WHU400 de Wood est un humidificateur petit mais puissant qui utilise la technologie des ultrasons pour disperser l&rsquo;humidit\u00e9 sous la forme d&rsquo;une fine brume fra\u00eeche. Il est sp\u00e9cialement con\u00e7u pour cr\u00e9er un environnement int\u00e9rieur confortable et sain dans les pi\u00e8ces jusqu&rsquo;\u00e0 40 m\u00b2 &#8211; parfait pour les chambres \u00e0 coucher, les salons et les chambres d&rsquo;enfants.<\/p>\n<h3>Discret et \u00e9conome en \u00e9nergie<\/h3>\n<p>Avec un niveau sonore inf\u00e9rieur \u00e0 35 dB, le WHU400 fonctionne silencieusement, ce qui le rend id\u00e9al pour une utilisation nocturne. Sa faible consommation d&rsquo;\u00e9nergie (30 W maximum) en fait un appareil tr\u00e8s \u00e9conomique.<\/p>\n<h3>Fonctionnalit\u00e9s intelligentes<\/h3>\n<p>L&rsquo;humidificateur a une capacit\u00e9 d&rsquo;humidification de 7,2 litres par jour et un r\u00e9servoir d&rsquo;eau transparent de 3,5 litres, ce qui vous permet de voir facilement la quantit\u00e9 d&rsquo;eau restante et de b\u00e9n\u00e9ficier d&rsquo;une longue dur\u00e9e de fonctionnement. Vous pouvez r\u00e9gler vous-m\u00eame le taux d&rsquo;humidit\u00e9 entre 45 et 75 % afin de toujours maintenir un niveau de confort dans votre maison. La veilleuse int\u00e9gr\u00e9e \u00e0 lumi\u00e8re bleue diffuse une lumi\u00e8re douce qui contribue \u00e0 cr\u00e9er une atmosph\u00e8re calme dans les chambres \u00e0 coucher et les chambres d&rsquo;enfants.<\/p>\n<h3>Les avantages d&rsquo;une bonne humidit\u00e9<\/h3>\n<p>Un taux d&rsquo;humidit\u00e9 \u00e9quilibr\u00e9 r\u00e9duit le risque de s\u00e9cheresse de la peau, d&rsquo;irritation des voies respiratoires et de probl\u00e8mes d&rsquo;allergies. Il prot\u00e8ge \u00e9galement les meubles, les sols et les instruments de musique du dess\u00e8chement. Avec le WHU400 de Wood, vous disposez d&rsquo;un humidificateur souple, moderne et fiable qui am\u00e9liore votre sant\u00e9 et prolonge la dur\u00e9e de vie de votre maison et de vos biens.<\/p>\n<p>Choisissez le WHU400 de Wood &#8211; un humidificateur \u00e0 ultrasons compact, silencieux et \u00e9conome en \u00e9nergie qui convient parfaitement aux chambres \u00e0 coucher et aux salles de s\u00e9jour.<\/p>\n","protected":false},"excerpt":{"rendered":"<p>Le WHU400 de Wood est un humidificateur \u00e0 ultrasons compact et \u00e9conome en \u00e9nergie qui disperse l&rsquo;humidit\u00e9 sous la forme d&rsquo;un fin brouillard, cr\u00e9ant ainsi un environnement int\u00e9rieur confortable dans des pi\u00e8ces d&rsquo;une superficie maximale de 40 m\u00b2. Il a une capacit\u00e9 de 7,2 litres par jour, un r\u00e9servoir d&rsquo;eau de 3,5 litres et est tr\u00e8s silencieux avec un niveau sonore inf\u00e9rieur \u00e0 35 dB. Avec un taux d&rsquo;humidit\u00e9 r\u00e9glable (45-75 %) et une veilleuse int\u00e9gr\u00e9e \u00e0 lumi\u00e8re bleue, il est parfait pour les chambres \u00e0 coucher, les chambres d&rsquo;enfants et les salons.<\/p>\n","protected":false},"featured_media":46682,"template":"","meta":{"_acf_changed":false},"product_brand":[],"product_cat":[428,4808],"product_tag":[2976,3043],"class_list":{"0":"post-47863","1":"product","2":"type-product","3":"status-publish","4":"has-post-thumbnail","6":"product_cat-humidificateurs","7":"product_cat-pour-la-chambre-a-coucher","8":"product_tag-40-m-fr","9":"product_tag-humidificateurs-pour-petites-chambres","10":"product_shipping_class-high","11":"splide__slide","13":"first","14":"outofstock","15":"taxable","16":"shipping-taxable","17":"purchasable","18":"product-type-simple"},"acf":[],"_links":{"self":[{"href":"https:\/\/woods.se\/fr\/wp-json\/wp\/v2\/product\/47863","targetHints":{"allow":["GET"]}}],"collection":[{"href":"https:\/\/woods.se\/fr\/wp-json\/wp\/v2\/product"}],"about":[{"href":"https:\/\/woods.se\/fr\/wp-json\/wp\/v2\/types\/product"}],"wp:featuredmedia":[{"embeddable":true,"href":"https:\/\/woods.se\/fr\/wp-json\/wp\/v2\/media\/46682"}],"wp:attachment":[{"href":"https:\/\/woods.se\/fr\/wp-json\/wp\/v2\/media?parent=47863"}],"wp:term":[{"taxonomy":"product_brand","embeddable":true,"href":"https:\/\/woods.se\/fr\/wp-json\/wp\/v2\/product_brand?post=47863"},{"taxonomy":"product_cat","embeddable":true,"href":"https:\/\/woods.se\/fr\/wp-json\/wp\/v2\/product_cat?post=47863"},{"taxonomy":"product_tag","embeddable":true,"href":"https:\/\/woods.se\/fr\/wp-json\/wp\/v2\/product_tag?post=47863"}],"curies":[{"name":"wp","href":"https:\/\/api.w.org\/{rel}","templated":true}]}}