{"id":47862,"date":"2024-12-16T08:53:52","date_gmt":"2024-12-16T07:53:52","guid":{"rendered":"https:\/\/stage.woods.se\/?post_type=product&#038;p=47862"},"modified":"2025-10-27T16:28:48","modified_gmt":"2025-10-27T15:28:48","slug":"woods-airmaster-woz-4000","status":"publish","type":"product","link":"https:\/\/woods.se\/fr\/produits\/professionnels\/woods-airmaster-woz-4000\/","title":{"rendered":"Wood&rsquo;s Airmaster WOZ 4000"},"content":{"rendered":"<h2>Wood&rsquo;s Airmaster WOZ 4000<\/h2>\n<h3>G\u00e9n\u00e9rateur d&rsquo;ozone de fabrication su\u00e9doise pour les travaux exigeants d&rsquo;\u00e9limination des odeurs<\/h3>\n<p>L&rsquo;Airmaster WOZ 4000 de Wood est con\u00e7u pour relever les d\u00e9fis les plus difficiles en mati\u00e8re d&rsquo;odeurs dans le cadre d&rsquo;une utilisation industrielle et d&rsquo;un assainissement. Avec sa grande capacit\u00e9, c&rsquo;est un outil efficace pour \u00e9liminer les odeurs fortes, les spores de moisissure, les dommages caus\u00e9s par la fum\u00e9e et le feu, et la graisse dans les syst\u00e8mes de ventilation. Robuste, fiable et d\u00e9velopp\u00e9 en Su\u00e8de, le WOZ 4000 est le choix \u00e9vident pour les utilisateurs professionnels.  <\/p>\n<h3>Production d&rsquo;ozone r\u00e9glable<\/h3>\n<p>Le WOZ 4000 offre une production d&rsquo;ozone flexible de 40 \u00e0 4000 mg\/h, ce qui permet d&rsquo;ajuster pr\u00e9cis\u00e9ment la production \u00e0 vos besoins. Gr\u00e2ce \u00e0 la r\u00e9gulation en continu (1-100%), vous pouvez travailler aussi bien dans de petits espaces que dans des locaux industriels plus vastes. <\/p>\n<h3>Le contr\u00f4le num\u00e9rique au service de la s\u00e9curit\u00e9<\/h3>\n<p>Le panneau de commande num\u00e9rique permet de programmer facilement l&rsquo;appareil avec des minuteries d&rsquo;intervalle et des minuteries journali\u00e8res, ce qui permet une automatisation fiable. Les r\u00e9glages de s\u00e9curit\u00e9 sont con\u00e7us pour minimiser les risques pouvant d\u00e9couler de niveaux d&rsquo;ozone \u00e9lev\u00e9s et vous permettent de contr\u00f4ler enti\u00e8rement le fonctionnement de l&rsquo;appareil. <\/p>\n<h3>Utilisation flexible<\/h3>\n<p>Gr\u00e2ce au raccord de tuyau (tuyau en option), l&rsquo;ozone peut \u00eatre dirig\u00e9 directement vers les zones difficiles d&rsquo;acc\u00e8s, telles que les conduits de ventilation, les v\u00e9hicules ou les espaces encastr\u00e9s. Le WOZ 4000 est donc particuli\u00e8rement utile pour l&rsquo;assainissement des fum\u00e9es et des incendies, o\u00f9 les odeurs persistent souvent en profondeur dans les mat\u00e9riaux. <\/p>\n<h3>Technologie des tubes \u00e0 ozone &#8211; pour une longue dur\u00e9e de vie et un fonctionnement s\u00fbr<\/h3>\n<p>La technologie du tube d&rsquo;ozone du WOZ 4000 permet d&rsquo;obtenir un niveau d&rsquo;ozone constant et contr\u00f4l\u00e9. L&rsquo;ozone est form\u00e9 \u00e0 travers un tube en verre de quartz o\u00f9 des d\u00e9charges \u00e9lectriques se produisent dans un environnement coh\u00e9rent et prot\u00e9g\u00e9. Cela vous permet de diriger l&rsquo;ozone l\u00e0 o\u00f9 vous le souhaitez, mais emp\u00eache \u00e9galement l&rsquo;ozone de se r\u00e9pandre dans la machine et d&rsquo;endommager les composants, ce qui facilite l&rsquo;entretien et prolonge la dur\u00e9e de vie de l&rsquo;appareil. Les tubes sont \u00e9galement \u00e9tanches et moins sensibles \u00e0 la poussi\u00e8re et \u00e0 la salet\u00e9.   <\/p>\n<h3>Conception robuste et facile \u00e0 utiliser<\/h3>\n<p>Le WOZ 4000 a une construction solide qui peut r\u00e9sister aux conditions difficiles des environnements industriels. Il est \u00e9conome en \u00e9nergie, \u00e9quip\u00e9 de poign\u00e9es de transport pour faciliter le transport et peut \u00e9galement \u00eatre mont\u00e9 sur un mur gr\u00e2ce \u00e0 une solution pratique de trou de serrure. <\/p>\n<h3>Qualit\u00e9 su\u00e9doise<\/h3>\n<p>Comme tous les g\u00e9n\u00e9rateurs d&rsquo;ozone de la s\u00e9rie WOZ, le WOZ 4000 est d\u00e9velopp\u00e9 et fabriqu\u00e9 en Su\u00e8de. Wood&rsquo;s est membre de l&rsquo;Association europ\u00e9enne du commerce de l&rsquo;ozone (EUOTA) et partenaire du dossier Ozone d&rsquo;EUOTAS pour les substances biocides actives, ce qui garantit que le produit r\u00e9pond \u00e0 des exigences \u00e9lev\u00e9es en mati\u00e8re de s\u00e9curit\u00e9 et de qualit\u00e9. <\/p>\n<h4><strong>Avis de non-responsabilit\u00e9 :<\/strong><\/h4>\n<p>Ne pas utiliser pour le grand public. Nos g\u00e9n\u00e9rateurs d&rsquo;ozone ne doivent \u00eatre utilis\u00e9s que par des professionnels form\u00e9s \u00e0 la manipulation de l&rsquo;ozone. L&rsquo;exposition \u00e0 l&rsquo;ozone pr\u00e9sente des risques potentiels pour la sant\u00e9 des humains et des animaux, et une utilisation inappropri\u00e9e peut endommager l&rsquo;\u00e9lectronique, les plastiques, les silicones, les \u0153uvres d&rsquo;art et d&rsquo;autres mat\u00e9riaux. Il est imp\u00e9ratif de respecter les directives professionnelles et les protocoles de s\u00e9curit\u00e9 lors de l&rsquo;utilisation de ces appareils.   <\/p>\n<p><strong>Directives d&rsquo;utilisation :<\/strong><\/p>\n<p><strong>\u00c9vitez les espaces occup\u00e9s :<\/strong> N&rsquo;utilisez pas nos g\u00e9n\u00e9rateurs d&rsquo;ozone en pr\u00e9sence de personnes ou d&rsquo;animaux. N&rsquo;entrez pas dans les zones o\u00f9 l&rsquo;ozone est produit.<br \/>\n<strong>Tester pour une utilisation optimale: <\/strong>Effectuer des tests initiaux pour d\u00e9terminer le niveau d&rsquo;ozone appropri\u00e9 requis pour neutraliser les odeurs. N&rsquo;utilisez que la quantit\u00e9 d&rsquo;ozone n\u00e9cessaire pour \u00e9liminer les odeurs, sans exc\u00e8s.<br \/>\n<strong>Utilisation de la minuterie :<\/strong> Utilisez toujours une minuterie lorsque vous utilisez votre appareil de traitement de l&rsquo;ozone. Si votre appareil n&rsquo;est pas \u00e9quip\u00e9 d&rsquo;une minuterie int\u00e9gr\u00e9e, connectez-le \u00e0 une minuterie d&rsquo;arr\u00eat externe pour \u00e9viter l&rsquo;exposition \u00e0 l&rsquo;ozone avant qu&rsquo;il ne se dissipe.<br \/>\n<strong>Panneaux d&rsquo;avertissement :<\/strong> Lorsqu&rsquo;un g\u00e9n\u00e9rateur d&rsquo;ozone est utilis\u00e9 dans un espace fr\u00e9quent\u00e9 par des personnes, par exemple un local \u00e0 ordures ou \u00e0 recyclage, des panneaux d&rsquo;avertissement doivent \u00eatre plac\u00e9s bien en \u00e9vidence \u00e0 l&rsquo;ext\u00e9rieur de la zone pour avertir les personnes de la pr\u00e9sence d&rsquo;ozone pendant le fonctionnement.<br \/>\n<strong>Pr\u00e9cautions de rentr\u00e9e: <\/strong>Attendez que les niveaux d&rsquo;ozone aient diminu\u00e9 pour atteindre les valeurs l\u00e9gales accept\u00e9es avant de p\u00e9n\u00e9trer dans la pi\u00e8ce. Si les niveaux d\u00e9passent ces normes, n&rsquo;entrez pas jusqu&rsquo;\u00e0 ce que l&rsquo;ozone se soit dissip\u00e9. <\/p>\n","protected":false},"excerpt":{"rendered":"<p>L&rsquo;Airmaster WOZ 4000 de Wood est un g\u00e9n\u00e9rateur d&rsquo;ozone de fabrication su\u00e9doise dot\u00e9 d&rsquo;une technologie de tube d&rsquo;ozone, con\u00e7u pour les environnements les plus exigeants. Avec une production d&rsquo;ozone r\u00e9glable jusqu&rsquo;\u00e0 4000 mg\/h, il est id\u00e9al pour une utilisation industrielle, la restauration des fum\u00e9es et des incendies, et les travaux difficiles de rem\u00e9diation des odeurs. Dot\u00e9 d&rsquo;une commande num\u00e9rique, de dispositifs de s\u00e9curit\u00e9 int\u00e9gr\u00e9s et d&rsquo;une construction robuste, le WOZ 4000 est \u00e0 la fois fiable et facile \u00e0 utiliser &#8211; avec des poign\u00e9es de transport, un montage mural et la possibilit\u00e9 de raccorder un tuyau.  <\/p>\n","protected":false},"featured_media":46968,"template":"","meta":{"_acf_changed":false},"product_brand":[],"product_cat":[430,429],"product_tag":[3104,3105,3107],"class_list":{"0":"post-47862","1":"product","2":"type-product","3":"status-publish","4":"has-post-thumbnail","6":"product_cat-generateurs-dozone","7":"product_cat-professionnels","8":"product_tag-generateurs-dozone","9":"product_tag-industriel","10":"product_tag-restauration-en-cas-dincendie","11":"splide__slide","13":"first","14":"instock","15":"taxable","16":"shipping-taxable","17":"product-type-simple"},"acf":[],"_links":{"self":[{"href":"https:\/\/woods.se\/fr\/wp-json\/wp\/v2\/product\/47862","targetHints":{"allow":["GET"]}}],"collection":[{"href":"https:\/\/woods.se\/fr\/wp-json\/wp\/v2\/product"}],"about":[{"href":"https:\/\/woods.se\/fr\/wp-json\/wp\/v2\/types\/product"}],"wp:featuredmedia":[{"embeddable":true,"href":"https:\/\/woods.se\/fr\/wp-json\/wp\/v2\/media\/46968"}],"wp:attachment":[{"href":"https:\/\/woods.se\/fr\/wp-json\/wp\/v2\/media?parent=47862"}],"wp:term":[{"taxonomy":"product_brand","embeddable":true,"href":"https:\/\/woods.se\/fr\/wp-json\/wp\/v2\/product_brand?post=47862"},{"taxonomy":"product_cat","embeddable":true,"href":"https:\/\/woods.se\/fr\/wp-json\/wp\/v2\/product_cat?post=47862"},{"taxonomy":"product_tag","embeddable":true,"href":"https:\/\/woods.se\/fr\/wp-json\/wp\/v2\/product_tag?post=47862"}],"curies":[{"name":"wp","href":"https:\/\/api.w.org\/{rel}","templated":true}]}}