{"id":47859,"date":"2024-12-16T08:35:04","date_gmt":"2024-12-16T07:35:04","guid":{"rendered":"https:\/\/stage.woods.se\/?post_type=product&#038;p=47859"},"modified":"2025-09-14T22:02:05","modified_gmt":"2025-09-14T20:02:05","slug":"woods-airmaster-woz-100","status":"publish","type":"product","link":"https:\/\/woods.se\/fr\/produits\/professionnels\/woods-airmaster-woz-100\/","title":{"rendered":"Wood&rsquo;s Airmaster WOZ 100"},"content":{"rendered":"<h2>Wood&rsquo;s Airmaster WOZ 100 &#8211; G\u00e9n\u00e9rateur d&rsquo;ozone simple pour les besoins professionnels<\/h2>\n<p>L&rsquo;Airmaster WOZ 100 de Wood est con\u00e7u pour \u00e9liminer les odeurs et traiter les odeurs d\u00e9sagr\u00e9ables aussi facilement que possible. Avec une production d&rsquo;ozone fixe de 100 mg\/h et un seul bouton marche\/arr\u00eat, il est tr\u00e8s facile \u00e0 utiliser, par exemple, dans les h\u00f4tels et les chalets et pour le reconditionnement des voitures. Si n\u00e9cessaire, il peut facilement \u00eatre connect\u00e9 \u00e0 une minuterie pour contr\u00f4ler la production d&rsquo;ozone dans les propri\u00e9t\u00e9s, par exemple. Il s&rsquo;agit donc d&rsquo;un choix pratique pour les utilisateurs professionnels qui souhaitent un fonctionnement rapide et fiable sans r\u00e9glages compliqu\u00e9s.<\/p>\n<h3>Utilisation flexible &#8211; m\u00eame pour le reconditionnement des voitures<\/h3>\n<p>Le WOZ 100 peut \u00eatre aliment\u00e9 par 12V (adaptateur non inclus) et branch\u00e9 directement sur l&rsquo;allume-cigare d&rsquo;une voiture. Il est donc particuli\u00e8rement utile pour la remise en \u00e9tat des voitures, o\u00f9 il \u00e9limine efficacement les odeurs persistantes.<\/p>\n<h3>Conception robuste et facile \u00e0 manipuler<\/h3>\n<p>Avec sa construction robuste, sa faible consommation d&rsquo;\u00e9nergie et sa poign\u00e9e de transport pratique, le WOZ 100 est facile \u00e0 d\u00e9placer dans diff\u00e9rents espaces. Il peut \u00e9galement \u00eatre fix\u00e9 au mur \u00e0 l&rsquo;aide d&rsquo;une solution pratique de trou de serrure pour un fonctionnement stationnaire.<\/p>\n<h3>Fabriqu\u00e9 en Su\u00e8de<\/h3>\n<p>Le WOZ 100 est d\u00e9velopp\u00e9 et fabriqu\u00e9 en Su\u00e8de en mettant l&rsquo;accent sur la durabilit\u00e9 et la fonctionnalit\u00e9. Wood&rsquo;s est membre de l&rsquo;Association europ\u00e9enne du commerce de l&rsquo;ozone (EUOTA) et partenaire du dossier Ozone d&rsquo;EUOTAS pour les substances biocides actives &#8211; une garantie de haute qualit\u00e9 et d&rsquo;utilisation s\u00fbre.<\/p>\n<p><strong>Clause de non-responsabilit\u00e9 :<\/strong><br \/>\nN&rsquo;est pas destin\u00e9 \u00e0 l&rsquo;usage des consommateurs. Nos g\u00e9n\u00e9rateurs d&rsquo;ozone ne doivent \u00eatre utilis\u00e9s que par des professionnels form\u00e9s \u00e0 la manipulation de l&rsquo;ozone. L&rsquo;exposition \u00e0 l&rsquo;ozone pr\u00e9sente des risques potentiels pour la sant\u00e9 des humains et des animaux, et une utilisation incorrecte peut endommager l&rsquo;\u00e9lectronique, les plastiques, les silicones, les \u0153uvres d&rsquo;art et d&rsquo;autres mat\u00e9riaux. Il est imp\u00e9ratif de respecter les directives professionnelles et les protocoles de s\u00e9curit\u00e9 lors de l&rsquo;utilisation de ces appareils.<\/p>\n<p><strong>Directives d&rsquo;utilisation :<\/strong><br \/>\n\u00c9vitez les espaces occup\u00e9s : N&rsquo;utilisez pas nos g\u00e9n\u00e9rateurs d&rsquo;ozone en pr\u00e9sence de personnes ou d&rsquo;animaux. Ne pas entrer dans les zones o\u00f9 l&rsquo;ozone est produit.<br \/>\nTester pour une utilisation optimale : Effectuez des tests initiaux pour d\u00e9terminer le niveau d&rsquo;ozone appropri\u00e9 requis pour neutraliser les odeurs. N&rsquo;utilisez que la quantit\u00e9 d&rsquo;ozone n\u00e9cessaire pour \u00e9liminer les odeurs, sans exc\u00e8s.<br \/>\nUtilisation d&rsquo;une minuterie : Utilisez toujours une minuterie lorsque vous utilisez votre appareil \u00e0 ozone. Si votre appareil n&rsquo;a pas de minuterie int\u00e9gr\u00e9e, connectez-le \u00e0 une minuterie d&rsquo;arr\u00eat externe pour \u00e9viter l&rsquo;exposition \u00e0 l&rsquo;ozone avant qu&rsquo;il ne se dissipe.<br \/>\nSignes d&rsquo;avertissement : Lorsque vous utilisez un g\u00e9n\u00e9rateur d&rsquo;ozone dans un espace fr\u00e9quent\u00e9 par des personnes, par exemple un local \u00e0 ordures ou de recyclage, placez des panneaux d&rsquo;avertissement bien en vue \u00e0 l&rsquo;ext\u00e9rieur de la zone pour alerter les personnes de la pr\u00e9sence d&rsquo;ozone pendant le fonctionnement.<br \/>\nPr\u00e9cautions pour la r\u00e9int\u00e9gration : Attendez que les niveaux d&rsquo;ozone aient baiss\u00e9 pour atteindre les valeurs l\u00e9gales accept\u00e9es avant de p\u00e9n\u00e9trer dans la pi\u00e8ce. Si les niveaux d\u00e9passent ces normes, n&rsquo;entrez pas jusqu&rsquo;\u00e0 ce que l&rsquo;ozone se soit dissip\u00e9.<\/p>\n","protected":false},"excerpt":{"rendered":"<p>L&rsquo;Airmaster WOZ 100 de Wood est un g\u00e9n\u00e9rateur d&rsquo;ozone de fabrication su\u00e9doise qui produit 100 mg\/h par l&rsquo;interm\u00e9diaire d&rsquo;une plaque en c\u00e9ramique, ce qui \u00e9limine rapidement les mauvaises odeurs. Il est dot\u00e9 d&rsquo;un simple bouton marche\/arr\u00eat, ce qui le rend tr\u00e8s facile \u00e0 utiliser. Gr\u00e2ce \u00e0 son alimentation 12V (adaptateur non inclus), il peut \u00eatre branch\u00e9 directement sur une prise allume-cigare &#8211; parfait pour le reconditionnement des voitures. Robuste, \u00e9conome en \u00e9nergie et facile \u00e0 manipuler.<\/p>\n","protected":false},"featured_media":46863,"template":"","meta":{"_acf_changed":false},"product_brand":[],"product_cat":[430,429],"product_tag":[3104],"class_list":{"0":"post-47859","1":"product","2":"type-product","3":"status-publish","4":"has-post-thumbnail","6":"product_cat-generateurs-dozone","7":"product_cat-professionnels","8":"product_tag-generateurs-dozone","9":"product_shipping_class-high","10":"splide__slide","12":"first","13":"instock","14":"taxable","15":"shipping-taxable","16":"product-type-simple"},"acf":[],"_links":{"self":[{"href":"https:\/\/woods.se\/fr\/wp-json\/wp\/v2\/product\/47859","targetHints":{"allow":["GET"]}}],"collection":[{"href":"https:\/\/woods.se\/fr\/wp-json\/wp\/v2\/product"}],"about":[{"href":"https:\/\/woods.se\/fr\/wp-json\/wp\/v2\/types\/product"}],"wp:featuredmedia":[{"embeddable":true,"href":"https:\/\/woods.se\/fr\/wp-json\/wp\/v2\/media\/46863"}],"wp:attachment":[{"href":"https:\/\/woods.se\/fr\/wp-json\/wp\/v2\/media?parent=47859"}],"wp:term":[{"taxonomy":"product_brand","embeddable":true,"href":"https:\/\/woods.se\/fr\/wp-json\/wp\/v2\/product_brand?post=47859"},{"taxonomy":"product_cat","embeddable":true,"href":"https:\/\/woods.se\/fr\/wp-json\/wp\/v2\/product_cat?post=47859"},{"taxonomy":"product_tag","embeddable":true,"href":"https:\/\/woods.se\/fr\/wp-json\/wp\/v2\/product_tag?post=47859"}],"curies":[{"name":"wp","href":"https:\/\/api.w.org\/{rel}","templated":true}]}}