{"id":45066,"date":"2024-12-10T13:58:31","date_gmt":"2024-12-10T12:58:31","guid":{"rendered":"https:\/\/stage.woods.se\/?post_type=product&#038;p=45066"},"modified":"2026-03-05T14:43:07","modified_gmt":"2026-03-05T13:43:07","slug":"woods-wcd8hg-pro","status":"publish","type":"product","link":"https:\/\/woods.se\/fr\/produits\/deshumidificateurs\/woods-wcd8hg-pro\/","title":{"rendered":"WCD8HG Pro Wood&rsquo;s"},"content":{"rendered":"<h2>WCD8HG Pro Wood&rsquo;s<\/h2>\n<h3>D\u00e9shumidificateur puissant pour les entrep\u00f4ts et les installations industrielles<\/h3>\n<p>Le WCD8HG Pro de Wood&rsquo;s est un d\u00e9shumidificateur robuste et performant sp\u00e9cialement con\u00e7u pour contr\u00f4ler l&rsquo;humidit\u00e9 dans les grands espaces tels que les entrep\u00f4ts, les installations industrielles et autres locaux de grande taille. Gr\u00e2ce \u00e0 sa tr\u00e8s grande capacit\u00e9 et \u00e0 son d\u00e9bit d&rsquo;air \u00e9lev\u00e9, il offre une efficacit\u00e9 maximale dans les environnements difficiles et garantit une humidit\u00e9 stable, m\u00eame \u00e0 basse temp\u00e9rature. <\/p>\n<h3>Zone d&rsquo;utilisation recommand\u00e9es:<\/h3>\n<p><strong>Entrep\u00f4ts et installations industrielles :<\/strong> Contr\u00f4le continu de l&rsquo;humidit\u00e9 dans les grands locaux o\u00f9 la stabilit\u00e9 de fonctionnement et la s\u00e9curit\u00e9 sont cruciales.<br \/>\n<strong>Les \u00e9glises et les zones de production :<\/strong> Prot\u00e8ge les b\u00e2timents, les machines et les \u00e9quipements contre les dommages caus\u00e9s par l&rsquo;humidit\u00e9.<\/p>\n<h3>Capacit\u00e9 et d\u00e9bit d&rsquo;air \u00e9lev\u00e9s pour une circulation efficace de l&rsquo;air dans la pi\u00e8ce<\/h3>\n<p>Avec une capacit\u00e9 de d\u00e9shumidification adapt\u00e9e \u00e0 un usage industriel, le WCD8HG Pro peut traiter de grandes quantit\u00e9s d&rsquo;humidit\u00e9, jusqu&rsquo;\u00e0 49 litres par jour. Le d\u00e9bit d&rsquo;air \u00e9lev\u00e9 de 300 m\u00b3\/h garantit une circulation efficace de l&rsquo;air et le maintien d&rsquo;un taux d&rsquo;humidit\u00e9 optimal, m\u00eame dans les locaux de tr\u00e8s grande taille. <\/p>\n<h3>Facile \u00e0 utiliser et adaptable<\/h3>\n<p>Le grand r\u00e9servoir d&rsquo;eau et la possibilit\u00e9 de connecter une pompe \u00e0 condensats font du WCD8HG Pro une solution flexible pour les grands espaces de travail. Les roues robustes et la poign\u00e9e pliable facilitent le transport entre diff\u00e9rents endroits, ce qui en fait un appareil id\u00e9al pour la location ou l&rsquo;utilisation sur des lieux de travail aux besoins changeants. <\/p>\n<h3>Efficace toute l&rsquo;ann\u00e9e, m\u00eame \u00e0 des temp\u00e9ratures basses ou \u00e9lev\u00e9es<\/h3>\n<p>Le syst\u00e8me i-EcoDefrost exclusif de Wood&rsquo;s est un syst\u00e8me de d\u00e9givrage intelligent qui s&rsquo;adapte \u00e0 la temp\u00e9rature et \u00e0 l&rsquo;humidit\u00e9 ambiantes. Il permet une capacit\u00e9 de d\u00e9shumidification \u00e9lev\u00e9e et \u00e9conome en \u00e9nergie, m\u00eame \u00e0 des temp\u00e9ratures aussi basses que +2 \u00b0C et jusqu&rsquo;\u00e0 +40 \u00b0C en fonctionnement intermittent (35 \u00b0C sans restrictions). <\/p>\n<h3>Construit pour r\u00e9sister aux environnements difficiles<\/h3>\n<p>Le WCD8HG Pro est un investissement dans le contr\u00f4le de l&rsquo;humidit\u00e9 \u00e0 long terme et est con\u00e7u pour fonctionner en continu, ce qui lui permet de fonctionner 24 heures sur 24 sans perte de performance. Sa construction robuste et ses composants durables sont con\u00e7us pour \u00eatre utilis\u00e9s dans des environnements agressifs. Il est donc id\u00e9al pour les grands espaces industriels qui n\u00e9cessitent un contr\u00f4le stable et constant de l&rsquo;humidit\u00e9.  <\/p>\n<h3>Fabriqu\u00e9 en Su\u00e8de. Pour une utilisation durable. <\/h3>\n<p>La fabrication su\u00e9doise conf\u00e8re au WCD8HG Pro une qualit\u00e9 et une durabilit\u00e9 exceptionnelles. Dot\u00e9 d&rsquo;un agent r\u00e9frig\u00e9rant \u00e9conome en \u00e9nergie (R-290) et d&rsquo;un filtre lavable, ce d\u00e9shumidificateur est \u00e0 la fois \u00e9conomique et respectueux de l&rsquo;environnement. Il convient parfaitement \u00e0 tous ceux qui souhaitent une solution \u00e0 long terme pour prot\u00e9ger leurs locaux, machines, \u00e9quipements et marchandises de l&rsquo;humidit\u00e9 et des dommages. <\/p>\n","protected":false},"excerpt":{"rendered":"<p>Le WCD8HG Pro de Wood&rsquo;s est un d\u00e9shumidificateur de qualit\u00e9 industrielle, d\u00e9velopp\u00e9 et fabriqu\u00e9 en Su\u00e8de pour un contr\u00f4le efficace de l&rsquo;humidit\u00e9 dans les tr\u00e8s grands espaces tels que les entrep\u00f4ts et les installations industrielles. Avec une capacit\u00e9 de d\u00e9shumidification de 49 litres d&rsquo;humidit\u00e9 par jour, sa conception robuste et sa capacit\u00e9 \u00e0 fonctionner \u00e0 des temp\u00e9ratures allant jusqu&rsquo;\u00e0 +2\u00b0C, il est id\u00e9al pour les environnements exigeants. Son efficacit\u00e9 et son r\u00e9frig\u00e9rant \u00e9cologique (R-290) en font une solution durable et \u00e9conome en \u00e9nergie pour tous les grands locaux confront\u00e9s \u00e0 des probl\u00e8mes d&rsquo;humidit\u00e9.  <\/p>\n","protected":false},"featured_media":44285,"template":"","meta":{"_acf_changed":false},"product_brand":[],"product_cat":[425,4740,429],"product_tag":[2249,2244,2245,2250],"class_list":{"0":"post-45066","1":"product","2":"type-product","3":"status-publish","4":"has-post-thumbnail","6":"product_cat-deshumidificateurs","7":"product_cat-professionels","8":"product_cat-professionnels","9":"product_tag-eglises","10":"product_tag-entrepot","11":"product_tag-installations-industrielles","12":"product_tag-zones-de-production","13":"product_shipping_class-sweden-very-high","14":"splide__slide","16":"first","17":"instock","18":"taxable","19":"shipping-taxable","20":"purchasable","21":"product-type-simple"},"acf":[],"_links":{"self":[{"href":"https:\/\/woods.se\/fr\/wp-json\/wp\/v2\/product\/45066","targetHints":{"allow":["GET"]}}],"collection":[{"href":"https:\/\/woods.se\/fr\/wp-json\/wp\/v2\/product"}],"about":[{"href":"https:\/\/woods.se\/fr\/wp-json\/wp\/v2\/types\/product"}],"wp:featuredmedia":[{"embeddable":true,"href":"https:\/\/woods.se\/fr\/wp-json\/wp\/v2\/media\/44285"}],"wp:attachment":[{"href":"https:\/\/woods.se\/fr\/wp-json\/wp\/v2\/media?parent=45066"}],"wp:term":[{"taxonomy":"product_brand","embeddable":true,"href":"https:\/\/woods.se\/fr\/wp-json\/wp\/v2\/product_brand?post=45066"},{"taxonomy":"product_cat","embeddable":true,"href":"https:\/\/woods.se\/fr\/wp-json\/wp\/v2\/product_cat?post=45066"},{"taxonomy":"product_tag","embeddable":true,"href":"https:\/\/woods.se\/fr\/wp-json\/wp\/v2\/product_tag?post=45066"}],"curies":[{"name":"wp","href":"https:\/\/api.w.org\/{rel}","templated":true}]}}