{"id":45065,"date":"2024-12-10T13:59:08","date_gmt":"2024-12-10T12:59:08","guid":{"rendered":"https:\/\/stage.woods.se\/?post_type=product&#038;p=45065"},"modified":"2026-03-05T14:39:40","modified_gmt":"2026-03-05T13:39:40","slug":"woods-wcd8hgh-pro","status":"publish","type":"product","link":"https:\/\/woods.se\/fr\/products\/deshumidificateurs\/woods-wcd8hgh-pro\/","title":{"rendered":"Wood&rsquo;s WCD8HGH Pro"},"content":{"rendered":"<h2>Wood&rsquo;s WCD8HGH Pro<\/h2>\n<h3>D\u00e9shumidificateur puissant avec chauffage pour les entrep\u00f4ts, les installations industrielles et autres grands locaux<\/h3>\n<p>Le WCD8HGH Pro de Wood&rsquo;s est un d\u00e9shumidificateur professionnel de qualit\u00e9 industrielle con\u00e7u pour assurer un contr\u00f4le fiable de l&rsquo;humidit\u00e9 dans les tr\u00e8s grands espaces tels que les entrep\u00f4ts, les installations industrielles et autres grands b\u00e2timents. Avec une capacit\u00e9 de 49 litres par jour et un d\u00e9bit d&rsquo;air de 300 m\u00b3\/h, il assure une circulation et une d\u00e9shumidification efficaces, m\u00eame dans des environnements exigeants.<br \/>\nLe chauffage int\u00e9gr\u00e9 est un avantage unique qui augmente encore l&rsquo;efficacit\u00e9 de la d\u00e9shumidification, car l&rsquo;air chaud peut transporter plus d&rsquo;humidit\u00e9. Cela permet au WCD8HGH Pro de fonctionner plus rapidement et plus efficacement, m\u00eame dans des locaux froids et humides.  <\/p>\n<h3>Zones d&rsquo;utilisation recommand\u00e9es:<\/h3>\n<p><strong>Entrep\u00f4ts et installations industrielles :<\/strong> Contr\u00f4le continu de l&rsquo;humidit\u00e9 dans les grands locaux o\u00f9 la stabilit\u00e9 et la fiabilit\u00e9 du fonctionnement sont cruciales.<br \/>\n<strong>Les \u00e9glises et les zones de production :<\/strong> Prot\u00e8ge les b\u00e2timents, les machines et les \u00e9quipements contre les dommages caus\u00e9s par l&rsquo;humidit\u00e9.<br \/>\n<strong>Locaux vastes et froids :<\/strong> Gr\u00e2ce au chauffage et \u00e0 i-EcoDefrost, il fonctionne toute l&rsquo;ann\u00e9e, m\u00eame \u00e0 des temp\u00e9ratures aussi basses que +2 \u00b0C.<\/p>\n<h3>Efficace toute l&rsquo;ann\u00e9e gr\u00e2ce au d\u00e9givrage intelligent<\/h3>\n<p>Gr\u00e2ce au syst\u00e8me i-EcoDefrost exclusif de Wood&rsquo;s, le WCD8HGH Pro s&rsquo;adapte automatiquement \u00e0 la temp\u00e9rature et \u00e0 l&rsquo;humidit\u00e9, offrant un fonctionnement stable et \u00e9conome en \u00e9nergie de +2 \u00b0C \u00e0 +35 \u00b0C (et jusqu&rsquo;\u00e0 +40 \u00b0C en fonctionnement intermittent).<\/p>\n<h3>Construction robuste pour un fonctionnement continu<\/h3>\n<p>Le WCD8HGH Pro est con\u00e7u pour r\u00e9sister aux conditions difficiles gr\u00e2ce \u00e0 son ch\u00e2ssis renforc\u00e9, ses roues robustes et sa poign\u00e9e rabattable. Il peut fonctionner 24 heures sur 24 sans compromettre ses performances, ce qui le rend id\u00e9al pour une utilisation \u00e0 long terme dans des environnements agressifs. <\/p>\n<h3>Fabrication su\u00e9doise ax\u00e9e sur le d\u00e9veloppement durable<\/h3>\n<p>Fabriqu\u00e9 en Su\u00e8de avec des composants de haute qualit\u00e9 et une fiabilit\u00e9 imbattable. Le WCD8HGH Pro utilise un r\u00e9frig\u00e9rant respectueux de l&rsquo;environnement (R-290) et dispose d&rsquo;un filtre lavable, ce qui le rend \u00e0 la fois \u00e9conome en \u00e9nergie et durable. <\/p>\n","protected":false},"excerpt":{"rendered":"<p>Le WCD8HGH Pro de Wood&rsquo;s est l&rsquo;un des d\u00e9shumidificateurs les plus puissants et les plus efficaces du march\u00e9 pour les grands locaux tels que les entrep\u00f4ts, les installations industrielles et les \u00e9glises. Avec une capacit\u00e9 de 49 litres\/jour, un chauffage int\u00e9gr\u00e9 et un syst\u00e8me de d\u00e9givrage \u00e9conome en \u00e9nergie, il assure un contr\u00f4le stable de l&rsquo;humidit\u00e9, m\u00eame \u00e0 basse temp\u00e9rature. Sa construction robuste, sa conception empilable et sa facilit\u00e9 de transport en font un choix fiable pour les environnements exigeants o\u00f9 la d\u00e9shumidification continue est cruciale.  <\/p>\n","protected":false},"featured_media":44208,"template":"","meta":{"_acf_changed":false},"product_brand":[],"product_cat":[425,4740,429],"product_tag":[2244,2246,2245],"class_list":{"0":"post-45065","1":"product","2":"type-product","3":"status-publish","4":"has-post-thumbnail","6":"product_cat-deshumidificateurs","7":"product_cat-professionels","8":"product_cat-professionnels","9":"product_tag-entrepot","10":"product_tag-grands-locaux","11":"product_tag-installations-industrielles","12":"product_shipping_class-very-high","13":"splide__slide","15":"first","16":"instock","17":"taxable","18":"shipping-taxable","19":"purchasable","20":"product-type-simple"},"acf":[],"_links":{"self":[{"href":"https:\/\/woods.se\/fr\/wp-json\/wp\/v2\/product\/45065","targetHints":{"allow":["GET"]}}],"collection":[{"href":"https:\/\/woods.se\/fr\/wp-json\/wp\/v2\/product"}],"about":[{"href":"https:\/\/woods.se\/fr\/wp-json\/wp\/v2\/types\/product"}],"wp:featuredmedia":[{"embeddable":true,"href":"https:\/\/woods.se\/fr\/wp-json\/wp\/v2\/media\/44208"}],"wp:attachment":[{"href":"https:\/\/woods.se\/fr\/wp-json\/wp\/v2\/media?parent=45065"}],"wp:term":[{"taxonomy":"product_brand","embeddable":true,"href":"https:\/\/woods.se\/fr\/wp-json\/wp\/v2\/product_brand?post=45065"},{"taxonomy":"product_cat","embeddable":true,"href":"https:\/\/woods.se\/fr\/wp-json\/wp\/v2\/product_cat?post=45065"},{"taxonomy":"product_tag","embeddable":true,"href":"https:\/\/woods.se\/fr\/wp-json\/wp\/v2\/product_tag?post=45065"}],"curies":[{"name":"wp","href":"https:\/\/api.w.org\/{rel}","templated":true}]}}