{"id":45063,"date":"2024-12-10T13:42:00","date_gmt":"2024-12-10T12:42:00","guid":{"rendered":"https:\/\/stage.woods.se\/?post_type=product&#038;p=45063"},"modified":"2026-03-05T16:08:32","modified_gmt":"2026-03-05T15:08:32","slug":"woods-dsc95p","status":"publish","type":"product","link":"https:\/\/woods.se\/fr\/products\/deshumidificateurs\/vides-sanitaires\/woods-dsc95p\/","title":{"rendered":"Wood&rsquo;s DSC95P"},"content":{"rendered":"<h2>Wood&rsquo;s DSC95P<\/h2>\n<h3>D\u00e9shumidificateur puissant pour les vides sanitaires, avec pompe et distribution intelligente de l&rsquo;air<\/h3>\n<p>L&rsquo;humidit\u00e9 dans les vides sanitaires, les sous-sols et les zones similaires peut rapidement entra\u00eener des moisissures, des odeurs et des dommages \u00e0 la structure du b\u00e2timent. Des dommages dont la r\u00e9paration peut s&rsquo;av\u00e9rer tr\u00e8s co\u00fbteuse. Le DSC95P de Wood&rsquo;s est con\u00e7u pour prot\u00e9ger efficacement ces espaces vuln\u00e9rables en \u00e9liminant de grandes quantit\u00e9s d&rsquo;humidit\u00e9 tout en cr\u00e9ant une circulation d&rsquo;air r\u00e9guli\u00e8re. Gr\u00e2ce au raccordement \u00e0 la gaine, l&rsquo;air chaud et sec est dirig\u00e9 l\u00e0 o\u00f9 il est le plus n\u00e9cessaire, ce qui garantit la d\u00e9shumidification de l&rsquo;ensemble de l&rsquo;espace, et pas seulement du voisinage imm\u00e9diat du d\u00e9shumidificateur.   <\/p>\n<h3>Capacit\u00e9 et d\u00e9bit d&rsquo;air \u00e9lev\u00e9s pour une circulation efficace<\/h3>\n<p>Le DSC95P a une capacit\u00e9 de 42 litres par jour et un d\u00e9bit d&rsquo;air puissant allant jusqu&rsquo;\u00e0 300 m\u00b3\/h. Avec le tuyau de gaine fourni, il garantit que les grands espaces restent exempts d&rsquo;humidit\u00e9, m\u00eame s&rsquo;ils sont divis\u00e9s en plusieurs pi\u00e8ces. <\/p>\n<h3>Caract\u00e9ristiques principales :<\/h3>\n\n<h3>Un fonctionnement s\u00fbr avec de nombreuses possibilit\u00e9s<\/h3>\n<p>Fabriqu\u00e9 en Su\u00e8de, avec des pieds solides et une construction robuste en acier inoxydable, le DSC95P est con\u00e7u pour durer. Vous pouvez facilement le contr\u00f4ler et surveiller l&rsquo;humidit\u00e9 et la temp\u00e9rature gr\u00e2ce au panneau de commande externe. Il est reli\u00e9 \u00e0 un c\u00e2ble de 2 m\u00e8tres (inclus et pouvant \u00eatre rallong\u00e9 si n\u00e9cessaire), ce qui signifie que vous n&rsquo;avez pas \u00e0 ramper dans le vide sanitaire. L&rsquo;eau de condensation est automatiquement \u00e9vacu\u00e9e sans r\u00e9servoir d&rsquo;eau via le tuyau d&rsquo;\u00e9vacuation fourni, et la pompe int\u00e9gr\u00e9e peut remonter l&rsquo;eau jusqu&rsquo;\u00e0 10 m\u00e8tres, ce qui offre une grande flexibilit\u00e9 lors de l&rsquo;installation. Le DSC95P red\u00e9marre automatiquement apr\u00e8s une panne de courant, garantissant un environnement sec et s\u00fbr 24 heures sur 24, tout au long de l&rsquo;ann\u00e9e.    <\/p>\n<h3>Installation facile et faibles co\u00fbts d&rsquo;exploitation<\/h3>\n<p>Le DSC95P de Wood&rsquo;s est un d\u00e9shumidificateur \u00e0 condensation qui allie durabilit\u00e9 et technologie avanc\u00e9e. Il est \u00e9quip\u00e9 du syst\u00e8me brevet\u00e9 i-EcoDefrost de Wood&rsquo;s, un syst\u00e8me de d\u00e9givrage intelligent qui optimise l&rsquo;efficacit\u00e9 \u00e9nerg\u00e9tique et garantit une d\u00e9shumidification constante et fiable, m\u00eame \u00e0 des temp\u00e9ratures aussi basses que +2\u00b0C. C&rsquo;est une chose que beaucoup d&rsquo;autres d\u00e9shumidificateurs \u00e0 condensation ne peuvent pas faire. Contrairement aux d\u00e9shumidificateurs \u00e0 sorption (courants dans les vides sanitaires), il est nettement plus \u00e9conome en \u00e9nergie, ses co\u00fbts de fonctionnement et d&rsquo;achat sont nettement inf\u00e9rieurs et il n\u00e9cessite moins d&rsquo;entretien. Un autre avantage important est qu&rsquo;il ne n\u00e9cessite pas d&rsquo;installation co\u00fbteuse ou de tuyauterie compliqu\u00e9e, si ce n&rsquo;est pour diriger l&rsquo;eau de condensation vers un drain existant ou simplement pour creuser une fosse en pierre.    <\/p>\n<h3>Conseils d&rsquo;installation pour le d\u00e9shumidificateur de vide sanitaire DSC95P<\/h3>\n<p>1. Scellez les orifices d&rsquo;a\u00e9ration et, si possible, posez une toile de sol pour \u00e9viter toute entr\u00e9e inutile d&rsquo;air humide.<br \/>\n2. Placez le d\u00e9shumidificateur au centre du vide sanitaire pour une meilleure r\u00e9partition de l&rsquo;air.<br \/>\n3. \u00c9vacuez l&rsquo;eau de condensation \u00e0 l&rsquo;aide du tuyau d&rsquo;\u00e9vacuation fourni. S&rsquo;il n&rsquo;y a pas d&rsquo;\u00e9vacuation, vous pouvez creuser une simple fosse en pierre (20-30 cm de profondeur, remplie de macadam) et y faire descendre le tuyau.<br \/>\n4. Connectez le tuyau de canalisation pour distribuer l&rsquo;air sec \u00e0 des parties \u00e9loign\u00e9es de la fondation ou pour cr\u00e9er une meilleure circulation.<br \/>\n5. Placez le panneau de contr\u00f4le pr\u00e8s de l&rsquo;entr\u00e9e\/ouverture pour surveiller facilement le niveau d&rsquo;humidit\u00e9 sans avoir \u00e0 entrer dans le vide sanitaire.<br \/>\nAvec le DSC95P, vous obtenez un d\u00e9shumidificateur puissant avec une pompe. Il est con\u00e7u pour garantir un environnement s\u00fbr et exempt d&rsquo;humidit\u00e9 dans votre vide sanitaire ou d&rsquo;autres zones similaires pendant longtemps.  <\/p>\n<p><iframe loading=\"lazy\" title=\"Wood&#039;s dehumidifier DSC95P \u2013 Versatile Crawl Space and Whole House Dehumidifier\" width=\"500\" height=\"281\" src=\"https:\/\/www.youtube.com\/embed\/D-mBb3X2tuM?feature=oembed\" frameborder=\"0\" allow=\"accelerometer; autoplay; clipboard-write; encrypted-media; gyroscope; picture-in-picture; web-share\" referrerpolicy=\"strict-origin-when-cross-origin\" allowfullscreen><\/iframe><\/p>\n","protected":false},"excerpt":{"rendered":"<p>Le DSC95P de Wood&rsquo;s est un d\u00e9shumidificateur multifonctionnel de fabrication su\u00e9doise, sp\u00e9cialement con\u00e7u pour les vides sanitaires et les grands sous-sols. Avec une capacit\u00e9 de 42 litres\/jour, une pompe int\u00e9gr\u00e9e qui pompe l&rsquo;eau de condensation jusqu&rsquo;\u00e0 10 m\u00e8tres et la possibilit\u00e9 de canaliser l&rsquo;air sec l\u00e0 o\u00f9 il est le plus n\u00e9cessaire, vous b\u00e9n\u00e9ficiez d&rsquo;un contr\u00f4le fiable de l&rsquo;humidit\u00e9 dans l&rsquo;ensemble de l&rsquo;espace. Il est dot\u00e9 d&rsquo;un panneau de commande num\u00e9rique externe, d&rsquo;un fonctionnement \u00e9conome en \u00e9nergie et d&rsquo;une garantie de 6 ans.  <\/p>\n","protected":false},"featured_media":44771,"template":"","meta":{"_acf_changed":false},"product_brand":[],"product_cat":[425,4737],"product_tag":[2234],"class_list":{"0":"post-45063","1":"product","2":"type-product","3":"status-publish","4":"has-post-thumbnail","6":"product_cat-deshumidificateurs","7":"product_cat-vides-sanitaires","8":"product_tag-vide-sanitaire","9":"product_shipping_class-very-high","10":"splide__slide","12":"first","13":"outofstock","14":"taxable","15":"shipping-taxable","16":"purchasable","17":"product-type-simple"},"acf":[],"_links":{"self":[{"href":"https:\/\/woods.se\/fr\/wp-json\/wp\/v2\/product\/45063","targetHints":{"allow":["GET"]}}],"collection":[{"href":"https:\/\/woods.se\/fr\/wp-json\/wp\/v2\/product"}],"about":[{"href":"https:\/\/woods.se\/fr\/wp-json\/wp\/v2\/types\/product"}],"wp:featuredmedia":[{"embeddable":true,"href":"https:\/\/woods.se\/fr\/wp-json\/wp\/v2\/media\/44771"}],"wp:attachment":[{"href":"https:\/\/woods.se\/fr\/wp-json\/wp\/v2\/media?parent=45063"}],"wp:term":[{"taxonomy":"product_brand","embeddable":true,"href":"https:\/\/woods.se\/fr\/wp-json\/wp\/v2\/product_brand?post=45063"},{"taxonomy":"product_cat","embeddable":true,"href":"https:\/\/woods.se\/fr\/wp-json\/wp\/v2\/product_cat?post=45063"},{"taxonomy":"product_tag","embeddable":true,"href":"https:\/\/woods.se\/fr\/wp-json\/wp\/v2\/product_tag?post=45063"}],"curies":[{"name":"wp","href":"https:\/\/api.w.org\/{rel}","templated":true}]}}