{"id":45061,"date":"2024-12-10T14:00:06","date_gmt":"2024-12-10T13:00:06","guid":{"rendered":"https:\/\/stage.woods.se\/?post_type=product&#038;p=45061"},"modified":"2026-03-05T14:27:24","modified_gmt":"2026-03-05T13:27:24","slug":"woods-wdd90","status":"publish","type":"product","link":"https:\/\/woods.se\/fr\/produits\/deshumidificateurs\/pieces-froides\/woods-wdd90\/","title":{"rendered":"Wood&rsquo;s WDD90"},"content":{"rendered":"<h2>Wood&rsquo;s WDD90<\/h2>\n<h3>Une nouvelle g\u00e9n\u00e9ration de d\u00e9shumidificateurs pour les espaces froids<\/h3>\n<p>Le WDD90 de Wood&rsquo;s est la derni\u00e8re innovation en mati\u00e8re de d\u00e9shumidification par d\u00e9sorption &#8211; compact, puissant et \u00e9quip\u00e9 du WiFi. Avec son design moderne et sa technologie avanc\u00e9e, il est con\u00e7u pour traiter les environnements humides et froids o\u00f9 les d\u00e9shumidificateurs traditionnels perdent souvent leur efficacit\u00e9. Gr\u00e2ce \u00e0 sa technologie de sorption, il fonctionne aussi bien \u00e0 0\u00b0C qu&rsquo;\u00e0 des temp\u00e9ratures plus chaudes, ce qui le rend parfait pour, les bateaux et les caravanes.  <\/p>\n<h3>Caract\u00e9ristiques principales :<\/h3>\n\n<h3>Comment fonctionne un d\u00e9shumidificateur \u00e0 dessiccation ?<\/h3>\n<p>Au c\u0153ur du WDD90 se trouve un rotor rotatif rempli d&rsquo;un mat\u00e9riau absorbant qui capture l&rsquo;humidit\u00e9 de l&rsquo;air. Celle-ci est ensuite lib\u00e9r\u00e9e par la chaleur et transport\u00e9e vers un condenseur, o\u00f9 elle est transform\u00e9e en eau. L&rsquo;eau est recueillie dans le conteneur ou \u00e9vacu\u00e9e par un tuyau. Le processus a un effet secondaire naturel : lorsque la chaleur est utilis\u00e9e, de l&rsquo;\u00e9nergie est lib\u00e9r\u00e9e, ce qui augmente l\u00e9g\u00e8rement la temp\u00e9rature de la pi\u00e8ce. Le WDD90 est donc particuli\u00e8rement adapt\u00e9 aux environnements froids o\u00f9 une chaleur suppl\u00e9mentaire est n\u00e9cessaire.   <\/p>\n<h3>Efficace et convivial<\/h3>\n<p>Le nouveau WDD90 est con\u00e7u pour \u00eatre facile \u00e0 utiliser et s&rsquo;adapter \u00e0 vos besoins. Avec trois vitesses de ventilation et un d\u00e9bit d&rsquo;air puissant, vous obtenez toujours le bon niveau de d\u00e9shumidification. Son faible niveau sonore en fait un appareil id\u00e9al, m\u00eame dans les petits espaces. Gr\u00e2ce \u00e0 la fonction WiFi int\u00e9gr\u00e9e, vous pouvez contr\u00f4ler et surveiller le d\u00e9shumidificateur o\u00f9 que vous soyez. Veuillez noter que pour des raisons de s\u00e9curit\u00e9, vous ne pouvez pas d\u00e9marrer le d\u00e9shumidificateur \u00e0 distance.    <\/p>\n<h3>Un environnement int\u00e9rieur sain<\/h3>\n<p>Le WDD90 est \u00e9quip\u00e9 d&rsquo;un filtre \u00e0 poussi\u00e8re lavable pour un entretien facile. L&rsquo;ionisation int\u00e9gr\u00e9e purifie l&rsquo;air tout en \u00e9liminant l&rsquo;humidit\u00e9, vous offrant ainsi un environnement int\u00e9rieur plus frais, plus propre et plus sain. <\/p>\n<h3>Con\u00e7u pour la flexibilit\u00e9<\/h3>\n<p>Avec sa taille pratique, son design moderne et ses fonctions intelligentes, le WDD90 est facile \u00e0 placer et \u00e0 utiliser tout au long de l&rsquo;ann\u00e9e. Que vous souhaitiez prot\u00e9ger votre bateau des dommages caus\u00e9s par l&rsquo;humidit\u00e9 pendant l&rsquo;hiver, ou cr\u00e9er un climat plus confortable dans votre caravane, le WDD90 est une nouvelle solution fiable. <\/p>\n<h3>Prolongez votre garantie<\/h3>\n<p>En enregistrant votre WDD90 sur <a href=\"https:\/\/warranty-woods.com\/\">warranty-woods.com<\/a>, vous pouvez \u00e9tendre la garantie de 2 \u00e0 3 ans.<\/p>\n<p>&nbsp;<\/p>\n","protected":false},"excerpt":{"rendered":"<p>Le nouveau Wood&rsquo;s WDD90 est un d\u00e9shumidificateur \u00e0 sorption moderne avec WiFi qui associe un contr\u00f4le intelligent \u00e0 une d\u00e9shumidification puissante. Il fonctionne jusqu&rsquo;\u00e0 0\u00b0C et est id\u00e9al pour les bateaux et les caravanes. Avec ses trois vitesses de ventilation, son fonctionnement silencieux et son drainage continu, il est \u00e0 la fois pratique et efficace. L&rsquo;ionisation int\u00e9gr\u00e9e am\u00e9liore \u00e9galement la qualit\u00e9 de l&rsquo;air et cr\u00e9e un environnement int\u00e9rieur plus sain.   <\/p>\n","protected":false},"featured_media":43441,"template":"","meta":{"_acf_changed":false},"product_brand":[],"product_cat":[425,4736],"product_tag":[444,2226,433,434,436],"class_list":{"0":"post-45061","1":"product","2":"type-product","3":"status-publish","4":"has-post-thumbnail","6":"product_cat-deshumidificateurs","7":"product_cat-pieces-froides","8":"product_tag-bateau","9":"product_tag-caravane","10":"product_tag-espace-froid","11":"product_tag-maison-secondaire","12":"product_tag-wifi-fr","13":"product_shipping_class-wdd90","14":"splide__slide","16":"first","17":"instock","18":"taxable","19":"shipping-taxable","20":"purchasable","21":"product-type-simple"},"acf":[],"_links":{"self":[{"href":"https:\/\/woods.se\/fr\/wp-json\/wp\/v2\/product\/45061","targetHints":{"allow":["GET"]}}],"collection":[{"href":"https:\/\/woods.se\/fr\/wp-json\/wp\/v2\/product"}],"about":[{"href":"https:\/\/woods.se\/fr\/wp-json\/wp\/v2\/types\/product"}],"wp:featuredmedia":[{"embeddable":true,"href":"https:\/\/woods.se\/fr\/wp-json\/wp\/v2\/media\/43441"}],"wp:attachment":[{"href":"https:\/\/woods.se\/fr\/wp-json\/wp\/v2\/media?parent=45061"}],"wp:term":[{"taxonomy":"product_brand","embeddable":true,"href":"https:\/\/woods.se\/fr\/wp-json\/wp\/v2\/product_brand?post=45061"},{"taxonomy":"product_cat","embeddable":true,"href":"https:\/\/woods.se\/fr\/wp-json\/wp\/v2\/product_cat?post=45061"},{"taxonomy":"product_tag","embeddable":true,"href":"https:\/\/woods.se\/fr\/wp-json\/wp\/v2\/product_tag?post=45061"}],"curies":[{"name":"wp","href":"https:\/\/api.w.org\/{rel}","templated":true}]}}