{"id":44084,"date":"2024-12-10T13:47:12","date_gmt":"2024-12-10T12:47:12","guid":{"rendered":"https:\/\/stage.woods.se\/?post_type=product&#038;p=44084"},"modified":"2026-03-06T14:49:51","modified_gmt":"2026-03-06T13:49:51","slug":"woods-mdk13","status":"publish","type":"product","link":"https:\/\/woods.se\/fr\/produits\/deshumidificateurs\/salles-de-bains\/woods-mdk13\/","title":{"rendered":"Wood&rsquo;s MDK13"},"content":{"rendered":"<h2>Wood&rsquo;s MDK13<\/h2>\n<h3>D\u00e9shumidification efficace des salles de bains<\/h3>\n<p>Le MDK13 de Wood&rsquo;s est un d\u00e9shumidificateur compact et efficace, con\u00e7u pour les petits espaces tels que les salles de bains. Gr\u00e2ce \u00e0 son design soign\u00e9, il est facile \u00e0 d\u00e9placer et \u00e0 sortir en cas de besoin. Le MDK13 vous aide \u00e0 maintenir un environnement int\u00e9rieur sain, exempt d&rsquo;humidit\u00e9 et de moisissures. La sortie d&rsquo;air sup\u00e9rieure permet aux serviettes de rester fra\u00eeches plus longtemps et de s\u00e9cher efficacement les petites quantit\u00e9s de linge.   <\/p>\n<h3>Caract\u00e9ristiques principales :<\/h3>\n\n<h3>Contr\u00f4le convivial et flexible<\/h3>\n<p>Le MDK13 est \u00e9quip\u00e9 de boutons clairs et faciles \u00e0 utiliser, qui facilitent le r\u00e9glage du niveau d&rsquo;humidit\u00e9 souhait\u00e9, de la minuterie et d&rsquo;autres fonctions. La minuterie vous permet \u00e9galement de r\u00e9gler exactement la dur\u00e9e pendant laquelle le d\u00e9shumidificateur doit \u00eatre actif, ce qui vous donne un contr\u00f4le total sur l&rsquo;humidit\u00e9 sans avoir \u00e0 surveiller le processus. Son fonctionnement silencieux le rend discret, id\u00e9al pour les espaces o\u00f9 il est important d&rsquo;avoir un faible niveau sonore.  <\/p>\n<h3>Efficacit\u00e9 \u00e9nerg\u00e9tique et respect de l&rsquo;environnement<\/h3>\n<p>Le MDK13 utilise le r\u00e9frig\u00e9rant R290, qui est une alternative \u00e9conome en \u00e9nergie et plus respectueuse du climat. Cela signifie que le MDK13 de Wood est conforme aux futures directives environnementales et offre une solution plus \u00e9cologique pour une d\u00e9shumidification efficace. <\/p>\n<h3>Fonctionnement fiable et s\u00fbr pour les petites surfaces<\/h3>\n<p>Avec une capacit\u00e9 \u00e9lev\u00e9e pour sa taille, des dimensions compactes, une faible consommation d&rsquo;\u00e9nergie et un arr\u00eat automatique lorsque le r\u00e9servoir d&rsquo;eau est plein (ou que l&rsquo;humidit\u00e9 est optimale), le MDK13 est un choix s\u00fbr et pratique pour la maison.<\/p>\n<h3>Prolongez votre garantie<\/h3>\n<p>En enregistrant votre MDK13 sur <a href=\"https:\/\/warranty-woods.com\">warranty-woods.com<\/a>, vous prolongez la garantie de 2 \u00e0 3 ans.<\/p>\n<p>&nbsp;<\/p>\n","protected":false},"excerpt":{"rendered":"<p>Le MDK13 de Wood&rsquo;s est un d\u00e9shumidificateur compact et facile \u00e0 utiliser, parfait pour les petits espaces tels que les salles de bains. Il \u00e9limine efficacement l&rsquo;exc\u00e8s d&rsquo;humidit\u00e9, r\u00e9duit le risque de moisissure et am\u00e9liore la qualit\u00e9 de l&rsquo;air int\u00e9rieur. Gr\u00e2ce \u00e0 sa sortie sup\u00e9rieure, le MDK13 s\u00e8che les serviettes et les petites quantit\u00e9s de linge, ce qui est parfait pour les espaces o\u00f9 la place est compt\u00e9e. Facile \u00e0 utiliser, avec un affichage clair et convivial des boutons et une option de vidange continue, le MDK13 est un choix judicieux pour un environnement plus sain et plus frais.   <\/p>\n","protected":false},"featured_media":43209,"template":"","meta":{"_acf_changed":false},"product_brand":[],"product_cat":[425,4735],"product_tag":[1412,1411],"class_list":{"0":"post-44084","1":"product","2":"type-product","3":"status-publish","4":"has-post-thumbnail","6":"product_cat-deshumidificateurs","7":"product_cat-salles-de-bains","8":"product_tag-petits-espaces-chauffes-18c","9":"product_tag-salle-de-bains","10":"product_shipping_class-high","11":"splide__slide","13":"first","14":"instock","15":"taxable","16":"shipping-taxable","17":"purchasable","18":"product-type-simple"},"acf":[],"_links":{"self":[{"href":"https:\/\/woods.se\/fr\/wp-json\/wp\/v2\/product\/44084","targetHints":{"allow":["GET"]}}],"collection":[{"href":"https:\/\/woods.se\/fr\/wp-json\/wp\/v2\/product"}],"about":[{"href":"https:\/\/woods.se\/fr\/wp-json\/wp\/v2\/types\/product"}],"wp:featuredmedia":[{"embeddable":true,"href":"https:\/\/woods.se\/fr\/wp-json\/wp\/v2\/media\/43209"}],"wp:attachment":[{"href":"https:\/\/woods.se\/fr\/wp-json\/wp\/v2\/media?parent=44084"}],"wp:term":[{"taxonomy":"product_brand","embeddable":true,"href":"https:\/\/woods.se\/fr\/wp-json\/wp\/v2\/product_brand?post=44084"},{"taxonomy":"product_cat","embeddable":true,"href":"https:\/\/woods.se\/fr\/wp-json\/wp\/v2\/product_cat?post=44084"},{"taxonomy":"product_tag","embeddable":true,"href":"https:\/\/woods.se\/fr\/wp-json\/wp\/v2\/product_tag?post=44084"}],"curies":[{"name":"wp","href":"https:\/\/api.w.org\/{rel}","templated":true}]}}