{"id":44083,"date":"2024-12-10T13:48:13","date_gmt":"2024-12-10T12:48:13","guid":{"rendered":"https:\/\/stage.woods.se\/?post_type=product&#038;p=44083"},"modified":"2026-03-06T14:55:15","modified_gmt":"2026-03-06T13:55:15","slug":"woods-mdk26","status":"publish","type":"product","link":"https:\/\/woods.se\/fr\/products\/deshumidificateurs\/espaces-de-vie\/woods-mdk26\/","title":{"rendered":"Wood&rsquo;s MDK26"},"content":{"rendered":"<h2>Wood&rsquo;s MDK26<\/h2>\n<h3>D\u00e9shumidification optimale de la maison<\/h3>\n<p>Le MDK26 de Wood&rsquo;s est un d\u00e9shumidificateur haute performance qui vous aide efficacement \u00e0 maintenir un taux d&rsquo;humidit\u00e9 ad\u00e9quat dans les salons, les chambres et les appartements. Avec une \u00e9vacuation par le haut et une capacit\u00e9 de 25 litres d&rsquo;humidit\u00e9 par jour, il cr\u00e9e un environnement int\u00e9rieur frais, exempt d&rsquo;odeurs d\u00e9sagr\u00e9ables et de risque de moisissure. Il s\u00e8che \u00e9galement le linge en douceur et efficacement.  <\/p>\n<h3>Caract\u00e9ristiques principales<\/h3>\n\n<h3>Compact et facile \u00e0 utiliser<\/h3>\n<p>Le MDK26 est facile \u00e0 utiliser gr\u00e2ce \u00e0 son panneau de commande tactile clair, qui vous permet de r\u00e9gler le niveau d&rsquo;humidit\u00e9 souhait\u00e9. Gr\u00e2ce \u00e0 la minuterie programmable, vous pouvez facilement ajuster la d\u00e9shumidification en fonction de vos besoins. <\/p>\n<h3>Efficacit\u00e9 \u00e9nerg\u00e9tique et respect de l&rsquo;environnement<\/h3>\n<p>Gr\u00e2ce au r\u00e9frig\u00e9rant R290, le MDK26 allie une grande efficacit\u00e9 \u00e9nerg\u00e9tique \u00e0 un fonctionnement respectueux de l&rsquo;environnement. Le d\u00e9givrage automatique et l&rsquo;indicateur de r\u00e9servoir d&rsquo;eau plein garantissent que l&rsquo;appareil fonctionne toujours de mani\u00e8re optimale. <\/p>\n<h3>S\u00fbre et fiable<\/h3>\n<p>Le d\u00e9shumidificateur s&rsquo;arr\u00eate automatiquement lorsque le r\u00e9servoir d&rsquo;eau est plein. L&rsquo;hygrom\u00e8tre int\u00e9gr\u00e9 surveille l&rsquo;humidit\u00e9 et assure un climat constant. Un filtre \u00e0 poussi\u00e8re lavable et une option de drainage continu rendent le MDK26 \u00e0 la fois s\u00fbr et facile \u00e0 entretenir.  <\/p>\n<h3>Prolongez votre garantie<\/h3>\n<p>Enregistrez votre MDK26 sur <a href=\"https:\/\/warranty-woods.com\/\">warranty-woods.com<\/a> et prolongez la garantie de 2 \u00e0 3 ans.<\/p>\n<p>Le MDK26 est le choix id\u00e9al pour toutes les pi\u00e8ces chauff\u00e9es de la maison et garantit un environnement int\u00e9rieur sain, sec et confortable tout au long de l&rsquo;ann\u00e9e.<\/p>\n<p><iframe loading=\"lazy\" title=\"Instruction video - Wood&#039;s MDK26 (English)\" width=\"500\" height=\"281\" src=\"https:\/\/www.youtube.com\/embed\/4BgX9MdCg20?feature=oembed\" frameborder=\"0\" allow=\"accelerometer; autoplay; clipboard-write; encrypted-media; gyroscope; picture-in-picture; web-share\" referrerpolicy=\"strict-origin-when-cross-origin\" allowfullscreen><\/iframe><\/p>\n","protected":false},"excerpt":{"rendered":"<p>Le MDK26 de Wood&rsquo;s est un d\u00e9shumidificateur puissant pour les espaces de vie chauff\u00e9s tels que les salons, les chambres et les appartements. Avec une capacit\u00e9 de 25 litres par jour et une \u00e9vacuation par le haut, il am\u00e9liore rapidement la qualit\u00e9 de l&rsquo;air int\u00e9rieur et cr\u00e9e un climat frais et confortable. Il est dot\u00e9 d&rsquo;un panneau de commande tactile clair pour une utilisation facile et, gr\u00e2ce au d\u00e9givrage automatique, il constitue une solution fiable contre l&rsquo;humidit\u00e9 tout au long de l&rsquo;ann\u00e9e.  <\/p>\n","protected":false},"featured_media":43718,"template":"","meta":{"_acf_changed":false},"product_brand":[],"product_cat":[425,4739],"product_tag":[1430,442,432,1897],"class_list":{"0":"post-44083","1":"product","2":"type-product","3":"status-publish","4":"has-post-thumbnail","6":"product_cat-deshumidificateurs","7":"product_cat-espaces-de-vie","8":"product_tag-appartement","9":"product_tag-chambre","10":"product_tag-espace-de-vie","11":"product_tag-salle-de-sejour","12":"product_shipping_class-high","13":"splide__slide","15":"first","16":"instock","17":"taxable","18":"shipping-taxable","19":"purchasable","20":"product-type-simple"},"acf":[],"_links":{"self":[{"href":"https:\/\/woods.se\/fr\/wp-json\/wp\/v2\/product\/44083","targetHints":{"allow":["GET"]}}],"collection":[{"href":"https:\/\/woods.se\/fr\/wp-json\/wp\/v2\/product"}],"about":[{"href":"https:\/\/woods.se\/fr\/wp-json\/wp\/v2\/types\/product"}],"wp:featuredmedia":[{"embeddable":true,"href":"https:\/\/woods.se\/fr\/wp-json\/wp\/v2\/media\/43718"}],"wp:attachment":[{"href":"https:\/\/woods.se\/fr\/wp-json\/wp\/v2\/media?parent=44083"}],"wp:term":[{"taxonomy":"product_brand","embeddable":true,"href":"https:\/\/woods.se\/fr\/wp-json\/wp\/v2\/product_brand?post=44083"},{"taxonomy":"product_cat","embeddable":true,"href":"https:\/\/woods.se\/fr\/wp-json\/wp\/v2\/product_cat?post=44083"},{"taxonomy":"product_tag","embeddable":true,"href":"https:\/\/woods.se\/fr\/wp-json\/wp\/v2\/product_tag?post=44083"}],"curies":[{"name":"wp","href":"https:\/\/api.w.org\/{rel}","templated":true}]}}