{"id":44043,"date":"2025-08-22T14:09:33","date_gmt":"2025-08-22T12:09:33","guid":{"rendered":"https:\/\/stage.woods.se\/?post_type=product&#038;p=44043"},"modified":"2026-03-04T11:03:00","modified_gmt":"2026-03-04T10:03:00","slug":"woods-wbd10","status":"publish","type":"product","link":"https:\/\/woods.se\/fr\/products\/deshumidificateurs\/salles-de-bains\/woods-wbd10\/","title":{"rendered":"WBD10 de Wood&rsquo;s"},"content":{"rendered":"<h2>WBD10 de Wood&rsquo;s<\/h2>\n<h3>La solution optimale pour les salles de bains et les petits espaces<\/h3>\n<p>Le WBD10 de Wood&rsquo;s est le d\u00e9shumidificateur id\u00e9al pour les petits espaces tels que les salles de bains, les bateaux, les caravanes et les chalets d&rsquo;\u00e9t\u00e9. Avec une capacit\u00e9 de d\u00e9shumidification allant jusqu&rsquo;\u00e0 10 litres par jour, il maintient efficacement les niveaux d&rsquo;humidit\u00e9 et cr\u00e9e un climat int\u00e9rieur plus sain. Sa conception compacte permet de le placer facilement, m\u00eame dans les endroits o\u00f9 l&rsquo;espace est limit\u00e9, et sa sortie sup\u00e9rieure fait office de \u00ab\u00a0s\u00e9choir\u00a0\u00bb pratique pour s\u00e9cher les serviettes et le linge.  <\/p>\n<h3>Caract\u00e9ristiques principales :<\/h3>\n\n<h3>Compact et facile \u00e0 utiliser<\/h3>\n<p>Le WBD10 est facile \u00e0 manipuler gr\u00e2ce \u00e0 sa poign\u00e9e int\u00e9gr\u00e9e, qui permet de le d\u00e9placer ais\u00e9ment dans diff\u00e9rents espaces. Avec un r\u00e9servoir de 2 litres et une possibilit\u00e9 de raccordement \u00e0 un tuyau, il est facile \u00e0 vider et peut \u00e9galement fonctionner en continu. Le filtre \u00e0 air lavable nettoie efficacement l&rsquo;air et contribue \u00e0 une meilleure qualit\u00e9 de l&rsquo;air pendant la d\u00e9shumidification.  <\/p>\n<h3>Efficacit\u00e9 \u00e9nerg\u00e9tique et respect de l&rsquo;environnement<\/h3>\n<p>Avec le r\u00e9frig\u00e9rant R290, le WBD10 combine un fonctionnement \u00e9conome en \u00e9nergie et des propri\u00e9t\u00e9s respectueuses de l&rsquo;environnement. La faible consommation d&rsquo;\u00e9nergie garantit une d\u00e9shumidification efficace sans consommation d&rsquo;\u00e9nergie inutile. <\/p>\n<h3>S\u00fbre et fiable<\/h3>\n<p>Le WBD10 est con\u00e7u pour fonctionner en toute s\u00e9curit\u00e9 dans les petits espaces. Il s&rsquo;arr\u00eate automatiquement lorsque le r\u00e9servoir est plein et fonctionne \u00e0 un faible niveau sonore, ce qui permet de l&rsquo;utiliser m\u00eame dans les pi\u00e8ces les plus calmes de la maison. <\/p>\n<h3>Prolongez votre garantie<\/h3>\n<p>Enregistrez votre WBD10 sur <a href=\"https:\/\/warranty-woods.com\/\">warranty-woods.com<\/a> et prolongez la garantie de 2 \u00e0 3 ans.<\/p>\n<p>Le WBD10 est le choix id\u00e9al pour les salles de bains, les bateaux, les caravanes et autres petits espaces qui doivent \u00eatre maintenus au sec et \u00e0 l&rsquo;abri des probl\u00e8mes d&rsquo;humidit\u00e9.<\/p>\n","protected":false},"excerpt":{"rendered":"<p>Le WBD10 de Wood&rsquo;s est un d\u00e9shumidificateur compact et efficace, parfait pour les salles de bains, les chalets d&rsquo;\u00e9t\u00e9, les bateaux et les caravanes. Il \u00e9limine jusqu&rsquo;\u00e0 10 litres d&rsquo;humidit\u00e9 par jour et contribue \u00e0 un environnement int\u00e9rieur plus sain en r\u00e9duisant le risque de moisissures et d&rsquo;odeurs d\u00e9sagr\u00e9ables. Gr\u00e2ce \u00e0 sa sortie sup\u00e9rieure, il s\u00e8che \u00e9galement les serviettes et les petites quantit\u00e9s de linge. Gr\u00e2ce \u00e0 son filtre lavable et \u00e0 son fonctionnement \u00e9conome en \u00e9nergie, le WBD10 est une solution fiable et pratique pour les petits espaces.   <\/p>\n","protected":false},"featured_media":43754,"template":"","meta":{"_acf_changed":false},"product_brand":[],"product_cat":[425,4735],"product_tag":[1412,1411],"class_list":{"0":"post-44043","1":"product","2":"type-product","3":"status-publish","4":"has-post-thumbnail","6":"product_cat-deshumidificateurs","7":"product_cat-salles-de-bains","8":"product_tag-petits-espaces-chauffes-18c","9":"product_tag-salle-de-bains","10":"splide__slide","12":"first","13":"instock","14":"taxable","15":"shipping-taxable","16":"product-type-simple"},"acf":[],"_links":{"self":[{"href":"https:\/\/woods.se\/fr\/wp-json\/wp\/v2\/product\/44043","targetHints":{"allow":["GET"]}}],"collection":[{"href":"https:\/\/woods.se\/fr\/wp-json\/wp\/v2\/product"}],"about":[{"href":"https:\/\/woods.se\/fr\/wp-json\/wp\/v2\/types\/product"}],"wp:featuredmedia":[{"embeddable":true,"href":"https:\/\/woods.se\/fr\/wp-json\/wp\/v2\/media\/43754"}],"wp:attachment":[{"href":"https:\/\/woods.se\/fr\/wp-json\/wp\/v2\/media?parent=44043"}],"wp:term":[{"taxonomy":"product_brand","embeddable":true,"href":"https:\/\/woods.se\/fr\/wp-json\/wp\/v2\/product_brand?post=44043"},{"taxonomy":"product_cat","embeddable":true,"href":"https:\/\/woods.se\/fr\/wp-json\/wp\/v2\/product_cat?post=44043"},{"taxonomy":"product_tag","embeddable":true,"href":"https:\/\/woods.se\/fr\/wp-json\/wp\/v2\/product_tag?post=44043"}],"curies":[{"name":"wp","href":"https:\/\/api.w.org\/{rel}","templated":true}]}}