{"id":44042,"date":"2024-12-10T13:51:10","date_gmt":"2024-12-10T12:51:10","guid":{"rendered":"https:\/\/stage.woods.se\/?post_type=product&#038;p=44042"},"modified":"2026-03-05T15:37:29","modified_gmt":"2026-03-05T14:37:29","slug":"woods-mrd14","status":"publish","type":"product","link":"https:\/\/woods.se\/fr\/produits\/deshumidificateurs\/salles-de-bains\/woods-mrd14\/","title":{"rendered":"Wood&rsquo;s MRD14"},"content":{"rendered":"<h2>Wood&rsquo;s MRD14<\/h2>\n<h3>Solution optimale pour les salles de bains et autres petits espaces chauff\u00e9s<\/h3>\n<p>Le MRD14 de Wood&rsquo;s est un d\u00e9shumidificateur compact et performant, sp\u00e9cialement con\u00e7u pour les salles de bains et les petits espaces tels que les bateaux et les caravanes. Dot\u00e9 d&rsquo;un indice IPX4, il offre un niveau \u00e9lev\u00e9 de protection contre l&rsquo;eau, ce qui permet de l&rsquo;utiliser en toute s\u00e9curit\u00e9 dans les environnements humides. Le MRD14 peut r\u00e9duire rapidement l&rsquo;humidit\u00e9 et souffle de l&rsquo;air sec par le haut, ce qui le rend id\u00e9al pour s\u00e9cher rapidement et en douceur les serviettes et les petites quantit\u00e9s de linge.  <\/p>\n<h3>Caract\u00e9ristiques principales :<\/h3>\n\n<h3>Compact et facile \u00e0 utiliser<\/h3>\n<p>Le MRD14 est facile \u00e0 utiliser gr\u00e2ce \u00e0 son panneau de commande clair et \u00e0 ses quatre valeurs pr\u00e9r\u00e9gl\u00e9es qui facilitent le r\u00e9glage de l&rsquo;humidit\u00e9. Sa conception compacte lui permet de s&rsquo;adapter aux espaces restreints, et sa poign\u00e9e de transport pratique permet de le d\u00e9placer facilement vers d&rsquo;autres zones en fonction des besoins. <\/p>\n<h3>Efficacit\u00e9 \u00e9nerg\u00e9tique et respect de l&rsquo;environnement<\/h3>\n<p>\u00c9quip\u00e9 du r\u00e9frig\u00e9rant R290, respectueux de l&rsquo;environnement et \u00e9conome en \u00e9nergie, le MRD14 offre d&rsquo;excellentes performances sans nuire \u00e0 l&rsquo;environnement. Avec une capacit\u00e9 de 12 litres par jour et une consommation \u00e9lectrique maximale de 230 W, il s&rsquo;agit d&rsquo;un choix \u00e9conome en \u00e9nergie qui permet de maintenir une qualit\u00e9 d&rsquo;air optimale. <\/p>\n<h3>S\u00fbr et fiable pour les petits espaces<\/h3>\n<p>Le MRD14 est con\u00e7u pour fonctionner en toute s\u00e9curit\u00e9 dans les environnements humides, avec un indice IPX4 qui le prot\u00e8ge contre les \u00e9claboussures d&rsquo;eau, ce qui le rend id\u00e9al pour les salles de bains et autres petits espaces expos\u00e9s \u00e0 l&rsquo;humidit\u00e9. Le MRD14 offre un effet optimal dans les espaces chauff\u00e9s et s&rsquo;\u00e9teint automatiquement lorsque le r\u00e9servoir est plein. Avec un niveau sonore inf\u00e9rieur \u00e0 44 dB, le MRD14 peut \u00eatre utilis\u00e9 dans les zones les plus calmes de votre maison sans causer de perturbation.  <\/p>\n<h3>Prolongez votre garantie<\/h3>\n<p>En enregistrant votre MRD14 sur le site <a href=\"https:\/\/warranty-woods.com\/\">warranty-woods.com<\/a>, vous pouvez prolonger la garantie de 2 \u00e0 3 ans.<\/p>\n<p>Choisissez le MRD14 de Wood&rsquo;s pour un moyen durable, efficace et pratique de contr\u00f4ler l&rsquo;humidit\u00e9 dans les petits espaces humides !<\/p>\n","protected":false},"excerpt":{"rendered":"<p>Le MRD14 de Wood&rsquo;s est un d\u00e9shumidificateur compact et efficace, parfait pour les salles de bains et les petits espaces tels que les caravanes, les bateaux et les maisons de vacances. Il r\u00e9duit rapidement le niveau d&rsquo;humidit\u00e9, \u00e9limine les odeurs d\u00e9sagr\u00e9ables et dispose d&rsquo;une sortie sup\u00e9rieure pour s\u00e9cher en douceur les serviettes et les petites quantit\u00e9s de linge. Dot\u00e9 d&rsquo;un indice de protection IPX4, le MRD14 est s\u00fbr dans les environnements humides et facile \u00e0 d\u00e9placer gr\u00e2ce \u00e0 sa poign\u00e9e de transport pratique. \u00c9conome en \u00e9nergie et respectueux de l&rsquo;environnement, ce d\u00e9shumidificateur est un choix fiable pour am\u00e9liorer la qualit\u00e9 de l&rsquo;air dans les petits espaces.   <\/p>\n","protected":false},"featured_media":42895,"template":"","meta":{"_acf_changed":false},"product_brand":[],"product_cat":[425,4735],"product_tag":[1412,1411],"class_list":{"0":"post-44042","1":"product","2":"type-product","3":"status-publish","4":"has-post-thumbnail","6":"product_cat-deshumidificateurs","7":"product_cat-salles-de-bains","8":"product_tag-petits-espaces-chauffes-18c","9":"product_tag-salle-de-bains","10":"product_shipping_class-high","11":"splide__slide","13":"first","14":"instock","15":"taxable","16":"shipping-taxable","17":"purchasable","18":"product-type-simple"},"acf":[],"_links":{"self":[{"href":"https:\/\/woods.se\/fr\/wp-json\/wp\/v2\/product\/44042","targetHints":{"allow":["GET"]}}],"collection":[{"href":"https:\/\/woods.se\/fr\/wp-json\/wp\/v2\/product"}],"about":[{"href":"https:\/\/woods.se\/fr\/wp-json\/wp\/v2\/types\/product"}],"wp:featuredmedia":[{"embeddable":true,"href":"https:\/\/woods.se\/fr\/wp-json\/wp\/v2\/media\/42895"}],"wp:attachment":[{"href":"https:\/\/woods.se\/fr\/wp-json\/wp\/v2\/media?parent=44042"}],"wp:term":[{"taxonomy":"product_brand","embeddable":true,"href":"https:\/\/woods.se\/fr\/wp-json\/wp\/v2\/product_brand?post=44042"},{"taxonomy":"product_cat","embeddable":true,"href":"https:\/\/woods.se\/fr\/wp-json\/wp\/v2\/product_cat?post=44042"},{"taxonomy":"product_tag","embeddable":true,"href":"https:\/\/woods.se\/fr\/wp-json\/wp\/v2\/product_tag?post=44042"}],"curies":[{"name":"wp","href":"https:\/\/api.w.org\/{rel}","templated":true}]}}