{"id":44041,"date":"2024-12-10T13:50:22","date_gmt":"2024-12-10T12:50:22","guid":{"rendered":"https:\/\/stage.woods.se\/?post_type=product&#038;p=44041"},"modified":"2026-03-06T15:17:13","modified_gmt":"2026-03-06T14:17:13","slug":"woods-mrd12","status":"publish","type":"product","link":"https:\/\/woods.se\/fr\/produits\/deshumidificateurs\/salles-de-bains\/woods-mrd12\/","title":{"rendered":"Wood&rsquo;s MRD12"},"content":{"rendered":"<h2>Wood&rsquo;s MRD12<\/h2>\n<h3>La solution optimale pour les salles de bains et autres petits espaces<\/h3>\n<p>Le MRD12 de Wood&rsquo;s est un d\u00e9shumidificateur compact et pratique, parfait pour les salles de bains et les petits espaces chauff\u00e9s tels que les chalets d&rsquo;\u00e9t\u00e9, les caravanes et les bateaux. Capable d&rsquo;\u00e9liminer jusqu&rsquo;\u00e0 10 litres d&rsquo;eau par jour, le MRD12 cr\u00e9e un climat int\u00e9rieur frais et sain et r\u00e9duit le risque de moisissures et d&rsquo;odeurs d\u00e9sagr\u00e9ables. Ce d\u00e9shumidificateur est id\u00e9al pour les salles de bains o\u00f9 l&rsquo;humidit\u00e9 peut rapidement devenir un probl\u00e8me, et gr\u00e2ce \u00e0 l&rsquo;\u00e9vacuation par le haut, il peut \u00e9galement \u00eatre utilis\u00e9 pour s\u00e9cher les serviettes et les petites quantit\u00e9s de linge.  <\/p>\n<h3>Caract\u00e9ristiques principales :<\/h3>\n\n<h3>Compact et facile \u00e0 utiliser<\/h3>\n<p>Le MRD12 est con\u00e7u pour une utilisation facile, avec un \u00e9cran tactile num\u00e9rique qui affiche l&rsquo;humidit\u00e9 actuelle, vous donnant un contr\u00f4le total sur le climat de la pi\u00e8ce. Avec un filtre \u00e0 air lavable et un r\u00e9servoir d&rsquo;eau facilement accessible avec un raccord de tuyau pour une vidange continue, l&rsquo;entretien est simple et pratique. Les poign\u00e9es de transport encastr\u00e9es permettent \u00e9galement de d\u00e9placer facilement le MRD12 l\u00e0 o\u00f9 vous en avez le plus besoin.  <\/p>\n<h3>Efficacit\u00e9 \u00e9nerg\u00e9tique et respect de l&rsquo;environnement<\/h3>\n<p>Le MRD12 de Wood&rsquo;s utilise le r\u00e9frig\u00e9rant R290, respectueux de l&rsquo;environnement, qui offre une efficacit\u00e9 \u00e9nerg\u00e9tique sup\u00e9rieure et un impact climatique plus faible que les anciens r\u00e9frig\u00e9rants. Cela fait du MRD12 un choix durable qui vous aide \u00e0 r\u00e9duire la consommation d&rsquo;\u00e9nergie sans compromettre les performances. <\/p>\n<h3>S\u00fbr et fiable pour les petits espaces<\/h3>\n<p>Le MRD12 est \u00e9quip\u00e9 d&rsquo;un syst\u00e8me de d\u00e9givrage automatique et d&rsquo;un arr\u00eat automatique au niveau d&rsquo;humidit\u00e9 d\u00e9fini, ce qui garantit un fonctionnement s\u00fbr m\u00eame dans des environnements plus froids. Le MRD12 a un faible niveau sonore, de sorte que vous ne serez pas d\u00e9rang\u00e9 lorsque vous \u00eates dans la pi\u00e8ce. Le d\u00e9shumidificateur est \u00e9galement compact et facile \u00e0 manipuler, ce qui en fait une solution s\u00fbre et fiable pour les espaces moins humides tout au long de l&rsquo;ann\u00e9e.  <\/p>\n<h3>Prolongez votre garantie<\/h3>\n<p>En enregistrant le MRD12 sur le site <a href=\"https:\/\/warranty-woods.com\/\">warranty-woods.com<\/a>, vous prolongez la garantie de 2 \u00e0 3 ans.<\/p>\n<p><iframe loading=\"lazy\" title=\"Instruction video - Wood&#039;s MRD12 (English)\" width=\"500\" height=\"281\" src=\"https:\/\/www.youtube.com\/embed\/R0yUWce75O8?feature=oembed\" frameborder=\"0\" allow=\"accelerometer; autoplay; clipboard-write; encrypted-media; gyroscope; picture-in-picture; web-share\" referrerpolicy=\"strict-origin-when-cross-origin\" allowfullscreen><\/iframe><\/p>\n","protected":false},"excerpt":{"rendered":"<p>Le MRD12 de Wood&rsquo;s est le d\u00e9shumidificateur id\u00e9al pour les salles de bains et autres petits espaces chauff\u00e9s. Il \u00e9limine jusqu&rsquo;\u00e0 10 litres d&rsquo;humidit\u00e9 par jour et contribue \u00e0 un environnement frais et sain en maintenant des niveaux d&rsquo;humidit\u00e9 optimaux. Avec son panneau tactile intuitif, son \u00e9vacuation par le haut et son option de vidange continue, il est \u00e0 la fois facile \u00e0 utiliser et efficace. Son design compact et sa poign\u00e9e de transport pratique permettent de le d\u00e9placer facilement d&rsquo;un espace \u00e0 l&rsquo;autre &#8211; une solution intelligente et flexible pour pr\u00e9venir les mauvaises odeurs et l&rsquo;humidit\u00e9.   <\/p>\n","protected":false},"featured_media":43835,"template":"","meta":{"_acf_changed":false},"product_brand":[],"product_cat":[425,4735],"product_tag":[1412,1411],"class_list":{"0":"post-44041","1":"product","2":"type-product","3":"status-publish","4":"has-post-thumbnail","6":"product_cat-deshumidificateurs","7":"product_cat-salles-de-bains","8":"product_tag-petits-espaces-chauffes-18c","9":"product_tag-salle-de-bains","10":"splide__slide","12":"first","13":"instock","14":"taxable","15":"shipping-taxable","16":"purchasable","17":"product-type-simple"},"acf":[],"_links":{"self":[{"href":"https:\/\/woods.se\/fr\/wp-json\/wp\/v2\/product\/44041","targetHints":{"allow":["GET"]}}],"collection":[{"href":"https:\/\/woods.se\/fr\/wp-json\/wp\/v2\/product"}],"about":[{"href":"https:\/\/woods.se\/fr\/wp-json\/wp\/v2\/types\/product"}],"wp:featuredmedia":[{"embeddable":true,"href":"https:\/\/woods.se\/fr\/wp-json\/wp\/v2\/media\/43835"}],"wp:attachment":[{"href":"https:\/\/woods.se\/fr\/wp-json\/wp\/v2\/media?parent=44041"}],"wp:term":[{"taxonomy":"product_brand","embeddable":true,"href":"https:\/\/woods.se\/fr\/wp-json\/wp\/v2\/product_brand?post=44041"},{"taxonomy":"product_cat","embeddable":true,"href":"https:\/\/woods.se\/fr\/wp-json\/wp\/v2\/product_cat?post=44041"},{"taxonomy":"product_tag","embeddable":true,"href":"https:\/\/woods.se\/fr\/wp-json\/wp\/v2\/product_tag?post=44041"}],"curies":[{"name":"wp","href":"https:\/\/api.w.org\/{rel}","templated":true}]}}