{"id":44039,"date":"2024-12-10T13:49:56","date_gmt":"2024-12-10T12:49:56","guid":{"rendered":"https:\/\/stage.woods.se\/?post_type=product&#038;p=44039"},"modified":"2026-03-06T15:12:06","modified_gmt":"2026-03-06T14:12:06","slug":"woods-mrd10","status":"publish","type":"product","link":"https:\/\/woods.se\/fr\/produits\/deshumidificateurs\/salles-de-bains\/woods-mrd10\/","title":{"rendered":"Wood&rsquo;s MRD10"},"content":{"rendered":"<h2>Wood&rsquo;s MRD10<\/h2>\n<h3>Solution optimale pour les salles de bains et autres petits espaces chauff\u00e9s<\/h3>\n<p>Le MRD10 de Wood&rsquo;s est le d\u00e9shumidificateur id\u00e9al pour les petits espaces tels que les salles de bains, les chalets d&rsquo;\u00e9t\u00e9, les bateaux et les caravanes. Avec une capacit\u00e9 de d\u00e9shumidification allant jusqu&rsquo;\u00e0 10 litres par jour, le MRD10 traite efficacement l&rsquo;exc\u00e8s d&rsquo;humidit\u00e9 et contribue \u00e0 un environnement int\u00e9rieur plus sain. Sa conception compacte permet de le placer facilement, m\u00eame dans les endroits o\u00f9 l&rsquo;espace est limit\u00e9, et sa sortie sup\u00e9rieure offre un \u00ab\u00a0effet s\u00e8che-cheveux\u00a0\u00bb pratique qui permet de s\u00e9cher rapidement de petites quantit\u00e9s de linge et de serviettes.  <\/p>\n<h3>Caract\u00e9ristiques principales :<\/h3>\n\n<h3>Compact et facile \u00e0 utiliser<\/h3>\n<p>Le MRD10 est facile \u00e0 utiliser gr\u00e2ce \u00e0 sa poign\u00e9e intuitive qui permet de le d\u00e9placer facilement dans diff\u00e9rents espaces. Gr\u00e2ce \u00e0 son r\u00e9servoir pratique de 2 litres et \u00e0 la possibilit\u00e9 de raccorder un tuyau, il est facile \u00e0 vider et peut m\u00eame fonctionner en continu pendant un certain temps. Son filtre \u00e0 air lavable purifie efficacement l&rsquo;air pendant la d\u00e9shumidification et contribue \u00e0 une meilleure qualit\u00e9 de l&rsquo;air.  <\/p>\n<h3>Efficacit\u00e9 \u00e9nerg\u00e9tique et respect de l&rsquo;environnement<\/h3>\n<p>Avec son r\u00e9frig\u00e9rant R290 \u00e9conome en \u00e9nergie, le MRD10 est un choix respectueux de l&rsquo;environnement pour les petits espaces. Sa faible consommation d&rsquo;\u00e9nergie signifie qu&rsquo;il fournit une d\u00e9shumidification efficace sans consommer inutilement de l&rsquo;\u00e9nergie. <\/p>\n<h3>S\u00fbr et fiable pour les petits espaces<\/h3>\n<p>Le MRD10 est con\u00e7u pour fonctionner en toute s\u00e9curit\u00e9 dans des environnements humides, avec un indice IPX4 qui le prot\u00e8ge contre les \u00e9claboussures d&rsquo;eau, ce qui le rend id\u00e9al pour les salles de bains et autres petits espaces expos\u00e9s \u00e0 l&rsquo;humidit\u00e9. Le MRD10 offre un effet optimal dans les espaces chauff\u00e9s et s&rsquo;\u00e9teint automatiquement lorsque le r\u00e9servoir est plein. Avec un niveau sonore inf\u00e9rieur \u00e0 43 dB, le MRD10 peut \u00eatre utilis\u00e9 dans les zones les plus calmes de votre maison sans causer de perturbation.  <\/p>\n<h3>Prolongez votre garantie<\/h3>\n<p>En enregistrant votre MRD10 sur <a href=\"https:\/\/warranty-woods.com\/\">warranty-woods.com<\/a>, vous prolongez la garantie de 2 \u00e0 3 ans.<\/p>\n<p>Choisissez le MRD10 de Wood&rsquo;s pour une solution pratique et s\u00fbre qui garde les petits espaces secs et frais tout au long de l&rsquo;ann\u00e9e.<\/p>\n","protected":false},"excerpt":{"rendered":"<p>Le MRD10 de Wood&rsquo;s est un d\u00e9shumidificateur compact et efficace, parfait pour les salles de bains, les bateaux et les caravanes. Il \u00e9limine jusqu&rsquo;\u00e0 10 litres d&rsquo;humidit\u00e9 par jour et contribue \u00e0 un environnement int\u00e9rieur plus sain en r\u00e9duisant efficacement le risque de moisissures et d&rsquo;odeurs d\u00e9sagr\u00e9ables. Gr\u00e2ce \u00e0 sa sortie sup\u00e9rieure pratique, il s\u00e8che \u00e9galement de plus petites quantit\u00e9s de linge et garde les serviettes fra\u00eeches plus longtemps. Avec une faible consommation d&rsquo;\u00e9nergie et un filtre lavable, le MRD10 est \u00e0 la fois respectueux de l&rsquo;environnement et facile \u00e0 entretenir, une solution fiable pour les petits espaces souvent expos\u00e9s \u00e0 l&rsquo;humidit\u00e9.   <\/p>\n","protected":false},"featured_media":42895,"template":"","meta":{"_acf_changed":false},"product_brand":[],"product_cat":[425,4735],"product_tag":[1412,1411],"class_list":{"0":"post-44039","1":"product","2":"type-product","3":"status-publish","4":"has-post-thumbnail","6":"product_cat-deshumidificateurs","7":"product_cat-salles-de-bains","8":"product_tag-petits-espaces-chauffes-18c","9":"product_tag-salle-de-bains","10":"product_shipping_class-high","11":"splide__slide","13":"first","14":"instock","15":"taxable","16":"shipping-taxable","17":"purchasable","18":"product-type-simple"},"acf":[],"_links":{"self":[{"href":"https:\/\/woods.se\/fr\/wp-json\/wp\/v2\/product\/44039","targetHints":{"allow":["GET"]}}],"collection":[{"href":"https:\/\/woods.se\/fr\/wp-json\/wp\/v2\/product"}],"about":[{"href":"https:\/\/woods.se\/fr\/wp-json\/wp\/v2\/types\/product"}],"wp:featuredmedia":[{"embeddable":true,"href":"https:\/\/woods.se\/fr\/wp-json\/wp\/v2\/media\/42895"}],"wp:attachment":[{"href":"https:\/\/woods.se\/fr\/wp-json\/wp\/v2\/media?parent=44039"}],"wp:term":[{"taxonomy":"product_brand","embeddable":true,"href":"https:\/\/woods.se\/fr\/wp-json\/wp\/v2\/product_brand?post=44039"},{"taxonomy":"product_cat","embeddable":true,"href":"https:\/\/woods.se\/fr\/wp-json\/wp\/v2\/product_cat?post=44039"},{"taxonomy":"product_tag","embeddable":true,"href":"https:\/\/woods.se\/fr\/wp-json\/wp\/v2\/product_tag?post=44039"}],"curies":[{"name":"wp","href":"https:\/\/api.w.org\/{rel}","templated":true}]}}