{"id":44024,"date":"2024-12-10T13:52:07","date_gmt":"2024-12-10T12:52:07","guid":{"rendered":"https:\/\/stage.woods.se\/?post_type=product&#038;p=44024"},"modified":"2026-04-28T07:44:55","modified_gmt":"2026-04-28T05:44:55","slug":"woods-mrd20gw","status":"publish","type":"product","link":"https:\/\/woods.se\/fr\/products\/deshumidificateurs\/espaces-de-vie\/woods-mrd20gw\/","title":{"rendered":"Wood&rsquo;s MRD20GW"},"content":{"rendered":"<h2>Wood&rsquo;s MRD20GW<\/h2>\n<h3>D\u00e9shumidification optimale de la maison<\/h3>\n<p>Le MRD20GW de Wood&rsquo;s est un d\u00e9shumidificateur puissant qui vous aide \u00e0 maintenir un niveau d&rsquo;humidit\u00e9 confortable dans les pi\u00e8ces \u00e0 vivre, les chambres et les appartements. Dot\u00e9 d&rsquo;une \u00e9vacuation sup\u00e9rieure, d&rsquo;une grande capacit\u00e9 et du WiFi int\u00e9gr\u00e9, il traite jusqu&rsquo;\u00e0 20 litres d&rsquo;humidit\u00e9 par jour et peut \u00eatre contr\u00f4l\u00e9 et surveill\u00e9 directement \u00e0 partir de votre t\u00e9l\u00e9phone portable. Vous disposez ainsi d&rsquo;un contr\u00f4le total et pouvez facilement adapter la d\u00e9shumidification \u00e0 vos besoins, m\u00eame lorsque vous n&rsquo;\u00eates pas \u00e0 la maison. Il cr\u00e9e un climat int\u00e9rieur sain sans risque de moisissures et d&rsquo;odeurs d\u00e9sagr\u00e9ables. Il s\u00e8che \u00e9galement votre linge efficacement et en douceur.    <\/p>\n<h3>Caract\u00e9ristiques principales :<\/h3>\n\n<h3>Compact et facile \u00e0 utiliser<\/h3>\n<p>Le MRD20GW est facile \u00e0 utiliser gr\u00e2ce \u00e0 son panneau de commande tactile clair et \u00e0 sa connectivit\u00e9 WiFi qui vous permet de r\u00e9gler et d&rsquo;ajuster l&rsquo;humidit\u00e9 \u00e0 distance. La minuterie programmable permet d&rsquo;adapter facilement la d\u00e9shumidification \u00e0 vos besoins. <\/p>\n<h3>Efficacit\u00e9 \u00e9nerg\u00e9tique et respect de l&rsquo;environnement<\/h3>\n<p>Avec le r\u00e9frig\u00e9rant R290, le MRD20GW est une solution respectueuse de l&rsquo;environnement avec une faible consommation d&rsquo;\u00e9nergie et des performances \u00e9lev\u00e9es. Le d\u00e9givrage automatique et l&rsquo;indicateur de r\u00e9servoir d&rsquo;eau plein garantissent un fonctionnement optimal de l&rsquo;appareil. <\/p>\n<h3>S\u00fbre et fiable<\/h3>\n<p>L&rsquo;arr\u00eat automatique est activ\u00e9 lorsque le r\u00e9servoir d&rsquo;eau est plein, et l&rsquo;hydrom\u00e8tre int\u00e9gr\u00e9 garantit que l&rsquo;humidit\u00e9 est maintenue au niveau souhait\u00e9.<\/p>\n<h3>Prolongez votre garantie<\/h3>\n<p>Enregistrez le MRD20GW sur <a href=\"https:\/\/warranty-woods.com\/\">warranty-woods.<\/a>com et prolongez la garantie de 2 \u00e0 3 ans.<\/p>\n<p>Le MRD20GW est le choix id\u00e9al pour votre maison, car il garantit efficacement que votre maison reste exempte d&rsquo;humidit\u00e9, d&rsquo;odeurs et de moisissures, avec le WiFi pour plus de commodit\u00e9 et de contr\u00f4le.<\/p>\n","protected":false},"excerpt":{"rendered":"<p>Le MRD20GW de Wood&rsquo;s est un d\u00e9shumidificateur efficace pour les salons, les chambres \u00e0 coucher et les autres espaces de vie chauff\u00e9s. Avec une capacit\u00e9 de 20 litres par jour, une \u00e9vacuation par le haut et le WiFi, il cr\u00e9e rapidement un climat int\u00e9rieur agr\u00e9able et sain que vous pouvez contr\u00f4ler \u00e0 distance. Facile \u00e0 utiliser, il est dot\u00e9 d&rsquo;un d\u00e9givrage automatique et de plusieurs fonctions intelligentes qui en font une solution fiable contre l&rsquo;humidit\u00e9.  <\/p>\n","protected":false},"featured_media":43648,"template":"","meta":{"_acf_changed":false},"product_brand":[],"product_cat":[425,4739],"product_tag":[442,432,1897,436],"class_list":{"0":"post-44024","1":"product","2":"type-product","3":"status-publish","4":"has-post-thumbnail","6":"product_cat-deshumidificateurs","7":"product_cat-espaces-de-vie","8":"product_tag-chambre","9":"product_tag-espace-de-vie","10":"product_tag-salle-de-sejour","11":"product_tag-wifi-fr","12":"product_shipping_class-high","13":"splide__slide","15":"first","16":"outofstock","17":"taxable","18":"shipping-taxable","19":"purchasable","20":"product-type-simple"},"acf":[],"_links":{"self":[{"href":"https:\/\/woods.se\/fr\/wp-json\/wp\/v2\/product\/44024","targetHints":{"allow":["GET"]}}],"collection":[{"href":"https:\/\/woods.se\/fr\/wp-json\/wp\/v2\/product"}],"about":[{"href":"https:\/\/woods.se\/fr\/wp-json\/wp\/v2\/types\/product"}],"wp:featuredmedia":[{"embeddable":true,"href":"https:\/\/woods.se\/fr\/wp-json\/wp\/v2\/media\/43648"}],"wp:attachment":[{"href":"https:\/\/woods.se\/fr\/wp-json\/wp\/v2\/media?parent=44024"}],"wp:term":[{"taxonomy":"product_brand","embeddable":true,"href":"https:\/\/woods.se\/fr\/wp-json\/wp\/v2\/product_brand?post=44024"},{"taxonomy":"product_cat","embeddable":true,"href":"https:\/\/woods.se\/fr\/wp-json\/wp\/v2\/product_cat?post=44024"},{"taxonomy":"product_tag","embeddable":true,"href":"https:\/\/woods.se\/fr\/wp-json\/wp\/v2\/product_tag?post=44024"}],"curies":[{"name":"wp","href":"https:\/\/api.w.org\/{rel}","templated":true}]}}