{"id":44018,"date":"2024-12-10T13:54:34","date_gmt":"2024-12-10T12:54:34","guid":{"rendered":"https:\/\/stage.woods.se\/?post_type=product&#038;p=44018"},"modified":"2026-04-28T10:24:02","modified_gmt":"2026-04-28T08:24:02","slug":"woods-mrd25gw","status":"publish","type":"product","link":"https:\/\/woods.se\/fr\/products\/deshumidificateurs\/sechage-du-linge\/woods-mrd25gw\/","title":{"rendered":"Wood&rsquo;s MRD25GW"},"content":{"rendered":"<h2>Wood&rsquo;s MRD25GW<\/h2>\n<h3>La solution optimale pour le s\u00e9chage du linge<\/h3>\n<p>Le MRD25GW de Wood&rsquo;s est le d\u00e9shumidificateur id\u00e9al pour les buanderies, et autres pi\u00e8ces chauff\u00e9es et humides. Gr\u00e2ce \u00e0 sa puissante sortie d&rsquo;air situ\u00e9e en haut de l&rsquo;appareil, son mode de s\u00e9chage sp\u00e9cial et son WiFi int\u00e9gr\u00e9, le MR25GW peut r\u00e9duire consid\u00e9rablement le temps de s\u00e9chage, tout en pouvant \u00eatre contr\u00f4l\u00e9 et surveill\u00e9 \u00e0 distance via votre t\u00e9l\u00e9phone portable. Vous b\u00e9n\u00e9ficiez ainsi d&rsquo;un contr\u00f4le total, o\u00f9 que vous soyez. Il s\u00e8che votre linge en douceur, ce qui permet \u00e0 vos v\u00eatements de conserver leur qualit\u00e9 plus longtemps. Le MRD25GW traite jusqu&rsquo;\u00e0 25 litres d&rsquo;humidit\u00e9 par jour, cr\u00e9ant ainsi un environnement int\u00e9rieur frais et agr\u00e9able, sans humidit\u00e9 ni risque de moisissure.    <\/p>\n<h3>Caract\u00e9ristiques principales :<\/h3>\n\n<h3>Compact et facile \u00e0 utiliser<\/h3>\n<p>Le MRD25GW est con\u00e7u pour \u00eatre simple et facile \u00e0 utiliser. Gr\u00e2ce \u00e0 un panneau de commande tactile clair et \u00e0 la connectivit\u00e9 WiFi, vous pouvez facilement r\u00e9gler le niveau d&rsquo;humidit\u00e9 souhait\u00e9, sur place ou \u00e0 distance, et laisser l&rsquo;appareil maintenir ces niveaux. Il dispose \u00e9galement d&rsquo;une minuterie programmable pour d\u00e9marrer et arr\u00eater automatiquement la d\u00e9shumidification en fonction de vos besoins.  <\/p>\n<h3>Efficacit\u00e9 \u00e9nerg\u00e9tique et respect de l&rsquo;environnement<\/h3>\n<p>Avec le r\u00e9frig\u00e9rant R290, le MRD25GW est une solution respectueuse de l&rsquo;environnement avec une faible consommation d&rsquo;\u00e9nergie et des performances optimales. Il d\u00e9shumidifie tr\u00e8s efficacement les espaces chauff\u00e9s et dispose d&rsquo;une fonction de d\u00e9givrage automatique avec un indicateur qui signale lorsque le r\u00e9servoir d&rsquo;eau de 3,8 litres est plein. Cela garantit un fonctionnement efficace et \u00e9vite toute consommation d&rsquo;\u00e9nergie inutile.  <\/p>\n<h3>S\u00fbr et fiable pour la buanderie<\/h3>\n<p>Le MRD25GW de Wood&rsquo;s est un d\u00e9shumidificateur fiable et s\u00fbr. La fonction d&rsquo;arr\u00eat automatique est activ\u00e9e lorsque le r\u00e9servoir d&rsquo;eau est plein, et un hydrom\u00e8tre garantit que l&rsquo;humidit\u00e9 est maintenue au niveau souhait\u00e9. <\/p>\n<h3>Prolongez votre garantie<\/h3>\n<p>En enregistrant le MRD25GW sur<a href=\"https:\/\/warranty-woods.com\/\"> warranty-woods.com,<\/a> vous prolongez la garantie de 2 \u00e0 3 ans.<\/p>\n<p>Le MRD25GW est un choix s\u00fbr pour la maison et particuli\u00e8rement utile dans les buanderies, o\u00f9 son mode blanchisserie, sa fonction WiFi et sa d\u00e9shumidification efficace en font une aide pr\u00e9cieuse au quotidien dans votre maison.<\/p>\n","protected":false},"excerpt":{"rendered":"<p>Le MRD25GW de Wood&rsquo;s est un d\u00e9shumidificateur efficace, parfait pour les buanderies et autres espaces chauff\u00e9s et humides. Avec une capacit\u00e9 de 25 litres par jour, une \u00e9vacuation par le haut et un mode blanchisserie, il s\u00e8che rapidement le linge et maintient l&rsquo;air frais. Il est \u00e9quip\u00e9 du WiFi pour une commande \u00e0 distance ais\u00e9e, est facile \u00e0 utiliser et dot\u00e9 de fonctions telles que le d\u00e9givrage automatique et un syst\u00e8me de s\u00e9curit\u00e9 &#8211; une solution fiable pour la gestion de l&rsquo;humidit\u00e9.  <\/p>\n","protected":false},"featured_media":43648,"template":"","meta":{"_acf_changed":false},"product_brand":[],"product_cat":[425,4738],"product_tag":[1401,1399,436],"class_list":{"0":"post-44018","1":"product","2":"type-product","3":"status-publish","4":"has-post-thumbnail","6":"product_cat-deshumidificateurs","7":"product_cat-sechage-du-linge","8":"product_tag-espaces-de-vie","9":"product_tag-sechage-du-linge-fr","10":"product_tag-wifi-fr","11":"product_shipping_class-high","12":"splide__slide","14":"first","15":"outofstock","16":"taxable","17":"shipping-taxable","18":"purchasable","19":"product-type-simple"},"acf":[],"_links":{"self":[{"href":"https:\/\/woods.se\/fr\/wp-json\/wp\/v2\/product\/44018","targetHints":{"allow":["GET"]}}],"collection":[{"href":"https:\/\/woods.se\/fr\/wp-json\/wp\/v2\/product"}],"about":[{"href":"https:\/\/woods.se\/fr\/wp-json\/wp\/v2\/types\/product"}],"wp:featuredmedia":[{"embeddable":true,"href":"https:\/\/woods.se\/fr\/wp-json\/wp\/v2\/media\/43648"}],"wp:attachment":[{"href":"https:\/\/woods.se\/fr\/wp-json\/wp\/v2\/media?parent=44018"}],"wp:term":[{"taxonomy":"product_brand","embeddable":true,"href":"https:\/\/woods.se\/fr\/wp-json\/wp\/v2\/product_brand?post=44018"},{"taxonomy":"product_cat","embeddable":true,"href":"https:\/\/woods.se\/fr\/wp-json\/wp\/v2\/product_cat?post=44018"},{"taxonomy":"product_tag","embeddable":true,"href":"https:\/\/woods.se\/fr\/wp-json\/wp\/v2\/product_tag?post=44018"}],"curies":[{"name":"wp","href":"https:\/\/api.w.org\/{rel}","templated":true}]}}