{"id":42652,"date":"2024-12-10T15:01:22","date_gmt":"2024-12-10T14:01:22","guid":{"rendered":"https:\/\/stage.woods.se\/?post_type=product&#038;p=42652"},"modified":"2025-12-15T09:54:53","modified_gmt":"2025-12-15T08:54:53","slug":"woods-tall-155","status":"publish","type":"product","link":"https:\/\/woods.se\/fr\/produits\/purificateurs\/woods-tall-155\/","title":{"rendered":"TALL 155 de Wood&rsquo;s"},"content":{"rendered":"<h2>TALL 155 de Wood&rsquo;s<\/h2>\n<h3>Un purificateur d&rsquo;air discret et \u00e9conome en \u00e9nergie<\/h3>\n<p>Le pollen, la poussi\u00e8re et d&rsquo;autres particules en suspension dans l&rsquo;air peuvent nuire \u00e0 notre sant\u00e9 et \u00e0 la qualit\u00e9 de notre sommeil, et malheureusement, ils circulent dans nos maisons tous les jours. Le TALL 155 de Wood&rsquo;s est un purificateur d&rsquo;air silencieux, compact et \u00e9conome en \u00e9nergie, \u00e9quip\u00e9 de filtres HEPA Active ION brevet\u00e9s qui atteignent un taux de purification de 99,98 %. Le Tall 155 est le purificateur d&rsquo;air id\u00e9al pour les personnes souffrant d&rsquo;allergies au pollen et les familles avec enfants. Passez une bonne nuit de sommeil et donnez \u00e0 votre corps le temps de r\u00e9cup\u00e9rer en pla\u00e7ant le Tall 155 dans votre chambre \u00e0 coucher et dans celle de vos enfants. Le TALL 155 est con\u00e7u pour avoir le niveau sonore le plus bas possible et une consommation d&rsquo;\u00e9nergie minimale. Il peut fonctionner 24 heures sur 24 sans perturber votre sommeil ni affecter votre facture d&rsquo;\u00e9lectricit\u00e9.     <\/p>\n<h3>Pourquoi avez-vous besoin d&rsquo;un purificateur d&rsquo;air ?<\/h3>\n<p>L&rsquo;air int\u00e9rieur est environ cinq fois plus pollu\u00e9 que l&rsquo;air ext\u00e9rieur, et la plupart d&rsquo;entre nous passent environ 90 % de leur temps \u00e0 l&rsquo;int\u00e9rieur. Cela signifie que nous sommes expos\u00e9s \u00e0 de grandes quantit\u00e9s de particules invisibles telles que le pollen, la poussi\u00e8re, les spores de moisissure et la pollution de l&rsquo;air pendant la majeure partie de la journ\u00e9e. Cela affecte le bien-\u00eatre de chacun. Une mauvaise qualit\u00e9 de l&rsquo;air peut provoquer des sympt\u00f4mes tels que des maux de t\u00eate, des difficult\u00e9s de concentration, de la fatigue et un nez bouch\u00e9. Nous sommes nombreux \u00e0 souffrir de ces sympt\u00f4mes au quotidien, mais peu d&rsquo;entre nous les associent \u00e0 une mauvaise qualit\u00e9 de l&rsquo;air.    <\/p>\n<h3>Zones d&rsquo;utilisation recommand\u00e9es:<\/h3>\n<p><strong>Soulagez les allergies au pollen et l&rsquo;asthme gr\u00e2ce \u00e0 un air plus pur :<\/strong> Le pollen et la poussi\u00e8re peuvent exacerber les allergies et l&rsquo;asthme, en particulier pendant la saison pollinique. Tall 155 cr\u00e9e une zone sans particules en filtrant efficacement les allerg\u00e8nes de l&rsquo;air. En pla\u00e7ant le purificateur d&rsquo;air dans votre chambre \u00e0 coucher ou dans d&rsquo;autres pi\u00e8ces o\u00f9 vous passez beaucoup de temps, votre corps a une chance de r\u00e9cup\u00e9rer. Cela peut r\u00e9duire imm\u00e9diatement les sympt\u00f4mes allergiques et m\u00eame les att\u00e9nuer le lendemain.<br \/>\n<strong>Un purificateur d&rsquo;air prot\u00e8ge les voies respiratoires sensibles des enfants : <\/strong>Les jeunes enfants ont des poumons sensibles et un syst\u00e8me immunitaire peu d\u00e9velopp\u00e9, ce qui les rend plus vuln\u00e9rables \u00e0 la pollution de l&rsquo;air. Tall 155 filtre les particules nocives et cr\u00e9e un environnement int\u00e9rieur plus propre et plus s\u00fbr pour toute la famille. La pr\u00e9sence d&rsquo;un purificateur d&rsquo;air dans la chambre de votre enfant l&rsquo;aidera \u00e0 mieux dormir et \u00e0 respirer un air pur et exempt de particules tout au long de la nuit.  <\/p>\n<h3>Comment fonctionne Tall 155, la purification efficace de l&rsquo;air par Wood&rsquo;s<\/h3>\n<p>Le Tall 155 est \u00e9quip\u00e9 d&rsquo;une technologie d&rsquo;ionisation avanc\u00e9e et de filtres HEPA haute performance qui \u00e9liminent efficacement de l&rsquo;air les particules nocives telles que le pollen, la poussi\u00e8re et les allerg\u00e8nes.<\/p>\n<h4>L&rsquo;ionisation am\u00e9liore la filtration<\/h4>\n<p>&#8211; L&rsquo;air est aspir\u00e9 par un ventilateur silencieux et \u00e9conome en \u00e9nergie.<br \/>\nLes particules en suspension dans l&rsquo;air re\u00e7oivent une faible charge positive qui les fait s&rsquo;agglutiner. Les particules collect\u00e9es adh\u00e8rent alors au filtre, qui est charg\u00e9 n\u00e9gativement et agit comme un aimant. <\/p>\n<p><img loading=\"lazy\" decoding=\"async\" class=\"alignnone wp-image-40687 size-medium\" src=\"https:\/\/woods.se\/wp-content\/uploads\/2024\/12\/activeionhepa_400px2-300x300.jpeg\" alt=\"\" width=\"300\" height=\"300\" srcset=\"https:\/\/woods.se\/wp-content\/uploads\/2024\/12\/activeionhepa_400px2-300x300.jpeg 300w, https:\/\/woods.se\/wp-content\/uploads\/2024\/12\/activeionhepa_400px2-150x150.jpeg 150w, https:\/\/woods.se\/wp-content\/uploads\/2024\/12\/activeionhepa_400px2-100x100.jpeg 100w, https:\/\/woods.se\/wp-content\/uploads\/2024\/12\/activeionhepa_400px2.jpeg 400w\" sizes=\"auto, (max-width: 300px) 100vw, 300px\" \/><\/p>\n<h4><strong>Filtre HEPA ION actif &#8211; Technologie su\u00e9doise brevet\u00e9e<\/strong><\/h4>\n<p>&#8211; Gr\u00e2ce \u00e0 sa technologie unique, les filtres HEPA Active ION peuvent \u00eatre construits de mani\u00e8re plus \u00e9parse que les filtres HEPA traditionnels, tout en conservant le m\u00eame niveau \u00e9lev\u00e9 de purification.<br \/>\n&#8211; Le filtre est constitu\u00e9 de plusieurs couches de m\u00e9dia filtrant pliss\u00e9, ce qui cr\u00e9e une grande surface de filtration et offre une capacit\u00e9 sup\u00e9rieure.<br \/>\n&#8211; La conception intelligente garantit que tout l&rsquo;air qui passe \u00e0 travers le purificateur d&rsquo;air est filtr\u00e9 efficacement, sans qu&rsquo;aucune partie de l&rsquo;air ne soit non filtr\u00e9e.<\/p>\n<h3>CADR \u00e9lev\u00e9 et purification de l&rsquo;air \u00e9conome en \u00e9nergie &#8211; un air plus pur plus rapidement<\/h3>\n<p>Le TALL 155 de Wood&rsquo;s est un purificateur d&rsquo;air efficace et \u00e9conome en \u00e9nergie qui am\u00e9liore la qualit\u00e9 de l&rsquo;air int\u00e9rieur dans les chambres \u00e0 coucher, les chambres d&rsquo;enfants et d&rsquo;autres espaces importants. Avec un d\u00e9bit d&rsquo;air pur (CADR) de 192 m\u00b3\/h pour le pollen, il \u00e9limine rapidement et efficacement les particules en suspension dans l&rsquo;air telles que le pollen, la poussi\u00e8re et les allerg\u00e8nes &#8211; un avantage majeur pour les personnes souffrant d&rsquo;allergies et les familles avec de jeunes enfants. <\/p>\n<p>Avec un CADR\/Watt de 8,9, le TALL 155 est con\u00e7u pour fournir une purification maximale de l&rsquo;air avec une consommation d&rsquo;\u00e9nergie minimale. La combinaison d&rsquo;une capacit\u00e9 de filtration \u00e9lev\u00e9e et d&rsquo;une faible consommation d&rsquo;\u00e9nergie en fait un choix judicieux pour tous ceux qui souhaitent un environnement int\u00e9rieur plus frais et plus sain. <\/p>\n<p><img loading=\"lazy\" decoding=\"async\" class=\"alignnone wp-image-40746 size-medium\" src=\"https:\/\/woods.se\/wp-content\/uploads\/2024\/12\/intertek-300x120.jpeg\" alt=\"\" width=\"300\" height=\"120\" srcset=\"https:\/\/woods.se\/wp-content\/uploads\/2024\/12\/intertek-300x120.jpeg 300w, https:\/\/woods.se\/wp-content\/uploads\/2024\/12\/intertek-1024x410.jpeg 1024w, https:\/\/woods.se\/wp-content\/uploads\/2024\/12\/intertek-768x307.jpeg 768w, https:\/\/woods.se\/wp-content\/uploads\/2024\/12\/intertek-500x200.jpeg 500w, https:\/\/woods.se\/wp-content\/uploads\/2024\/12\/intertek-1400x560.jpeg 1400w, https:\/\/woods.se\/wp-content\/uploads\/2024\/12\/intertek-700x280.jpeg 700w, https:\/\/woods.se\/wp-content\/uploads\/2024\/12\/intertek-600x240.jpeg 600w, https:\/\/woods.se\/wp-content\/uploads\/2024\/12\/intertek.jpeg 1417w\" sizes=\"auto, (max-width: 300px) 100vw, 300px\" \/><\/p>\n<h3>Prot\u00e9gez les chambres \u00e0 coucher et les chambres d&rsquo;enfants de la pollution atmosph\u00e9rique<\/h3>\n<p>Dans les grandes villes, l&rsquo;air est souvent pollu\u00e9 par les gaz d&rsquo;\u00e9chappement, les \u00e9missions industrielles et d&rsquo;autres particules nocives qui peuvent p\u00e9n\u00e9trer dans la maison. Une mauvaise qualit\u00e9 de l&rsquo;air peut affecter le sommeil et la sant\u00e9, en particulier chez les enfants et les personnes souffrant d&rsquo;allergies. Pour filtrer efficacement les polluants atmosph\u00e9riques tels que la fum\u00e9e, les gaz et les odeurs ind\u00e9sirables, le filtre Chem Control Carbon de Wood&rsquo;s peut \u00eatre utilis\u00e9 en option. Ce filtre \u00e0 charbon haute performance absorbe les substances nocives et am\u00e9liore la qualit\u00e9 de l&rsquo;air. Il est disponible pour plusieurs mod\u00e8les de Wood&rsquo;s, ELFI 300, AL 310 et GRAN 900.    <\/p>\n<h3>Enregistrez votre purificateur d&rsquo;air et b\u00e9n\u00e9ficiez d&rsquo;une extension de garantie<\/h3>\n<p>En enregistrant votre purificateur d&rsquo;air sur <a href=\"https:\/\/warranty-woods.com\">warranty-woods.com<\/a> et en rempla\u00e7ant le filtre tous les six mois, vous b\u00e9n\u00e9ficierez de la garantie la plus longue du march\u00e9, \u00e0 savoir 10 ans. Vous recevrez \u00e9galement des rappels lorsqu&rsquo;il est temps de remplacer le filtre, afin que votre purificateur d&rsquo;air fonctionne toujours de mani\u00e8re optimale. <\/p>\n<h3>Cr\u00e9ez d\u00e8s aujourd&rsquo;hui un environnement domestique propre et sain !<\/h3>\n<p>Le TALL 155 de Wood&rsquo;s est le choix id\u00e9al pour tous ceux qui souhaitent r\u00e9duire les allerg\u00e8nes et am\u00e9liorer la qualit\u00e9 de l&rsquo;air int\u00e9rieur. Commandez votre purificateur d&rsquo;air d\u00e8s aujourd&rsquo;hui et profitez d&rsquo;un air plus pur et d&rsquo;un meilleur sommeil, chaque jour ! <\/p>\n","protected":false},"excerpt":{"rendered":"<p>Le pollen, la poussi\u00e8re et d&rsquo;autres particules en suspension dans l&rsquo;air peuvent rendre le sommeil difficile pour les personnes allergiques au pollen et les jeunes enfants. Des voies respiratoires irrit\u00e9es, des \u00e9ternuements et un nez bouch\u00e9 peuvent perturber votre sommeil et affecter votre r\u00e9cup\u00e9ration et votre bien-\u00eatre. Le TALL 155 de Wood&rsquo;s est un purificateur d&rsquo;air silencieux et efficace qui filtre les particules nocives et cr\u00e9e un environnement de sommeil sain. Son design discret, fix\u00e9 au mur, le rend id\u00e9al pour les chambres \u00e0 coucher et les chambres d&rsquo;enfants. Fabriqu\u00e9 en Su\u00e8de, il b\u00e9n\u00e9ficie d&rsquo;une garantie de 10 ans.    <\/p>\n","protected":false},"featured_media":40735,"template":"","meta":{"_acf_changed":false},"product_brand":[],"product_cat":[4792,4793,427,3257],"product_tag":[442,1504,3003,3002],"class_list":{"0":"post-42652","1":"product","2":"type-product","3":"status-publish","4":"has-post-thumbnail","6":"product_cat-pour-la-chambre-a-coucher","7":"product_cat-pour-la-chambre-denfant","8":"product_cat-purificateurs","9":"product_cat-villaagarna","10":"product_tag-chambre","11":"product_tag-chambre-denfant","12":"product_tag-purificateurs-dair-pour-chambre-denfants","13":"product_tag-purificateurs-dair-pour-chambres","14":"product_shipping_class-high","15":"splide__slide","17":"first","18":"instock","19":"taxable","20":"shipping-taxable","21":"purchasable","22":"product-type-simple"},"acf":[],"_links":{"self":[{"href":"https:\/\/woods.se\/fr\/wp-json\/wp\/v2\/product\/42652","targetHints":{"allow":["GET"]}}],"collection":[{"href":"https:\/\/woods.se\/fr\/wp-json\/wp\/v2\/product"}],"about":[{"href":"https:\/\/woods.se\/fr\/wp-json\/wp\/v2\/types\/product"}],"wp:featuredmedia":[{"embeddable":true,"href":"https:\/\/woods.se\/fr\/wp-json\/wp\/v2\/media\/40735"}],"wp:attachment":[{"href":"https:\/\/woods.se\/fr\/wp-json\/wp\/v2\/media?parent=42652"}],"wp:term":[{"taxonomy":"product_brand","embeddable":true,"href":"https:\/\/woods.se\/fr\/wp-json\/wp\/v2\/product_brand?post=42652"},{"taxonomy":"product_cat","embeddable":true,"href":"https:\/\/woods.se\/fr\/wp-json\/wp\/v2\/product_cat?post=42652"},{"taxonomy":"product_tag","embeddable":true,"href":"https:\/\/woods.se\/fr\/wp-json\/wp\/v2\/product_tag?post=42652"}],"curies":[{"name":"wp","href":"https:\/\/api.w.org\/{rel}","templated":true}]}}