{"id":42649,"date":"2024-12-10T13:46:08","date_gmt":"2024-12-10T12:46:08","guid":{"rendered":"https:\/\/stage.woods.se\/?post_type=product&#038;p=42649"},"modified":"2026-03-06T14:42:46","modified_gmt":"2026-03-06T13:42:46","slug":"woods-ld48-pro","status":"publish","type":"product","link":"https:\/\/woods.se\/fr\/produits\/deshumidificateurs\/sechage-du-linge\/woods-ld48-pro\/","title":{"rendered":"Wood&rsquo;s LD48 Pro+"},"content":{"rendered":"<h2>Wood&rsquo;s LD48Pro+<\/h2>\n<h3>D\u00e9shumidificateur puissant pour le s\u00e9chage du linge<\/h3>\n<p>Le LD48Pro+ de Wood&rsquo;s est le meilleur choix de d\u00e9shumidificateur pour les familles disposant d&rsquo;une buanderie o\u00f9 la machine \u00e0 laver fonctionne fr\u00e9quemment et produit beaucoup d&rsquo;humidit\u00e9. Sa tr\u00e8s grande capacit\u00e9 d\u00e9shumidifie m\u00eame les grands sous-sols et les espaces o\u00f9 l&rsquo;humidit\u00e9 \u00e9lev\u00e9e peut facilement causer des probl\u00e8mes d&rsquo;humidit\u00e9 et de moisissure. Gr\u00e2ce \u00e0 son puissant ventilateur d&rsquo;extraction mont\u00e9 sur le dessus, tous les types de linge sont s\u00e9ch\u00e9s rapidement, en douceur et de mani\u00e8re \u00e9conome en \u00e9nergie, ce qui prolonge la dur\u00e9e de vie de vos v\u00eatements et leur conf\u00e8re un parfum frais.<\/p>\n<h3>Zone d&rsquo;utilisation recommand\u00e9es:<\/h3>\n<p><strong>Sous-sols avec buanderie :<\/strong> les niveaux \u00e9lev\u00e9s d&rsquo;humidit\u00e9 dus \u00e0 la buanderie n\u00e9cessitent un d\u00e9shumidificateur tel que le LD48Pro+, qui s\u00e8che rapidement, efficacement et en douceur tous les types de linge tout en prot\u00e9geant l&rsquo;ensemble du sous-sol, quelle que soit sa taille, contre l&rsquo;humidit\u00e9. Vous prolongez ainsi la dur\u00e9e de vie du b\u00e2timent et des v\u00eatements.<br \/>\n<strong>Buanderies :<\/strong> Une solution id\u00e9ale pour les buanderies o\u00f9 le taux d&rsquo;humidit\u00e9 devient rapidement trop \u00e9lev\u00e9. Le LD48Pro+ s\u00e8che tous les types de linge rapidement et en douceur, sans d\u00e9gager d&rsquo;odeurs d\u00e9sagr\u00e9ables.<br \/>\n<strong>Sous-sols :<\/strong> LD48Pro+ combat les probl\u00e8mes d&rsquo;humidit\u00e9 m\u00eame dans les grandes caves o\u00f9 une mauvaise ventilation et l&rsquo;humidit\u00e9 sont souvent \u00e0 l&rsquo;origine de moisissures et d&rsquo;odeurs d\u00e9sagr\u00e9ables. Il maintient toujours l&rsquo;humidit\u00e9 sous contr\u00f4le, cr\u00e9ant ainsi un environnement de stockage frais et fiable tout au long de l&rsquo;ann\u00e9e.<\/p>\n\n<h3>Capacit\u00e9 maximale et d\u00e9bit d&rsquo;air \u00e9lev\u00e9 pour une circulation efficace<\/h3>\n<p>Le LD48Pro+ est le choix le plus puissant pour les buanderies et les caves. Avec une capacit\u00e9 de d\u00e9shumidification tr\u00e8s \u00e9lev\u00e9e allant jusqu&rsquo;\u00e0 31 litres par jour et un d\u00e9bit d&rsquo;air allant jusqu&rsquo;\u00e0 300 m\u00b3\/h, il s\u00e8che efficacement tout votre linge et traite simultan\u00e9ment l&rsquo;humidit\u00e9 dans tous les espaces.<\/p>\n<h3>Contr\u00f4le avec fonctions intelligentes<\/h3>\n<p>Le LD48Pro+ dispose d&rsquo;un \u00e9cran num\u00e9rique sur lequel vous pouvez lire l&rsquo;humidit\u00e9 et la temp\u00e9rature actuelles et s\u00e9lectionner l&rsquo;un des quatre modes de fonctionnement intelligents :<br \/>\n<strong>S\u00e9chage du linge:<\/strong> S\u00e8che le linge avec une d\u00e9shumidification et une vitesse de ventilation maximales.<br \/>\n<strong>Ventilateur :<\/strong> s\u00e8che le linge avec le ventilateur en continu et d\u00e9shumidifie selon le niveau souhait\u00e9.<br \/>\n<strong>Normal : <\/strong>D\u00e9shumidifie au niveau souhait\u00e9.<br \/>\n<strong>Easy :<\/strong> D\u00e9shumidification jusqu&rsquo;\u00e0 50 % d&rsquo;humidit\u00e9 relative avec une vitesse de ventilation faible.<\/p>\n<h3>Facile \u00e0 utiliser et personnalisable<\/h3>\n<p>Le LD48Pro+ est \u00e9quip\u00e9 d&rsquo;un grand r\u00e9servoir d&rsquo;eau de 11,4 litres, mais vous pouvez \u00e9galement choisir de raccorder un tuyau (non fourni) pour une \u00e9vacuation directe vers un drain, afin de faciliter l&rsquo;utilisation continue. Sa conception intelligente vous permet \u00e9galement de placer le d\u00e9shumidificateur directement au-dessus d&rsquo;un siphon de sol. Pour une plus grande tranquillit\u00e9 d&rsquo;esprit, le LD48Pro+ d\u00e9marre automatiquement apr\u00e8s une coupure de courant et l&rsquo;appareil revient \u00e0 ses derniers r\u00e9glages pour garantir un contr\u00f4le s\u00fbr de l&rsquo;humidit\u00e9 \u00e0 tout moment.<\/p>\n<h3>Filtre efficace contre les moisissures et les particules<\/h3>\n<p>Le LD48Pro+ est \u00e9quip\u00e9 d&rsquo;un filtre SMF Wood&rsquo;s qui capture efficacement les particules de poussi\u00e8re et de moisissure pr\u00e9sentes dans l&rsquo;air, afin de pr\u00e9server vos espaces de l&rsquo;humidit\u00e9, de la moisissure et des odeurs tout au long de l&rsquo;ann\u00e9e. Le filtre prot\u00e8ge \u00e9galement le d\u00e9shumidificateur et prolonge sa dur\u00e9e de vie, ce qui en fait une solution s\u00fbre et durable.<\/p>\n<h3>Efficace toute l&rsquo;ann\u00e9e, m\u00eame \u00e0 basse temp\u00e9rature<\/h3>\n<p>Gr\u00e2ce au syst\u00e8me i-EcoDefrost d\u00e9velopp\u00e9 en Su\u00e8de, le LD48Pro+ fonctionne efficacement m\u00eame \u00e0 des temp\u00e9ratures aussi basses que +2\u00b0C. Il convient donc \u00e9galement aux espaces qui n\u00e9cessitent une d\u00e9shumidification quelle que soit la saison, garantissant un environnement sec et s\u00fbr tout au long de l&rsquo;ann\u00e9e.<\/p>\n<h3>Fabriqu\u00e9 en Su\u00e8de &#8211; con\u00e7u pour durer<\/h3>\n<p>Le LD48Pro+ de Wood&rsquo;s est con\u00e7u et fabriqu\u00e9 en Su\u00e8de pour r\u00e9sister \u00e0 des conditions difficiles. Le bo\u00eetier m\u00e9tallique robuste prot\u00e8ge les composants de haute qualit\u00e9 et garantit que le d\u00e9shumidificateur fonctionne de mani\u00e8re optimale, m\u00eame dans des environnements exigeants. Le LD48Pro+ peut \u00e9galement \u00eatre utilis\u00e9 en toute s\u00e9curit\u00e9 24 heures sur 24, tout au long de l&rsquo;ann\u00e9e, ce qui en fait une solution fiable pour s\u00e9cher le linge pendant la nuit tout en prenant soin de l&rsquo;humidit\u00e9.<\/p>\n<h3>B\u00e9n\u00e9ficiez d&rsquo;une extension de garantie pouvant aller jusqu&rsquo;\u00e0 10 ans<\/h3>\n<p>Enregistrez votre LD48Pro+ sur <a href=\"https:\/\/warranty-woods.com\/\">warranty.woods.com<\/a> et prolongez la garantie jusqu&rsquo;\u00e0 10 ans en rempla\u00e7ant le filtre une fois par an (re\u00e7us requis). Vous recevrez \u00e9galement des rappels de remplacement du filtre, ce qui facilitera l&rsquo;entretien du d\u00e9shumidificateur et garantira son fonctionnement optimal pendant de nombreuses ann\u00e9es.<\/p>\n<p>Avec le LD48Pro+, vous disposez du d\u00e9shumidificateur le plus puissant et le plus \u00e9conome en \u00e9nergie, qui s\u00e8che rapidement votre linge et maintient les grands espaces secs et exempts d&rsquo;humidit\u00e9 et de moisissures. Choisissez le LD48Pro+ pour un environnement int\u00e9rieur s\u00fbr et efficace dans les buanderies et les sous-sols, tout au long de l&rsquo;ann\u00e9e.<\/p>\n","protected":false},"excerpt":{"rendered":"<p>Le LD48Pro+ est un d\u00e9shumidificateur tr\u00e8s puissant pour les buanderies et les caves. Avec une capacit\u00e9 maximale et un ventilateur puissant, il s\u00e8che rapidement et en douceur tous les types de linge et pr\u00e9serve les grands espaces de l&rsquo;humidit\u00e9. Il est parfait pour les immeubles collectifs et les familles avec beaucoup de linge. Facile \u00e0 utiliser, il dispose de quatre modes de fonctionnement intelligents, d&rsquo;un filtre anti-moisissure, d&rsquo;un grand r\u00e9servoir d&rsquo;eau et de la possibilit\u00e9 de raccorder un tuyau. Le LD48Pro+ est fabriqu\u00e9 en Su\u00e8de et b\u00e9n\u00e9ficie d&rsquo;une garantie de 10 ans. Il est con\u00e7u pour fonctionner en continu et peut donc \u00eatre laiss\u00e9 en marche 24 heures sur 24 en toute s\u00e9curit\u00e9.<\/p>\n","protected":false},"featured_media":41155,"template":"","meta":{"_acf_changed":false},"product_brand":[],"product_cat":[425,4738,3257],"product_tag":[1400,1401,1399],"class_list":{"0":"post-42649","1":"product","2":"type-product","3":"status-publish","4":"has-post-thumbnail","6":"product_cat-deshumidificateurs","7":"product_cat-sechage-du-linge","8":"product_cat-villaagarna","9":"product_tag-buanderie-au-sous-sol","10":"product_tag-espaces-de-vie","11":"product_tag-sechage-du-linge-fr","12":"product_shipping_class-sweden-very-high","13":"splide__slide","15":"first","16":"instock","17":"taxable","18":"shipping-taxable","19":"purchasable","20":"product-type-simple"},"acf":[],"_links":{"self":[{"href":"https:\/\/woods.se\/fr\/wp-json\/wp\/v2\/product\/42649","targetHints":{"allow":["GET"]}}],"collection":[{"href":"https:\/\/woods.se\/fr\/wp-json\/wp\/v2\/product"}],"about":[{"href":"https:\/\/woods.se\/fr\/wp-json\/wp\/v2\/types\/product"}],"wp:featuredmedia":[{"embeddable":true,"href":"https:\/\/woods.se\/fr\/wp-json\/wp\/v2\/media\/41155"}],"wp:attachment":[{"href":"https:\/\/woods.se\/fr\/wp-json\/wp\/v2\/media?parent=42649"}],"wp:term":[{"taxonomy":"product_brand","embeddable":true,"href":"https:\/\/woods.se\/fr\/wp-json\/wp\/v2\/product_brand?post=42649"},{"taxonomy":"product_cat","embeddable":true,"href":"https:\/\/woods.se\/fr\/wp-json\/wp\/v2\/product_cat?post=42649"},{"taxonomy":"product_tag","embeddable":true,"href":"https:\/\/woods.se\/fr\/wp-json\/wp\/v2\/product_tag?post=42649"}],"curies":[{"name":"wp","href":"https:\/\/api.w.org\/{rel}","templated":true}]}}