{"id":42648,"date":"2024-12-10T13:45:08","date_gmt":"2024-12-10T12:45:08","guid":{"rendered":"https:\/\/stage.woods.se\/?post_type=product&#038;p=42648"},"modified":"2026-03-05T16:53:46","modified_gmt":"2026-03-05T15:53:46","slug":"woods-ld44","status":"publish","type":"product","link":"https:\/\/woods.se\/fr\/produits\/deshumidificateurs\/sechage-du-linge\/woods-ld44\/","title":{"rendered":"Wood&rsquo;s LD44"},"content":{"rendered":"<h2>Wood&rsquo;s LD44<\/h2>\n<h3>D\u00e9shumidificateur puissant pour le s\u00e9chage du linge<\/h3>\n<p>Le LD44 de Wood&rsquo;s est le d\u00e9shumidificateur id\u00e9al pour les familles disposant d&rsquo;une buanderie ou d&rsquo;un sous-sol o\u00f9 l&rsquo;humidit\u00e9 \u00e9lev\u00e9e peut facilement causer des probl\u00e8mes d&rsquo;humidit\u00e9 et de linge qui ne s\u00e8che pas. Gr\u00e2ce \u00e0 son puissant ventilateur d&rsquo;extraction situ\u00e9 sur le dessus, le linge est s\u00e9ch\u00e9 rapidement et en douceur. Cela prolonge la dur\u00e9e de vie de vos v\u00eatements et permet de garder une odeur agr\u00e9able, tout en cr\u00e9ant un environnement int\u00e9rieur sec et confortable sans humidit\u00e9, quelle que soit la saison.  <\/p>\n<h3>Zone d&rsquo;utilisation recommand\u00e9es:<\/h3>\n<p><strong>Sous-sols avec buanderie : <\/strong>les niveaux \u00e9lev\u00e9s d&rsquo;humidit\u00e9 dus \u00e0 la buanderie n\u00e9cessitent un d\u00e9shumidificateur tel que le LD44, qui s\u00e8che rapidement, efficacement et en douceur tous les types de linge tout en prot\u00e9geant l&rsquo;ensemble du sous-sol de l&rsquo;humidit\u00e9. Cela prolonge la dur\u00e9e de vie de vos int\u00e9rieurs et de vos v\u00eatements.<br \/>\n<strong>Buanderies :<\/strong> Une solution id\u00e9ale pour les buanderies o\u00f9 le taux d&rsquo;humidit\u00e9 devient rapidement trop \u00e9lev\u00e9. Le LD44 s\u00e8che rapidement et en douceur tous les types de linge, le laissant exempt d&rsquo;odeurs d\u00e9sagr\u00e9ables.<br \/>\n<strong>Sous-sols :<\/strong> Le LD44 combat les probl\u00e8mes d&rsquo;humidit\u00e9 dans les sous-sols o\u00f9 une mauvaise ventilation et l&rsquo;humidit\u00e9 sont souvent \u00e0 l&rsquo;origine de moisissures et d&rsquo;odeurs d\u00e9sagr\u00e9ables. Il maintient toujours l&rsquo;humidit\u00e9 sous contr\u00f4le, cr\u00e9ant un environnement de stockage frais et fiable tout au long de l&rsquo;ann\u00e9e. <\/p>\n\n<h3>Capacit\u00e9 et d\u00e9bit d&rsquo;air \u00e9lev\u00e9s pour une circulation efficace de l&rsquo;air dans la pi\u00e8ce<\/h3>\n<p>Le LD44 est le choix id\u00e9al pour les buanderies et les caves. Avec une capacit\u00e9 de d\u00e9shumidification tr\u00e8s \u00e9lev\u00e9e allant jusqu&rsquo;\u00e0 19 litres par jour et un d\u00e9bit d&rsquo;air allant jusqu&rsquo;\u00e0 300 m\u00b3\/h, il s\u00e8che efficacement tout votre linge tout en g\u00e9rant l&rsquo;humidit\u00e9 dans tous les espaces, et ce, m\u00eame dans les pi\u00e8ces divis\u00e9es. <\/p>\n<h3>Contr\u00f4le avec fonctions intelligentes<\/h3>\n<p>Le LD44 est dot\u00e9 d&rsquo;un \u00e9cran num\u00e9rique sur lequel vous pouvez lire l&rsquo;humidit\u00e9 et la temp\u00e9rature actuelles et s\u00e9lectionner l&rsquo;un des quatre modes de fonctionnement intelligents :<br \/>\n<strong>Lessive : <\/strong>S\u00e8che le linge avec une d\u00e9shumidification et une vitesse de ventilation maximales.<br \/>\n<strong>Ventilateur : <\/strong>s\u00e8che toujours le linge avec le ventilateur et d\u00e9shumidifie au niveau souhait\u00e9.<br \/>\n<strong>Normal :<\/strong> D\u00e9shumidifie au niveau souhait\u00e9.<br \/>\n<strong>Easy :<\/strong> D\u00e9shumidification jusqu&rsquo;\u00e0 50 % d&rsquo;humidit\u00e9 relative avec une vitesse de ventilation faible.<\/p>\n<h3>Facile \u00e0 utiliser et personnalisable<\/h3>\n<p>Le LD44 dispose d&rsquo;un r\u00e9servoir d&rsquo;eau spacieux de 11,4 litres, mais vous pouvez \u00e9galement raccorder un tuyau (non fourni) pour une \u00e9vacuation directe vers un drain, ce qui facilite l&rsquo;utilisation continue. Sa conception intelligente vous permet \u00e9galement de placer le d\u00e9shumidificateur directement au-dessus d&rsquo;un siphon de sol. Pour une plus grande tranquillit\u00e9 d&rsquo;esprit, le LD44 d\u00e9marre automatiquement apr\u00e8s une coupure de courant et l&rsquo;appareil revient \u00e0 ses derniers r\u00e9glages pour assurer un contr\u00f4le s\u00fbr de l&rsquo;humidit\u00e9.  <\/p>\n<h3>Filtre efficace contre les moisissures et les particules<\/h3>\n<p>Le LD44 est \u00e9quip\u00e9 d&rsquo;un filtre SMF Wood&rsquo;s qui capture efficacement les particules de poussi\u00e8re et de moisissure pr\u00e9sentes dans l&rsquo;air, afin de pr\u00e9server vos espaces de l&rsquo;humidit\u00e9, de la moisissure et des odeurs tout au long de l&rsquo;ann\u00e9e. En outre, le filtre prot\u00e8ge le d\u00e9shumidificateur et prolonge sa dur\u00e9e de vie, ce qui en fait une solution s\u00fbre et durable. <\/p>\n<h3>Efficace toute l&rsquo;ann\u00e9e, m\u00eame \u00e0 basse temp\u00e9rature<\/h3>\n<p>Gr\u00e2ce au syst\u00e8me i-EcoDefrost d\u00e9velopp\u00e9 en Su\u00e8de, le LD44 fonctionne efficacement m\u00eame \u00e0 des temp\u00e9ratures aussi basses que +2\u00b0C. Il convient donc \u00e9galement aux espaces qui n\u00e9cessitent une d\u00e9shumidification quelle que soit la saison, garantissant un environnement sec et s\u00fbr tout au long de l&rsquo;ann\u00e9e. <\/p>\n<h3>Fabriqu\u00e9 en Su\u00e8de &#8211; con\u00e7u pour durer<\/h3>\n<p>Le LD44 de Wood&rsquo;s est con\u00e7u et fabriqu\u00e9 en Su\u00e8de pour r\u00e9sister \u00e0 des conditions difficiles. Le bo\u00eetier m\u00e9tallique robuste prot\u00e8ge les composants de haute qualit\u00e9 et garantit que le d\u00e9shumidificateur fonctionne de mani\u00e8re optimale, m\u00eame dans des environnements exigeants. Le LD44 peut \u00e9galement \u00eatre utilis\u00e9 en toute s\u00e9curit\u00e9 24 heures sur 24, tout au long de l&rsquo;ann\u00e9e, ce qui en fait une solution fiable pour s\u00e9cher le linge pendant la nuit tout en prenant soin de l&rsquo;humidit\u00e9.  <\/p>\n<h3>B\u00e9n\u00e9ficiez d&rsquo;une extension de garantie pouvant aller jusqu&rsquo;\u00e0 10 ans<\/h3>\n<p>Enregistrez votre LD44 sur <a href=\"https:\/\/warranty-woods.com\/\">warranty.woods.com<\/a> et prolongez la garantie jusqu&rsquo;\u00e0 10 ans en rempla\u00e7ant le filtre une fois par an (re\u00e7us requis). Vous recevrez \u00e9galement des rappels de remplacement du filtre, ce qui facilitera l&rsquo;entretien du d\u00e9shumidificateur et garantira son fonctionnement optimal pendant de nombreuses ann\u00e9es. <\/p>\n<p>Avec le LD44, vous disposez d&rsquo;un d\u00e9shumidificateur puissant, convivial et \u00e9conome en \u00e9nergie qui s\u00e8che rapidement votre linge et maintient vos espaces secs et exempts d&rsquo;humidit\u00e9 et de moisissures. Choisissez le LD44 pour un environnement int\u00e9rieur s\u00fbr et efficace dans les buanderies et les sous-sols, tout au long de l&rsquo;ann\u00e9e. <\/p>\n","protected":false},"excerpt":{"rendered":"<p>Le LD44 est un d\u00e9shumidificateur tr\u00e8s efficace pour les buanderies et les caves. Sa grande capacit\u00e9 et son puissant ventilateur permettent de s\u00e9cher rapidement et en douceur tous les types de linge et de pr\u00e9server l&rsquo;espace de l&rsquo;humidit\u00e9. Il est id\u00e9al pour les familles qui ont beaucoup de linge \u00e0 laver. Il est facile \u00e0 utiliser et dispose de quatre modes de fonctionnement intelligents, d&rsquo;un filtre anti-moisissure, d&rsquo;un grand r\u00e9servoir d&rsquo;eau et de la possibilit\u00e9 de raccorder un tuyau. Le LD44 est fabriqu\u00e9 en Su\u00e8de et b\u00e9n\u00e9ficie d&rsquo;une garantie de 10 ans. Il a \u00e9t\u00e9 con\u00e7u pour fonctionner en continu et peut donc \u00eatre laiss\u00e9 en marche 24 heures sur 24 en toute s\u00e9curit\u00e9.    <\/p>\n","protected":false},"featured_media":41155,"template":"","meta":{"_acf_changed":false},"product_brand":[],"product_cat":[425,4738],"product_tag":[1400,1401,1399],"class_list":{"0":"post-42648","1":"product","2":"type-product","3":"status-publish","4":"has-post-thumbnail","6":"product_cat-deshumidificateurs","7":"product_cat-sechage-du-linge","8":"product_tag-buanderie-au-sous-sol","9":"product_tag-espaces-de-vie","10":"product_tag-sechage-du-linge-fr","11":"product_shipping_class-sweden-very-high","12":"splide__slide","14":"first","15":"instock","16":"taxable","17":"shipping-taxable","18":"purchasable","19":"product-type-simple"},"acf":[],"_links":{"self":[{"href":"https:\/\/woods.se\/fr\/wp-json\/wp\/v2\/product\/42648","targetHints":{"allow":["GET"]}}],"collection":[{"href":"https:\/\/woods.se\/fr\/wp-json\/wp\/v2\/product"}],"about":[{"href":"https:\/\/woods.se\/fr\/wp-json\/wp\/v2\/types\/product"}],"wp:featuredmedia":[{"embeddable":true,"href":"https:\/\/woods.se\/fr\/wp-json\/wp\/v2\/media\/41155"}],"wp:attachment":[{"href":"https:\/\/woods.se\/fr\/wp-json\/wp\/v2\/media?parent=42648"}],"wp:term":[{"taxonomy":"product_brand","embeddable":true,"href":"https:\/\/woods.se\/fr\/wp-json\/wp\/v2\/product_brand?post=42648"},{"taxonomy":"product_cat","embeddable":true,"href":"https:\/\/woods.se\/fr\/wp-json\/wp\/v2\/product_cat?post=42648"},{"taxonomy":"product_tag","embeddable":true,"href":"https:\/\/woods.se\/fr\/wp-json\/wp\/v2\/product_tag?post=42648"}],"curies":[{"name":"wp","href":"https:\/\/api.w.org\/{rel}","templated":true}]}}