{"id":42615,"date":"2024-12-10T14:10:42","date_gmt":"2024-12-10T13:10:42","guid":{"rendered":"https:\/\/stage.woods.se\/?post_type=product&#038;p=42615"},"modified":"2026-03-05T13:30:00","modified_gmt":"2026-03-05T12:30:00","slug":"woods-sw59fm","status":"publish","type":"product","link":"https:\/\/woods.se\/fr\/produits\/deshumidificateurs\/sous-sol\/woods-sw59fm\/","title":{"rendered":"Wood&rsquo;s SW59FM"},"content":{"rendered":"<h2>Wood&rsquo;s SW59FM (couleur m\u00e9tal)<\/h2>\n<h3>D\u00e9shumidificateur pour les grandes caves et l&rsquo;assainissement<\/h3>\n<p>Le SW59FM de Wood&rsquo;s est la solution id\u00e9ale pour \u00e9liminer rapidement l&rsquo;humidit\u00e9, les moisissures et les mauvaises odeurs dans les grands espaces froids tels que les sous-sols et les garages. Avec une capacit\u00e9 impressionnante de 41 litres d&rsquo;humidit\u00e9 par jour et un d\u00e9bit d&rsquo;air de 300 m\u00b3\/h, le SW59FM est le d\u00e9shumidificateur le plus puissant et le plus \u00e9conome en \u00e9nergie de la gamme SW, car sa puissance signifie qu&rsquo;il peut travailler moins pour r\u00e9soudre le m\u00eame probl\u00e8me. Sa capacit\u00e9 \u00e9lev\u00e9e le rend \u00e9galement id\u00e9al pour traiter les probl\u00e8mes li\u00e9s aux fuites d&rsquo;eau et aux inondations.  <\/p>\n<h3>Zones d&rsquo;utilisation recommand\u00e9es:<\/h3>\n<p><strong>Le sous-sol :<\/strong> Le SW59FM garantit un environnement sec et s\u00fbr, exempt d&rsquo;humidit\u00e9 et de moisissures, et permet d&rsquo;utiliser l&rsquo;espace \u00e0 la fois comme lieu de stockage.<br \/>\n<strong>Garages et autres espaces froids :<\/strong> Il prot\u00e8ge les v\u00e9hicules et les outils, les pr\u00e9servant de l&rsquo;humidit\u00e9 et de la corrosion tout au long de l&rsquo;ann\u00e9e, m\u00eame en hiver.<br \/>\n<strong>Restauration des d\u00e9g\u00e2ts des eaux :<\/strong> Id\u00e9al pour une restauration rapide des espaces inond\u00e9s. Sa grande capacit\u00e9 en fait un outil id\u00e9al pour une utilisation professionnelle. <\/p>\n<h3>Caract\u00e9ristiques principales :<\/h3>\n\n<h3>Capacit\u00e9 et d\u00e9bit d&rsquo;air \u00e9lev\u00e9s pour une circulation efficace de l&rsquo;air dans la pi\u00e8ce<\/h3>\n<p>Gr\u00e2ce \u00e0 sa capacit\u00e9 de d\u00e9shumidification tr\u00e8s \u00e9lev\u00e9e (jusqu&rsquo;\u00e0 41 litres par jour) et \u00e0 son d\u00e9bit d&rsquo;air puissant (jusqu&rsquo;\u00e0 300 m3 par heure), le SW59FM \u00e9limine efficacement l&rsquo;humidit\u00e9 dans toutes les pi\u00e8ces, qu&rsquo;elles soient grandes ou divis\u00e9es. Il garantit une d\u00e9shumidification uniforme, \u00e9vitant ainsi les dommages li\u00e9s \u00e0 l&rsquo;humidit\u00e9 et les mauvaises odeurs. <\/p>\n<h3>Facilit\u00e9 d&rsquo;utilisation et fonctions personnalisables<\/h3>\n<p>Le SW59FM a \u00e9t\u00e9 con\u00e7u dans un souci de facilit\u00e9 d&rsquo;utilisation. Le grand r\u00e9servoir d&rsquo;eau de 11,4 litres r\u00e9duit la n\u00e9cessit\u00e9 de le vider fr\u00e9quemment, et la machine s&rsquo;arr\u00eate automatiquement lorsque le r\u00e9servoir est plein. Pour un fonctionnement continu, vous pouvez facilement raccorder un tuyau d&rsquo;arrosage (non fourni) directement \u00e0 l&rsquo;\u00e9gout, ce qui minimise l&rsquo;entretien. Vous pouvez \u00e9galement choisir de placer le d\u00e9shumidificateur directement au-dessus d&rsquo;un siphon de sol. Pour une plus grande tranquillit\u00e9 d&rsquo;esprit, le SW59FM se met automatiquement en marche apr\u00e8s une coupure de courant et l&rsquo;appareil revient \u00e0 ses derniers r\u00e9glages pour s&rsquo;assurer que le contr\u00f4le de l&rsquo;humidit\u00e9 ne s&rsquo;arr\u00eate pas trop longtemps. Le SW59FM s&rsquo;adapte automatiquement au niveau d&rsquo;humidit\u00e9 souhait\u00e9 et s&rsquo;allume ou s&rsquo;\u00e9teint en fonction des besoins.     <\/p>\n<h3>Filtre intelligent pour les moisissures et les particules<\/h3>\n<p>Le SW59FM est \u00e9quip\u00e9 du filtre SMF de Wood&rsquo;s qui retient efficacement les particules de poussi\u00e8re et de moisissure dans l&rsquo;air, pr\u00e9servant ainsi vos espaces de l&rsquo;humidit\u00e9, de la moisissure et des odeurs tout au long de l&rsquo;ann\u00e9e. En outre, le filtre prot\u00e8ge le d\u00e9shumidificateur et prolonge sa dur\u00e9e de vie. <\/p>\n<h3>Efficace toute l&rsquo;ann\u00e9e, m\u00eame \u00e0 basse temp\u00e9rature<\/h3>\n<p>Gr\u00e2ce au syst\u00e8me innovant i-EcoDefrost, le SW59FM est tr\u00e8s efficace, m\u00eame \u00e0 basse temp\u00e9rature, de +2\u00b0C \u00e0 +35\u00b0C. Il est donc id\u00e9al pour les espaces qui n\u00e9cessitent un contr\u00f4le de l&rsquo;humidit\u00e9 tout au long de l&rsquo;ann\u00e9e, quelles que soient les conditions m\u00e9t\u00e9orologiques. Il est donc id\u00e9al pour les espaces qui n\u00e9cessitent un contr\u00f4le de l&rsquo;humidit\u00e9 tout au long de l&rsquo;ann\u00e9e, quelles que soient les conditions m\u00e9t\u00e9orologiques. <\/p>\n<h3>Construit pour durer<\/h3>\n<p>Fabriqu\u00e9 en Su\u00e8de, le SW59FM est con\u00e7u pour r\u00e9sister aux conditions difficiles. Le bo\u00eetier m\u00e9tallique robuste et les composants de haute qualit\u00e9 garantissent des performances durables, m\u00eame dans des conditions difficiles. Le SW59FM est con\u00e7u pour fonctionner en continu, ce qui signifie qu&rsquo;il peut fonctionner en toute s\u00e9curit\u00e9 sans interruption, de jour comme de nuit.  <\/p>\n<h3>Longue garantie et utilisation facile et durable<\/h3>\n<p>Enregistrez votre d\u00e9shumidificateur sur le site <a href=\"https:\/\/warranty-woods.com\">warranty.woods.se<\/a> et changez le filtre une fois par an pour b\u00e9n\u00e9ficier d&rsquo;une extension de garantie jusqu&rsquo;\u00e0 6 ans. Vous recevrez \u00e9galement des rappels lorsqu&rsquo;il est temps de changer le filtre, ce qui garantit que votre SW59FM fonctionne toujours de mani\u00e8re optimale et dure des ann\u00e9es. <\/p>\n<p>Avec le SW59FM de Wood&rsquo;s, vous disposez d&rsquo;une solution fiable et efficace pour garder vos espaces secs, sains et sans humidit\u00e9 tout au long de l&rsquo;ann\u00e9e.<\/p>\n<p><iframe loading=\"lazy\" title=\"Vid\u00e9os De Didacticiel - Wood&#039;s SW59FM (French)\" width=\"500\" height=\"281\" src=\"https:\/\/www.youtube.com\/embed\/DlgwNFftURA?feature=oembed\" frameborder=\"0\" allow=\"accelerometer; autoplay; clipboard-write; encrypted-media; gyroscope; picture-in-picture; web-share\" referrerpolicy=\"strict-origin-when-cross-origin\" allowfullscreen><\/iframe><\/p>\n","protected":false},"excerpt":{"rendered":"<p>Le SW59FM de Wood&rsquo;s est le d\u00e9shumidificateur le plus puissant et le plus \u00e9conome en \u00e9nergie de la gamme SW. Il \u00e9limine jusqu&rsquo;\u00e0 41 litres d&rsquo;humidit\u00e9 par jour. Il est id\u00e9al pour le contr\u00f4le de l&rsquo;humidit\u00e9 \u00e0 grande \u00e9chelle, y compris le nettoyage des inondations et des fuites d&rsquo;eau. Il est efficace m\u00eame \u00e0 basse temp\u00e9rature, sa puissance lui permet de fonctionner 24 heures sur 24 et sa conception conviviale le rend parfait pour un fonctionnement continu. Fabriqu\u00e9 en Su\u00e8de, il est garanti jusqu&rsquo;\u00e0 6 ans.   <\/p>\n","protected":false},"featured_media":39089,"template":"","meta":{"_acf_changed":false},"product_brand":[],"product_cat":[425,4734],"product_tag":[431,435,445,443],"class_list":{"0":"post-42615","1":"product","2":"type-product","3":"status-publish","4":"has-post-thumbnail","6":"product_cat-deshumidificateurs","7":"product_cat-sous-sol","8":"product_tag-cave","9":"product_tag-garage-fr","10":"product_tag-greniers","11":"product_tag-salle-de-bain","12":"product_shipping_class-sweden-very-high","13":"splide__slide","15":"first","16":"instock","17":"taxable","18":"shipping-taxable","19":"purchasable","20":"product-type-simple"},"acf":[],"_links":{"self":[{"href":"https:\/\/woods.se\/fr\/wp-json\/wp\/v2\/product\/42615","targetHints":{"allow":["GET"]}}],"collection":[{"href":"https:\/\/woods.se\/fr\/wp-json\/wp\/v2\/product"}],"about":[{"href":"https:\/\/woods.se\/fr\/wp-json\/wp\/v2\/types\/product"}],"wp:featuredmedia":[{"embeddable":true,"href":"https:\/\/woods.se\/fr\/wp-json\/wp\/v2\/media\/39089"}],"wp:attachment":[{"href":"https:\/\/woods.se\/fr\/wp-json\/wp\/v2\/media?parent=42615"}],"wp:term":[{"taxonomy":"product_brand","embeddable":true,"href":"https:\/\/woods.se\/fr\/wp-json\/wp\/v2\/product_brand?post=42615"},{"taxonomy":"product_cat","embeddable":true,"href":"https:\/\/woods.se\/fr\/wp-json\/wp\/v2\/product_cat?post=42615"},{"taxonomy":"product_tag","embeddable":true,"href":"https:\/\/woods.se\/fr\/wp-json\/wp\/v2\/product_tag?post=42615"}],"curies":[{"name":"wp","href":"https:\/\/api.w.org\/{rel}","templated":true}]}}