{"id":42613,"date":"2024-12-10T14:09:25","date_gmt":"2024-12-10T13:09:25","guid":{"rendered":"https:\/\/stage.woods.se\/?post_type=product&#038;p=42613"},"modified":"2026-03-05T13:38:47","modified_gmt":"2026-03-05T12:38:47","slug":"woods-sw38fm","status":"publish","type":"product","link":"https:\/\/woods.se\/fr\/products\/deshumidificateurs\/sous-sol\/woods-sw38fm\/","title":{"rendered":"Wood&rsquo;s SW38FM"},"content":{"rendered":"<h2>Wood&rsquo;s SW38FM (couleur m\u00e9tal)<\/h2>\n<h3>D\u00e9shumidificateur puissant pour les caves, les garages et les greniers<\/h3>\n<p>L&rsquo;humidit\u00e9, les moisissures et les mauvaises odeurs sont des probl\u00e8mes courants dans les espaces froids tels que les sous-sols, les garages, les greniers et les entrep\u00f4ts. Le SW38FM de Wood est con\u00e7u pour relever efficacement ces d\u00e9fis et cr\u00e9er un environnement sec et confortable, m\u00eame \u00e0 des temp\u00e9ratures aussi basses que +2\u00b0C. Avec son impressionnante capacit\u00e9 de d\u00e9shumidification allant jusqu&rsquo;\u00e0 19 litres par jour et un flux d&rsquo;air qui atteint toutes les parties de l&rsquo;espace, le SW38FM est la solution parfaite pour prot\u00e9ger vos biens et pr\u00e9venir les dommages li\u00e9s \u00e0 l&rsquo;humidit\u00e9.  <\/p>\n<h3>Zones d&rsquo;utilisation recommand\u00e9es:<\/h3>\n<p><strong>Sous-sols :<\/strong> Une d\u00e9shumidification puissante et un d\u00e9bit d&rsquo;air \u00e9lev\u00e9 maintiennent le sous-sol sec et exempt de moisissures, cela permet de maintenir un espace sain, adapt\u00e9 au stockage comme \u00e0 un usage r\u00e9gulier.<br \/>\n<strong>Garages :<\/strong> Prot\u00e8ge les v\u00e9hicules, les outils et l&rsquo;\u00e9quipement en emp\u00eachant l&rsquo;humidit\u00e9 de p\u00e9n\u00e9trer tout au long de l&rsquo;ann\u00e9e, m\u00eame lorsque les temp\u00e9ratures sont plus fra\u00eeches.<br \/>\n<strong>Autres espaces froids :<\/strong> Le SW38FM offre un contr\u00f4le fiable de l&rsquo;humidit\u00e9 jusqu&rsquo;\u00e0 +2\u00b0C, ce qui est parfait pour l&rsquo;entreposage hivernal d&rsquo;objets sensibles dans les salles de stockage ou les greniers.<\/p>\n<h3>Caract\u00e9ristiques principales<\/h3>\n\n<h3>Puissant en termes de capacit\u00e9 et de d\u00e9bit d&rsquo;air<\/h3>\n<p>Le SW38FM a une capacit\u00e9 de d\u00e9shumidification puissante allant jusqu&rsquo;\u00e0 19 litres par jour. Le d\u00e9bit d&rsquo;air puissant de 340 m\u00b3\/h assure une circulation et une d\u00e9shumidification efficaces, m\u00eame dans les espaces multi-pi\u00e8ces. <\/p>\n<h3>Fonction facile \u00e0 utiliser et adaptable<\/h3>\n<p>Le SW38FM est \u00e9quip\u00e9 d&rsquo;un grand r\u00e9servoir d&rsquo;eau de 11,4 litres et il est \u00e9galement possible de le raccorder \u00e0 un tuyau (non fourni) pour une \u00e9vacuation directe vers un drain, ce qui facilite l&rsquo;utilisation continue. Vous pouvez \u00e9galement choisir de placer le d\u00e9shumidificateur directement au-dessus d&rsquo;un siphon de sol. Pour une plus grande tranquillit\u00e9 d&rsquo;esprit, le SW38FM d\u00e9marre automatiquement apr\u00e8s une coupure de courant et l&rsquo;appareil revient \u00e0 ses derniers r\u00e9glages pour garantir que le contr\u00f4le de l&rsquo;humidit\u00e9 n&rsquo;est pas interrompu \u00e0 ce moment-l\u00e0. Le SW38FM s&rsquo;adapte automatiquement \u00e0 l&rsquo;humidit\u00e9 et s&rsquo;active ou s&rsquo;\u00e9teint en fonction des besoins.   <\/p>\n<h3>Filtre intelligent pour les moisissures et les particules<\/h3>\n<p>Le SW38FM est \u00e9quip\u00e9 d&rsquo;un filtre Wood&rsquo;s SMF qui capture efficacement les particules de poussi\u00e8re et de moisissure pr\u00e9sentes dans l&rsquo;air, afin de pr\u00e9server vos espaces de l&rsquo;humidit\u00e9, de la moisissure et des odeurs tout au long de l&rsquo;ann\u00e9e. En outre, le filtre prot\u00e8ge le d\u00e9shumidificateur et prolonge sa dur\u00e9e de vie, ce qui en fait une solution s\u00fbre et \u00e0 long terme. <\/p>\n<h3>Efficace toute l&rsquo;ann\u00e9e, m\u00eame \u00e0 basse temp\u00e9rature<\/h3>\n<p>Gr\u00e2ce \u00e0 la technologie innovante i-EcoDefrost, le SW38FM peut d\u00e9shumidifier m\u00eame \u00e0 basse temp\u00e9rature, jusqu&rsquo;\u00e0 +2\u00b0C. Le SW38FM est \u00e9galement con\u00e7u pour fonctionner en continu, ce qui signifie qu&rsquo;il peut fonctionner en toute s\u00e9curit\u00e9 jour et nuit. C&rsquo;est donc le choix id\u00e9al pour les espaces froids tels que les garages ou les sous-sols, o\u00f9 il peut fonctionner efficacement tout au long de l&rsquo;ann\u00e9e et pr\u00e9server vos espaces de l&rsquo;humidit\u00e9, de la moisissure et des mauvaises odeurs, quelle que soit la saison ou les conditions m\u00e9t\u00e9orologiques.  <\/p>\n<h3>Construit pour durer<\/h3>\n<p>Le SW38FM est fabriqu\u00e9 en Su\u00e8de et con\u00e7u pour offrir des performances durables. Le bo\u00eetier m\u00e9tallique robuste prot\u00e8ge contre l&rsquo;usure et les composants de haute qualit\u00e9 garantissent un contr\u00f4le fiable de l&rsquo;humidit\u00e9 et prot\u00e8geront votre maison 24 heures sur 24 pendant de nombreuses ann\u00e9es. <\/p>\n<h3>Jusqu&rsquo;\u00e0 6 ans de garantie<\/h3>\n<p>En enregistrant votre SW38FM sur warranty-woods.com et en rempla\u00e7ant le filtre chaque ann\u00e9e, vous b\u00e9n\u00e9ficierez de l&rsquo;une des garanties les plus longues du march\u00e9, jusqu&rsquo;\u00e0 6 ans. Lorsque vous vous enregistrez, vous pouvez \u00e9galement choisir de recevoir des rappels lorsqu&rsquo;il est temps de remplacer le filtre. Le remplacement du filtre prolonge la dur\u00e9e de vie du d\u00e9shumidificateur et garantit qu&rsquo;il fonctionne toujours avec une efficacit\u00e9 maximale. N&rsquo;oubliez pas de conserver tous vos re\u00e7us.   <\/p>\n<p>Avec le Wood&rsquo;s SW38FM, vous disposez d&rsquo;une solution puissante, fiable et \u00e9conome en \u00e9nergie pour tous vos probl\u00e8mes d&rsquo;humidit\u00e9 &#8211; des sous-sols aux garages et autres espaces non-chauff\u00e9s.<\/p>\n<p><iframe loading=\"lazy\" title=\"Vid\u00e9os De Didacticiel  -  Wood&#039;s SW38FM (French)\" width=\"500\" height=\"281\" src=\"https:\/\/www.youtube.com\/embed\/7w8ufjJEpEI?feature=oembed\" frameborder=\"0\" allow=\"accelerometer; autoplay; clipboard-write; encrypted-media; gyroscope; picture-in-picture; web-share\" referrerpolicy=\"strict-origin-when-cross-origin\" allowfullscreen><\/iframe><\/p>\n","protected":false},"excerpt":{"rendered":"<p>Contr\u00f4lez l&rsquo;humidit\u00e9, les moisissures et les mauvaises odeurs dans les espaces froids avec le d\u00e9shumidificateur SW38FM de Wood&rsquo;s. Il d\u00e9shumidifie jusqu&rsquo;\u00e0 19 litres par jour et assure rapidement un environnement sec et confortable, m\u00eame \u00e0 basse temp\u00e9rature. Gr\u00e2ce \u00e0 sa capacit\u00e9 et \u00e0 son d\u00e9bit d&rsquo;air puissants, il fait circuler l&rsquo;air efficacement, m\u00eame dans les espaces \u00e0 plusieurs pi\u00e8ces. Avec un raccord de tuyau, l&rsquo;entretien est minime. Id\u00e9al pour tous les types de caves, garages et autres espaces humides. Fabriqu\u00e9 en Su\u00e8de et garanti jusqu&rsquo;\u00e0 6 ans.     <\/p>\n","protected":false},"featured_media":38773,"template":"","meta":{"_acf_changed":false},"product_brand":[],"product_cat":[425,4734],"product_tag":[431,435,445],"class_list":{"0":"post-42613","1":"product","2":"type-product","3":"status-publish","4":"has-post-thumbnail","6":"product_cat-deshumidificateurs","7":"product_cat-sous-sol","8":"product_tag-cave","9":"product_tag-garage-fr","10":"product_tag-greniers","11":"product_shipping_class-high","12":"splide__slide","14":"first","15":"instock","16":"taxable","17":"shipping-taxable","18":"purchasable","19":"product-type-simple"},"acf":[],"_links":{"self":[{"href":"https:\/\/woods.se\/fr\/wp-json\/wp\/v2\/product\/42613","targetHints":{"allow":["GET"]}}],"collection":[{"href":"https:\/\/woods.se\/fr\/wp-json\/wp\/v2\/product"}],"about":[{"href":"https:\/\/woods.se\/fr\/wp-json\/wp\/v2\/types\/product"}],"wp:featuredmedia":[{"embeddable":true,"href":"https:\/\/woods.se\/fr\/wp-json\/wp\/v2\/media\/38773"}],"wp:attachment":[{"href":"https:\/\/woods.se\/fr\/wp-json\/wp\/v2\/media?parent=42613"}],"wp:term":[{"taxonomy":"product_brand","embeddable":true,"href":"https:\/\/woods.se\/fr\/wp-json\/wp\/v2\/product_brand?post=42613"},{"taxonomy":"product_cat","embeddable":true,"href":"https:\/\/woods.se\/fr\/wp-json\/wp\/v2\/product_cat?post=42613"},{"taxonomy":"product_tag","embeddable":true,"href":"https:\/\/woods.se\/fr\/wp-json\/wp\/v2\/product_tag?post=42613"}],"curies":[{"name":"wp","href":"https:\/\/api.w.org\/{rel}","templated":true}]}}