{"id":42612,"date":"2024-12-10T14:08:29","date_gmt":"2024-12-10T13:08:29","guid":{"rendered":"https:\/\/stage.woods.se\/?post_type=product&#038;p=42612"},"modified":"2026-03-05T13:49:25","modified_gmt":"2026-03-05T12:49:25","slug":"woods-sw22fm","status":"publish","type":"product","link":"https:\/\/woods.se\/fr\/produits\/deshumidificateurs\/sous-sol\/woods-sw22fm\/","title":{"rendered":"Wood&rsquo;s SW22FM"},"content":{"rendered":"<h2>Wood&rsquo;s SW22FM (m\u00e9tallique)<\/h2>\n<h3>D\u00e9shumidificateur efficace pour les espaces non-chauff\u00e9s<\/h3>\n<p>L&rsquo;humidit\u00e9, la moisissure et les mauvaises odeurs sont courantes dans les sous-sols et autres espaces froids, ce qui peut entra\u00eener des dommages co\u00fbteux si l&rsquo;on n&rsquo;intervient pas \u00e0 temps. Le SW22FM de Wood est sp\u00e9cialement con\u00e7u pour cr\u00e9er un environnement sec et confortable dans les espaces froids, emp\u00eachant les moisissures et les odeurs de s&rsquo;installer. Gr\u00e2ce \u00e0 sa grande capacit\u00e9 de d\u00e9shumidification (13,5 litres) et \u00e0 son puissant d\u00e9bit d&rsquo;air, il atteint tous les coins de l&rsquo;espace, m\u00eame dans les pi\u00e8ces comportant plusieurs parties. Ce d\u00e9shumidificateur \u00e9limine l&rsquo;humidit\u00e9 et les odeurs ind\u00e9sirables, ce qui permet de ranger des tissus et d&rsquo;autres objets sensibles dans l&rsquo;espace.   <\/p>\n<h3>Zone d&rsquo;utilisation recommand\u00e9es:<\/h3>\n<p><strong>Le sous-sol: <\/strong>Une circulation d&rsquo;air \u00e9lev\u00e9e et une d\u00e9shumidification efficace permettent de garder le sous-sol sec et exempt de moisissures. Vous pouvez ainsi utiliser le sous-sol comme une pi\u00e8ce \u00e0 part enti\u00e8re ou comme lieu de stockage.<br \/>\n<strong>Garage :<\/strong> Emp\u00eache l&rsquo;humidit\u00e9 de p\u00e9n\u00e9trer et prot\u00e8ge les v\u00e9hicules, les outils et autres \u00e9quipements tout au long de l&rsquo;ann\u00e9e.<br \/>\n<strong>Autres espaces froids:<\/strong> Contr\u00f4le fiable de l&rsquo;humidit\u00e9 d\u00e8s +2\u00b0C, ce qui le rend id\u00e9al pour les maisons secondaires, les chantiers&#8230;<\/p>\n<h3>Caract\u00e9ristiques principales :<\/h3>\n\n<h3>Capacit\u00e9 et d\u00e9bit d&rsquo;air \u00e9lev\u00e9s pour une circulation efficace de l&rsquo;air dans la pi\u00e8ce<\/h3>\n<p>Le SW22FM poss\u00e8de les caract\u00e9ristiques n\u00e9cessaires pour \u00e9liminer l&rsquo;humidit\u00e9 des espaces froids et expos\u00e9s tels que les sous-sols, les garages et les greniers. Avec une capacit\u00e9 de d\u00e9shumidification \u00e9lev\u00e9e allant jusqu&rsquo;\u00e0 13,5 litres par jour et un d\u00e9bit d&rsquo;air puissant de 350 m\u00b3\/heure, le SW22FM permet d&rsquo;atteindre tous les coins de l&rsquo;espace, m\u00eame s&rsquo;il est divis\u00e9 en plusieurs pi\u00e8ces. <\/p>\n<h3>Fonctionnement facile et fonction personnalisable<\/h3>\n<p>Avec deux modes de ventilation et un r\u00e9servoir d&rsquo;eau spacieux de 11,4 litres, le SW22FM est tr\u00e8s facile \u00e0 manipuler. Pour un entretien minimal, il est facile de raccorder un tuyau qui peut \u00eatre conduit directement \u00e0 un siphon de sol. Sa conception intelligente permet \u00e9galement de placer le d\u00e9shumidificateur directement au-dessus d&rsquo;un siphon de sol. Il est \u00e9galement \u00e9quip\u00e9 d&rsquo;un syst\u00e8me de d\u00e9marrage automatique, qui lui permet de revenir automatiquement \u00e0 son dernier r\u00e9glage apr\u00e8s une coupure de courant, de sorte que vous pouvez toujours \u00eatre s\u00fbr qu&rsquo;il contr\u00f4lera le niveau d&rsquo;humidit\u00e9 d\u00e8s que le courant sera r\u00e9tabli. Le SW22FM surveille le niveau d&rsquo;humidit\u00e9 dans la pi\u00e8ce et s&rsquo;allume ou s&rsquo;\u00e9teint automatiquement en cas de besoin.    <\/p>\n<h3>Filtre intelligent pour les moisissures et les particules<\/h3>\n<p>Le SW22FM est \u00e9quip\u00e9 du filtre SMF de Wood qui retient efficacement les particules de poussi\u00e8re et de moisissure dans l&rsquo;air, prot\u00e9geant ainsi le d\u00e9shumidificateur et prolongeant sa dur\u00e9e de vie. Il pr\u00e9serve vos espaces de l&rsquo;humidit\u00e9, des moisissures et des odeurs tout au long de l&rsquo;ann\u00e9e, ce qui en fait une solution s\u00fbre et \u00e0 long terme. <\/p>\n<h3>Efficace toute l&rsquo;ann\u00e9e, m\u00eame \u00e0 basse temp\u00e9rature<\/h3>\n<p>Gr\u00e2ce \u00e0 la technologie innovante i-EcoDefrost, le SW22FM peut d\u00e9shumidifier m\u00eame \u00e0 des temp\u00e9ratures aussi basses que +2\u00b0C. Il est con\u00e7u pour fonctionner en continu, ce qui lui permet de fonctionner en toute s\u00e9curit\u00e9 24 heures sur 24, sans interruption. Il est donc id\u00e9al pour une utilisation tout au long de l&rsquo;ann\u00e9e, quelles que soient les conditions m\u00e9t\u00e9orologiques ou la saison. Il pr\u00e9serve vos espaces de l&rsquo;humidit\u00e9, des moisissures et des mauvaises odeurs tout au long de l&rsquo;ann\u00e9e, ce qui en fait une solution s\u00fbre et durable pour votre maison.   <\/p>\n<h3>Construit pour durer<\/h3>\n<p>Fabriqu\u00e9 en Su\u00e8de avec un bo\u00eetier robuste en acier inoxydable, le SW22FM est con\u00e7u pour \u00e9liminer l&rsquo;humidit\u00e9 24 heures sur 24 et durer de nombreuses ann\u00e9es. Il est con\u00e7u pour un contr\u00f4le fiable de l&rsquo;humidit\u00e9 dans les sous-sols, les garages et les greniers, afin de pr\u00e9server vos biens et de prolonger la dur\u00e9e de vie de votre maison. <\/p>\n<h3>Longue garantie et utilisation durable<\/h3>\n<p>En enregistrant le SW22FM sur <a href=\"https:\/\/warranty-woods.com\">warranty-woods.com<\/a> et en rempla\u00e7ant le filtre chaque ann\u00e9e, vous b\u00e9n\u00e9ficiez de l&rsquo;une des garanties les plus longues du march\u00e9, \u00e0 savoir 6 ans. En vous inscrivant, vous recevrez \u00e9galement des rappels de changement de filtre, ce qui permettra non seulement de prolonger la dur\u00e9e de vie du d\u00e9shumidificateur, mais aussi de s&rsquo;assurer qu&rsquo;il fonctionne toujours de mani\u00e8re optimale. N&rsquo;oubliez pas de conserver le re\u00e7u lorsque vous achetez vos filtres.<\/p>\n<p>Avec le SW22FM de Wood, vous disposez d&rsquo;une solution fiable, durable et \u00e9conome en \u00e9nergie pour r\u00e9soudre tous vos probl\u00e8mes d&rsquo;humidit\u00e9 dans les sous-sols, les garages et autres espaces froids.<\/p>\n<p><iframe loading=\"lazy\" title=\"Instruction video - Wood&#039;s SW22FM (English)\" width=\"500\" height=\"281\" src=\"https:\/\/www.youtube.com\/embed\/tfPC6m1PS8U?feature=oembed\" frameborder=\"0\" allow=\"accelerometer; autoplay; clipboard-write; encrypted-media; gyroscope; picture-in-picture; web-share\" referrerpolicy=\"strict-origin-when-cross-origin\" allowfullscreen><\/iframe><\/p>\n","protected":false},"excerpt":{"rendered":"<p>D\u00e9barrassez-vous de l&rsquo;humidit\u00e9, des mauvaises odeurs et des moisissures avec le d\u00e9shumidificateur Wood&rsquo;s SW22FM. Il d\u00e9shumidifie jusqu&rsquo;\u00e0 13,5 litres d&rsquo;eau par jour et cr\u00e9e rapidement un environnement sec et confortable, m\u00eame \u00e0 basse temp\u00e9rature. Le puissant flux d&rsquo;air circule et d\u00e9shumidifie l&rsquo;air m\u00eame si l&rsquo;espace est divis\u00e9 en plusieurs pi\u00e8ces et, gr\u00e2ce \u00e0 son filtre efficace et \u00e0 son raccord de tuyau, l&rsquo;entretien est r\u00e9duit au minimum. Parfait pour les petites caves, les garages et autres espaces humides. Fabriqu\u00e9 en Su\u00e8de et garanti jusqu&rsquo;\u00e0 6 ans.    <\/p>\n","protected":false},"featured_media":39026,"template":"","meta":{"_acf_changed":false},"product_brand":[],"product_cat":[425,4734],"product_tag":[431,435,445],"class_list":{"0":"post-42612","1":"product","2":"type-product","3":"status-publish","4":"has-post-thumbnail","6":"product_cat-deshumidificateurs","7":"product_cat-sous-sol","8":"product_tag-cave","9":"product_tag-garage-fr","10":"product_tag-greniers","11":"product_shipping_class-high","12":"splide__slide","14":"first","15":"instock","16":"taxable","17":"shipping-taxable","18":"purchasable","19":"product-type-simple"},"acf":[],"_links":{"self":[{"href":"https:\/\/woods.se\/fr\/wp-json\/wp\/v2\/product\/42612","targetHints":{"allow":["GET"]}}],"collection":[{"href":"https:\/\/woods.se\/fr\/wp-json\/wp\/v2\/product"}],"about":[{"href":"https:\/\/woods.se\/fr\/wp-json\/wp\/v2\/types\/product"}],"wp:featuredmedia":[{"embeddable":true,"href":"https:\/\/woods.se\/fr\/wp-json\/wp\/v2\/media\/39026"}],"wp:attachment":[{"href":"https:\/\/woods.se\/fr\/wp-json\/wp\/v2\/media?parent=42612"}],"wp:term":[{"taxonomy":"product_brand","embeddable":true,"href":"https:\/\/woods.se\/fr\/wp-json\/wp\/v2\/product_brand?post=42612"},{"taxonomy":"product_cat","embeddable":true,"href":"https:\/\/woods.se\/fr\/wp-json\/wp\/v2\/product_cat?post=42612"},{"taxonomy":"product_tag","embeddable":true,"href":"https:\/\/woods.se\/fr\/wp-json\/wp\/v2\/product_tag?post=42612"}],"curies":[{"name":"wp","href":"https:\/\/api.w.org\/{rel}","templated":true}]}}