{"id":42604,"date":"2024-10-16T11:14:38","date_gmt":"2024-10-16T09:14:38","guid":{"rendered":"https:\/\/stage.woods.se\/?post_type=product&#038;p=42604"},"modified":"2026-04-29T09:30:26","modified_gmt":"2026-04-29T07:30:26","slug":"woods-mdx20p","status":"publish","type":"product","link":"https:\/\/woods.se\/fr\/produits\/deshumidificateurs\/sechage-du-linge\/woods-mdx20p\/","title":{"rendered":"Wood&rsquo;s MDX20P"},"content":{"rendered":"<h2>Wood&rsquo;s MDX20P<\/h2>\n<h3>D\u00e9shumidificateur puissant et silencieux avec pompe qui s\u00e8che efficacement votre linge<\/h3>\n<p>Lorsque les v\u00eatements lav\u00e9s sont suspendus, l&rsquo;air devient humide. Souvent, l&rsquo;humidit\u00e9 est telle qu&rsquo;il faut une \u00e9ternit\u00e9 avant que les v\u00eatements ne s\u00e8chent, ce qui leur conf\u00e8re une mauvaise odeur caract\u00e9ristique. Le d\u00e9shumidificateur MDX20P de Wood&rsquo;s r\u00e9sout le probl\u00e8me en s\u00e9chant le linge de mani\u00e8re efficace sur le plan \u00e9nerg\u00e9tique et en r\u00e9duisant rapidement le niveau d&rsquo;humidit\u00e9, ce qui \u00e9vite les probl\u00e8mes d&rsquo;humidit\u00e9, de moisissure et de mauvaises odeurs. Gr\u00e2ce \u00e0 la fonction de pompe automatique, vous n&rsquo;avez pas \u00e0 vous soucier de la pr\u00e9sence d&rsquo;un drain au sol.<\/p>\n<h3>Zones d&rsquo;utilisation recommand\u00e9es:<\/h3>\n<p><strong>Buanderies:<\/strong> S\u00e9chage efficace du linge gr\u00e2ce \u00e0 un d\u00e9bit d&rsquo;air \u00e9lev\u00e9 et \u00e0 une pompe automatique. Il n&rsquo;est donc pas n\u00e9cessaire de vider le r\u00e9servoir ou d&rsquo;installer un drain dans le sol.<br \/>\n<strong>Chambres \u00e0 coucher :<\/strong> Le fonctionnement discret, la s\u00e9curit\u00e9 enfant et la minuterie en font l&rsquo;appareil id\u00e9al pour les pi\u00e8ces o\u00f9 vous dormez ou passez beaucoup de temps. Il pr\u00e9vient les probl\u00e8mes d&rsquo;humidit\u00e9 sans vous d\u00e9ranger.<br \/>\n<strong>Appartements et espaces de vie chauff\u00e9s:<\/strong> Fonctionnement \u00e9conome en \u00e9nergie et design compact, id\u00e9al pour les maisons modernes qui ont besoin d&rsquo;une d\u00e9shumidification pratique.<\/p>\n\n<h3>D\u00e9shumidification et d\u00e9bit d&rsquo;air \u00e9lev\u00e9s<\/h3>\n<p>Le MDX20P de Wood&rsquo;s d\u00e9shumidifie jusqu&rsquo;\u00e0 20 litres d&rsquo;eau par jour et est con\u00e7u pour les environnements chauff\u00e9s (18\u00b0C) tels que les appartements, les chambres et les salles de s\u00e9jour. Tout en capturant l&rsquo;humidit\u00e9, le puissant flux d&rsquo;air souffle de l&rsquo;air chaud et sec depuis le haut de l&rsquo;appareil vers le linge, le s\u00e9chant et le laissant avec un parfum frais.<\/p>\n<h3>Fonction de pompage automatique<\/h3>\n<p>Le d\u00e9shumidificateur MDX20P de Wood&rsquo;s dispose d&rsquo;un grand r\u00e9servoir de 6 litres. Vous pouvez \u00e9galement raccorder facilement le tuyau pour ne pas avoir \u00e0 vous soucier de vider le r\u00e9servoir. En outre, le MDX20P de Wood&rsquo;s poss\u00e8de une puissante pompe automatique int\u00e9gr\u00e9e qui peut pomper l&rsquo;eau verticalement jusqu&rsquo;\u00e0 10-15 m\u00e8tres, ce qui signifie que vous n&rsquo;avez pas besoin de raccorder un siphon de sol \u00e0 l&rsquo;appareil, mais que vous pouvez \u00e9vacuer l&rsquo;exc\u00e9dent d&rsquo;eau vers n&rsquo;importe quelle canalisation. Veuillez noter que le tuyau de la pompe qui est fourni est de 3m.<\/p>\n<h3>Discret et \u00e9conome en \u00e9nergie<\/h3>\n<p>Le MDX20P est un appareil discret qui trouve facilement sa place dans les pi\u00e8ces chauff\u00e9es de la maison (18\u00b0C).<br \/>\nMais ce qui est le plus remarquable, c&rsquo;est son efficacit\u00e9 \u00e9nerg\u00e9tique. De plus, pour chaque litre d&rsquo;eau d\u00e9shumidifi\u00e9e produit, vous r\u00e9cup\u00e9rez 780 W d&rsquo;\u00e9nergie thermique (jusqu&rsquo;\u00e0 +2\u00b0C de gagn\u00e9s dans la pi\u00e8ce).<\/p>\n<h3>Minuterie, verrouillage des enfants et d\u00e9marrage automatique<\/h3>\n<p>Le MDX20P de Wood&rsquo;s est \u00e9quip\u00e9 d&rsquo;une minuterie, ce qui vous permet de personnaliser le fonctionnement en fonction de la dur\u00e9e de s\u00e9chage de votre linge.<br \/>\nPour un fonctionnement en toute s\u00e9curit\u00e9, il est \u00e9galement \u00e9quip\u00e9 d&rsquo;une s\u00e9curit\u00e9 enfant, afin que les enfants curieux ne puissent pas modifier les r\u00e9glages. En cas de coupure de courant, l&rsquo;appareil red\u00e9marre automatiquement avec les m\u00eames r\u00e9glages lorsque le courant revient.<\/p>\n<h3>Filtre lavable<\/h3>\n<p>Le d\u00e9shumidificateur MDX20P de Wood&rsquo;s est \u00e9quip\u00e9 d&rsquo;un filtre lavable qui prot\u00e8ge le d\u00e9shumidificateur de la poussi\u00e8re et de la salet\u00e9 qui p\u00e9n\u00e8trent dans l&rsquo;appareil, prolongeant ainsi sa dur\u00e9e de vie. Aspirez doucement le filtre de temps en temps et s&rsquo;il est tr\u00e8s sale, vous pouvez l&rsquo;essuyer avec un chiffon humide ou le rincer doucement \u00e0 l&rsquo;eau ti\u00e8de.<\/p>\n<h3>Enregistrement de la garantie prolong\u00e9e<\/h3>\n<p>Le d\u00e9shumidificateur MDX20P de Wood&rsquo;s est garanti 2 ans. Pour b\u00e9n\u00e9ficier d&rsquo;une garantie de 3 ans, il vous suffit d&rsquo;enregistrer votre d\u00e9shumidificateur \u00e0 l&rsquo;adresse suivante<br \/>\n<a href=\"https:\/\/warranty-woods.com\">warranty-woods.com<\/a>. N&rsquo;oubliez pas de conserver le re\u00e7u.<\/p>\n","protected":false},"excerpt":{"rendered":"<p>Le d\u00e9shumidificateur MDX20P de Wood&rsquo;s est con\u00e7u pour les petites buanderie et autres espaces de vie sans \u00e9vacuation au sol. Il d\u00e9shumidifie jusqu&rsquo;\u00e0 20 litres d&rsquo;eau par jour de mani\u00e8re \u00e9conome en \u00e9nergie et dispose d&rsquo;une puissante pompe int\u00e9gr\u00e9e pour faciliter l&rsquo;\u00e9vacuation. La sortie d&rsquo;air situ\u00e9e sur le dessus de l&rsquo;appareil s\u00e8che efficacement votre linge et son fonctionnement discret en fait l&rsquo;appareil id\u00e9al pour les pi\u00e8ces chauff\u00e9s de la maison (18\u00b0C). Le MDX20P de Wood&rsquo;s est \u00e9quip\u00e9 d&rsquo;un filtre lavable, d&rsquo;une minuterie, d&rsquo;une s\u00e9curit\u00e9 enfant et red\u00e9marre apr\u00e8s une coupure de courant. Si vous enregistrez la machine, vous b\u00e9n\u00e9ficiez d&rsquo;une garantie de 3 ans.<\/p>\n","protected":false},"featured_media":35966,"template":"","meta":{"_acf_changed":false},"product_brand":[],"product_cat":[425,4738],"product_tag":[1430,442,432,438],"class_list":{"0":"post-42604","1":"product","2":"type-product","3":"status-publish","4":"has-post-thumbnail","6":"product_cat-deshumidificateurs","7":"product_cat-sechage-du-linge","8":"product_tag-appartement","9":"product_tag-chambre","10":"product_tag-espace-de-vie","11":"product_tag-sechage-du-linge","12":"product_shipping_class-high","13":"splide__slide","15":"first","16":"instock","17":"taxable","18":"shipping-taxable","19":"purchasable","20":"product-type-simple"},"acf":[],"_links":{"self":[{"href":"https:\/\/woods.se\/fr\/wp-json\/wp\/v2\/product\/42604","targetHints":{"allow":["GET"]}}],"collection":[{"href":"https:\/\/woods.se\/fr\/wp-json\/wp\/v2\/product"}],"about":[{"href":"https:\/\/woods.se\/fr\/wp-json\/wp\/v2\/types\/product"}],"wp:featuredmedia":[{"embeddable":true,"href":"https:\/\/woods.se\/fr\/wp-json\/wp\/v2\/media\/35966"}],"wp:attachment":[{"href":"https:\/\/woods.se\/fr\/wp-json\/wp\/v2\/media?parent=42604"}],"wp:term":[{"taxonomy":"product_brand","embeddable":true,"href":"https:\/\/woods.se\/fr\/wp-json\/wp\/v2\/product_brand?post=42604"},{"taxonomy":"product_cat","embeddable":true,"href":"https:\/\/woods.se\/fr\/wp-json\/wp\/v2\/product_cat?post=42604"},{"taxonomy":"product_tag","embeddable":true,"href":"https:\/\/woods.se\/fr\/wp-json\/wp\/v2\/product_tag?post=42604"}],"curies":[{"name":"wp","href":"https:\/\/api.w.org\/{rel}","templated":true}]}}