{"id":42575,"date":"2024-12-10T13:48:51","date_gmt":"2024-12-10T12:48:51","guid":{"rendered":"https:\/\/stage.woods.se\/?post_type=product&#038;p=42575"},"modified":"2026-03-06T14:58:41","modified_gmt":"2026-03-06T13:58:41","slug":"woods-mdx14","status":"publish","type":"product","link":"https:\/\/woods.se\/fr\/produits\/deshumidificateurs\/salles-de-bains\/woods-mdx14\/","title":{"rendered":"Wood&rsquo;s MDX14"},"content":{"rendered":"<h2>Wood&rsquo;s MDX14<\/h2>\n<h3>Solution optimale pour les salles de bains et autres petits espaces chauff\u00e9s<\/h3>\n<p>Les salles de bains et douches sont les pi\u00e8ces les plus sujettes \u00e0 l&rsquo;humidit\u00e9 dans la maison et peuvent facilement provoquer des odeurs d\u00e9sagr\u00e9ables et la formation de moisissures. Le MDX14 de Wood&rsquo;s fonctionne silencieusement et efficacement pour maintenir une humidit\u00e9 optimale, r\u00e9duire le risque de moisissure et les odeurs, et am\u00e9liorer la qualit\u00e9 de l&rsquo;air. Gr\u00e2ce \u00e0 sa sortie d&rsquo;air situ\u00e9e su rle dessus d&rsquo;lappareil, le MDX14 peut \u00e9galement s\u00e9cher de petites quantit\u00e9s de linge et garder les serviettes s\u00e8ches et fra\u00eeches, ce qui le rend id\u00e9al pour les salles de bains o\u00f9 l&rsquo;espace est souvent limit\u00e9. Sa taille pratique, son poids l\u00e9ger et son faible niveau sonore le rendent \u00e9galement id\u00e9al pour d&rsquo;autres petits espaces humides tels que les buanderies, petits espaces de vie ou les chambres.   <\/p>\n<h3>Caract\u00e9ristiques principales :<\/h3>\n\n<h3>Compact et facile \u00e0 utiliser<\/h3>\n<p>Le MDX14 est facile \u00e0 utiliser gr\u00e2ce \u00e0 ses commandes intuitives et \u00e0 ses multiples modes de fonctionnement qui vous permettent d&rsquo;adapter la d\u00e9shumidification \u00e0 vos besoins. Il est \u00e9quip\u00e9 d&rsquo;un r\u00e9servoir d&rsquo;eau de 1,5 litre avec un raccord de tuyau pour une vidange continue, ce qui facilite le drainage. Il est \u00e9galement tr\u00e8s facile \u00e0 d\u00e9placer gr\u00e2ce \u00e0 sa taille, sa poign\u00e9e pratique et ses 4 roulettes.  <\/p>\n<h3>Efficacit\u00e9 \u00e9nerg\u00e9tique et respect de l&rsquo;environnement<\/h3>\n<p>Le MDX14 de Wood&rsquo;s utilise le r\u00e9frig\u00e9rant R290, qui est respectueux de l&rsquo;environnement et \u00e9conome en \u00e9nergie. Cela garantit une faible consommation d&rsquo;\u00e9nergie sans compromettre les performances. <\/p>\n<h3>Adaptable et fiable<\/h3>\n<p>Le d\u00e9shumidificateur fonctionne selon le taux d&rsquo;humiditez que vous programmerez et il red\u00e9marre automatiquement en cas de coupure de d&rsquo;\u00e9lectricit\u00e9. Avec le MDX14, vous disposez d&rsquo;une solution compacte, efficace et facile \u00e0 utiliser, parfaite pour garder les salles de bains et autres petits espaces chauff\u00e9s au sec tout au long de l&rsquo;ann\u00e9e. <\/p>\n<h3>Prolongez votre garantie<\/h3>\n<p>En enregistrant l&rsquo;achat de votre MDX14 sur le site <a href=\"https:\/\/warranty-woods.com\">warranty-woods.com<\/a>, vous prolongez la garantie de 2 \u00e0 3 ans.<\/p>\n<p>Choisissez le MDX14 de Wood&rsquo;s pour une solution adaptable et fiable pour votre salle de bain ou d&rsquo;autres petits espaces chauff\u00e9s, prot\u00e9gez votre maison et profitez d&rsquo;un meilleur climat int\u00e9rieur !<\/p>\n","protected":false},"excerpt":{"rendered":"<p>Le MDX14 de Wood&rsquo;s est un d\u00e9shumidificateur compact, efficace et silencieux, parfait pour les salles de bains et autres petits espaces chauff\u00e9s. Il pr\u00e9serve votre salle de bains de l&rsquo;humidit\u00e9, r\u00e9duit le risque de moisissure et maintient la qualit\u00e9 de l&rsquo;air \u00e0 son meilleur niveau. Gr\u00e2ce \u00e0 sa sortie d&rsquo;air situ\u00e9e sur le dessus de l&rsquo;appareil, le MDX14 peut \u00e9galement s\u00e9cher les serviettes et les petites quantit\u00e9s de linge, ce qui en fait l&rsquo;appareil id\u00e9al lorsque l&rsquo;espace est limit\u00e9. Facile \u00e0 utiliser, avec des commandes intuitives et l&rsquo;option de vidange continue, le MDX14 est le choix id\u00e9al pour une maison plus saine.   <\/p>\n","protected":false},"featured_media":42015,"template":"","meta":{"_acf_changed":false},"product_brand":[],"product_cat":[425,4735],"product_tag":[1412,1411],"class_list":{"0":"post-42575","1":"product","2":"type-product","3":"status-publish","4":"has-post-thumbnail","6":"product_cat-deshumidificateurs","7":"product_cat-salles-de-bains","8":"product_tag-petits-espaces-chauffes-18c","9":"product_tag-salle-de-bains","10":"product_shipping_class-high","11":"splide__slide","13":"first","14":"outofstock","15":"taxable","16":"shipping-taxable","17":"purchasable","18":"product-type-simple"},"acf":[],"_links":{"self":[{"href":"https:\/\/woods.se\/fr\/wp-json\/wp\/v2\/product\/42575","targetHints":{"allow":["GET"]}}],"collection":[{"href":"https:\/\/woods.se\/fr\/wp-json\/wp\/v2\/product"}],"about":[{"href":"https:\/\/woods.se\/fr\/wp-json\/wp\/v2\/types\/product"}],"wp:featuredmedia":[{"embeddable":true,"href":"https:\/\/woods.se\/fr\/wp-json\/wp\/v2\/media\/42015"}],"wp:attachment":[{"href":"https:\/\/woods.se\/fr\/wp-json\/wp\/v2\/media?parent=42575"}],"wp:term":[{"taxonomy":"product_brand","embeddable":true,"href":"https:\/\/woods.se\/fr\/wp-json\/wp\/v2\/product_brand?post=42575"},{"taxonomy":"product_cat","embeddable":true,"href":"https:\/\/woods.se\/fr\/wp-json\/wp\/v2\/product_cat?post=42575"},{"taxonomy":"product_tag","embeddable":true,"href":"https:\/\/woods.se\/fr\/wp-json\/wp\/v2\/product_tag?post=42575"}],"curies":[{"name":"wp","href":"https:\/\/api.w.org\/{rel}","templated":true}]}}