{"id":42565,"date":"2024-12-10T13:42:51","date_gmt":"2024-12-10T12:42:51","guid":{"rendered":"https:\/\/stage.woods.se\/?post_type=product&#038;p=42565"},"modified":"2026-03-05T16:16:11","modified_gmt":"2026-03-05T15:16:11","slug":"woods-ld40","status":"publish","type":"product","link":"https:\/\/woods.se\/fr\/produits\/deshumidificateurs\/sechage-du-linge\/woods-ld40\/","title":{"rendered":"Wood&rsquo;s LD40"},"content":{"rendered":"<h2>Wood&rsquo;s LD40<\/h2>\n<h3>D\u00e9shumidificateur efficace pour le s\u00e9chage du linge<\/h3>\n<p>Le LD40 de Wood&rsquo;s est le d\u00e9shumidificateur id\u00e9al pour les familles disposant d&rsquo;une buanderie ou d&rsquo;un sous-sol o\u00f9 l&rsquo;humidit\u00e9 \u00e9lev\u00e9e peut facilement provoquer des moisissures et des mauvaises odeurs. Il a \u00e9t\u00e9 \u00e9lu meilleur test en tant que moyen le plus \u00e9conome en \u00e9nergie pour s\u00e9cher le linge \u00e0 l&rsquo;int\u00e9rieur. Gr\u00e2ce \u00e0 son puissant ventilateur mont\u00e9 sur le dessus, votre linge est s\u00e9ch\u00e9 rapidement et en douceur, ce qui prolonge la dur\u00e9e de vie de vos v\u00eatements et \u00e9limine les mauvaises odeurs, tout en cr\u00e9ant un environnement int\u00e9rieur sec et confortable, sans humidit\u00e9, quelle que soit la saison.  <\/p>\n<h3>Zone d&rsquo;utilisation recommand\u00e9es:<\/h3>\n<p><strong>Sous-sols avec buanderie :<\/strong> les niveaux \u00e9lev\u00e9s d&rsquo;humidit\u00e9 dus \u00e0 la buanderie n\u00e9cessitent un d\u00e9shumidificateur tel que le LD40, qui s\u00e8che rapidement, efficacement et en douceur tous les types de linge tout en prot\u00e9geant l&rsquo;ensemble du sous-sol de l&rsquo;humidit\u00e9. Cela prolonge la dur\u00e9e de vie du b\u00e2timent et de vos v\u00eatements.<br \/>\n<strong>Buanderies :<\/strong> Une solution id\u00e9ale pour les buanderies o\u00f9 le taux d&rsquo;humidit\u00e9 augmente rapidement. Le LD40 s\u00e8che les v\u00eatements rapidement et en douceur, en les d\u00e9barrassant des odeurs d\u00e9sagr\u00e9ables.<br \/>\n<strong>Le sous-sol :<\/strong> Pour lutter contre les probl\u00e8mes d&rsquo;humidit\u00e9 dans les sous-sols o\u00f9 une mauvaise ventilation et le froid sont souvent \u00e0 l&rsquo;origine de moisissures. Le LD40 maintient l&rsquo;humidit\u00e9 sous contr\u00f4le, cr\u00e9ant un environnement de stockage frais et fiable tout au long de l&rsquo;ann\u00e9e. <\/p>\n\n<h3>Capacit\u00e9 et d\u00e9bit d&rsquo;air \u00e9lev\u00e9s pour une circulation efficace de l&rsquo;air dans la pi\u00e8ce<\/h3>\n<p>Le LD40 a une capacit\u00e9 de d\u00e9shumidification impressionnante allant jusqu&rsquo;\u00e0 13 litres par jour et un d\u00e9bit d&rsquo;air allant jusqu&rsquo;\u00e0 350 m\u00b3\/h, ce qui signifie qu&rsquo;il s\u00e8che efficacement votre linge tout en g\u00e9rant l&rsquo;humidit\u00e9 dans tous les espaces et les pi\u00e8ces divis\u00e9es. Le LD40 est donc le choix id\u00e9al pour les buanderies et les caves. <\/p>\n<h3>Contr\u00f4le avec fonctions intelligentes<\/h3>\n<p>Le LD40 est dot\u00e9 d&rsquo;un \u00e9cran num\u00e9rique sur lequel vous pouvez lire l&rsquo;humidit\u00e9 et la temp\u00e9rature actuelles et s\u00e9lectionner l&rsquo;un des quatre modes de fonctionnement intelligents :<br \/>\n<strong>S\u00e9chage du linge:<\/strong> S\u00e8che le linge avec une d\u00e9shumidification et une vitesse de ventilation maximales.<br \/>\n<strong>Ventilateur :<\/strong> s\u00e8che le linge avec le ventilateur en continu et d\u00e9shumidifie selon le niveau souhait\u00e9.<br \/>\n<strong>Normal :<\/strong> D\u00e9shumidifie au niveau souhait\u00e9.<br \/>\n<strong>Easy :<\/strong> D\u00e9shumidification jusqu&rsquo;\u00e0 50 % d&rsquo;humidit\u00e9 relative avec une vitesse de ventilation faible.<\/p>\n<h3>Fonction facile \u00e0 utiliser et personnalisable<\/h3>\n<p>Le LD40 est \u00e9quip\u00e9 d&rsquo;un grand r\u00e9servoir d&rsquo;eau de 11,4 litres et il est \u00e9galement possible de raccorder un tuyau (non fourni) pour une \u00e9vacuation directe vers un drain, ce qui facilite l&rsquo;utilisation continue. Vous pouvez \u00e9galement choisir de placer le d\u00e9shumidificateur directement au-dessus d&rsquo;un siphon de sol. Pour plus de s\u00e9curit\u00e9, le LD40 d\u00e9marre automatiquement apr\u00e8s une coupure de courant et l&rsquo;appareil revient \u00e0 ses derniers r\u00e9glages pour garantir que le contr\u00f4le de l&rsquo;humidit\u00e9 n&rsquo;est pas interrompu \u00e0 ce moment-l\u00e0.  <\/p>\n<h3>Filtre efficace contre les moisissures et les particules<\/h3>\n<p>Le LD40 est \u00e9quip\u00e9 d&rsquo;un filtre Wood&rsquo;s SMF qui capture efficacement les particules de poussi\u00e8re et de moisissure pr\u00e9sentes dans l&rsquo;air, afin de pr\u00e9server vos espaces de l&rsquo;humidit\u00e9, de la moisissure et des odeurs tout au long de l&rsquo;ann\u00e9e. En outre, le filtre prot\u00e8ge le d\u00e9shumidificateur et prolonge sa dur\u00e9e de vie, ce qui en fait une solution s\u00fbre et durable. <\/p>\n<h3>Efficace toute l&rsquo;ann\u00e9e, m\u00eame \u00e0 basse temp\u00e9rature<\/h3>\n<p>Gr\u00e2ce \u00e0 son syst\u00e8me i-EcoDefrost, le LD40 fonctionne efficacement m\u00eame \u00e0 basse temp\u00e9rature, jusqu&rsquo;\u00e0 +2\u00b0C. Il convient donc \u00e9galement aux espaces qui n\u00e9cessitent un contr\u00f4le de l&rsquo;humidit\u00e9 quelle que soit la saison, garantissant un environnement sec et s\u00fbr tout au long de l&rsquo;ann\u00e9e. <\/p>\n<h3>Construit pour durer<\/h3>\n<p>Le LD40 de Wood&rsquo;s est con\u00e7u et fabriqu\u00e9 en Su\u00e8de pour r\u00e9sister aux conditions difficiles. Son acier inoxidable robuste prot\u00e8ge les composants de haute qualit\u00e9 et garantit que le d\u00e9shumidificateur fonctionne de mani\u00e8re optimale, m\u00eame dans des environnements exigeants. Le LD40 peut \u00e9galement \u00eatre utilis\u00e9 en toute s\u00e9curit\u00e9 24 heures sur 24, tout au long de l&rsquo;ann\u00e9e, ce qui en fait une solution fiable pour s\u00e9cher le linge pendant la nuit tout en prenant soin de l&rsquo;humidit\u00e9.  <\/p>\n<h3>B\u00e9n\u00e9ficiez d&rsquo;une extension de garantie pouvant aller jusqu&rsquo;\u00e0 10 ans<\/h3>\n<p>Enregistrez votre LD40 sur warranty.woods.com et prolongez la garantie \u00e0 10 ans en rempla\u00e7ant le filtre une fois par an (re\u00e7us requis). Vous recevrez \u00e9galement des rappels concernant le remplacement des filtres, ce qui facilitera l&rsquo;entretien du d\u00e9shumidificateur et garantira son fonctionnement optimal pendant de nombreuses ann\u00e9es. <\/p>\n<p>Avec le LD40, vous disposez d&rsquo;un d\u00e9shumidificateur durable, convivial et puissant qui s\u00e8che rapidement votre linge et maintient vos espaces secs et exempts d&rsquo;humidit\u00e9 et de moisissures. Choisissez le LD40 pour un environnement int\u00e9rieur s\u00fbr et efficace dans les buanderies et les sous-sols, tout au long de l&rsquo;ann\u00e9e. <\/p>\n<p>&nbsp;<\/p>\n","protected":false},"excerpt":{"rendered":"<p>Le LD40 a \u00e9t\u00e9 d\u00e9sign\u00e9 comme \u00ab\u00a0best in test\u00a0\u00bb et constitue un d\u00e9shumidificateur efficace pour les buanderies et les sous-sols. Gr\u00e2ce \u00e0 sa grande capacit\u00e9 de d\u00e9shumidification et \u00e0 son puissant ventilateur, il s\u00e8che le linge rapidement et en douceur et maintient l&rsquo;espace exempt d&rsquo;humidit\u00e9. Il est parfait pour les familles qui ont beaucoup de linge \u00e0 laver. Il est facile \u00e0 utiliser, avec quatre modes de fonctionnement intelligents, un filtre anti-moisissure, un grand r\u00e9servoir d&rsquo;eau et la possibilit\u00e9 de brancher un tuyau. Le LD40 est fabriqu\u00e9 en Su\u00e8de et b\u00e9n\u00e9ficie d&rsquo;une garantie de 10 ans. Il est con\u00e7u pour fonctionner en continu et peut donc \u00eatre laiss\u00e9 en marche 24 heures sur 24 en toute s\u00e9curit\u00e9.    <\/p>\n","protected":false},"featured_media":41155,"template":"","meta":{"_acf_changed":false},"product_brand":[],"product_cat":[425,4738],"product_tag":[1400,1401,1399],"class_list":{"0":"post-42565","1":"product","2":"type-product","3":"status-publish","4":"has-post-thumbnail","6":"product_cat-deshumidificateurs","7":"product_cat-sechage-du-linge","8":"product_tag-buanderie-au-sous-sol","9":"product_tag-espaces-de-vie","10":"product_tag-sechage-du-linge-fr","11":"product_shipping_class-very-high","12":"splide__slide","14":"first","15":"instock","16":"taxable","17":"shipping-taxable","18":"purchasable","19":"product-type-simple"},"acf":[],"_links":{"self":[{"href":"https:\/\/woods.se\/fr\/wp-json\/wp\/v2\/product\/42565","targetHints":{"allow":["GET"]}}],"collection":[{"href":"https:\/\/woods.se\/fr\/wp-json\/wp\/v2\/product"}],"about":[{"href":"https:\/\/woods.se\/fr\/wp-json\/wp\/v2\/types\/product"}],"wp:featuredmedia":[{"embeddable":true,"href":"https:\/\/woods.se\/fr\/wp-json\/wp\/v2\/media\/41155"}],"wp:attachment":[{"href":"https:\/\/woods.se\/fr\/wp-json\/wp\/v2\/media?parent=42565"}],"wp:term":[{"taxonomy":"product_brand","embeddable":true,"href":"https:\/\/woods.se\/fr\/wp-json\/wp\/v2\/product_brand?post=42565"},{"taxonomy":"product_cat","embeddable":true,"href":"https:\/\/woods.se\/fr\/wp-json\/wp\/v2\/product_cat?post=42565"},{"taxonomy":"product_tag","embeddable":true,"href":"https:\/\/woods.se\/fr\/wp-json\/wp\/v2\/product_tag?post=42565"}],"curies":[{"name":"wp","href":"https:\/\/api.w.org\/{rel}","templated":true}]}}