{"id":42563,"date":"2024-10-16T14:24:04","date_gmt":"2024-10-16T12:24:04","guid":{"rendered":"https:\/\/stage.woods.se\/?post_type=product&#038;p=42563"},"modified":"2026-03-06T15:34:44","modified_gmt":"2026-03-06T14:34:44","slug":"woods-sw42fw","status":"publish","type":"product","link":"https:\/\/woods.se\/fr\/produits\/deshumidificateurs\/sous-sol\/woods-sw42fw\/","title":{"rendered":"Wood&rsquo;s SW42FW"},"content":{"rendered":"<h2>Wood&rsquo;s SW42FW (blanc)<\/h2>\n<h3>D\u00e9shumidificateur efficace pour les caves, les garages et les r\u00e9sidences secondaires<\/h3>\n<p>Le SW42FW de Wood&rsquo;s est un d\u00e9shumidificateur puissant, parfait pour garder les grands espaces humides secs et confortables. Avec sa capacit\u00e9 impressionnante \u00e0 \u00e9liminer jusqu&rsquo;\u00e0 25 litres d&rsquo;eau par jours et un d\u00e9bit d&rsquo;air efficace de 315 m\u00b3\/h, le SW42FW est une solution fiable pour les sous-sols et les garages. Sa construction robuste et ses caract\u00e9ristiques innovantes en font l&rsquo;appareil id\u00e9al pour lutter contre l&rsquo;humidit\u00e9, les moisissures et les mauvaises odeurs, m\u00eame \u00e0 basse temp\u00e9rature.  <\/p>\n<h3>Zone d&rsquo;utilisation recommand\u00e9es:<\/h3>\n<p><strong>Le sous-sol :<\/strong> Permet de garder l&rsquo;ensemble du sous-sol sec et exempt de moisissures, id\u00e9al pour le stockage ou comme espace de vie suppl\u00e9mentaire.<br \/>\n<strong>Garage :<\/strong> Prot\u00e8ge les v\u00e9hicules et les outils en emp\u00eachant efficacement l&rsquo;humidit\u00e9 de p\u00e9n\u00e9trer, tout au long de l&rsquo;ann\u00e9e.<br \/>\n<strong>Autres espaces froids : <\/strong>Avec un contr\u00f4le stable de l&rsquo;humidit\u00e9 jusqu&rsquo;\u00e0 +2\u00b0C, il est id\u00e9al pour les grandes salles de stockage ou les r\u00e9sidences secondaires pour les prot\u00e9ger en votre absence.<\/p>\n<h3>Caract\u00e9ristiques principales<\/h3>\n\n<h3>Capacit\u00e9 et d\u00e9bit d&rsquo;air \u00e9lev\u00e9s pour une circulation efficace de l&rsquo;air dans la pi\u00e8ce<\/h3>\n<p>Avec sa capacit\u00e9 de d\u00e9shumidification \u00e9lev\u00e9e de 25 litres par jour, le SW42FW peut traiter sans probl\u00e8me les grandes pi\u00e8ces et les pi\u00e8ces divis\u00e9es. Le d\u00e9bit d&rsquo;air \u00e9lev\u00e9 de 315 m\u00b3\/h permet d&rsquo;atteindre chaque recoin et de le maintenir sec, r\u00e9duisant ainsi le risque de dommages li\u00e9s \u00e0 l&rsquo;humidit\u00e9 et les mauvaises odeurs. <\/p>\n<h3>Facile \u00e0 utiliser et \u00e0 entretenir<\/h3>\n<p>Le SW42FW est \u00e9quip\u00e9 d&rsquo;un r\u00e9servoir d&rsquo;eau de 11,4 litres facile \u00e0 vider. Pour plus de commodit\u00e9, vous pouvez raccorder un tuyau d&rsquo;arrosage pour un drainage continu ou placer le d\u00e9shumidificateur directement au-dessus d&rsquo;un siphon de sol. En outre, l&rsquo;appareil d\u00e9marre automatiquement apr\u00e8s une coupure de courant, de sorte que le contr\u00f4le de l&rsquo;humidit\u00e9 n&rsquo;est jamais interrompu et qu&rsquo;il revient aux r\u00e9glages pr\u00e9c\u00e9dents. Le SW42FW surveille l&rsquo;humidit\u00e9 dans la pi\u00e8ce et d\u00e9marre et s&rsquo;arr\u00eate automatiquement si n\u00e9cessaire.   <\/p>\n<h3>Filtre intelligent pour les moisissures et les particules<\/h3>\n<p>Le SW42FW est \u00e9quip\u00e9 d&rsquo;un filtre Wood&rsquo;s SMF qui capture efficacement les particules de poussi\u00e8re et de moisissure dans l&rsquo;air, prot\u00e9geant ainsi le d\u00e9shumidificateur et prolongeant sa dur\u00e9e de vie. Il s&rsquo;agit donc d&rsquo;une solution s\u00fbre et \u00e0 long terme qui permet de pr\u00e9server vos espaces de l&rsquo;humidit\u00e9, des moisissures et des odeurs tout au long de l&rsquo;ann\u00e9e. <\/p>\n<h3>Efficace toute l&rsquo;ann\u00e9e, m\u00eame \u00e0 basse temp\u00e9rature<\/h3>\n<p>Gr\u00e2ce au syst\u00e8me i-EcoDefrost, le SW42FW fonctionne efficacement jusqu&rsquo;\u00e0 +2\u00b0C, ce qui le rend id\u00e9al pour une utilisation dans des environnements plus froids. Il est \u00e9galement con\u00e7u pour une utilisation continue, ce qui lui permet de fonctionner en toute s\u00e9curit\u00e9 24 heures sur 24 et de pr\u00e9server vos espaces de l&rsquo;humidit\u00e9 et de la moisissure quelle que soit la saison. <\/p>\n<h3>Construit pour durer<\/h3>\n<p>Fabriqu\u00e9 en Su\u00e8de avec des composants de haute qualit\u00e9 et un bo\u00eetier m\u00e9tallique durable, le SW42FW est con\u00e7u pour r\u00e9sister aux contraintes des environnements exigeants et pour fonctionner toute l&rsquo;ann\u00e9e, quel que soit le climat. Il est \u00e0 la fois \u00e9conome en \u00e9nergie et robuste, ce qui en fait un choix fiable et \u00e0 long terme pour lutter contre les probl\u00e8mes d&rsquo;humidit\u00e9 dans la maison. <\/p>\n<h3>Longue garantie jusqu&rsquo;\u00e0 6 ans<\/h3>\n<p>Lorsque vous enregistrez votre SW42FW sur <a href=\"https:\/\/warranty-woods.com\">warranty.woods.com<\/a> et que vous remplacez le filtre chaque ann\u00e9e, vous b\u00e9n\u00e9ficiez de l&rsquo;une des garanties les plus longues du march\u00e9, jusqu&rsquo;\u00e0 6 ans. En suivant le rythme de remplacement des filtres, vous prolongez la dur\u00e9e de vie du d\u00e9shumidificateur et maintenez ses performances \u00e0 leur meilleur niveau. N&rsquo;oubliez pas de conserver votre ticket de caisse lorsque vous achetez des filtres.  <\/p>\n<p>Avec le SW42FW de Wood, vous obtenez une solution puissante, \u00e9conome en \u00e9nergie et fiable \u00e0 vos probl\u00e8mes d&rsquo;humidit\u00e9, tout au long de l&rsquo;ann\u00e9e !<\/p>\n<p><iframe loading=\"lazy\" title=\"Vid\u00e9os De Didacticiel - Wood&#039;s SW42FW (French)\" width=\"500\" height=\"281\" src=\"https:\/\/www.youtube.com\/embed\/5RZ-NZRLY9s?feature=oembed\" frameborder=\"0\" allow=\"accelerometer; autoplay; clipboard-write; encrypted-media; gyroscope; picture-in-picture; web-share\" referrerpolicy=\"strict-origin-when-cross-origin\" allowfullscreen><\/iframe><\/p>\n","protected":false},"excerpt":{"rendered":"<p>Le SW42FX de Wood&rsquo;s est un d\u00e9shumidificateur puissant qui traite efficacement l&rsquo;humidit\u00e9, les moisissures et les odeurs d\u00e9sagr\u00e9ables dans les espaces froids, tels que les sous-sols ou les garages. Il \u00e9limine jusqu&rsquo;\u00e0 25 litres d&rsquo;humidit\u00e9 par jour et poss\u00e8de un d\u00e9bit d&rsquo;air \u00e9lev\u00e9, garantissant que toutes les parties de la pi\u00e8ce restent s\u00e8ches. Fabriqu\u00e9 en Su\u00e8de, le SW42FX est une solution fiable et \u00e0 long terme pour pr\u00e9server les grands espaces de l&rsquo;humidit\u00e9 tout au long de l&rsquo;ann\u00e9e, et il est \u00e9galement efficace \u00e0 basse temp\u00e9rature.<br \/>Fabriqu\u00e9 en Su\u00e8de, il est garanti jusqu&rsquo;\u00e0 6 ans.   <\/p>\n<p>&nbsp;<\/p>\n","protected":false},"featured_media":38963,"template":"","meta":{"_acf_changed":false},"product_brand":[],"product_cat":[425,4734],"product_tag":[431,435,445],"class_list":{"0":"post-42563","1":"product","2":"type-product","3":"status-publish","4":"has-post-thumbnail","6":"product_cat-deshumidificateurs","7":"product_cat-sous-sol","8":"product_tag-cave","9":"product_tag-garage-fr","10":"product_tag-greniers","11":"product_shipping_class-sweden-very-high","12":"splide__slide","14":"first","15":"instock","16":"taxable","17":"shipping-taxable","18":"purchasable","19":"product-type-simple"},"acf":[],"_links":{"self":[{"href":"https:\/\/woods.se\/fr\/wp-json\/wp\/v2\/product\/42563","targetHints":{"allow":["GET"]}}],"collection":[{"href":"https:\/\/woods.se\/fr\/wp-json\/wp\/v2\/product"}],"about":[{"href":"https:\/\/woods.se\/fr\/wp-json\/wp\/v2\/types\/product"}],"wp:featuredmedia":[{"embeddable":true,"href":"https:\/\/woods.se\/fr\/wp-json\/wp\/v2\/media\/38963"}],"wp:attachment":[{"href":"https:\/\/woods.se\/fr\/wp-json\/wp\/v2\/media?parent=42563"}],"wp:term":[{"taxonomy":"product_brand","embeddable":true,"href":"https:\/\/woods.se\/fr\/wp-json\/wp\/v2\/product_brand?post=42563"},{"taxonomy":"product_cat","embeddable":true,"href":"https:\/\/woods.se\/fr\/wp-json\/wp\/v2\/product_cat?post=42563"},{"taxonomy":"product_tag","embeddable":true,"href":"https:\/\/woods.se\/fr\/wp-json\/wp\/v2\/product_tag?post=42563"}],"curies":[{"name":"wp","href":"https:\/\/api.w.org\/{rel}","templated":true}]}}