{"id":42562,"date":"2024-10-16T14:19:41","date_gmt":"2024-10-16T12:19:41","guid":{"rendered":"https:\/\/stage.woods.se\/?post_type=product&#038;p=42562"},"modified":"2026-03-06T15:32:22","modified_gmt":"2026-03-06T14:32:22","slug":"woods-sw38fw","status":"publish","type":"product","link":"https:\/\/woods.se\/fr\/produits\/deshumidificateurs\/sous-sol\/woods-sw38fw\/","title":{"rendered":"Wood&rsquo;s SW38FW"},"content":{"rendered":"<h2>Wood&rsquo;s SW38FW (blanc)<\/h2>\n<h3>D\u00e9shumidificateur puissant pour la cave, le garage et les r\u00e9sidences secondaires<\/h3>\n<p>L&rsquo;humidit\u00e9, les moisissures et les mauvaises odeurs sont des probl\u00e8mes courants dans les espaces non-chauff\u00e9s tels que les sous-sols, les garages, les greniers et les entrep\u00f4ts. Le SW38FW de Wood&rsquo;s est con\u00e7u pour relever efficacement ces d\u00e9fis et cr\u00e9er un environnement sec et confortable, m\u00eame \u00e0 des temp\u00e9ratures aussi basses que +2\u00b0C. Avec son impressionnante capacit\u00e9 de d\u00e9shumidification allant jusqu&rsquo;\u00e0 19 litres par jour et un flux d&rsquo;air qui atteint toutes les parties de l&rsquo;espace, le SW38FW est la solution parfaite pour prot\u00e9ger vos biens et pr\u00e9venir les dommages li\u00e9s \u00e0 l&rsquo;humidit\u00e9.  <\/p>\n<h3>Zones d&rsquo;utilisation recommand\u00e9es:<\/h3>\n<p><strong>Le sous-sol : <\/strong>Une d\u00e9shumidification puissante et un d\u00e9bit d&rsquo;air \u00e9lev\u00e9 maintiennent le sous-sol sec et exempt de moisissures, ce qui permet d&rsquo;utiliser l&rsquo;espace \u00e0 la fois pour le stockage et l&rsquo;usage en continu.<br \/>\n<strong>Garage :<\/strong> Prot\u00e8ge les v\u00e9hicules, les outils et l&rsquo;\u00e9quipement en emp\u00eachant l&rsquo;humidit\u00e9 de p\u00e9n\u00e9trer tout au long de l&rsquo;ann\u00e9e, m\u00eame lorsque les temp\u00e9ratures sont plus fra\u00eeches.<br \/>\n<strong>Autres espaces froids : <\/strong>Le SW38FW offre un contr\u00f4le fiable de l&rsquo;humidit\u00e9 jusqu&rsquo;\u00e0 +2\u00b0C, ce qui est parfait pour l&rsquo;entreposage hivernal d&rsquo;objets sensibles dans les salles de stockage ou les greniers.<\/p>\n<h3>Caract\u00e9ristiques principales :<\/h3>\n\n<h3>Puissant en termes de capacit\u00e9 et de d\u00e9bit d&rsquo;air<\/h3>\n<p>Le SW38FW a une capacit\u00e9 de d\u00e9shumidification puissante allant jusqu&rsquo;\u00e0 19 litres par jour. Le d\u00e9bit d&rsquo;air puissant de 340 m\u00b3\/h assure une circulation et une d\u00e9shumidification efficaces, m\u00eame dans les espaces multi-pi\u00e8ces. <\/p>\n<h3>Fonction facile \u00e0 utiliser et adaptable<\/h3>\n<p>Le SW38FW est \u00e9quip\u00e9 d&rsquo;un grand r\u00e9servoir d&rsquo;eau de 11,4 litres et il est \u00e9galement possible de raccorder un tuyau (non fourni) pour une \u00e9vacuation directe vers un drain, ce qui facilite l&rsquo;utilisation continue. Vous pouvez \u00e9galement choisir de placer le d\u00e9shumidificateur directement au-dessus d&rsquo;un siphon de sol. Pour une plus grande tranquillit\u00e9 d&rsquo;esprit, le SW38FW d\u00e9marre automatiquement apr\u00e8s une coupure de courant et l&rsquo;appareil revient \u00e0 ses derniers r\u00e9glages pour garantir que le contr\u00f4le de l&rsquo;humidit\u00e9 n&rsquo;est pas interrompu \u00e0 ce moment-l\u00e0. Le SW38FW s&rsquo;adapte automatiquement \u00e0 l&rsquo;humidit\u00e9 et s&rsquo;active ou s&rsquo;\u00e9teint en fonction des besoins.   <\/p>\n<h3>Filtre intelligent pour les moisissures et les particules<\/h3>\n<p>Le SW38FW est \u00e9quip\u00e9 d&rsquo;un filtre Woods SMF qui capture efficacement les particules de poussi\u00e8re et de moisissure pr\u00e9sentes dans l&rsquo;air, afin de pr\u00e9server vos espaces de l&rsquo;humidit\u00e9, de la moisissure et des odeurs tout au long de l&rsquo;ann\u00e9e. En outre, le filtre prot\u00e8ge le d\u00e9shumidificateur et prolonge sa dur\u00e9e de vie, ce qui en fait une solution s\u00fbre et durable. <\/p>\n<h3>Efficace toute l&rsquo;ann\u00e9e, m\u00eame \u00e0 basse temp\u00e9rature<\/h3>\n<p>Gr\u00e2ce \u00e0 la technologie innovante i-EcoDefrost, le SW38FW peut d\u00e9shumidifier m\u00eame \u00e0 basse temp\u00e9rature, jusqu&rsquo;\u00e0 +2\u00b0C. Le SW38FW est \u00e9galement con\u00e7u pour fonctionner en continu, ce qui signifie qu&rsquo;il peut fonctionner en toute s\u00e9curit\u00e9 jour et nuit. C&rsquo;est donc le choix id\u00e9al pour les espaces froids tels que les garages ou les sous-sols, o\u00f9 il peut fonctionner efficacement tout au long de l&rsquo;ann\u00e9e et pr\u00e9server vos espaces de l&rsquo;humidit\u00e9, de la moisissure et des mauvaises odeurs, quelle que soit la saison ou les conditions m\u00e9t\u00e9orologiques.  <\/p>\n<h3>Construit pour durer<\/h3>\n<p>Le SW38FW est fabriqu\u00e9 en Su\u00e8de et con\u00e7u pour offrir des performances durables. Le bo\u00eetier m\u00e9tallique robuste prot\u00e8ge contre l&rsquo;usure et les composants de haute qualit\u00e9 garantissent un contr\u00f4le fiable de l&rsquo;humidit\u00e9 et prot\u00e8geront votre maison 24 heures sur 24 pendant de nombreuses ann\u00e9es. <\/p>\n<h3>Jusqu&rsquo;\u00e0 6 ans de garantie<\/h3>\n<p>En enregistrant votre SW38FW sur <a href=\"https:\/\/warranty-woods.com\">warranty-woods.com<\/a> et en rempla\u00e7ant le filtre chaque ann\u00e9e, vous b\u00e9n\u00e9ficierez de l&rsquo;une des garanties les plus longues du march\u00e9, jusqu&rsquo;\u00e0 6 ans. Lorsque vous vous enregistrez, vous pouvez \u00e9galement choisir de recevoir des rappels lorsqu&rsquo;il est temps de remplacer le filtre. Le remplacement du filtre prolonge la dur\u00e9e de vie du d\u00e9shumidificateur et garantit qu&rsquo;il fonctionne toujours avec une efficacit\u00e9 maximale. N&rsquo;oubliez pas de conserver tous vos re\u00e7us.   <\/p>\n<p>Avec le Wood&rsquo;s SW38FW, vous disposez d&rsquo;une solution puissante, fiable et \u00e9conome en \u00e9nergie pour tous vos probl\u00e8mes d&rsquo;humidit\u00e9 &#8211; des sous-sols aux garages et autres espaces froids.<\/p>\n<p><iframe loading=\"lazy\" title=\"Vid\u00e9os De Didacticiel - Wood&#039;s SW38FW (French)\" width=\"500\" height=\"281\" src=\"https:\/\/www.youtube.com\/embed\/Cb4ZqIzta4o?feature=oembed\" frameborder=\"0\" allow=\"accelerometer; autoplay; clipboard-write; encrypted-media; gyroscope; picture-in-picture; web-share\" referrerpolicy=\"strict-origin-when-cross-origin\" allowfullscreen><\/iframe><\/p>\n","protected":false},"excerpt":{"rendered":"<p>Contr\u00f4lez l&rsquo;humidit\u00e9, les moisissures et les mauvaises odeurs dans les espaces froids avec le d\u00e9shumidificateur SW38FW de Wood. Il d\u00e9shumidifie jusqu&rsquo;\u00e0 19 litres par jour et assure rapidement un environnement sec et confortable, m\u00eame \u00e0 basse temp\u00e9rature. Gr\u00e2ce \u00e0 sa capacit\u00e9 et \u00e0 son d\u00e9bit d&rsquo;air puissants, il fait circuler l&rsquo;air efficacement, m\u00eame dans les espaces \u00e0 plusieurs pi\u00e8ces. Avec un raccord de tuyau, l&rsquo;entretien est minime. Id\u00e9al pour tous les types de caves, garages et autres espaces humides. Fabriqu\u00e9 en Su\u00e8de et garanti jusqu&rsquo;\u00e0 6 ans.     <\/p>\n<p>&nbsp;<\/p>\n<p>&nbsp;<\/p>\n","protected":false},"featured_media":38836,"template":"","meta":{"_acf_changed":false},"product_brand":[],"product_cat":[425,4734],"product_tag":[431,435,445],"class_list":{"0":"post-42562","1":"product","2":"type-product","3":"status-publish","4":"has-post-thumbnail","6":"product_cat-deshumidificateurs","7":"product_cat-sous-sol","8":"product_tag-cave","9":"product_tag-garage-fr","10":"product_tag-greniers","11":"product_shipping_class-high","12":"splide__slide","14":"first","15":"instock","16":"taxable","17":"shipping-taxable","18":"purchasable","19":"product-type-simple"},"acf":[],"_links":{"self":[{"href":"https:\/\/woods.se\/fr\/wp-json\/wp\/v2\/product\/42562","targetHints":{"allow":["GET"]}}],"collection":[{"href":"https:\/\/woods.se\/fr\/wp-json\/wp\/v2\/product"}],"about":[{"href":"https:\/\/woods.se\/fr\/wp-json\/wp\/v2\/types\/product"}],"wp:featuredmedia":[{"embeddable":true,"href":"https:\/\/woods.se\/fr\/wp-json\/wp\/v2\/media\/38836"}],"wp:attachment":[{"href":"https:\/\/woods.se\/fr\/wp-json\/wp\/v2\/media?parent=42562"}],"wp:term":[{"taxonomy":"product_brand","embeddable":true,"href":"https:\/\/woods.se\/fr\/wp-json\/wp\/v2\/product_brand?post=42562"},{"taxonomy":"product_cat","embeddable":true,"href":"https:\/\/woods.se\/fr\/wp-json\/wp\/v2\/product_cat?post=42562"},{"taxonomy":"product_tag","embeddable":true,"href":"https:\/\/woods.se\/fr\/wp-json\/wp\/v2\/product_tag?post=42562"}],"curies":[{"name":"wp","href":"https:\/\/api.w.org\/{rel}","templated":true}]}}