{"id":41490,"date":"2024-12-10T14:06:39","date_gmt":"2024-12-10T13:06:39","guid":{"rendered":"https:\/\/stage.woods.se\/?post_type=product&#038;p=41490"},"modified":"2026-04-28T11:21:46","modified_gmt":"2026-04-28T09:21:46","slug":"woods-sw20fw","status":"publish","type":"product","link":"https:\/\/woods.se\/fr\/products\/deshumidificateurs\/sous-sol\/woods-sw20fw\/","title":{"rendered":"Wood&rsquo;s SW20FW"},"content":{"rendered":"<h2>Wood&rsquo;s SW20FW (blanc)<\/h2>\n<h3>D\u00e9shumidificateur compact et efficace pour les espaces froids<\/h3>\n<p>L&rsquo;humidit\u00e9 et les odeurs sont courantes dans les sous-sols et autres zones non chauff\u00e9es, et peuvent entra\u00eener des moisissures et des d\u00e9g\u00e2ts si elles ne sont pas trait\u00e9es. Le Wood&rsquo;s SW20FW est con\u00e7u pour relever efficacement ces d\u00e9fis, m\u00eame dans les environnements les plus froids. Avec une capacit\u00e9 de d\u00e9shumidification allant jusqu&rsquo;\u00e0 12 litres par jour et un d\u00e9bit d&rsquo;air de 250 m\u00b3\/h, le SW20FW assure une bonne circulation de l&rsquo;air dans des espaces allant jusqu&rsquo;\u00e0 80 m\u00b2, m\u00eame lorsqu&rsquo;ils sont divis\u00e9s en plusieurs pi\u00e8ces.  <\/p>\n<h3>Zones d&rsquo;utilisation recommand\u00e9es:<\/h3>\n<p><strong>Cave:<\/strong> Garde l&rsquo;air sec et emp\u00eache la formation de moisissures, parfait pour prot\u00e9ger du stockage.<br \/>\n<strong>Garage:<\/strong> Prot\u00e8ge les v\u00e9hicules, les outils et autres \u00e9quipements de l&rsquo;humidit\u00e9 tout au long de l&rsquo;ann\u00e9e.<br \/>\n<strong>Autres espaces froids :<\/strong> Fonctionnement fiable et efficace jusqu&rsquo;\u00e0 +2\u00b0C, id\u00e9al pour les maisons secondaires, les greniers et autres.<\/p>\n\n<h3>Capacit\u00e9 et d\u00e9bit d&rsquo;air \u00e9lev\u00e9s pour une circulation efficace de l&rsquo;air dans la pi\u00e8ce<\/h3>\n<p>Le Wood&rsquo;s SW20FW est un d\u00e9shumidificateur compact mais puissant, id\u00e9al pour les zones froides et sujettes \u00e0 l&rsquo;humidit\u00e9 comme les caves, les garages et les maisons secondaires. Avec une capacit\u00e9 de d\u00e9shumidification allant jusqu&rsquo;\u00e0 12 litres par jour et un d\u00e9bit d&rsquo;air de 200 m\u00b3\/h, il assure une \u00e9limination efficace de l&rsquo;humidit\u00e9 et une bonne circulation de l&rsquo;air. M\u00eame dans les espaces divis\u00e9s ou difficiles d&rsquo;acc\u00e8s, le SW20FW aide \u00e0 maintenir un environnement int\u00e9rieur toujours sec et confortable.  <\/p>\n<h3>Fonctionnement facile et fonction personnalisable<\/h3>\n<p>Le SW20FW est con\u00e7u pour une utilisation conviviale, avec un seul bouton pour r\u00e9gler l&rsquo;humidit\u00e9 souhait\u00e9e et un g\u00e9n\u00e9reux r\u00e9servoir d&rsquo;eau de 11,4 litres. Pour plus de commodit\u00e9, un tuyau peut \u00eatre raccord\u00e9 pour une vidange continue, ou l&rsquo;appareil peut \u00eatre plac\u00e9 directement au-dessus d&rsquo;un siphon de sol. Il dispose \u00e9galement d&rsquo;une fonction de red\u00e9marrage automatique qui permet au d\u00e9shumidificateur de revenir \u00e0 ses r\u00e9glages pr\u00e9c\u00e9dents apr\u00e8s une coupure de courant. L&rsquo;appareil surveille en permanence l&rsquo;humidit\u00e9 de la pi\u00e8ce et s&rsquo;allume ou s&rsquo;\u00e9teint automatiquement en fonction des besoins.   <\/p>\n<h3>Filtre performant pour les moisissures et les poussi\u00e8res<\/h3>\n<p>\u00c9quip\u00e9 du syst\u00e8me brevet\u00e9 SMF de Wood&rsquo;s, le SW20FW capture les particules en suspension dans l&rsquo;air telles que la poussi\u00e8re et les spores de moisissure. Cela permet non seulement d&rsquo;am\u00e9liorer la qualit\u00e9 de l&rsquo;air, mais aussi de prot\u00e9ger les composants internes du d\u00e9shumidificateur, prolongeant ainsi sa dur\u00e9e de vie. Le filtre garantit que votre espace reste frais, propre et exempt d&rsquo;allerg\u00e8nes nocifs ou d&rsquo;odeurs de moisi, ce qui en fait une solution s\u00fbre de contr\u00f4le de l&rsquo;humidit\u00e9 tout au long de l&rsquo;ann\u00e9e.  <\/p>\n<h3>Efficace toute l&rsquo;ann\u00e9e, m\u00eame \u00e0 basse temp\u00e9rature<\/h3>\n<p>Gr\u00e2ce \u00e0 la technologie avanc\u00e9e i-EcoDefrost de Wood&rsquo;s, le SW20FW fonctionne efficacement m\u00eame dans des environnements plus froids, jusqu&rsquo;\u00e0 +2\u00b0C. Il est con\u00e7u pour un fonctionnement continu, ce qui signifie qu&rsquo;il fonctionne de mani\u00e8re fiable 24 heures sur 24 et 7 jours sur 7, quelle que soit la saison. Qu&rsquo;il s&rsquo;agisse du stockage hivernal dans le garage ou du maintien d&rsquo;un sous-sol au sec, le SW20FW tient l&rsquo;humidit\u00e9, la moisissure et les odeurs \u00e0 distance tout au long de l&rsquo;ann\u00e9e.  <\/p>\n<h3>Construit pour durer<\/h3>\n<p>Le SW20FW est fabriqu\u00e9 en Su\u00e8de avec des mat\u00e9riaux durables et de haute qualit\u00e9. Son corps m\u00e9tallique robuste est con\u00e7u pour durer et peut supporter des conditions difficiles dans des espaces plus froids et plus expos\u00e9s. Que vous prot\u00e9giez des objets stock\u00e9s, des outils ou la structure de votre maison, le SW20FW offre des performances durables et fiables.  <\/p>\n<h3>Longue garantie et utilisation durable<\/h3>\n<p>En enregistrant votre SW20FW sur <a href=\"https:\/\/warranty-woods.com\">warranty-woods.com<\/a> et en rempla\u00e7ant le filtre SMF une fois par an, vous b\u00e9n\u00e9ficierez d&rsquo;une garantie de 6 ans, la meilleure du march\u00e9. L&rsquo;enregistrement vous permet \u00e9galement de recevoir des rappels de remplacement du filtre, ce qui vous aide \u00e0 maintenir des performances optimales et \u00e0 prolonger la dur\u00e9e de vie de l&rsquo;appareil. N&rsquo;oubliez pas de conserver les re\u00e7us de vos filtres pour activer l&rsquo;extension de garantie.  <\/p>\n<p>Avec le SW20FW de Wood&rsquo;s, vous disposez d&rsquo;une solution compacte, fiable et \u00e9conome en \u00e9nergie pour lutter contre l&rsquo;humidit\u00e9 dans les sous-sols, les garages et autres environnements froids ou humides. Con\u00e7u et fabriqu\u00e9 en Su\u00e8de, il offre des performances puissantes dans un encombrement r\u00e9duit, ce qui est parfait pour maintenir un climat int\u00e9rieur sec et sain tout au long de l&rsquo;ann\u00e9e. <\/p>\n","protected":false},"excerpt":{"rendered":"<p>\u00c9liminez l&rsquo;humidit\u00e9 et les odeurs avec le SW20FW, compact et efficace. Avec une capacit\u00e9 de d\u00e9shumidification allant jusqu \u00e0 12 litres\/jour et un grand r\u00e9servoir d&rsquo;eau de 11,4 litres, il cr\u00e9e un environnement sec et sain, m\u00eame \u00e0 basse temp\u00e9rature. Id\u00e9al pour les petites caves, les garages et les zones de stockage. Facile \u00e0 utiliser, il n\u00e9cessite peu d&rsquo;entretien et est fabriqu\u00e9 en Su\u00e8de. Il est garanti jusqu&rsquo;\u00e0 6 ans.   <\/p>\n","protected":false},"featured_media":39272,"template":"","meta":{"_acf_changed":false},"product_brand":[],"product_cat":[425,4734],"product_tag":[431,435,445],"class_list":{"0":"post-41490","1":"product","2":"type-product","3":"status-publish","4":"has-post-thumbnail","6":"product_cat-deshumidificateurs","7":"product_cat-sous-sol","8":"product_tag-cave","9":"product_tag-garage-fr","10":"product_tag-greniers","11":"product_shipping_class-high","12":"splide__slide","14":"first","15":"instock","16":"taxable","17":"shipping-taxable","18":"product-type-simple"},"acf":[],"_links":{"self":[{"href":"https:\/\/woods.se\/fr\/wp-json\/wp\/v2\/product\/41490","targetHints":{"allow":["GET"]}}],"collection":[{"href":"https:\/\/woods.se\/fr\/wp-json\/wp\/v2\/product"}],"about":[{"href":"https:\/\/woods.se\/fr\/wp-json\/wp\/v2\/types\/product"}],"wp:featuredmedia":[{"embeddable":true,"href":"https:\/\/woods.se\/fr\/wp-json\/wp\/v2\/media\/39272"}],"wp:attachment":[{"href":"https:\/\/woods.se\/fr\/wp-json\/wp\/v2\/media?parent=41490"}],"wp:term":[{"taxonomy":"product_brand","embeddable":true,"href":"https:\/\/woods.se\/fr\/wp-json\/wp\/v2\/product_brand?post=41490"},{"taxonomy":"product_cat","embeddable":true,"href":"https:\/\/woods.se\/fr\/wp-json\/wp\/v2\/product_cat?post=41490"},{"taxonomy":"product_tag","embeddable":true,"href":"https:\/\/woods.se\/fr\/wp-json\/wp\/v2\/product_tag?post=41490"}],"curies":[{"name":"wp","href":"https:\/\/api.w.org\/{rel}","templated":true}]}}