{"id":52238,"date":"2026-03-26T13:59:35","date_gmt":"2026-03-26T12:59:35","guid":{"rendered":"https:\/\/woods.se\/?post_type=product&#038;p=52238"},"modified":"2026-03-27T15:31:13","modified_gmt":"2026-03-27T14:31:13","slug":"woods-wld1h","status":"publish","type":"product","link":"https:\/\/woods.se\/de\/produkte\/luftentfeuchter\/woods-wld1h\/","title":{"rendered":"Woods WLD1H"},"content":{"rendered":"<h2>Woods WLD1H<\/h2>\n<h3>Der energieeffiziente Trockenraum-Entfeuchter der Zukunft ist da<\/h3>\n<p>Das schnelle Trocknen von W\u00e4sche ist oft energieintensiv, insbesondere wenn gro\u00dfe Mengen an W\u00e4rme zugef\u00fchrt werden m\u00fcssen. Dies macht sich besonders in Mehrfamilienh\u00e4usern bemerkbar, in denen die Waschk\u00fcche einen Gro\u00dfteil des Tages genutzt wird. Der WLD1H Waschk\u00fcchenentfeuchter von<br \/>\nWood wurde speziell f\u00fcr Immobilienbesitzer entwickelt, die ihre Energiekosten senken wollen, ohne Kompromisse bei der Trockenzeit einzugehen. Er wird so installiert, dass das leistungsstarke Gebl\u00e4se sanft Luft unter die W\u00e4sche bl\u00e4st, wo sie am feuchtesten ist, um sie zu trocknen.<\/p>\n<p>Die eingebaute Zusatzheizung (1200 W) kann bei Bedarf aktiviert werden, um eine effektive Trocknung auch in R\u00e4umen zu gew\u00e4hrleisten, in denen nicht gen\u00fcgend W\u00e4rme vorhanden ist. F\u00fcr eine optimale Energieeffizienz wird empfohlen, das vorhandene Heizsystem der Immobilie als prim\u00e4re W\u00e4rmequelle und die Zusatzheizung als Erg\u00e4nzung zu verwenden.<br \/>\nDas energieeffiziente und umweltfreundliche K\u00e4ltemittel (R290) tr\u00e4gt zu einer hohen Entfeuchtungskapazit\u00e4t bei und reduziert den Bedarf an externer W\u00e4rmezufuhr im Vergleich zu vielen herk\u00f6mmlichen L\u00f6sungen.<\/p>\n<h3>Berechnungsbeispiel &#8211; Wie viel Sie sparen k\u00f6nnen<\/h3>\n<p>Stromverbrauch beim aktuellen Trocknungssystem 6 kW minus WLD1 0,7 kW: 5,3 kWh<br \/>\nGesch\u00e4tzte angenommene Betriebszeit pro Tag 10 Stunden: 53 kWh<br \/>\n53 kWh x 30 Tage: 1 590 kWh\/Monat<br \/>\n1 590 kWh x 12 Monate: 19 080 kWh<\/p>\n<p><strong>Gesch\u00e4tzte Energieeinsparungen:<\/strong><br \/>\n1 590 kWh\/Monat: 19 080 kWh\/Jahr<\/p>\n<p><strong>Gesch\u00e4tzte Einsparungen in Geld:<\/strong><br \/>\nStrompreis \u20ac0,1\/kWh, Ersparnis: \u20ac 1 908\/Jahr<br \/>\nStrompreis \u20ac0,15\/kWh, Ersparnis: \u20ac 2 862\/Jahr<br \/>\nStrompreis \u20ac0,25\/KWh, Ersparnis: \u20ac 4 770\/Jahr<br \/>\nStrompreis \u20ac0,35\/KWh, Ersparnis: \u20ac 6 678\/Jahr<\/p>\n<p><strong>Zus\u00e4tzlicher Verbrauch bei aktivem Heizger\u00e4t:<\/strong> 1,2 kWh<br \/>\nDer WLD1H ist in erster Linie f\u00fcr die Verwendung in Verbindung mit dem bestehenden Heizsystem der Immobilie konzipiert. Die integrierte Zusatzheizung wird nach Bedarf eingesetzt, zum Beispiel in k\u00e4lteren R\u00e4umen oder wenn zus\u00e4tzliche Trocknungskapazit\u00e4t ben\u00f6tigt wird.<\/p>\n<h3>Empfohlene Einsatzgebiete:<\/h3>\n<p><strong>Trocknungsr\u00e4ume in Geb\u00e4uden<\/strong> &#8211; Der WLD1H ist eine zuverl\u00e4ssige und leistungsstarke Wahl f\u00fcr gr\u00f6\u00dfere Immobilien, insbesondere in Mehrfamilienh\u00e4usern, in denen Trocknungsr\u00e4ume h\u00e4ufig genutzt werden. Durch die Installation des WLD1H sorgen Sie f\u00fcr einen schnellen und gleichm\u00e4\u00dfigen Trocknungsprozess, der das Risiko von Kondensation, Feuchtigkeitssch\u00e4den und unangenehmen Ger\u00fcchen verringert &#8211; was wiederum die Lebensdauer des Geb\u00e4udes verl\u00e4ngert.<br \/>\n<strong>Turnhallen und \u00e4hnliche R\u00e4umlichkeiten<\/strong> &#8211; In Umgebungen mit hoher Luftfeuchtigkeit, wie z.B. in Turnhallen, Fitnesszentren oder anderen gro\u00dfen R\u00e4umlichkeiten, ist der WLD1H eine \u00e4u\u00dferst effektive L\u00f6sung. Er h\u00e4lt die Luft frisch und trocken und schafft so eine angenehmere und hygienischere Umgebung f\u00fcr Besucher und Ger\u00e4te.<\/p>\n<h3>Hohe Kapazit\u00e4t und Luftstrom f\u00fcr effiziente Zirkulation<\/h3>\n<p>Mit einer Entfeuchtungskapazit\u00e4t von bis zu 48 Litern pro Tag und einem Luftstrom von bis zu 800 m\u00b3\/h bew\u00e4ltigt der WLD1H gro\u00dfe W\u00e4schemengen und Feuchtigkeit effizient. Das Trocknen von W\u00e4sche mit einem Luftentfeuchter ist nicht nur \u00e4u\u00dferst energieeffizient, sondern auch schonend f\u00fcr die Kleidung. Das leistungsstarke Gebl\u00e4se hat vier einstellbare Geschwindigkeiten und trocknet die W\u00e4sche von unten, wo sie am feuchtesten ist. Wenn die W\u00e4sche richtig aufgeh\u00e4ngt wird, trocknet sie auch schneller. Nasse, schwere W\u00e4schest\u00fccke, wie z.B. Jeans, sollten am n\u00e4chsten zum Luftentfeuchter aufgeh\u00e4ngt werden, w\u00e4hrend leichtere, d\u00fcnnere W\u00e4schest\u00fccke am weitesten entfernt aufgeh\u00e4ngt werden sollten. Wenn die W\u00e4sche au\u00dferdem \u00fcber doppelte W\u00e4scheleinen geh\u00e4ngt wird, trocknet sie noch schneller.<\/p>\n<h3>Integrierte Standheizung f\u00fcr flexiblen Betrieb<\/h3>\n<p>Der WLD1H ist mit einer eingebauten 1200 W Heizung ausgestattet, die \u00fcber eine separate Taste aktiviert werden kann. Wenn die Heizung eingeschaltet wird, arbeitet das Ger\u00e4t, um eine Temperatur von ca. 27\u00b0C zu erreichen und h\u00e4lt dann w\u00e4hrend des Betriebs ein stabiles Niveau von 27\u00b0C \u00b11\u00b0C. Sobald die Heizfunktion aktiviert wurde, startet sie beim Neustart automatisch mit denselben Einstellungen, so dass die Displaysperre verwendet werden kann und die vom Eigent\u00fcmer gew\u00e4hlten Einstellungen beibehalten werden. Der Ventilator stellt sich auf das gew\u00e4hlte Programm ein und l\u00e4uft nach dem Abschalten der Heizung noch eine kurze Zeit weiter, um eine sichere K\u00fchlung zu gew\u00e4hrleisten.<\/p>\n<h3>Das ganze Jahr \u00fcber wirksam, auch bei niedrigen Temperaturen<\/h3>\n<p>Der WLD1H von Wood ist so konzipiert, dass er auch bei niedrigen Temperaturen effizient arbeitet, mit einem Betriebsbereich von +2 \u00b0C bis +35 \u00b0C. F\u00fcr eine optimale Leistung empfiehlt es sich, das vorhandene Heizsystem in den R\u00e4umlichkeiten zu nutzen. Falls erforderlich, kann die integrierte Zusatzheizung verwendet werden, um die Trocknungsbedingungen weiter zu verbessern, insbesondere in k\u00e4lteren Umgebungen.<\/p>\n<h3>Intelligente Installation f\u00fcr bessere Ergebnisse<\/h3>\n<p>Der WLD1H wird so installiert, dass der Luftauslass an den W\u00e4scheleinen und der W\u00e4sche entlang gerichtet ist. Um den besten Trocknungseffekt zu erzielen, sollte die mitgelieferte Wandhalterung in der N\u00e4he der W\u00e4scheleinen angebracht werden. Der WLD1H wird au\u00dferdem mit einer abnehmbaren Displayabdeckung geliefert, so dass Sie w\u00e4hlen k\u00f6nnen, ob die Bewohner die Einstellungen \u00e4ndern k\u00f6nnen oder ob die Trocknung mit den vom Eigent\u00fcmer vorgegebenen Einstellungen erfolgen soll. Der WLD1H wird ohne Stecker geliefert und muss von einem qualifizierten Elektriker installiert werden. F\u00fcr eine m\u00f6glichst einfache Nutzung wird er am besten an eine Zeitschaltuhr angeschlossen, die die Trocknungszeit steuert.<\/p>\n<h3>Gebaut f\u00fcr die Ewigkeit<\/h3>\n<p>Der in Schweden hergestellte WLD1H mit seinem robusten Metallgeh\u00e4use und den strapazierf\u00e4higen Komponenten ist f\u00fcr eine lange Lebensdauer und minimale Wartung ausgelegt. Der waschbare Nylonfilter sch\u00fctzt den Luftentfeuchter, indem er Staub und Partikel aus der W\u00e4sche auff\u00e4ngt. Der mitgelieferte hochwertige SMF-Filter sch\u00fctzt das Ger\u00e4t vor kleineren Partikeln und Schimmel und sorgt so f\u00fcr eine optimale Leistung \u00fcber lange Zeit.<\/p>\n<h3>Lange Garantie und einfache nachhaltige Nutzung<\/h3>\n<p>F\u00fcr den WLD1H von Wood gilt eine Garantie von bis zu 6 Jahren, vorausgesetzt, der Filter wird einmal im Jahr ausgetauscht und das Ger\u00e4t wird auf warranty-woods.com registriert. Durch die Registrierung erhalten Sie au\u00dferdem Erinnerungen, wenn es Zeit ist, den Filter zu wechseln, was die Wartung vereinfacht und sicherstellt, dass das Ger\u00e4t optimal funktioniert.<\/p>\n<h3>Eine langfristige und effektive L\u00f6sung f\u00fcr die Trocknung von R\u00e4umen und Immobilien<\/h3>\n<p>Mit dem WLD1H erhalten Sie einen Luftentfeuchter, der nicht nur die Energiekosten senkt, sondern auch den Trocknungsprozess f\u00fcr die W\u00e4sche und die Geb\u00e4udestruktur schonender gestaltet. Durch die einfache Installation und Nutzung ist der WLD1H eine nat\u00fcrliche Wahl f\u00fcr Immobilienbesitzer, die nach Energieeffizienz und einer nachhaltigen Zukunft streben.<\/p>\n","protected":false},"excerpt":{"rendered":"<p>Der intelligente W\u00e4scherei-Luftentfeuchter WLD1H von Wood wurde speziell f\u00fcr Immobilienbesitzer entwickelt, die ihre Energiekosten senken m\u00f6chten, ohne Kompromisse bei der Trockenzeit einzugehen. Mit einem leistungsstarken Gebl\u00e4se, hoher Entfeuchtungskapazit\u00e4t und integrierter Zusatzheizung bei Bedarf kann der WLD1H W\u00e4sche auch in k\u00fchleren R\u00e4umen effektiv trocknen. Die Zusatzheizung dient als Erg\u00e4nzung, wenn das vorhandene Heizsystem nicht ausreicht. Dank der einfachen Installation und der langlebigen Materialien ist der WLD1H eine langfristige und zuverl\u00e4ssige L\u00f6sung f\u00fcr alle Trockenr\u00e4ume. Hergestellt in Schweden mit einer Garantie von bis zu 6 Jahren.<\/p>\n","protected":false},"featured_media":44461,"template":"","meta":{"_acf_changed":false},"product_brand":[],"product_cat":[411,4733,414],"product_tag":[2443,2441,2442],"class_list":{"0":"post-52238","1":"product","2":"type-product","3":"status-publish","4":"has-post-thumbnail","6":"product_cat-luftentfeuchter","7":"product_cat-profis","8":"product_cat-professional-de","9":"product_tag-grose-trockenraume","10":"product_tag-immobilien-industrie","11":"product_tag-trocknungsraume","12":"splide__slide","14":"first","15":"instock","16":"taxable","17":"shipping-taxable","18":"purchasable","19":"product-type-simple"},"acf":[],"_links":{"self":[{"href":"https:\/\/woods.se\/de\/wp-json\/wp\/v2\/product\/52238","targetHints":{"allow":["GET"]}}],"collection":[{"href":"https:\/\/woods.se\/de\/wp-json\/wp\/v2\/product"}],"about":[{"href":"https:\/\/woods.se\/de\/wp-json\/wp\/v2\/types\/product"}],"wp:featuredmedia":[{"embeddable":true,"href":"https:\/\/woods.se\/de\/wp-json\/wp\/v2\/media\/44461"}],"wp:attachment":[{"href":"https:\/\/woods.se\/de\/wp-json\/wp\/v2\/media?parent=52238"}],"wp:term":[{"taxonomy":"product_brand","embeddable":true,"href":"https:\/\/woods.se\/de\/wp-json\/wp\/v2\/product_brand?post=52238"},{"taxonomy":"product_cat","embeddable":true,"href":"https:\/\/woods.se\/de\/wp-json\/wp\/v2\/product_cat?post=52238"},{"taxonomy":"product_tag","embeddable":true,"href":"https:\/\/woods.se\/de\/wp-json\/wp\/v2\/product_tag?post=52238"}],"curies":[{"name":"wp","href":"https:\/\/api.w.org\/{rel}","templated":true}]}}