{"id":51774,"date":"2024-12-10T13:53:48","date_gmt":"2024-12-10T12:53:48","guid":{"rendered":"https:\/\/woods.se\/?post_type=product&#038;p=51774"},"modified":"2026-03-05T15:03:43","modified_gmt":"2026-03-05T14:03:43","slug":"woods-mrd25","status":"publish","type":"product","link":"https:\/\/woods.se\/de\/produkte\/luftentfeuchter\/wasche-trockene\/woods-mrd25\/","title":{"rendered":"Wood&#8217;s MRD25"},"content":{"rendered":"<h2>Wood&#8217;s MRD25<\/h2>\n<h3>Die optimale L\u00f6sung zur W\u00e4schetrocknung<\/h3>\n<p>Der MRD25 von Wood&#8217;s ist der perfekte Luftentfeuchter f\u00fcr Waschk\u00fcchen und andere feuchte R\u00e4ume. Mit seinem leistungsstarken oberen Auslass und dem speziellen Trocknungsmodus kann der MRD25 die Trockenzeit erheblich verk\u00fcrzen und Ihre W\u00e4sche schonend trocknen, so dass sie ihre Qualit\u00e4t l\u00e4nger beh\u00e4lt. Der MRD25 kann bis zu 25 Liter Feuchtigkeit pro Tag bew\u00e4ltigen und schafft so effektiv ein frisches und angenehmes Raumklima ohne Feuchtigkeit und Schimmelgefahr.<\/p>\n<h3>Wichtige Merkmale:<\/h3>\n\n<h3>Benutzerfreundlich und flexibel<\/h3>\n<p>Der MRD25 ist so konzipiert, dass er einfach und leicht zu bedienen ist. \u00dcber das \u00fcbersichtliche Touch-Bedienfeld k\u00f6nnen Sie ganz einfach die gew\u00fcnschte Luftfeuchtigkeit einstellen und das Ger\u00e4t diese Werte beibehalten lassen. Das Ger\u00e4t verf\u00fcgt au\u00dferdem \u00fcber einen programmierbaren Timer, der die Entfeuchtung je nach Bedarf automatisch startet und stoppt, so dass Sie es leicht an Ihren Alltag anpassen k\u00f6nnen.<\/p>\n<h3>Energieeffizient und umweltfreundlich<\/h3>\n<p>Mit dem K\u00e4ltemittel R290 ist der MRD25 eine umweltfreundliche L\u00f6sung mit niedrigem Energieverbrauch und optimaler Leistung. Er entfeuchtet sehr effizient in beheizten R\u00e4umen und verf\u00fcgt \u00fcber eine automatische Abtaufunktion mit einer Anzeige, die anzeigt, wenn der 3,8-Liter-Wassertank voll ist. So wird sichergestellt, dass er effizient arbeitet und unn\u00f6tigen Energieverbrauch vermeidet.<\/p>\n<h3>Sicher und zuverl\u00e4ssig f\u00fcr die Waschk\u00fcche<\/h3>\n<p>Der MRD25 von Wood&#8217;s ist ein zuverl\u00e4ssiger und sicherer Luftentfeuchter. Die automatische Abschaltfunktion wird aktiviert, wenn der Wassertank voll ist, und ein Hydrometer sorgt daf\u00fcr, dass die Luftfeuchtigkeit auf dem gew\u00fcnschten Niveau gehalten wird.<\/p>\n<h3>Verl\u00e4ngern Sie Ihre Garantie<\/h3>\n<p>Indem Sie den MRD25 bei <a href=\"https:\/\/warranty-woods.com\/\">warranty-woods.com<\/a> registrieren, verl\u00e4ngern Sie die Garantie von 2 auf 3 Jahre.<\/p>\n<p>Der MRD25 ist eine sichere Wahl f\u00fcr den Haushalt und besonders n\u00fctzlich in Waschk\u00fcchen, wo sein Waschmodus und seine effektive Entfeuchtung ihn zu einem unsch\u00e4tzbaren Alltagshelfer machen.<\/p>\n","protected":false},"excerpt":{"rendered":"<p>Der MRD25 von Wood&#8217;s ist ein effektiver Luftentfeuchter, perfekt f\u00fcr Waschk\u00fcchen und andere beheizte, feuchte R\u00e4ume. Mit einer Kapazit\u00e4t von 20 Litern pro Tag und einem oberen Auslass trocknet er die W\u00e4sche schnell und h\u00e4lt sowohl die Luft als auch die Kleidung frisch. Er ist einfach zu bedienen und verf\u00fcgt \u00fcber viele n\u00fctzliche und intelligente Funktionen, die den Trocknungsprozess beschleunigen. Der MRD25 ist mit einer automatischen Abtauungs- und Sicherheitsfunktion ausgestattet, die ihn zu einer zuverl\u00e4ssigen L\u00f6sung f\u00fcr eine effektive Feuchtigkeitskontrolle machen.<\/p>\n","protected":false},"featured_media":43649,"template":"","meta":{"_acf_changed":false},"product_brand":[],"product_cat":[4731,411],"product_tag":[393,395],"class_list":{"0":"post-51774","1":"product","2":"type-product","3":"status-publish","4":"has-post-thumbnail","6":"product_cat-wasche-trockene","7":"product_cat-luftentfeuchter","8":"product_tag-trockene-wasche","9":"product_tag-waeschetrocknung-im-waschraum","10":"splide__slide","12":"first","13":"outofstock","14":"taxable","15":"shipping-taxable","16":"product-type-simple"},"acf":[],"_links":{"self":[{"href":"https:\/\/woods.se\/de\/wp-json\/wp\/v2\/product\/51774","targetHints":{"allow":["GET"]}}],"collection":[{"href":"https:\/\/woods.se\/de\/wp-json\/wp\/v2\/product"}],"about":[{"href":"https:\/\/woods.se\/de\/wp-json\/wp\/v2\/types\/product"}],"wp:featuredmedia":[{"embeddable":true,"href":"https:\/\/woods.se\/de\/wp-json\/wp\/v2\/media\/43649"}],"wp:attachment":[{"href":"https:\/\/woods.se\/de\/wp-json\/wp\/v2\/media?parent=51774"}],"wp:term":[{"taxonomy":"product_brand","embeddable":true,"href":"https:\/\/woods.se\/de\/wp-json\/wp\/v2\/product_brand?post=51774"},{"taxonomy":"product_cat","embeddable":true,"href":"https:\/\/woods.se\/de\/wp-json\/wp\/v2\/product_cat?post=51774"},{"taxonomy":"product_tag","embeddable":true,"href":"https:\/\/woods.se\/de\/wp-json\/wp\/v2\/product_tag?post=51774"}],"curies":[{"name":"wp","href":"https:\/\/api.w.org\/{rel}","templated":true}]}}