{"id":48331,"date":"2025-09-10T15:14:25","date_gmt":"2025-09-10T13:14:25","guid":{"rendered":"https:\/\/stage.woods.se\/?post_type=product&#038;p=48331"},"modified":"2025-10-15T13:41:48","modified_gmt":"2025-10-15T11:41:48","slug":"woods-roof-window-sealing-kit-thermal","status":"publish","type":"product","link":"https:\/\/woods.se\/de\/produkte\/klimaanlage\/woods-roof-window-sealing-kit-thermal\/","title":{"rendered":"Wood&#8217;s Roof Window Sealing Kit (Thermal)"},"content":{"rendered":"<h2>Wood&#8217;s Roof Window Sealing Kit &#8211; effektive thermische Abdichtung f\u00fcr Dachfenster<\/h2>\n<p>Mit dem Wood&#8217;s Roof Window Sealing Kit k\u00f6nnen Sie die Leistung Ihres tragbaren Klimager\u00e4ts auch in R\u00e4umen mit Dachfenstern optimieren. Die Abdichtung um den Abluftschlauch herum verhindert, dass warme Luft in den Raum gelangt, die sonst die K\u00fchlleistung verringert und den Energieverbrauch erh\u00f6ht.<\/p>\n<h3>Intelligentes Design mit zwei Teilen<\/h3>\n<p>Der Bausatz besteht aus zwei 2 Meter langen Teilen. Ein Teil wird einfach im oberen Teil des Fensters montiert, w\u00e4hrend das andere, das mit einem Rei\u00dfverschluss und vier Kufen ausgestattet ist, am unteren Teil befestigt wird. Dadurch ist das Kit sowohl f\u00fcr AC-Modelle mit einem als auch mit zwei Abluftschl\u00e4uchen geeignet (einschlie\u00dflich AC Cortina AirSwitch).<\/p>\n<h3>Thermisches Gewebe f\u00fcr beste Isolierung<\/h3>\n<p>Der hochwertige Thermostoff sorgt daf\u00fcr, dass warme Luft drau\u00dfen bleibt und k\u00fchle Luft drinnen bleibt. Gleichzeitig verhindert es, dass Staub, Schmutz und Insekten in den Raum gelangen.<\/p>\n<h3>Vorteile des Wood&#8217;s Dachfenster-Dichtungssets<\/h3>\n<ul>\n<li>Verbesserte K\u00fchlleistung &#8211; h\u00e4lt warme Luft drau\u00dfen und k\u00fchle Luft drinnen.<\/li>\n<li>Passt auch f\u00fcr tragbare AC-Ger\u00e4te mit Doppelschl\u00e4uchen.<\/li>\n<li>Thermostoffe sorgen f\u00fcr bessere Isolierung und Energieeffizienz.<\/li>\n<li>Zweiteiliges Design, geeignet f\u00fcr Dachfenster.<\/li>\n<li>Einfache Installation und flexible Passform.<\/li>\n<\/ul>\n<h3>Perfekt f\u00fcr Wohnungen und B\u00fcros<\/h3>\n<p>Ganz gleich, ob Sie Ihr tragbares Klimager\u00e4t in Ihrem Schlafzimmer, Wohnzimmer oder B\u00fcro mit einem Dachfenster verwenden, das Wood&#8217;s Roof Window Sealing Kit verhilft Ihnen zu maximaler Wirkung und einem angenehmeren Raumklima.<\/p>\n<p>W\u00e4hlen Sie das Wood&#8217;s Roof Window Sealing Kit &#8211; ein intelligentes und energieeffizientes Zubeh\u00f6r f\u00fcr Ihr tragbares Klimager\u00e4t.<\/p>\n","protected":false},"excerpt":{"rendered":"<p>Das Wood&#8217;s Roof Window Sealing Kit ist das perfekte Zubeh\u00f6r f\u00fcr tragbare Klimager\u00e4te in R\u00e4umen mit Dachfenstern. Das Kit besteht aus zwei 2 m langen Teilen, von denen eines einen Rei\u00dfverschluss mit vier Kufen hat und sowohl f\u00fcr einen als auch f\u00fcr zwei Abluftschl\u00e4uche verwendet werden kann. Hergestellt aus Thermostoff, der hei\u00dfe Luft effektiv drau\u00dfen und k\u00fchle Luft drinnen h\u00e4lt. Passt f\u00fcr alle tragbaren AC-Modelle und ist einfach zu installieren.<\/p>\n","protected":false},"featured_media":46401,"template":"","meta":{"_acf_changed":false},"product_brand":[],"product_cat":[409,408,4906],"product_tag":[4085],"class_list":{"0":"post-48331","1":"product","2":"type-product","3":"status-publish","4":"has-post-thumbnail","6":"product_cat-klimaanlage","7":"product_cat-zubehoer","8":"product_cat-zubehor-klimaanlagen","9":"product_tag-dichtungssatz","10":"splide__slide","12":"first","13":"instock","14":"taxable","15":"shipping-taxable","16":"purchasable","17":"product-type-simple"},"acf":[],"_links":{"self":[{"href":"https:\/\/woods.se\/de\/wp-json\/wp\/v2\/product\/48331","targetHints":{"allow":["GET"]}}],"collection":[{"href":"https:\/\/woods.se\/de\/wp-json\/wp\/v2\/product"}],"about":[{"href":"https:\/\/woods.se\/de\/wp-json\/wp\/v2\/types\/product"}],"wp:featuredmedia":[{"embeddable":true,"href":"https:\/\/woods.se\/de\/wp-json\/wp\/v2\/media\/46401"}],"wp:attachment":[{"href":"https:\/\/woods.se\/de\/wp-json\/wp\/v2\/media?parent=48331"}],"wp:term":[{"taxonomy":"product_brand","embeddable":true,"href":"https:\/\/woods.se\/de\/wp-json\/wp\/v2\/product_brand?post=48331"},{"taxonomy":"product_cat","embeddable":true,"href":"https:\/\/woods.se\/de\/wp-json\/wp\/v2\/product_cat?post=48331"},{"taxonomy":"product_tag","embeddable":true,"href":"https:\/\/woods.se\/de\/wp-json\/wp\/v2\/product_tag?post=48331"}],"curies":[{"name":"wp","href":"https:\/\/api.w.org\/{rel}","templated":true}]}}