{"id":48328,"date":"2025-09-10T15:13:36","date_gmt":"2025-09-10T13:13:36","guid":{"rendered":"https:\/\/stage.woods.se\/?post_type=product&#038;p=48328"},"modified":"2025-10-15T13:37:10","modified_gmt":"2025-10-15T11:37:10","slug":"woods-door-and-large-window-sealing-kit-thermal","status":"publish","type":"product","link":"https:\/\/woods.se\/de\/produkte\/klimaanlage\/woods-door-and-large-window-sealing-kit-thermal\/","title":{"rendered":"Wood&#8217;s Door and Large Window Sealing Kit (Thermal)"},"content":{"rendered":"<h2>Woods T\u00fcr- und Fensterdichtungsset<\/h2>\n<h3>Effektive thermische Abdichtung f\u00fcr gr\u00f6\u00dfere \u00d6ffnungen<\/h3>\n<p>Mit dem Wood&#8217;s Door &amp; Large Window Sealing Kit k\u00f6nnen Sie die Leistung Ihres tragbaren Klimager\u00e4ts auch in gr\u00f6\u00dferen \u00d6ffnungen wie T\u00fcren und gro\u00dfen Fenstern verbessern. Die Abdichtung um den Abluftschlauch herum verhindert, dass warme Luft in den Raum zur\u00fcckstr\u00f6mt, was ansonsten die K\u00fchlleistung verringert und den Energieverbrauch erh\u00f6ht.<\/p>\n<h3>Intelligentes Design mit Thermostoff<\/h3>\n<p>Das Kit ist 4 Meter lang und besteht aus hochwertigem Thermostoff, der f\u00fcr zus\u00e4tzliche Isolierung sorgt. Dadurch wird die warme Luft effektiv drau\u00dfen und die k\u00fchle Luft drinnen gehalten. Mit vier Schiebern am Rei\u00dfverschluss kann das Kit f\u00fcr Klimager\u00e4te mit einem oder zwei Abluftschl\u00e4uchen verwendet werden (einschlie\u00dflich AC Cortina AirSwitch).<\/p>\n<h3>Vorteile des Wood&#8217;s Door &amp; Large Window Sealing Kit<\/h3>\n<ul>\n<li>Verbesserte K\u00fchlleistung &#8211; h\u00e4lt warme Luft drau\u00dfen und kalte Luft drinnen.<\/li>\n<li>Passt auch f\u00fcr tragbare AC-Ger\u00e4te mit Doppelschl\u00e4uchen.<\/li>\n<li>Thermostoffe sorgen f\u00fcr bessere Isolierung und Energieeffizienz.<\/li>\n<li>Einfache Installation an T\u00fcren und gro\u00dfen Fenstern.<\/li>\n<li>Verhindert das Eindringen von Staub, Schmutz und Insekten.<\/li>\n<\/ul>\n<h3>Perfekt f\u00fcr Wohnungen und B\u00fcros<\/h3>\n<p>Ganz gleich, ob Sie Ihr tragbares Klimager\u00e4t in Ihrem Wohnzimmer, Schlafzimmer, B\u00fcro oder in gr\u00f6\u00dferen R\u00e4umen mit T\u00fcren oder gro\u00dfen Fenstern verwenden, das Wood&#8217;s Door &amp; Large Window Sealing Kit hilft Ihnen, eine maximale Wirkung und ein k\u00fchleres Raumklima zu erzielen.<\/p>\n<p>Entscheiden Sie sich f\u00fcr das Wood&#8217;s Door &amp; Large Window Sealing Kit &#8211; ein intelligentes und energieeffizientes Zubeh\u00f6r f\u00fcr Ihr tragbares Klimager\u00e4t.<\/p>\n","protected":false},"excerpt":{"rendered":"<p>Das Wood&#8217;s Door &amp; Large Window Sealing Kit ist das intelligente Zubeh\u00f6r, das die Wirkung Ihrer tragbaren Klimaanlage in T\u00fcren und gro\u00dfen Fenstern maximiert. Das Kit ist 4 m lang und besteht aus Thermostoff, der warme Luft effektiv drau\u00dfen und k\u00fchle Luft drinnen h\u00e4lt. Mit vier Kufen am Rei\u00dfverschluss kann es sowohl f\u00fcr einen als auch f\u00fcr zwei Abluftschl\u00e4uche (AirSwitch) verwendet werden. Passt f\u00fcr alle tragbaren AC-Modelle und ist einfach zu installieren.<\/p>\n","protected":false},"featured_media":46387,"template":"","meta":{"_acf_changed":false},"product_brand":[],"product_cat":[4906,409,408],"product_tag":[4085],"class_list":{"0":"post-48328","1":"product","2":"type-product","3":"status-publish","4":"has-post-thumbnail","6":"product_cat-zubehor-klimaanlagen","7":"product_cat-klimaanlage","8":"product_cat-zubehoer","9":"product_tag-dichtungssatz","10":"splide__slide","12":"first","13":"instock","14":"taxable","15":"shipping-taxable","16":"purchasable","17":"product-type-simple"},"acf":[],"_links":{"self":[{"href":"https:\/\/woods.se\/de\/wp-json\/wp\/v2\/product\/48328","targetHints":{"allow":["GET"]}}],"collection":[{"href":"https:\/\/woods.se\/de\/wp-json\/wp\/v2\/product"}],"about":[{"href":"https:\/\/woods.se\/de\/wp-json\/wp\/v2\/types\/product"}],"wp:featuredmedia":[{"embeddable":true,"href":"https:\/\/woods.se\/de\/wp-json\/wp\/v2\/media\/46387"}],"wp:attachment":[{"href":"https:\/\/woods.se\/de\/wp-json\/wp\/v2\/media?parent=48328"}],"wp:term":[{"taxonomy":"product_brand","embeddable":true,"href":"https:\/\/woods.se\/de\/wp-json\/wp\/v2\/product_brand?post=48328"},{"taxonomy":"product_cat","embeddable":true,"href":"https:\/\/woods.se\/de\/wp-json\/wp\/v2\/product_cat?post=48328"},{"taxonomy":"product_tag","embeddable":true,"href":"https:\/\/woods.se\/de\/wp-json\/wp\/v2\/product_tag?post=48328"}],"curies":[{"name":"wp","href":"https:\/\/api.w.org\/{rel}","templated":true}]}}