{"id":48322,"date":"2024-12-16T09:06:55","date_gmt":"2024-12-16T08:06:55","guid":{"rendered":"https:\/\/stage.woods.se\/?post_type=product&#038;p=48322"},"modified":"2025-10-15T13:27:55","modified_gmt":"2025-10-15T11:27:55","slug":"ceramic-plate-woods-airmaster-woz-100","status":"publish","type":"product","link":"https:\/\/woods.se\/de\/produkte\/ozongeneratoren\/ceramic-plate-woods-airmaster-woz-100\/","title":{"rendered":"Ceramic plate Wood&#8217;s Airmaster WOZ 100"},"content":{"rendered":"<h2>Woods Airmaster WOZ 100 Keramikplatte<\/h2>\n<h3>Verl\u00e4ngern Sie die Lebensdauer und gew\u00e4hrleisten Sie eine effiziente Ozonproduktion<\/h3>\n<p>Die Keramikplatte ist ein zentraler Bestandteil des Wood&#8217;s Airmaster WOZ 100 (ehemals BL 100) und ist f\u00fcr die eigentliche Ozonproduktion verantwortlich. Da es sich um ein Verschlei\u00dfteil handelt, muss es regelm\u00e4\u00dfig ausgetauscht werden, um sicherzustellen, dass das Ger\u00e4t weiterhin effizient Ozon produziert.<\/p>\n<h3>Ersetzen Sie die Keramikplatte regelm\u00e4\u00dfig<\/h3>\n<p>Wir empfehlen, die Keramikplatte mindestens einmal im Jahr auszutauschen, bei intensiver Nutzung auch \u00f6fter. Eine neue Keramikplatte garantiert eine stabile Ozonproduktion und sorgt daf\u00fcr, dass Ihr WOZ 100 optimal funktioniert.<\/p>\n<h3>Reinigen Sie den Ozongenerator beim Auswechseln<\/h3>\n<p>Wenn Sie den Filter austauschen, ist es auch wichtig, den Generator zu reinigen. Dadurch wird verhindert, dass Staub und Schmutz die Produktion beeintr\u00e4chtigen und die Lebensdauer Ihres Ozongenerators verl\u00e4ngert.<\/p>\n","protected":false},"excerpt":{"rendered":"<p>Die Keramikplatte f\u00fcr Wood&#8217;s Airmaster WOZ 100 ist ein Originalersatzteil f\u00fcr den Ozongenerator WOZ 100 (fr\u00fcher BL 100). Die Keramikplatte ist ein Verschlei\u00dfteil, das mit der Zeit seine Wirksamkeit verliert und daher mindestens einmal im Jahr ausgetauscht werden sollte. Beim Austausch empfiehlt es sich auch, den Ozongenerator zu reinigen, um eine optimale Leistung und lange Lebensdauer zu gew\u00e4hrleisten.<\/p>\n","protected":false},"featured_media":46801,"template":"","meta":{"_acf_changed":false},"product_brand":[],"product_cat":[413,414,408],"product_tag":[4154,4150],"class_list":{"0":"post-48322","1":"product","2":"type-product","3":"status-publish","4":"has-post-thumbnail","6":"product_cat-ozongeneratoren","7":"product_cat-professional-de","8":"product_cat-zubehoer","9":"product_tag-keramische-platte","10":"product_tag-ozon","11":"splide__slide","13":"first","14":"instock","15":"taxable","16":"shipping-taxable","17":"product-type-simple"},"acf":[],"_links":{"self":[{"href":"https:\/\/woods.se\/de\/wp-json\/wp\/v2\/product\/48322","targetHints":{"allow":["GET"]}}],"collection":[{"href":"https:\/\/woods.se\/de\/wp-json\/wp\/v2\/product"}],"about":[{"href":"https:\/\/woods.se\/de\/wp-json\/wp\/v2\/types\/product"}],"wp:featuredmedia":[{"embeddable":true,"href":"https:\/\/woods.se\/de\/wp-json\/wp\/v2\/media\/46801"}],"wp:attachment":[{"href":"https:\/\/woods.se\/de\/wp-json\/wp\/v2\/media?parent=48322"}],"wp:term":[{"taxonomy":"product_brand","embeddable":true,"href":"https:\/\/woods.se\/de\/wp-json\/wp\/v2\/product_brand?post=48322"},{"taxonomy":"product_cat","embeddable":true,"href":"https:\/\/woods.se\/de\/wp-json\/wp\/v2\/product_cat?post=48322"},{"taxonomy":"product_tag","embeddable":true,"href":"https:\/\/woods.se\/de\/wp-json\/wp\/v2\/product_tag?post=48322"}],"curies":[{"name":"wp","href":"https:\/\/api.w.org\/{rel}","templated":true}]}}